{"id":7316,"date":"2025-09-01T06:46:40","date_gmt":"2025-09-01T06:46:40","guid":{"rendered":"https:\/\/dersuessestopp.com\/?post_type=product&#038;p=7316"},"modified":"2025-10-09T02:32:06","modified_gmt":"2025-10-09T02:32:06","slug":"gn-200-g-tn-blk","status":"publish","type":"product","link":"https:\/\/dersuessestopp.com\/sl\/product\/gn-200-g-tn-blk\/","title":{"rendered":"GN 200 G TN BLK"},"content":{"rendered":"<p data-start=\"193\" data-end=\"621\"><img decoding=\"async\" src=\"https:\/\/customer.klimaitalia.it\/api\/file\/image\/9992\" \/><\/p>\n<p data-start=\"193\" data-end=\"621\">Spletna stran <strong data-start=\"197\" data-end=\"216\">GN 200 G TN BLK<\/strong> je kompaktna hladilna omara, zasnovana za profesionalna gostinska okolja. S hladilnim sistemom s stati\u010dnim ventilatorjem, oja\u010danimi policami, osvetlitvijo LED in elegantnimi steklenimi vrati zdru\u017euje prakti\u010dnost s sodobnim slogom. Vgrajeno dr\u017ealo in protikorozijsko obdelana zunanjost zagotavljata dolgotrajno vzdr\u017eljivost, zaradi pozitivnega temperaturnega obmo\u010dja pa je idealna za shranjevanje sve\u017eih \u017eivil in pija\u010d.<\/p>\n<p data-start=\"623\" data-end=\"867\">Ta model podpira tudi <strong data-start=\"648\" data-end=\"680\">Povezljivost Smart Link WiFi<\/strong> (po izbiri), ki omogo\u010da spremljanje in nadzor na daljavo. V restavracijah, kavarnah ali gostinskih obratih serija GN 200 zagotavlja zanesljivost, energetsko u\u010dinkovitost in preprosto uporabo.<\/p>\n<h2 data-start=\"1266\" data-end=\"1287\"><strong data-start=\"1269\" data-end=\"1287\">Pregled modela<\/strong><\/h2>\n<div class=\"_tableContainer_1rjym_1\">\n<div class=\"_tableWrapper_1rjym_13 group flex w-fit flex-col-reverse\">\n<table>\n<thead>\n<tr>\n<th>Model<\/th>\n<th>Opis<\/th>\n<th>Temperatura. Razpon<\/th>\n<th>Vrsta vrat<\/th>\n<\/tr>\n<\/thead>\n<tbody>\n<tr>\n<td><strong>GN 200 PS TN<\/strong><\/td>\n<td>Stati\u010dna omara z me\u0161alnikom<\/td>\n<td>0 \u00b0C \/ +10 \u00b0C<\/td>\n<td>ABS<\/td>\n<\/tr>\n<tr>\n<td><strong>GN 200 G TN<\/strong><\/td>\n<td>Steklena vrata s stati\u010dnim ventilatorjem<\/td>\n<td>+2 \u00b0C \/ +10 \u00b0C<\/td>\n<td>Steklo<\/td>\n<\/tr>\n<tr>\n<td><strong>GN 200 G TN BLK<\/strong><\/td>\n<td>Vrata iz \u010drnega stekla s stati\u010dnim ventilatorjem<\/td>\n<td>+2 \u00b0C \/ +10 \u00b0C<\/td>\n<td>Steklo<\/td>\n<\/tr>\n<\/tbody>\n<\/table>\n<h2 data-start=\"1636\" data-end=\"1653\"><strong data-start=\"1639\" data-end=\"1653\">Dimenzije<\/strong><\/h2>\n<div class=\"_tableContainer_1rjym_1\">\n<div class=\"_tableWrapper_1rjym_13 group flex w-fit flex-col-reverse\">\n<table>\n<thead>\n<tr>\n<th>Specifikacija<\/th>\n<th>GN 200 PS TN<\/th>\n<th>GN 200 G TN \/ BLK<\/th>\n<\/tr>\n<\/thead>\n<tbody>\n<tr>\n<td><strong>Zunanje mere (\u0160xVxV)<\/strong><\/td>\n<td>600 x 625 x 850 mm<\/td>\n<td>600 x 625 x 850 mm<\/td>\n<\/tr>\n<tr>\n<td><strong>Dimenzije embala\u017ee (\u0160xVxV)<\/strong><\/td>\n<td>660 x 725 x 1000 mm<\/td>\n<td>660 x 725 x 1000 mm<\/td>\n<\/tr>\n<tr>\n<td><strong>\u0160irina (A)<\/strong><\/td>\n<td>457 mm<\/td>\n<td>457 mm<\/td>\n<\/tr>\n<tr>\n<td><strong>Globina (B)<\/strong><\/td>\n<td>474 mm<\/td>\n<td>474 mm<\/td>\n<\/tr>\n<tr>\n<td><strong>Vi\u0161ina (C)<\/strong><\/td>\n<td>600 mm<\/td>\n<td>600 mm<\/td>\n<\/tr>\n<tr>\n<td><strong>Min. Globina (D)<\/strong><\/td>\n<td>264 mm<\/td>\n<td>264 mm<\/td>\n<\/tr>\n<tr>\n<td><strong>Min. Vi\u0161ina (E)<\/strong><\/td>\n<td>390 mm<\/td>\n<td>390 mm<\/td>\n<\/tr>\n<\/tbody>\n<\/table>\n<h2 data-start=\"2118\" data-end=\"2143\"><strong data-start=\"2121\" data-end=\"2143\">Tehni\u010dne lastnosti<\/strong><\/h2>\n<div class=\"_tableContainer_1rjym_1\">\n<div class=\"_tableWrapper_1rjym_13 group flex w-fit flex-col-reverse\">\n<table>\n<thead>\n<tr>\n<th>Funkcija<\/th>\n<th>GN 200 PS TN<\/th>\n<th>GN 200 G TN \/ BLK<\/th>\n<\/tr>\n<\/thead>\n<tbody>\n<tr>\n<td><strong>Temperaturno obmo\u010dje<\/strong><\/td>\n<td>0 \u00b0C \/ +10 \u00b0C<\/td>\n<td>+2 \u00b0C \/ +10 \u00b0C<\/td>\n<\/tr>\n<tr>\n<td><strong>Podnebni razred<\/strong><\/td>\n<td>4<\/td>\n<td>4<\/td>\n<\/tr>\n<tr>\n<td><strong>Zmogljivost<\/strong><\/td>\n<td>200 L<\/td>\n<td>200 L<\/td>\n<\/tr>\n<tr>\n<td><strong>Zunanje telo<\/strong><\/td>\n<td>Predbarvana plo\u010devina s protikorozijsko obdelavo<\/td>\n<td>Predbarvana plo\u010devina s protikorozijsko obdelavo<\/td>\n<\/tr>\n<tr>\n<td><strong>Notranji vlo\u017eek<\/strong><\/td>\n<td>ABS<\/td>\n<td>ABS<\/td>\n<\/tr>\n<tr>\n<td><strong>Termostat<\/strong><\/td>\n<td>Elektronska stran<\/td>\n<td>Elektronska stran<\/td>\n<\/tr>\n<tr>\n<td><strong>Raven hrupa<\/strong><\/td>\n<td>43,8 dB<\/td>\n<td>38,6 dB<\/td>\n<\/tr>\n<tr>\n<td><strong>Smart Link WiFi<\/strong><\/td>\n<td>Izbirno<\/td>\n<td>Izbirno<\/td>\n<\/tr>\n<tr>\n<td><strong>Debelina izolacije<\/strong><\/td>\n<td>70 mm<\/td>\n<td>70 mm<\/td>\n<\/tr>\n<tr>\n<td><strong>Odmrzovanje<\/strong><\/td>\n<td>Samodejno<\/td>\n<td>Samodejno<\/td>\n<\/tr>\n<tr>\n<td><strong>Razsvetljava<\/strong><\/td>\n<td>1 vodoravna LED 6W<\/td>\n<td>2 navpi\u010dni LED 6W + 6W<\/td>\n<\/tr>\n<tr>\n<td><strong>Samodejno zapiranje vrat<\/strong><\/td>\n<td>Da<\/td>\n<td>Da<\/td>\n<\/tr>\n<tr>\n<td><strong>Zaklepanje in klju\u010d<\/strong><\/td>\n<td>Da<\/td>\n<td>Da<\/td>\n<\/tr>\n<tr>\n<td><strong>Reverzibilna vrata<\/strong><\/td>\n<td>Da<\/td>\n<td>Ne<\/td>\n<\/tr>\n<tr>\n<td><strong>Police<\/strong><\/td>\n<td>2 \u00d7 476 \u00d7 436 mm + 1 \u00d7 477 \u00d7 207 mm<\/td>\n<td>2 \u00d7 476 \u00d7 436 mm + 1 \u00d7 477 \u00d7 207 mm<\/td>\n<\/tr>\n<tr>\n<td><strong>Kole\u0161\u010dki \/ noge<\/strong><\/td>\n<td>2 nogi + 2 kolesca<\/td>\n<td>2 nogi + 2 kolesca<\/td>\n<\/tr>\n<tr>\n<td><strong>Vrsta vrat<\/strong><\/td>\n<td>ABS<\/td>\n<td>Steklo<\/td>\n<\/tr>\n<tr>\n<td><strong>Neto\/bruto te\u017ea<\/strong><\/td>\n<td>40 \/ 43 kg<\/td>\n<td>41 \/ 45 kg<\/td>\n<\/tr>\n<tr>\n<td><strong>Napetost<\/strong><\/td>\n<td>220-240 V<\/td>\n<td>220-240 V<\/td>\n<\/tr>\n<tr>\n<td><strong>Frekvenca<\/strong><\/td>\n<td>50 Hz<\/td>\n<td>50 Hz<\/td>\n<\/tr>\n<tr>\n<td><strong>Hladilno sredstvo<\/strong><\/td>\n<td>R600A<\/td>\n<td>R600A<\/td>\n<\/tr>\n<tr>\n<td><strong>Absorpcija energije<\/strong><\/td>\n<td>125 W<\/td>\n<td>157 W<\/td>\n<\/tr>\n<tr>\n<td><strong>Poraba energije (24 ur)<\/strong><\/td>\n<td>1,25 kWh<\/td>\n<td>1,96 kWh<\/td>\n<\/tr>\n<\/tbody>\n<\/table>\n<\/div>\n<\/div>\n<\/div>\n<\/div>\n<\/div>\n<\/div>","protected":false},"excerpt":{"rendered":"<p>The GN 200 G TN BLK is a compact refrigerated cabinet designed for professional catering environments. With its static-fan assisted cooling system, reinforced shelves, LED lighting, and sleek glass door, it combines practicality with modern style. The built-in handle and anti-corrosion treated exterior ensure long-term durability, while the positive temperature range makes it ideal for [&hellip;]<\/p>\n","protected":false},"featured_media":7317,"comment_status":"open","ping_status":"closed","template":"","meta":[],"product_brand":[],"product_cat":[51],"product_tag":[],"class_list":{"0":"post-7316","1":"product","2":"type-product","3":"status-publish","4":"has-post-thumbnail","6":"product_cat-kitchen-catering-cooling","8":"first","9":"instock","10":"shipping-taxable","11":"product-type-simple"},"_links":{"self":[{"href":"https:\/\/dersuessestopp.com\/sl\/wp-json\/wp\/v2\/product\/7316","targetHints":{"allow":["GET"]}}],"collection":[{"href":"https:\/\/dersuessestopp.com\/sl\/wp-json\/wp\/v2\/product"}],"about":[{"href":"https:\/\/dersuessestopp.com\/sl\/wp-json\/wp\/v2\/types\/product"}],"replies":[{"embeddable":true,"href":"https:\/\/dersuessestopp.com\/sl\/wp-json\/wp\/v2\/comments?post=7316"}],"version-history":[{"count":3,"href":"https:\/\/dersuessestopp.com\/sl\/wp-json\/wp\/v2\/product\/7316\/revisions"}],"predecessor-version":[{"id":12197,"href":"https:\/\/dersuessestopp.com\/sl\/wp-json\/wp\/v2\/product\/7316\/revisions\/12197"}],"wp:featuredmedia":[{"embeddable":true,"href":"https:\/\/dersuessestopp.com\/sl\/wp-json\/wp\/v2\/media\/7317"}],"wp:attachment":[{"href":"https:\/\/dersuessestopp.com\/sl\/wp-json\/wp\/v2\/media?parent=7316"}],"wp:term":[{"taxonomy":"product_brand","embeddable":true,"href":"https:\/\/dersuessestopp.com\/sl\/wp-json\/wp\/v2\/product_brand?post=7316"},{"taxonomy":"product_cat","embeddable":true,"href":"https:\/\/dersuessestopp.com\/sl\/wp-json\/wp\/v2\/product_cat?post=7316"},{"taxonomy":"product_tag","embeddable":true,"href":"https:\/\/dersuessestopp.com\/sl\/wp-json\/wp\/v2\/product_tag?post=7316"}],"curies":[{"name":"wp","href":"https:\/\/api.w.org\/{rel}","templated":true}]}}