{"id":7311,"date":"2025-09-01T06:44:01","date_gmt":"2025-09-01T06:44:01","guid":{"rendered":"https:\/\/dersuessestopp.com\/?post_type=product&#038;p=7311"},"modified":"2025-10-09T02:31:16","modified_gmt":"2025-10-09T02:31:16","slug":"gn-200-g-tn","status":"publish","type":"product","link":"https:\/\/dersuessestopp.com\/sl\/product\/gn-200-g-tn\/","title":{"rendered":"GN 200 G TN"},"content":{"rendered":"<p><img decoding=\"async\" src=\"https:\/\/customer.klimaitalia.it\/api\/file\/image\/3904\" \/><\/p>\n<p>Spletna stran <strong data-start=\"284\" data-end=\"323\">Hladilne omare serije GN 200<\/strong> so kompaktne, profesionalno izdelane enote, namenjene gostinstvu, barom, restavracijam in gostinstvu. Na voljo so v <strong data-start=\"445\" data-end=\"467\">masivna vrata (PS TN)<\/strong> in . <strong data-start=\"472\" data-end=\"499\">steklena vrata (G TN \/ BLK)<\/strong> razli\u010dice, te omare zdru\u017eujejo sodoben dizajn in zanesljivost. Z vgrajenimi ro\u010daji, oja\u010danimi policami, osvetlitvijo LED in opcijskim daljinskim upravljalnikom WiFi Smart Link zagotavljajo prakti\u010dnost in slog. Omare so opremljene z ventilatorjem za enakomerno hlajenje, kar zagotavlja stabilno shranjevanje sve\u017eih izdelkov pri pozitivnih temperaturah.<\/p>\n<h2 data-start=\"1476\" data-end=\"1493\"><strong data-start=\"1479\" data-end=\"1493\">Dimenzije<\/strong><\/h2>\n<div class=\"_tableContainer_1rjym_1\">\n<div class=\"_tableWrapper_1rjym_13 group flex w-fit flex-col-reverse\">\n<table>\n<thead>\n<tr>\n<th>Specifikacija<\/th>\n<th>GN 200 PS TN<\/th>\n<th>GN 200 G TN \/ BLK<\/th>\n<\/tr>\n<\/thead>\n<tbody>\n<tr>\n<td>Zunanje mere (\u0160xVxV)<\/td>\n<td>600 x 625 x 850 mm<\/td>\n<td>600 x 625 x 850 mm<\/td>\n<\/tr>\n<tr>\n<td>Dimenzije embala\u017ee (\u0160xVxV)<\/td>\n<td>660 x 725 x 1000 mm<\/td>\n<td>660 x 725 x 1000 mm<\/td>\n<\/tr>\n<tr>\n<td>Notranja \u0161irina (A)<\/td>\n<td>457 mm<\/td>\n<td>457 mm<\/td>\n<\/tr>\n<tr>\n<td>Notranja globina (B)<\/td>\n<td>474 mm<\/td>\n<td>474 mm<\/td>\n<\/tr>\n<tr>\n<td>Notranja vi\u0161ina (C)<\/td>\n<td>600 mm<\/td>\n<td>600 mm<\/td>\n<\/tr>\n<tr>\n<td>Najmanj\u0161a globina (D)<\/td>\n<td>264 mm<\/td>\n<td>264 mm<\/td>\n<\/tr>\n<tr>\n<td>Najmanj\u0161a vi\u0161ina (E)<\/td>\n<td>390 mm<\/td>\n<td>390 mm<\/td>\n<\/tr>\n<\/tbody>\n<\/table>\n<h2 data-start=\"1962\" data-end=\"1987\"><strong data-start=\"1965\" data-end=\"1987\">Tehni\u010dne lastnosti<\/strong><\/h2>\n<div class=\"_tableContainer_1rjym_1\">\n<div class=\"_tableWrapper_1rjym_13 group flex w-fit flex-col-reverse\">\n<table>\n<thead>\n<tr>\n<th>Funkcija<\/th>\n<th>GN 200 PS TN<\/th>\n<th>GN 200 G TN \/ BLK<\/th>\n<\/tr>\n<\/thead>\n<tbody>\n<tr>\n<td>Temperatura<\/td>\n<td>0 \u00b0C do +10 \u00b0C<\/td>\n<td>+2 \u00b0C do +10 \u00b0C<\/td>\n<\/tr>\n<tr>\n<td>Podnebni razred<\/td>\n<td>4<\/td>\n<td>4<\/td>\n<\/tr>\n<tr>\n<td>Zmogljivost<\/td>\n<td>200 L<\/td>\n<td>200 L<\/td>\n<\/tr>\n<tr>\n<td>Zunanje telo<\/td>\n<td>Predbarvano jeklo z antikorozijsko obdelavo<\/td>\n<td>Predbarvano jeklo z antikorozijsko obdelavo<\/td>\n<\/tr>\n<tr>\n<td>Notranji vlo\u017eek<\/td>\n<td>ABS<\/td>\n<td>ABS<\/td>\n<\/tr>\n<tr>\n<td>Termostat<\/td>\n<td>Elektronska stran<\/td>\n<td>Elektronska stran<\/td>\n<\/tr>\n<tr>\n<td>Odmrzovanje<\/td>\n<td>Samodejno<\/td>\n<td>Samodejno<\/td>\n<\/tr>\n<tr>\n<td>Razsvetljava<\/td>\n<td>1 vodoravna LED dioda (6 W)<\/td>\n<td>2 navpi\u010dni LED diodi (6W + 6W)<\/td>\n<\/tr>\n<tr>\n<td>Vrata<\/td>\n<td>Trdni ABS<\/td>\n<td>Steklo<\/td>\n<\/tr>\n<tr>\n<td>Police<\/td>\n<td>2 kosa (476 \u00d7 436 mm) + 1 kos (477 \u00d7 207 mm)<\/td>\n<td>2 kosa (476 \u00d7 436 mm) + 1 kos (477 \u00d7 207 mm)<\/td>\n<\/tr>\n<tr>\n<td>Zaklepanje in klju\u010d<\/td>\n<td>Da<\/td>\n<td>Da<\/td>\n<\/tr>\n<tr>\n<td>Reverzibilna vrata<\/td>\n<td>Da<\/td>\n<td>Ne<\/td>\n<\/tr>\n<tr>\n<td>Raven hrupa<\/td>\n<td>43,8 dB<\/td>\n<td>38,6 dB<\/td>\n<\/tr>\n<tr>\n<td>Ko\u0161arice\/noge<\/td>\n<td>2 nogi + 2 kolesca<\/td>\n<td>2 nogi + 2 kolesca<\/td>\n<\/tr>\n<tr>\n<td>Neto \/ bruto te\u017ea<\/td>\n<td>40 \/ 43 kg<\/td>\n<td>41 \/ 45 kg<\/td>\n<\/tr>\n<tr>\n<td>Napetost<\/td>\n<td>220-240 V<\/td>\n<td>220-240 V<\/td>\n<\/tr>\n<tr>\n<td>Frekvenca<\/td>\n<td>50 Hz<\/td>\n<td>50 Hz<\/td>\n<\/tr>\n<tr>\n<td>Hladilno sredstvo<\/td>\n<td>R600A<\/td>\n<td>R600A<\/td>\n<\/tr>\n<tr>\n<td>Absorpcija energije<\/td>\n<td>125 W<\/td>\n<td>157 W<\/td>\n<\/tr>\n<tr>\n<td>Poraba energije<\/td>\n<td>1,25 kWh\/24h<\/td>\n<td>1,96 kWh\/24h<\/td>\n<\/tr>\n<\/tbody>\n<\/table>\n<\/div>\n<\/div>\n<\/div>\n<\/div>","protected":false},"excerpt":{"rendered":"<p>The GN 200 Series Refrigerated Cabinets are compact, professional-grade units designed for catering, bars, restaurants, and hospitality businesses. Available in solid door (PS TN) and glass door (G TN \/ BLK) versions, these cabinets combine modern design with reliability. With built-in handles, reinforced shelves, LED lighting, and optional WiFi Smart Link remote control, they offer [&hellip;]<\/p>\n","protected":false},"featured_media":7312,"comment_status":"open","ping_status":"closed","template":"","meta":[],"product_brand":[],"product_cat":[51],"product_tag":[],"class_list":{"0":"post-7311","1":"product","2":"type-product","3":"status-publish","4":"has-post-thumbnail","6":"product_cat-kitchen-catering-cooling","8":"first","9":"instock","10":"shipping-taxable","11":"product-type-simple"},"_links":{"self":[{"href":"https:\/\/dersuessestopp.com\/sl\/wp-json\/wp\/v2\/product\/7311","targetHints":{"allow":["GET"]}}],"collection":[{"href":"https:\/\/dersuessestopp.com\/sl\/wp-json\/wp\/v2\/product"}],"about":[{"href":"https:\/\/dersuessestopp.com\/sl\/wp-json\/wp\/v2\/types\/product"}],"replies":[{"embeddable":true,"href":"https:\/\/dersuessestopp.com\/sl\/wp-json\/wp\/v2\/comments?post=7311"}],"version-history":[{"count":3,"href":"https:\/\/dersuessestopp.com\/sl\/wp-json\/wp\/v2\/product\/7311\/revisions"}],"predecessor-version":[{"id":12195,"href":"https:\/\/dersuessestopp.com\/sl\/wp-json\/wp\/v2\/product\/7311\/revisions\/12195"}],"wp:featuredmedia":[{"embeddable":true,"href":"https:\/\/dersuessestopp.com\/sl\/wp-json\/wp\/v2\/media\/7312"}],"wp:attachment":[{"href":"https:\/\/dersuessestopp.com\/sl\/wp-json\/wp\/v2\/media?parent=7311"}],"wp:term":[{"taxonomy":"product_brand","embeddable":true,"href":"https:\/\/dersuessestopp.com\/sl\/wp-json\/wp\/v2\/product_brand?post=7311"},{"taxonomy":"product_cat","embeddable":true,"href":"https:\/\/dersuessestopp.com\/sl\/wp-json\/wp\/v2\/product_cat?post=7311"},{"taxonomy":"product_tag","embeddable":true,"href":"https:\/\/dersuessestopp.com\/sl\/wp-json\/wp\/v2\/product_tag?post=7311"}],"curies":[{"name":"wp","href":"https:\/\/api.w.org\/{rel}","templated":true}]}}