{"id":7297,"date":"2025-09-01T06:30:51","date_gmt":"2025-09-01T06:30:51","guid":{"rendered":"https:\/\/dersuessestopp.com\/?post_type=product&#038;p=7297"},"modified":"2025-10-08T23:03:47","modified_gmt":"2025-10-08T23:03:47","slug":"axf-800-tn","status":"publish","type":"product","link":"https:\/\/dersuessestopp.com\/sl\/product\/axf-800-tn\/","title":{"rendered":"AXF 800 TN"},"content":{"rendered":"<p data-start=\"344\" data-end=\"689\"><img fetchpriority=\"high\" decoding=\"async\" class=\"alignnone size-full wp-image-11937\" src=\"https:\/\/dersuessestopp.com\/wp-content\/uploads\/2025\/09\/AXF-800-TN_BT-Dettagli.jpg\" alt=\"\" width=\"2000\" height=\"600\" srcset=\"https:\/\/dersuessestopp.com\/wp-content\/uploads\/2025\/09\/AXF-800-TN_BT-Dettagli.jpg 2000w, https:\/\/dersuessestopp.com\/wp-content\/uploads\/2025\/09\/AXF-800-TN_BT-Dettagli-300x90.jpg 300w, https:\/\/dersuessestopp.com\/wp-content\/uploads\/2025\/09\/AXF-800-TN_BT-Dettagli-1024x307.jpg 1024w, https:\/\/dersuessestopp.com\/wp-content\/uploads\/2025\/09\/AXF-800-TN_BT-Dettagli-768x230.jpg 768w, https:\/\/dersuessestopp.com\/wp-content\/uploads\/2025\/09\/AXF-800-TN_BT-Dettagli-1536x461.jpg 1536w, https:\/\/dersuessestopp.com\/wp-content\/uploads\/2025\/09\/AXF-800-TN_BT-Dettagli-250x75.jpg 250w, https:\/\/dersuessestopp.com\/wp-content\/uploads\/2025\/09\/AXF-800-TN_BT-Dettagli-600x180.jpg 600w\" sizes=\"(max-width: 2000px) 100vw, 2000px\" \/><\/p>\n<p data-start=\"344\" data-end=\"689\">\n<p data-start=\"344\" data-end=\"689\">Spletna stran <strong data-start=\"348\" data-end=\"362\">AXF 800 TN<\/strong> je omara iz nerjavnega jekla s pozitivnim temperaturnim prezra\u010devanjem, zasnovana za zanesljivost in u\u010dinkovitost v zahtevnih gostinskih okoljih. V celoti izdelana v <strong data-start=\"518\" data-end=\"546\">AISI 304 nerjave\u010de jeklo<\/strong>, z debelo izolacijo (103,5 mm) in naprednim elektronskim krmiljenjem zagotavlja ohranjanje hrane v tropskih razmerah (podnebni razred 5).<\/p>\n<p data-start=\"691\" data-end=\"911\">Opremljen z <strong data-start=\"705\" data-end=\"735\">Smart Link WiFi (neobvezno)<\/strong> AXF 800 TN je zasnovan tako, da zdru\u017euje vzdr\u017eljivost, higieno in energetsko u\u010dinkovitost, saj omogo\u010da daljinski nadzor, razsvetljavo LED in mehko zapiranje vrat s klju\u010dem in klju\u010davnico.<\/p>\n<h2 data-start=\"1474\" data-end=\"1503\">Tehni\u010dne specifikacije<\/h2>\n<table>\n<thead>\n<tr>\n<th>Funkcija<\/th>\n<th>AXF 800 TN<\/th>\n<\/tr>\n<\/thead>\n<tbody>\n<tr>\n<td>Neto \/ bruto obseg<\/td>\n<td>408 \/ 560 L<\/td>\n<\/tr>\n<tr>\n<td>Zunanje mere (\u0160 \u00d7 G \u00d7 V)<\/td>\n<td>740 \u00d7 875 \u00d7 2090 mm*<\/td>\n<\/tr>\n<tr>\n<td>Dimenzije embala\u017ee (\u0160 \u00d7 G \u00d7 V)<\/td>\n<td>760 \u00d7 905 \u00d7 2150 mm<\/td>\n<\/tr>\n<tr>\n<td>A - \u0161irina<\/td>\n<td>533 mm<\/td>\n<\/tr>\n<tr>\n<td>B - globina<\/td>\n<td>700 mm<\/td>\n<\/tr>\n<tr>\n<td>C - vi\u0161ina<\/td>\n<td>1501 mm<\/td>\n<\/tr>\n<tr>\n<td>Neto \/ bruto te\u017ea<\/td>\n<td>134 \/ 143 kg<\/td>\n<\/tr>\n<tr>\n<td>Debelina izolacije<\/td>\n<td>103,5 mm<\/td>\n<\/tr>\n<tr>\n<td>Police (WxD)<\/td>\n<td>3 \u00d7 530 \u00d7 650 mm + 1 \u00d7 510 \u00d7 605 mm<\/td>\n<\/tr>\n<\/tbody>\n<\/table>\n<h3 data-start=\"2101\" data-end=\"2118\">Uspe\u0161nost<\/h3>\n<div class=\"_tableContainer_1rjym_1\">\n<div class=\"_tableWrapper_1rjym_13 group flex w-fit flex-col-reverse\">\n<table>\n<thead>\n<tr>\n<th>Funkcija<\/th>\n<th>AXF 800 TN<\/th>\n<\/tr>\n<\/thead>\n<tbody>\n<tr>\n<td>Temperaturno obmo\u010dje<\/td>\n<td>-2 \u00b0C do +8 \u00b0C<\/td>\n<\/tr>\n<tr>\n<td>Podnebni razred<\/td>\n<td>5 (tropski)<\/td>\n<\/tr>\n<tr>\n<td>Hladilni sistem<\/td>\n<td>Stropni uparjalnik<\/td>\n<\/tr>\n<tr>\n<td>Sistem za odmrzovanje<\/td>\n<td>Samodejno (cikel kompresorja)<\/td>\n<\/tr>\n<tr>\n<td>Raven hrupa<\/td>\n<td>38 dB<\/td>\n<\/tr>\n<tr>\n<td>Poraba energije<\/td>\n<td>0,812 kWh\/24h<\/td>\n<\/tr>\n<\/tbody>\n<\/table>\n<h3 data-start=\"2496\" data-end=\"2525\">Gradnja in lastnosti<\/h3>\n<div class=\"_tableContainer_1rjym_1\">\n<div class=\"_tableWrapper_1rjym_13 group flex w-fit flex-col-reverse\">\n<table>\n<thead>\n<tr>\n<th>Funkcija<\/th>\n<th>AXF 800 TN<\/th>\n<\/tr>\n<\/thead>\n<tbody>\n<tr>\n<td>Telo in notranja obloga<\/td>\n<td>AISI 304 iz nerjave\u010dega jekla<\/td>\n<\/tr>\n<tr>\n<td>Vrsta vrat<\/td>\n<td>Mehko zapiranje, obojestransko<\/td>\n<\/tr>\n<tr>\n<td>Zaklepanje in klju\u010d<\/td>\n<td>Da<\/td>\n<\/tr>\n<tr>\n<td>Razsvetljava<\/td>\n<td>1 vodoravna LED dioda (12V \/ 2,4W)<\/td>\n<\/tr>\n<tr>\n<td>Smart Link WiFi<\/td>\n<td>Izbirno<\/td>\n<\/tr>\n<tr>\n<td>Noge \/ kolesca<\/td>\n<td>4 nastavljive noge (110-170 mm) \/ opcijska kolesca (140 mm)<\/td>\n<\/tr>\n<\/tbody>\n<\/table>\n<h3 data-start=\"2957\" data-end=\"2973\">Elektri\u010dni<\/h3>\n<div class=\"_tableContainer_1rjym_1\">\n<div class=\"_tableWrapper_1rjym_13 group flex w-fit flex-col-reverse\">\n<table>\n<thead>\n<tr>\n<th>Funkcija<\/th>\n<th>AXF 800 TN<\/th>\n<\/tr>\n<\/thead>\n<tbody>\n<tr>\n<td>Napetost \/ frekvenca<\/td>\n<td>220 V \/ 50 Hz<\/td>\n<\/tr>\n<tr>\n<td>Absorpcija energije<\/td>\n<td>250 W<\/td>\n<\/tr>\n<tr>\n<td>Hladilno sredstvo<\/td>\n<td>R600A<\/td>\n<\/tr>\n<\/tbody>\n<\/table>\n<\/div>\n<\/div>\n<\/div>\n<\/div>\n<\/div>\n<\/div>","protected":false},"excerpt":{"rendered":"<p>The AXF 800 TN is a positive temperature ventilated stainless steel cabinet designed for reliability and efficiency in demanding catering environments. Built entirely in AISI 304 stainless steel, with thick insulation (103.5 mm) and advanced electronic control, it ensures food preservation under tropical conditions (Climate Class 5). Equipped with Smart Link WiFi (optional) for remote [&hellip;]<\/p>\n","protected":false},"featured_media":7298,"comment_status":"open","ping_status":"closed","template":"","meta":[],"product_brand":[],"product_cat":[51],"product_tag":[],"class_list":{"0":"post-7297","1":"product","2":"type-product","3":"status-publish","4":"has-post-thumbnail","6":"product_cat-kitchen-catering-cooling","8":"first","9":"instock","10":"shipping-taxable","11":"product-type-simple"},"_links":{"self":[{"href":"https:\/\/dersuessestopp.com\/sl\/wp-json\/wp\/v2\/product\/7297","targetHints":{"allow":["GET"]}}],"collection":[{"href":"https:\/\/dersuessestopp.com\/sl\/wp-json\/wp\/v2\/product"}],"about":[{"href":"https:\/\/dersuessestopp.com\/sl\/wp-json\/wp\/v2\/types\/product"}],"replies":[{"embeddable":true,"href":"https:\/\/dersuessestopp.com\/sl\/wp-json\/wp\/v2\/comments?post=7297"}],"version-history":[{"count":4,"href":"https:\/\/dersuessestopp.com\/sl\/wp-json\/wp\/v2\/product\/7297\/revisions"}],"predecessor-version":[{"id":11938,"href":"https:\/\/dersuessestopp.com\/sl\/wp-json\/wp\/v2\/product\/7297\/revisions\/11938"}],"wp:featuredmedia":[{"embeddable":true,"href":"https:\/\/dersuessestopp.com\/sl\/wp-json\/wp\/v2\/media\/7298"}],"wp:attachment":[{"href":"https:\/\/dersuessestopp.com\/sl\/wp-json\/wp\/v2\/media?parent=7297"}],"wp:term":[{"taxonomy":"product_brand","embeddable":true,"href":"https:\/\/dersuessestopp.com\/sl\/wp-json\/wp\/v2\/product_brand?post=7297"},{"taxonomy":"product_cat","embeddable":true,"href":"https:\/\/dersuessestopp.com\/sl\/wp-json\/wp\/v2\/product_cat?post=7297"},{"taxonomy":"product_tag","embeddable":true,"href":"https:\/\/dersuessestopp.com\/sl\/wp-json\/wp\/v2\/product_tag?post=7297"}],"curies":[{"name":"wp","href":"https:\/\/api.w.org\/{rel}","templated":true}]}}