{"id":7292,"date":"2025-09-01T06:28:40","date_gmt":"2025-09-01T06:28:40","guid":{"rendered":"https:\/\/dersuessestopp.com\/?post_type=product&#038;p=7292"},"modified":"2025-10-08T23:01:38","modified_gmt":"2025-10-08T23:01:38","slug":"priblizno-10","status":"publish","type":"product","link":"https:\/\/dersuessestopp.com\/sl\/product\/abt-10\/","title":{"rendered":"10 LET ZAPOREDOMA (ABT 10)"},"content":{"rendered":"<p data-start=\"276\" data-end=\"572\"><img fetchpriority=\"high\" decoding=\"async\" class=\"alignnone size-full wp-image-11932\" src=\"https:\/\/dersuessestopp.com\/wp-content\/uploads\/2025\/09\/ABT-05-ABT-10-Dettagli.jpg\" alt=\"\" width=\"2000\" height=\"600\" srcset=\"https:\/\/dersuessestopp.com\/wp-content\/uploads\/2025\/09\/ABT-05-ABT-10-Dettagli.jpg 2000w, https:\/\/dersuessestopp.com\/wp-content\/uploads\/2025\/09\/ABT-05-ABT-10-Dettagli-300x90.jpg 300w, https:\/\/dersuessestopp.com\/wp-content\/uploads\/2025\/09\/ABT-05-ABT-10-Dettagli-1024x307.jpg 1024w, https:\/\/dersuessestopp.com\/wp-content\/uploads\/2025\/09\/ABT-05-ABT-10-Dettagli-768x230.jpg 768w, https:\/\/dersuessestopp.com\/wp-content\/uploads\/2025\/09\/ABT-05-ABT-10-Dettagli-1536x461.jpg 1536w, https:\/\/dersuessestopp.com\/wp-content\/uploads\/2025\/09\/ABT-05-ABT-10-Dettagli-250x75.jpg 250w, https:\/\/dersuessestopp.com\/wp-content\/uploads\/2025\/09\/ABT-05-ABT-10-Dettagli-600x180.jpg 600w\" sizes=\"(max-width: 2000px) 100vw, 2000px\" \/><\/p>\n<p data-start=\"276\" data-end=\"572\">Spletna stran <strong data-start=\"280\" data-end=\"304\">ABT 10 Blast Chiller<\/strong> je odli\u010dna izbira za gostinske delavce, ki potrebujejo hitro hlajenje in zamrzovanje ter hkrati ohranjajo kakovost in varnost \u017eivil. Z zmogljivostjo za do <strong data-start=\"457\" data-end=\"490\">10 posod GN 1\/1 (400 \u00d7 600 mm)<\/strong>, ta pihalni hladilnik zagotavlja optimalno higieno, vzdr\u017eljivost in energetsko u\u010dinkovitost.<\/p>\n<p data-start=\"574\" data-end=\"858\">ABT 10 je opremljen z naprednim elektronskim termostatom in 4 prednastavljenimi programi, ki omogo\u010dajo natan\u010dno upravljanje ciklov hlajenja. Njegovo ohi\u0161je iz nerjave\u010dega jekla, uparjalnik, obdelan proti koroziji, in sistem samodejnega odmrzovanja zagotavljajo dolgotrajno delovanje v zahtevnih okoljih.<\/p>\n<h2 data-start=\"1325\" data-end=\"1354\">Tehni\u010dne specifikacije<\/h2>\n<table>\n<thead>\n<tr>\n<th>Funkcija<\/th>\n<th>Specifikacija<\/th>\n<\/tr>\n<\/thead>\n<tbody>\n<tr>\n<td>Neto \/ bruto obseg<\/td>\n<td>240 \/ 368 L<\/td>\n<\/tr>\n<tr>\n<td>Kapaciteta ponve<\/td>\n<td>10 GN 1\/1 (400 \u00d7 600 mm)<\/td>\n<\/tr>\n<tr>\n<td>Zunanje mere (\u0160 \u00d7 G \u00d7 V)<\/td>\n<td>800 \u00d7 877 \u00d7 1665 mm<\/td>\n<\/tr>\n<tr>\n<td>Dimenzije embala\u017ee (\u0160 \u00d7 G \u00d7 V)<\/td>\n<td>870 \u00d7 955 \u00d7 1730 mm<\/td>\n<\/tr>\n<tr>\n<td>Neto \/ bruto te\u017ea<\/td>\n<td>150 \/ 190 kg<\/td>\n<\/tr>\n<tr>\n<td>Debelina izolacije<\/td>\n<td>70 mm<\/td>\n<\/tr>\n<\/tbody>\n<\/table>\n<h3 data-start=\"1768\" data-end=\"1785\">Uspe\u0161nost<\/h3>\n<div class=\"_tableContainer_1rjym_1\">\n<div class=\"_tableWrapper_1rjym_13 group flex w-fit flex-col-reverse\">\n<table>\n<thead>\n<tr>\n<th>Funkcija<\/th>\n<th>Specifikacija<\/th>\n<\/tr>\n<\/thead>\n<tbody>\n<tr>\n<td>Temperaturno obmo\u010dje<\/td>\n<td>-35 \u00b0C do +5 \u00b0C<\/td>\n<\/tr>\n<tr>\n<td>Kapaciteta hitrega hlajenja<\/td>\n<td>+70 \u00b0C \u2192 +3 \u00b0C v 90 min (40 kg)<\/td>\n<\/tr>\n<tr>\n<td>Kapaciteta zamrzovanja Blast<\/td>\n<td>+70 \u00b0C \u2192 -18 \u00b0C v 240 min (28 kg)<\/td>\n<\/tr>\n<tr>\n<td>Podnebni razred<\/td>\n<td>5<\/td>\n<\/tr>\n<tr>\n<td>Raven hrupa<\/td>\n<td>60 dB<\/td>\n<\/tr>\n<\/tbody>\n<\/table>\n<h3 data-start=\"2123\" data-end=\"2154\">Konstrukcija in sestavni deli<\/h3>\n<div class=\"_tableContainer_1rjym_1\">\n<div class=\"_tableWrapper_1rjym_13 group flex w-fit flex-col-reverse\">\n<table>\n<thead>\n<tr>\n<th>Funkcija<\/th>\n<th>Specifikacija<\/th>\n<\/tr>\n<\/thead>\n<tbody>\n<tr>\n<td>Material<\/td>\n<td>AISI 304 iz nerjave\u010dega jekla<\/td>\n<\/tr>\n<tr>\n<td>Izparilnik<\/td>\n<td>Obdelano proti koroziji<\/td>\n<\/tr>\n<tr>\n<td>Sistem za odmrzovanje<\/td>\n<td>Samodejno + ro\u010dno (vro\u010de plinsko gorivo)<\/td>\n<\/tr>\n<tr>\n<td>Stopala<\/td>\n<td>4 nastavljive (v 50-70 mm)<\/td>\n<\/tr>\n<tr>\n<td>Kole\u0161\u010dki<\/td>\n<td>Izbirno<\/td>\n<\/tr>\n<\/tbody>\n<\/table>\n<h3 data-start=\"2518\" data-end=\"2534\">Elektri\u010dni<\/h3>\n<div class=\"_tableContainer_1rjym_1\">\n<div class=\"_tableWrapper_1rjym_13 group flex w-fit flex-col-reverse\">\n<table>\n<thead>\n<tr>\n<th>Funkcija<\/th>\n<th>Specifikacija<\/th>\n<\/tr>\n<\/thead>\n<tbody>\n<tr>\n<td>Absorpcija energije<\/td>\n<td>900 W<\/td>\n<\/tr>\n<tr>\n<td>Napetost \/ frekvenca<\/td>\n<td>220 V \/ 50 Hz<\/td>\n<\/tr>\n<tr>\n<td>Hladilno sredstvo<\/td>\n<td>R290<\/td>\n<\/tr>\n<\/tbody>\n<\/table>\n<\/div>\n<\/div>\n<\/div>\n<\/div>\n<\/div>\n<\/div>","protected":false},"excerpt":{"rendered":"<p>The ABT 10 Blast Chiller is the perfect choice for catering professionals who need fast chilling and freezing while maintaining food quality and safety. With capacity for up to 10 GN 1\/1 pans (400 \u00d7 600 mm), this blast chiller ensures optimal hygiene, durability, and energy efficiency. Equipped with an advanced electronic thermostat and 4 [&hellip;]<\/p>\n","protected":false},"featured_media":7293,"comment_status":"open","ping_status":"closed","template":"","meta":[],"product_brand":[],"product_cat":[51],"product_tag":[],"class_list":{"0":"post-7292","1":"product","2":"type-product","3":"status-publish","4":"has-post-thumbnail","6":"product_cat-kitchen-catering-cooling","8":"first","9":"instock","10":"shipping-taxable","11":"product-type-simple"},"_links":{"self":[{"href":"https:\/\/dersuessestopp.com\/sl\/wp-json\/wp\/v2\/product\/7292","targetHints":{"allow":["GET"]}}],"collection":[{"href":"https:\/\/dersuessestopp.com\/sl\/wp-json\/wp\/v2\/product"}],"about":[{"href":"https:\/\/dersuessestopp.com\/sl\/wp-json\/wp\/v2\/types\/product"}],"replies":[{"embeddable":true,"href":"https:\/\/dersuessestopp.com\/sl\/wp-json\/wp\/v2\/comments?post=7292"}],"version-history":[{"count":5,"href":"https:\/\/dersuessestopp.com\/sl\/wp-json\/wp\/v2\/product\/7292\/revisions"}],"predecessor-version":[{"id":11934,"href":"https:\/\/dersuessestopp.com\/sl\/wp-json\/wp\/v2\/product\/7292\/revisions\/11934"}],"wp:featuredmedia":[{"embeddable":true,"href":"https:\/\/dersuessestopp.com\/sl\/wp-json\/wp\/v2\/media\/7293"}],"wp:attachment":[{"href":"https:\/\/dersuessestopp.com\/sl\/wp-json\/wp\/v2\/media?parent=7292"}],"wp:term":[{"taxonomy":"product_brand","embeddable":true,"href":"https:\/\/dersuessestopp.com\/sl\/wp-json\/wp\/v2\/product_brand?post=7292"},{"taxonomy":"product_cat","embeddable":true,"href":"https:\/\/dersuessestopp.com\/sl\/wp-json\/wp\/v2\/product_cat?post=7292"},{"taxonomy":"product_tag","embeddable":true,"href":"https:\/\/dersuessestopp.com\/sl\/wp-json\/wp\/v2\/product_tag?post=7292"}],"curies":[{"name":"wp","href":"https:\/\/api.w.org\/{rel}","templated":true}]}}