{"id":7281,"date":"2025-09-01T06:17:38","date_gmt":"2025-09-01T06:17:38","guid":{"rendered":"https:\/\/dersuessestopp.com\/?post_type=product&#038;p=7281"},"modified":"2025-09-01T06:17:38","modified_gmt":"2025-09-01T06:17:38","slug":"sama-125-l","status":"publish","type":"product","link":"https:\/\/dersuessestopp.com\/sl\/product\/sama-125-l\/","title":{"rendered":"SAMA 125 L"},"content":{"rendered":"<p data-start=\"190\" data-end=\"514\">Spletna stran <strong data-start=\"194\" data-end=\"208\">SAMA 125 L<\/strong> je <strong data-start=\"214\" data-end=\"249\">prezra\u010devani hladilni pult<\/strong> posebej zasnovan za <strong data-start=\"276\" data-end=\"336\">mesnice, delikatese, supermarketi in minimarketi<\/strong>. Ponuja <strong data-start=\"349\" data-end=\"384\">ve\u010dja zaslonska povr\u0161ina (0,9 m\u00b2)<\/strong> kot SAMA 95 L, je kot nala\u0161\u010d za predstavitev in shranjevanje sve\u017eega mesa, delikatesnih izdelkov in narezkov pri <strong data-start=\"493\" data-end=\"511\">0 \u00b0C do +10 \u00b0C<\/strong>.<\/p>\n<p data-start=\"516\" data-end=\"739\">Zgrajen z <strong data-start=\"529\" data-end=\"549\">robustna struktura<\/strong> na spletnem mestu <strong data-start=\"553\" data-end=\"612\">predbarvana plo\u010devina z antikorozijsko obdelavo in steklom<\/strong>, in <strong data-start=\"621\" data-end=\"660\">Notranji rezervoar iz nerjave\u010dega jekla AISI 304<\/strong>, SAMA 125 L zagotavlja <strong data-start=\"685\" data-end=\"736\">maksimalna higiena, vzdr\u017eljivost in eleganten dizajn<\/strong>.<\/p>\n<h2 data-start=\"1488\" data-end=\"1515\"><strong data-start=\"1491\" data-end=\"1515\">Standardni dodatki<\/strong><\/h2>\n<ul data-start=\"1516\" data-end=\"1556\">\n<li data-start=\"1516\" data-end=\"1556\">\n<p data-start=\"1518\" data-end=\"1556\">No\u010dno zapiranje s plo\u0161\u010dami iz pleksi stekla<\/p>\n<\/li>\n<\/ul>\n<h2 data-start=\"1558\" data-end=\"1585\"><strong data-start=\"1561\" data-end=\"1585\">Dodatna oprema<\/strong><\/h2>\n<ul data-start=\"1586\" data-end=\"1804\">\n<li data-start=\"1586\" data-end=\"1610\">\n<p data-start=\"1588\" data-end=\"1610\">Komplet za monta\u017eo na \u0161tevec<\/p>\n<\/li>\n<li data-start=\"1611\" data-end=\"1651\">\n<p data-start=\"1613\" data-end=\"1651\">Drsna deska za rezanje delikatesnega mesa<\/p>\n<\/li>\n<li data-start=\"1652\" data-end=\"1674\">\n<p data-start=\"1654\" data-end=\"1674\">Podpora za dr\u017ealo vre\u010dke<\/p>\n<\/li>\n<li data-start=\"1675\" data-end=\"1707\">\n<p data-start=\"1677\" data-end=\"1707\">Zabojnik za embala\u017eni material<\/p>\n<\/li>\n<li data-start=\"1708\" data-end=\"1724\">\n<p data-start=\"1710\" data-end=\"1724\">Nosilec no\u017ea<\/p>\n<\/li>\n<li data-start=\"1725\" data-end=\"1750\">\n<p data-start=\"1727\" data-end=\"1750\">Dozator za papirnate brisa\u010de<\/p>\n<\/li>\n<li data-start=\"1751\" data-end=\"1774\">\n<p data-start=\"1753\" data-end=\"1774\">Plasti\u010dno dr\u017ealo za pladenj<\/p>\n<\/li>\n<li data-start=\"1775\" data-end=\"1804\">\n<p data-start=\"1777\" data-end=\"1804\">Kole\u0161\u010dki za enostavno premikanje<\/p>\n<\/li>\n<\/ul>\n<h2 data-start=\"1811\" data-end=\"1855\"><strong data-start=\"1814\" data-end=\"1855\">Tehni\u010dne specifikacije - SAMA 125 L<\/strong><\/h2>\n<table>\n<thead>\n<tr>\n<th>Funkcija<\/th>\n<th>Specifikacija<\/th>\n<\/tr>\n<\/thead>\n<tbody>\n<tr>\n<td><strong>Temperaturno obmo\u010dje<\/strong><\/td>\n<td>0 \u00b0C \/ +10 \u00b0C<\/td>\n<\/tr>\n<tr>\n<td><strong>Podnebni razred<\/strong><\/td>\n<td>3<\/td>\n<\/tr>\n<tr>\n<td><strong>Obmo\u010dje prikaza<\/strong><\/td>\n<td>0.9 m\u00b2<\/td>\n<\/tr>\n<tr>\n<td><strong>Telo (zunanja povr\u0161ina)<\/strong><\/td>\n<td>Predbarvana plo\u010devina z antikorozijsko obdelavo + steklo<\/td>\n<\/tr>\n<tr>\n<td><strong>Notranji vlo\u017eek<\/strong><\/td>\n<td>Nerjave\u010de jeklo AISI 304<\/td>\n<\/tr>\n<tr>\n<td><strong>Termostat<\/strong><\/td>\n<td>Elektronska stran<\/td>\n<\/tr>\n<tr>\n<td><strong>Raven hrupa<\/strong><\/td>\n<td>55 dB<\/td>\n<\/tr>\n<tr>\n<td><strong>Smart Link WiFi<\/strong><\/td>\n<td>Izbirno<\/td>\n<\/tr>\n<tr>\n<td><strong>Debelina izolacije<\/strong><\/td>\n<td>60 mm<\/td>\n<\/tr>\n<tr>\n<td><strong>Odmrzovanje<\/strong><\/td>\n<td>Elektri\u010dni<\/td>\n<\/tr>\n<tr>\n<td><strong>Razsvetljava<\/strong><\/td>\n<td>2 vodoravni LED<\/td>\n<\/tr>\n<tr>\n<td><strong>Stopala<\/strong><\/td>\n<td>4<\/td>\n<\/tr>\n<tr>\n<td><strong>Kole\u0161\u010dki<\/strong><\/td>\n<td>Izbirno<\/td>\n<\/tr>\n<tr>\n<td><strong>Neto \/ bruto te\u017ea<\/strong><\/td>\n<td>150 \/ 190 kg<\/td>\n<\/tr>\n<tr>\n<td><strong>Napetost \/ frekvenca<\/strong><\/td>\n<td>220-240 V \/ 50 Hz<\/td>\n<\/tr>\n<tr>\n<td><strong>Hladilno sredstvo<\/strong><\/td>\n<td>R290<\/td>\n<\/tr>\n<tr>\n<td><strong>Absorpcija energije<\/strong><\/td>\n<td>500 W<\/td>\n<\/tr>\n<tr>\n<td><strong>Poraba energije<\/strong><\/td>\n<td>6,85 kWh \/ 24 ur<\/td>\n<\/tr>\n<\/tbody>\n<\/table>\n<h2 data-start=\"2585\" data-end=\"2615\"><strong data-start=\"2588\" data-end=\"2615\">Dimenzije - SAMA 125 L<\/strong><\/h2>\n<div class=\"_tableContainer_1rjym_1\">\n<div class=\"_tableWrapper_1rjym_13 group flex w-fit flex-col-reverse\">\n<table>\n<thead>\n<tr>\n<th>Merjenje<\/th>\n<th>Vrednost<\/th>\n<\/tr>\n<\/thead>\n<tbody>\n<tr>\n<td><strong>Zunanje mere (\u0160xVxV)<\/strong><\/td>\n<td>1310 \u00d7 1000 \u00d7 1280 mm<\/td>\n<\/tr>\n<tr>\n<td><strong>Dimenzije embala\u017ee (\u0160xVxV)<\/strong><\/td>\n<td>1410 \u00d7 1100 \u00d7 1430 mm<\/td>\n<\/tr>\n<tr>\n<td><strong>\u0160irina celice za shranjevanje izdelkov<\/strong><\/td>\n<td>1200 mm<\/td>\n<\/tr>\n<\/tbody>\n<\/table>\n<\/div>\n<\/div>","protected":false},"excerpt":{"rendered":"<p>The SAMA 125 L is a ventilated refrigerated counter specifically designed for butcheries, delicatessens, supermarkets, and minimarkets. Offering a larger display surface (0.9 m\u00b2) than the SAMA 95 L, it is perfect for presenting and preserving fresh meat, deli products, and cold cuts at 0 \u00b0C to +10 \u00b0C. Built with a robust structure in [&hellip;]<\/p>\n","protected":false},"featured_media":7282,"comment_status":"open","ping_status":"closed","template":"","meta":[],"product_brand":[],"product_cat":[50],"product_tag":[],"class_list":{"0":"post-7281","1":"product","2":"type-product","3":"status-publish","4":"has-post-thumbnail","6":"product_cat-minimarket-supermarket-cooling","8":"first","9":"instock","10":"shipping-taxable","11":"product-type-simple"},"_links":{"self":[{"href":"https:\/\/dersuessestopp.com\/sl\/wp-json\/wp\/v2\/product\/7281","targetHints":{"allow":["GET"]}}],"collection":[{"href":"https:\/\/dersuessestopp.com\/sl\/wp-json\/wp\/v2\/product"}],"about":[{"href":"https:\/\/dersuessestopp.com\/sl\/wp-json\/wp\/v2\/types\/product"}],"replies":[{"embeddable":true,"href":"https:\/\/dersuessestopp.com\/sl\/wp-json\/wp\/v2\/comments?post=7281"}],"version-history":[{"count":2,"href":"https:\/\/dersuessestopp.com\/sl\/wp-json\/wp\/v2\/product\/7281\/revisions"}],"predecessor-version":[{"id":7285,"href":"https:\/\/dersuessestopp.com\/sl\/wp-json\/wp\/v2\/product\/7281\/revisions\/7285"}],"wp:featuredmedia":[{"embeddable":true,"href":"https:\/\/dersuessestopp.com\/sl\/wp-json\/wp\/v2\/media\/7282"}],"wp:attachment":[{"href":"https:\/\/dersuessestopp.com\/sl\/wp-json\/wp\/v2\/media?parent=7281"}],"wp:term":[{"taxonomy":"product_brand","embeddable":true,"href":"https:\/\/dersuessestopp.com\/sl\/wp-json\/wp\/v2\/product_brand?post=7281"},{"taxonomy":"product_cat","embeddable":true,"href":"https:\/\/dersuessestopp.com\/sl\/wp-json\/wp\/v2\/product_cat?post=7281"},{"taxonomy":"product_tag","embeddable":true,"href":"https:\/\/dersuessestopp.com\/sl\/wp-json\/wp\/v2\/product_tag?post=7281"}],"curies":[{"name":"wp","href":"https:\/\/api.w.org\/{rel}","templated":true}]}}