{"id":7275,"date":"2025-09-01T06:11:36","date_gmt":"2025-09-01T06:11:36","guid":{"rendered":"https:\/\/dersuessestopp.com\/?post_type=product&#038;p=7275"},"modified":"2025-09-01T06:14:21","modified_gmt":"2025-09-01T06:14:21","slug":"sama-95-l","status":"publish","type":"product","link":"https:\/\/dersuessestopp.com\/sl\/product\/sama-95-l\/","title":{"rendered":"SAMA 95 L"},"content":{"rendered":"<p data-start=\"153\" data-end=\"456\">Spletna stran <strong data-start=\"157\" data-end=\"170\">SAMA 95 L<\/strong> je <strong data-start=\"176\" data-end=\"211\">prezra\u010devani hladilni pult<\/strong> zasnovan za <strong data-start=\"225\" data-end=\"285\">mesnice, delikatese, supermarketi in minimarketi<\/strong>. Zagotavlja <strong data-start=\"299\" data-end=\"341\">optimalno shranjevanje sve\u017eih izdelkov<\/strong> na <strong data-start=\"347\" data-end=\"386\">temperaturno obmo\u010dje od 0 \u00b0C do +10 \u00b0C<\/strong>, pri \u010demer je treba zagotoviti, da <strong data-start=\"403\" data-end=\"453\">odli\u010dna prepoznavnost in dostopnost izdelkov<\/strong>.<\/p>\n<p data-start=\"458\" data-end=\"658\">Zgrajeno z <strong data-start=\"469\" data-end=\"497\">AISI 304 nerjave\u010de jeklo<\/strong> za notranji rezervoar in <strong data-start=\"523\" data-end=\"586\">predbarvana antikorozijsko obdelana plo\u010devina s stekleno strukturo<\/strong>, SAMA 95 L zagotavlja <strong data-start=\"613\" data-end=\"655\">vzdr\u017eljivost, higiena in sodoben dizajn<\/strong>.<\/p>\n<h2 data-start=\"1341\" data-end=\"1368\"><strong data-start=\"1344\" data-end=\"1368\">Standardni dodatki<\/strong><\/h2>\n<ul data-start=\"1369\" data-end=\"1409\">\n<li data-start=\"1369\" data-end=\"1409\">\n<p data-start=\"1371\" data-end=\"1409\">No\u010dno zapiranje s plo\u0161\u010dami iz pleksi stekla<\/p>\n<\/li>\n<\/ul>\n<h2 data-start=\"1411\" data-end=\"1438\"><strong data-start=\"1414\" data-end=\"1438\">Dodatna oprema<\/strong><\/h2>\n<ul data-start=\"1439\" data-end=\"1672\">\n<li data-start=\"1439\" data-end=\"1479\">\n<p data-start=\"1441\" data-end=\"1479\">Monta\u017eni komplet za monta\u017eo pultov<\/p>\n<\/li>\n<li data-start=\"1480\" data-end=\"1521\">\n<p data-start=\"1482\" data-end=\"1521\">Drsna deska za rezanje su\u0161enega mesa<\/p>\n<\/li>\n<li data-start=\"1522\" data-end=\"1544\">\n<p data-start=\"1524\" data-end=\"1544\">Podpora za dr\u017ealo vre\u010dke<\/p>\n<\/li>\n<li data-start=\"1545\" data-end=\"1575\">\n<p data-start=\"1547\" data-end=\"1575\">Nosilec embala\u017enih materialov<\/p>\n<\/li>\n<li data-start=\"1576\" data-end=\"1592\">\n<p data-start=\"1578\" data-end=\"1592\">Nosilec no\u017ea<\/p>\n<\/li>\n<li data-start=\"1593\" data-end=\"1618\">\n<p data-start=\"1595\" data-end=\"1618\">Dozator za papirnate brisa\u010de<\/p>\n<\/li>\n<li data-start=\"1619\" data-end=\"1642\">\n<p data-start=\"1621\" data-end=\"1642\">Plasti\u010dno dr\u017ealo za pladenj<\/p>\n<\/li>\n<li data-start=\"1643\" data-end=\"1672\">\n<p data-start=\"1645\" data-end=\"1672\">Kole\u0161\u010dki za enostavno premikanje<\/p>\n<\/li>\n<\/ul>\n<h2 data-start=\"1679\" data-end=\"1722\"><strong data-start=\"1682\" data-end=\"1722\">Tehni\u010dne specifikacije - SAMA 95 L<\/strong><\/h2>\n<div class=\"_tableContainer_1rjym_1\">\n<div class=\"_tableWrapper_1rjym_13 group flex w-fit flex-col-reverse\">\n<table>\n<thead>\n<tr>\n<th>Funkcija<\/th>\n<th>Specifikacija<\/th>\n<\/tr>\n<\/thead>\n<tbody>\n<tr>\n<td><strong>Temperaturno obmo\u010dje<\/strong><\/td>\n<td>0 \u00b0C \/ +10 \u00b0C<\/td>\n<\/tr>\n<tr>\n<td><strong>Podnebni razred<\/strong><\/td>\n<td>3<\/td>\n<\/tr>\n<tr>\n<td><strong>Obmo\u010dje prikaza<\/strong><\/td>\n<td>0.7 m\u00b2<\/td>\n<\/tr>\n<tr>\n<td><strong>Telo (zunanja povr\u0161ina)<\/strong><\/td>\n<td>Predbarvana plo\u010devina z antikorozijsko obdelavo + steklo<\/td>\n<\/tr>\n<tr>\n<td><strong>Notranji vlo\u017eek<\/strong><\/td>\n<td>Nerjave\u010de jeklo AISI 304<\/td>\n<\/tr>\n<tr>\n<td><strong>Termostat<\/strong><\/td>\n<td>Elektronska stran<\/td>\n<\/tr>\n<tr>\n<td><strong>Raven hrupa<\/strong><\/td>\n<td>55 dB<\/td>\n<\/tr>\n<tr>\n<td><strong>Smart Link WiFi<\/strong><\/td>\n<td>Izbirno<\/td>\n<\/tr>\n<tr>\n<td><strong>Debelina izolacije<\/strong><\/td>\n<td>60 mm<\/td>\n<\/tr>\n<tr>\n<td><strong>Odmrzovanje<\/strong><\/td>\n<td>Elektri\u010dni<\/td>\n<\/tr>\n<tr>\n<td><strong>Razsvetljava<\/strong><\/td>\n<td>2 vodoravni LED<\/td>\n<\/tr>\n<tr>\n<td><strong>Stopala<\/strong><\/td>\n<td>4<\/td>\n<\/tr>\n<tr>\n<td><strong>Kole\u0161\u010dki<\/strong><\/td>\n<td>Izbirno<\/td>\n<\/tr>\n<tr>\n<td><strong>Neto \/ bruto te\u017ea<\/strong><\/td>\n<td>140 \/ 170 kg<\/td>\n<\/tr>\n<tr>\n<td><strong>Napetost \/ frekvenca<\/strong><\/td>\n<td>220-240 V \/ 50 Hz<\/td>\n<\/tr>\n<tr>\n<td><strong>Hladilno sredstvo<\/strong><\/td>\n<td>R290<\/td>\n<\/tr>\n<tr>\n<td><strong>Absorpcija energije<\/strong><\/td>\n<td>410 W<\/td>\n<\/tr>\n<tr>\n<td><strong>Poraba energije<\/strong><\/td>\n<td>5,95 kWh \/ 24 ur<\/td>\n<\/tr>\n<\/tbody>\n<\/table>\n<h2 data-start=\"2452\" data-end=\"2481\"><strong data-start=\"2455\" data-end=\"2481\">Dimenzije - SAMA 95 L<\/strong><\/h2>\n<div class=\"_tableContainer_1rjym_1\">\n<div class=\"_tableWrapper_1rjym_13 group flex w-fit flex-col-reverse\">\n<table>\n<thead>\n<tr>\n<th>Merjenje<\/th>\n<th>Vrednost<\/th>\n<\/tr>\n<\/thead>\n<tbody>\n<tr>\n<td><strong>Zunanje mere (\u0160xVxV)<\/strong><\/td>\n<td>1000 \u00d7 1000 \u00d7 1280 mm<\/td>\n<\/tr>\n<tr>\n<td><strong>Dimenzije embala\u017ee (\u0160xVxV)<\/strong><\/td>\n<td>1100 \u00d7 1100 \u00d7 1430 mm<\/td>\n<\/tr>\n<tr>\n<td><strong>\u0160irina celice za shranjevanje izdelkov<\/strong><\/td>\n<td>890 mm<\/td>\n<\/tr>\n<\/tbody>\n<\/table>\n<\/div>\n<\/div>\n<\/div>\n<\/div>","protected":false},"excerpt":{"rendered":"<p>The SAMA 95 L is a ventilated refrigerated counter designed for butcheries, delicatessens, supermarkets, and minimarkets. It provides optimal preservation of fresh products at a temperature range of 0 \u00b0C to +10 \u00b0C, while ensuring excellent product visibility and accessibility. Built with AISI 304 stainless steel for the inner tank and a prepainted anticorrosion-treated sheet [&hellip;]<\/p>\n","protected":false},"featured_media":7276,"comment_status":"open","ping_status":"closed","template":"","meta":[],"product_brand":[],"product_cat":[50],"product_tag":[],"class_list":{"0":"post-7275","1":"product","2":"type-product","3":"status-publish","4":"has-post-thumbnail","6":"product_cat-minimarket-supermarket-cooling","8":"first","9":"instock","10":"shipping-taxable","11":"product-type-simple"},"_links":{"self":[{"href":"https:\/\/dersuessestopp.com\/sl\/wp-json\/wp\/v2\/product\/7275","targetHints":{"allow":["GET"]}}],"collection":[{"href":"https:\/\/dersuessestopp.com\/sl\/wp-json\/wp\/v2\/product"}],"about":[{"href":"https:\/\/dersuessestopp.com\/sl\/wp-json\/wp\/v2\/types\/product"}],"replies":[{"embeddable":true,"href":"https:\/\/dersuessestopp.com\/sl\/wp-json\/wp\/v2\/comments?post=7275"}],"version-history":[{"count":3,"href":"https:\/\/dersuessestopp.com\/sl\/wp-json\/wp\/v2\/product\/7275\/revisions"}],"predecessor-version":[{"id":7280,"href":"https:\/\/dersuessestopp.com\/sl\/wp-json\/wp\/v2\/product\/7275\/revisions\/7280"}],"wp:featuredmedia":[{"embeddable":true,"href":"https:\/\/dersuessestopp.com\/sl\/wp-json\/wp\/v2\/media\/7276"}],"wp:attachment":[{"href":"https:\/\/dersuessestopp.com\/sl\/wp-json\/wp\/v2\/media?parent=7275"}],"wp:term":[{"taxonomy":"product_brand","embeddable":true,"href":"https:\/\/dersuessestopp.com\/sl\/wp-json\/wp\/v2\/product_brand?post=7275"},{"taxonomy":"product_cat","embeddable":true,"href":"https:\/\/dersuessestopp.com\/sl\/wp-json\/wp\/v2\/product_cat?post=7275"},{"taxonomy":"product_tag","embeddable":true,"href":"https:\/\/dersuessestopp.com\/sl\/wp-json\/wp\/v2\/product_tag?post=7275"}],"curies":[{"name":"wp","href":"https:\/\/api.w.org\/{rel}","templated":true}]}}