{"id":7264,"date":"2025-09-01T06:06:01","date_gmt":"2025-09-01T06:06:01","guid":{"rendered":"https:\/\/dersuessestopp.com\/?post_type=product&#038;p=7264"},"modified":"2025-09-01T06:06:01","modified_gmt":"2025-09-01T06:06:01","slug":"vizija-150","status":"publish","type":"product","link":"https:\/\/dersuessestopp.com\/sl\/product\/vision-150\/","title":{"rendered":"VIZIJA 150"},"content":{"rendered":"<p data-start=\"189\" data-end=\"423\">Spletna stran <strong data-start=\"193\" data-end=\"207\">VIZIJA 150<\/strong> je <strong data-start=\"213\" data-end=\"298\">prezra\u010devani ve\u010dplastni hladilnik s tremi steklenimi stranicami in dvema vratoma brez okvirja na te\u010dajih<\/strong>, zasnovan za <strong data-start=\"313\" data-end=\"362\">supermarketi, minimarketi in prodajalne na drobno.<\/strong> ki zahtevajo zanesljivo <strong data-start=\"382\" data-end=\"420\">hlajenje pri pozitivni temperaturi<\/strong>.<\/p>\n<p data-start=\"425\" data-end=\"741\">Delovanje v <strong data-start=\"442\" data-end=\"461\">+1 \u00b0C do +10 \u00b0C<\/strong> zagotavlja, da <strong data-start=\"480\" data-end=\"522\">popolno ohranjanje sve\u017eih izdelkov<\/strong> obenem pa zagotavlja <strong data-start=\"539\" data-end=\"561\">najve\u010dja vidljivost<\/strong> zaradi svoje <strong data-start=\"576\" data-end=\"597\">zasnova s polnim steklom<\/strong>. Zgrajeno z <strong data-start=\"610\" data-end=\"662\">predbarvana plo\u010devina, obdelana proti koroziji<\/strong> VISION 150 je vzdr\u017eljiv, higieni\u010den in enostaven za \u010di\u0161\u010denje, tako znotraj kot zunaj.<\/p>\n<h2 data-start=\"1438\" data-end=\"1482\"><strong data-start=\"1441\" data-end=\"1482\">Tehni\u010dne specifikacije - VISION 150<\/strong><\/h2>\n<div class=\"_tableContainer_1rjym_1\">\n<div class=\"_tableWrapper_1rjym_13 group flex w-fit flex-col-reverse\">\n<table>\n<thead>\n<tr>\n<th>Funkcija<\/th>\n<th>Specifikacija<\/th>\n<\/tr>\n<\/thead>\n<tbody>\n<tr>\n<td><strong>Temperaturno obmo\u010dje<\/strong><\/td>\n<td>+1 \u00b0C \/ +10 \u00b0C<\/td>\n<\/tr>\n<tr>\n<td><strong>Podnebni razred<\/strong><\/td>\n<td>3<\/td>\n<\/tr>\n<tr>\n<td><strong>Neto \/ bruto obseg<\/strong><\/td>\n<td>764 L \/ 1292 L<\/td>\n<\/tr>\n<tr>\n<td><strong>Telo (zunanja povr\u0161ina)<\/strong><\/td>\n<td>Predbarvana plo\u010devina z antikorozijsko obdelavo<\/td>\n<\/tr>\n<tr>\n<td><strong>Notranji vlo\u017eek<\/strong><\/td>\n<td>Predbarvana plo\u010devina z antikorozijsko obdelavo<\/td>\n<\/tr>\n<tr>\n<td><strong>Termostat<\/strong><\/td>\n<td>Elektronska stran<\/td>\n<\/tr>\n<tr>\n<td><strong>Raven hrupa<\/strong><\/td>\n<td>58 dB<\/td>\n<\/tr>\n<tr>\n<td><strong>Smart Link WiFi<\/strong><\/td>\n<td>Izbirno<\/td>\n<\/tr>\n<tr>\n<td><strong>Debelina izolacije<\/strong><\/td>\n<td>40 mm<\/td>\n<\/tr>\n<tr>\n<td><strong>Sistem za odmrzovanje<\/strong><\/td>\n<td>Samodejno<\/td>\n<\/tr>\n<tr>\n<td><strong>Razsvetljava<\/strong><\/td>\n<td>LED<\/td>\n<\/tr>\n<tr>\n<td><strong>Police<\/strong><\/td>\n<td>5 polic (1248 \u00d7 450 mm), nastavljive in nagibne<\/td>\n<\/tr>\n<tr>\n<td><strong>Stopala<\/strong><\/td>\n<td>4<\/td>\n<\/tr>\n<tr>\n<td><strong>Napetost \/ frekvenca<\/strong><\/td>\n<td>220-240 V \/ 50 Hz<\/td>\n<\/tr>\n<tr>\n<td><strong>Hladilno sredstvo<\/strong><\/td>\n<td>R290<\/td>\n<\/tr>\n<tr>\n<td><strong>Absorpcija energije<\/strong><\/td>\n<td>550 W<\/td>\n<\/tr>\n<tr>\n<td><strong>Poraba energije<\/strong><\/td>\n<td>5,87 kWh \/ 24 ur<\/td>\n<\/tr>\n<tr>\n<td><strong>Neto \/ bruto te\u017ea<\/strong><\/td>\n<td>260 \/ 300 kg<\/td>\n<\/tr>\n<\/tbody>\n<\/table>\n<h2 data-start=\"2275\" data-end=\"2305\"><strong data-start=\"2278\" data-end=\"2305\">Dimenzije - VISION 150<\/strong><\/h2>\n<div class=\"_tableContainer_1rjym_1\">\n<div class=\"_tableWrapper_1rjym_13 group flex w-fit flex-col-reverse\">\n<table>\n<thead>\n<tr>\n<th>Merjenje<\/th>\n<th>Vrednost<\/th>\n<\/tr>\n<\/thead>\n<tbody>\n<tr>\n<td><strong>Zunanje mere (\u0160xVxV)<\/strong><\/td>\n<td>1310 \u00d7 740 \u00d7 2010 mm<\/td>\n<\/tr>\n<tr>\n<td><strong>Dimenzije embala\u017ee (\u0160xVxV)<\/strong><\/td>\n<td>1340 \u00d7 767 \u00d7 2120 mm<\/td>\n<\/tr>\n<tr>\n<td><strong>Notranja \u0161irina (A)<\/strong><\/td>\n<td>1250 mm<\/td>\n<\/tr>\n<tr>\n<td><strong>Notranja globina (B)<\/strong><\/td>\n<td>544 mm<\/td>\n<\/tr>\n<tr>\n<td><strong>Notranja vi\u0161ina (C)<\/strong><\/td>\n<td>1540 mm<\/td>\n<\/tr>\n<\/tbody>\n<\/table>\n<\/div>\n<\/div>\n<\/div>\n<\/div>","protected":false},"excerpt":{"rendered":"<p>The VISION 150 is a ventilated multideck cooler with three glass sides and two frameless hinged doors, designed for supermarkets, minimarkets, and retail outlets requiring reliable positive temperature refrigeration. Operating in the +1 \u00b0C to +10 \u00b0C range, it ensures perfect preservation of fresh products while providing maximum visibility thanks to its full-glass design. Built [&hellip;]<\/p>\n","protected":false},"featured_media":7265,"comment_status":"open","ping_status":"closed","template":"","meta":[],"product_brand":[],"product_cat":[50],"product_tag":[],"class_list":{"0":"post-7264","1":"product","2":"type-product","3":"status-publish","4":"has-post-thumbnail","6":"product_cat-minimarket-supermarket-cooling","8":"first","9":"instock","10":"shipping-taxable","11":"product-type-simple"},"_links":{"self":[{"href":"https:\/\/dersuessestopp.com\/sl\/wp-json\/wp\/v2\/product\/7264","targetHints":{"allow":["GET"]}}],"collection":[{"href":"https:\/\/dersuessestopp.com\/sl\/wp-json\/wp\/v2\/product"}],"about":[{"href":"https:\/\/dersuessestopp.com\/sl\/wp-json\/wp\/v2\/types\/product"}],"replies":[{"embeddable":true,"href":"https:\/\/dersuessestopp.com\/sl\/wp-json\/wp\/v2\/comments?post=7264"}],"version-history":[{"count":2,"href":"https:\/\/dersuessestopp.com\/sl\/wp-json\/wp\/v2\/product\/7264\/revisions"}],"predecessor-version":[{"id":7268,"href":"https:\/\/dersuessestopp.com\/sl\/wp-json\/wp\/v2\/product\/7264\/revisions\/7268"}],"wp:featuredmedia":[{"embeddable":true,"href":"https:\/\/dersuessestopp.com\/sl\/wp-json\/wp\/v2\/media\/7265"}],"wp:attachment":[{"href":"https:\/\/dersuessestopp.com\/sl\/wp-json\/wp\/v2\/media?parent=7264"}],"wp:term":[{"taxonomy":"product_brand","embeddable":true,"href":"https:\/\/dersuessestopp.com\/sl\/wp-json\/wp\/v2\/product_brand?post=7264"},{"taxonomy":"product_cat","embeddable":true,"href":"https:\/\/dersuessestopp.com\/sl\/wp-json\/wp\/v2\/product_cat?post=7264"},{"taxonomy":"product_tag","embeddable":true,"href":"https:\/\/dersuessestopp.com\/sl\/wp-json\/wp\/v2\/product_tag?post=7264"}],"curies":[{"name":"wp","href":"https:\/\/api.w.org\/{rel}","templated":true}]}}