{"id":7259,"date":"2025-09-01T06:03:05","date_gmt":"2025-09-01T06:03:05","guid":{"rendered":"https:\/\/dersuessestopp.com\/?post_type=product&#038;p=7259"},"modified":"2025-09-01T06:03:39","modified_gmt":"2025-09-01T06:03:39","slug":"gospod-75-bt1","status":"publish","type":"product","link":"https:\/\/dersuessestopp.com\/sl\/product\/mr-75-bt1\/","title":{"rendered":"MR 75 BT1"},"content":{"rendered":"<p data-start=\"157\" data-end=\"450\">Spletna stran <strong data-start=\"161\" data-end=\"174\">MR 75 BT1<\/strong> je <strong data-start=\"180\" data-end=\"219\">Kompaktna ve\u010dnadstropna zamrzovalna skrinja brez zamrzovanja<\/strong> zasnovan za <strong data-start=\"233\" data-end=\"281\">supermarketi, minimarketi in trgovine na drobno.<\/strong> ki zahtevajo zanesljivo <strong data-start=\"301\" data-end=\"333\">shranjevanje pri negativni temperaturi<\/strong>. Z <strong data-start=\"342\" data-end=\"383\">temperaturno obmo\u010dje od -22 \u00b0C do -18 \u00b0C<\/strong>, ta pokon\u010dni zamrzovalnik zagotavlja varno shranjevanje zamrznjenega blaga.<\/p>\n<p data-start=\"452\" data-end=\"755\">Zgrajen z <strong data-start=\"465\" data-end=\"487\">barvano jekleno ohi\u0161je<\/strong> in . <strong data-start=\"492\" data-end=\"525\">barvana notranja obloga iz aluminija<\/strong>, zdru\u017euje <strong data-start=\"539\" data-end=\"572\">vzdr\u017eljivost z enostavnim \u010di\u0161\u010denjem<\/strong>. Zamrzovalnik ima <strong data-start=\"598\" data-end=\"623\">elektronski termostat<\/strong>, <strong data-start=\"625\" data-end=\"675\">samodejno odmrzovanje z vro\u010dim plinom (z ro\u010dno opcijo)<\/strong>, in <strong data-start=\"681\" data-end=\"723\">energetsko u\u010dinkovita vertikalna razsvetljava LED<\/strong> za jasno vidljivost izdelka.<\/p>\n<h2 data-start=\"1428\" data-end=\"1459\"><strong data-start=\"1431\" data-end=\"1459\">Tehni\u010dne specifikacije<\/strong><\/h2>\n<div class=\"_tableContainer_1rjym_1\">\n<div class=\"_tableWrapper_1rjym_13 group flex w-fit flex-col-reverse\">\n<table>\n<thead>\n<tr>\n<th>Funkcija<\/th>\n<th>MR 75 BT1<\/th>\n<\/tr>\n<\/thead>\n<tbody>\n<tr>\n<td><strong>Temperaturno obmo\u010dje<\/strong><\/td>\n<td>-22 \u00b0C \/ -18 \u00b0C<\/td>\n<\/tr>\n<tr>\n<td><strong>Podnebni razred<\/strong><\/td>\n<td>3<\/td>\n<\/tr>\n<tr>\n<td><strong>Neto \/ bruto obseg<\/strong><\/td>\n<td>390 L \/ 560 L<\/td>\n<\/tr>\n<tr>\n<td><strong>Telo (zunanja povr\u0161ina)<\/strong><\/td>\n<td>Barvano jeklo (\u010drna \/ siva RAL7015)<\/td>\n<\/tr>\n<tr>\n<td><strong>Notranji vlo\u017eek<\/strong><\/td>\n<td>Barvani aluminij<\/td>\n<\/tr>\n<tr>\n<td><strong>Termostat<\/strong><\/td>\n<td>Elektronska stran<\/td>\n<\/tr>\n<tr>\n<td><strong>Raven hrupa<\/strong><\/td>\n<td>61 dB<\/td>\n<\/tr>\n<tr>\n<td><strong>Smart Link WiFi<\/strong><\/td>\n<td>Izbirno<\/td>\n<\/tr>\n<tr>\n<td><strong>Debelina izolacije<\/strong><\/td>\n<td>60 mm<\/td>\n<\/tr>\n<tr>\n<td><strong>Sistem za odmrzovanje<\/strong><\/td>\n<td>Samodejno z vro\u010dim plinom + ro\u010dno<\/td>\n<\/tr>\n<tr>\n<td><strong>Razsvetljava<\/strong><\/td>\n<td>2 navpi\u010dni LED<\/td>\n<\/tr>\n<tr>\n<td><strong>Vrata<\/strong><\/td>\n<td>Samodejno zapiranje<\/td>\n<\/tr>\n<tr>\n<td><strong>Police<\/strong><\/td>\n<td>5 polic (610 \u00d7 470 mm)<\/td>\n<\/tr>\n<tr>\n<td><strong>Kole\u0161\u010dki<\/strong><\/td>\n<td>4<\/td>\n<\/tr>\n<tr>\n<td><strong>Napetost \/ frekvenca<\/strong><\/td>\n<td>220-240 V \/ 50 Hz<\/td>\n<\/tr>\n<tr>\n<td><strong>Hladilno sredstvo<\/strong><\/td>\n<td>R290<\/td>\n<\/tr>\n<tr>\n<td><strong>Absorpcija energije<\/strong><\/td>\n<td>600 W<\/td>\n<\/tr>\n<tr>\n<td><strong>Poraba energije<\/strong><\/td>\n<td>9,07 kWh \/ 24 ur<\/td>\n<\/tr>\n<tr>\n<td><strong>Neto \/ bruto te\u017ea<\/strong><\/td>\n<td>150 \/ 158,5 kg<\/td>\n<\/tr>\n<\/tbody>\n<\/table>\n<h2 data-start=\"2250\" data-end=\"2267\"><strong data-start=\"2253\" data-end=\"2267\">Dimenzije<\/strong><\/h2>\n<div class=\"_tableContainer_1rjym_1\">\n<div class=\"_tableWrapper_1rjym_13 group flex w-fit flex-col-reverse\">\n<table>\n<thead>\n<tr>\n<th>Merjenje<\/th>\n<th>MR 75 BT1<\/th>\n<\/tr>\n<\/thead>\n<tbody>\n<tr>\n<td><strong>Zunanje mere (\u0160xVxV)<\/strong><\/td>\n<td>750 \u00d7 760 \u00d7 2003 mm<\/td>\n<\/tr>\n<tr>\n<td><strong>Dimenzije embala\u017ee (\u0160xVxV)<\/strong><\/td>\n<td>775 \u00d7 780 \u00d7 2090 mm<\/td>\n<\/tr>\n<tr>\n<td><strong>Notranja \u0161irina (A)<\/strong><\/td>\n<td>630 mm<\/td>\n<\/tr>\n<tr>\n<td><strong>Notranja globina (B)<\/strong><\/td>\n<td>580 mm<\/td>\n<\/tr>\n<tr>\n<td><strong>Notranja vi\u0161ina (C)<\/strong><\/td>\n<td>1538 mm<\/td>\n<\/tr>\n<\/tbody>\n<\/table>\n<\/div>\n<\/div>\n<\/div>\n<\/div>","protected":false},"excerpt":{"rendered":"<p>The MR 75 BT1 is a compact, no-frost multideck freezer designed for supermarkets, minimarkets, and retail stores requiring reliable negative temperature storage. With a temperature range of -22 \u00b0C to -18 \u00b0C, this upright freezer ensures safe preservation of frozen goods. Built with a painted steel body and painted aluminium inner liner, it combines durability [&hellip;]<\/p>\n","protected":false},"featured_media":7260,"comment_status":"open","ping_status":"closed","template":"","meta":[],"product_brand":[],"product_cat":[50],"product_tag":[],"class_list":{"0":"post-7259","1":"product","2":"type-product","3":"status-publish","4":"has-post-thumbnail","6":"product_cat-minimarket-supermarket-cooling","8":"first","9":"instock","10":"shipping-taxable","11":"product-type-simple"},"_links":{"self":[{"href":"https:\/\/dersuessestopp.com\/sl\/wp-json\/wp\/v2\/product\/7259","targetHints":{"allow":["GET"]}}],"collection":[{"href":"https:\/\/dersuessestopp.com\/sl\/wp-json\/wp\/v2\/product"}],"about":[{"href":"https:\/\/dersuessestopp.com\/sl\/wp-json\/wp\/v2\/types\/product"}],"replies":[{"embeddable":true,"href":"https:\/\/dersuessestopp.com\/sl\/wp-json\/wp\/v2\/comments?post=7259"}],"version-history":[{"count":2,"href":"https:\/\/dersuessestopp.com\/sl\/wp-json\/wp\/v2\/product\/7259\/revisions"}],"predecessor-version":[{"id":7263,"href":"https:\/\/dersuessestopp.com\/sl\/wp-json\/wp\/v2\/product\/7259\/revisions\/7263"}],"wp:featuredmedia":[{"embeddable":true,"href":"https:\/\/dersuessestopp.com\/sl\/wp-json\/wp\/v2\/media\/7260"}],"wp:attachment":[{"href":"https:\/\/dersuessestopp.com\/sl\/wp-json\/wp\/v2\/media?parent=7259"}],"wp:term":[{"taxonomy":"product_brand","embeddable":true,"href":"https:\/\/dersuessestopp.com\/sl\/wp-json\/wp\/v2\/product_brand?post=7259"},{"taxonomy":"product_cat","embeddable":true,"href":"https:\/\/dersuessestopp.com\/sl\/wp-json\/wp\/v2\/product_cat?post=7259"},{"taxonomy":"product_tag","embeddable":true,"href":"https:\/\/dersuessestopp.com\/sl\/wp-json\/wp\/v2\/product_tag?post=7259"}],"curies":[{"name":"wp","href":"https:\/\/api.w.org\/{rel}","templated":true}]}}