{"id":7250,"date":"2025-09-01T05:58:54","date_gmt":"2025-09-01T05:58:54","guid":{"rendered":"https:\/\/dersuessestopp.com\/?post_type=product&#038;p=7250"},"modified":"2025-09-01T05:58:54","modified_gmt":"2025-09-01T05:58:54","slug":"alaska-top-145","status":"publish","type":"product","link":"https:\/\/dersuessestopp.com\/sl\/product\/alaska-top-145\/","title":{"rendered":"ALASKA TOP 145"},"content":{"rendered":"<p data-start=\"178\" data-end=\"496\">Spletna stran <strong data-start=\"182\" data-end=\"200\">ALASKA TOP 145<\/strong> je <strong data-start=\"206\" data-end=\"233\">kompaktni pokon\u010dni zamrzovalnik<\/strong> zasnovan za supermarkete, minimarkete in profesionalna maloprodajna okolja. Izdelan z <strong data-start=\"325\" data-end=\"390\">predbarvano jekleno ohi\u0161je (RAL7015) z antikorozijsko obdelavo<\/strong> in <strong data-start=\"397\" data-end=\"428\">notranja obloga iz belega aluminija<\/strong>, zagotavlja vzdr\u017eljivost, higieno in dolgotrajno delovanje.<\/p>\n<p data-start=\"498\" data-end=\"746\">Ta model ima <strong data-start=\"520\" data-end=\"564\">sistem za odpiranje drsnega stekla (Manhattan)<\/strong> za enostaven dostop, skupaj z <strong data-start=\"596\" data-end=\"625\">avtomatsko odmrzovanje na vro\u010de pline<\/strong> za enostavno vzdr\u017eevanje. Z <strong data-start=\"654\" data-end=\"695\">temperaturno obmo\u010dje od -22 \u00b0C do -18 \u00b0C<\/strong>, zagotavlja zanesljivo skladi\u0161\u010denje zamrznjenih izdelkov.<\/p>\n<p data-start=\"748\" data-end=\"966\">Opremljen z <strong data-start=\"762\" data-end=\"778\">Osvetlitev LED<\/strong>, <strong data-start=\"780\" data-end=\"813\">elektronsko krmiljenje termostata<\/strong>, in <strong data-start=\"821\" data-end=\"842\">Kompaktna povr\u0161ina<\/strong>, je ALASKA TOP 145 odli\u010dna re\u0161itev za izbolj\u0161anje prikaza izdelkov in optimizacijo hladilnega prostora v omejenih prostorih.<\/p>\n<h2 data-start=\"1543\" data-end=\"1574\"><strong data-start=\"1546\" data-end=\"1574\">Tehni\u010dne specifikacije<\/strong><\/h2>\n<div class=\"_tableContainer_1rjym_1\">\n<div class=\"_tableWrapper_1rjym_13 group flex w-fit flex-col-reverse\">\n<table>\n<thead>\n<tr>\n<th>Funkcija<\/th>\n<th>ALASKA TOP 145<\/th>\n<\/tr>\n<\/thead>\n<tbody>\n<tr>\n<td><strong>Temperaturno obmo\u010dje<\/strong><\/td>\n<td>-22 \u00b0C \/ -18 \u00b0C<\/td>\n<\/tr>\n<tr>\n<td><strong>Podnebni razred<\/strong><\/td>\n<td>3<\/td>\n<\/tr>\n<tr>\n<td><strong>Neto \/ bruto obseg<\/strong><\/td>\n<td>232 L \/ 373 L<\/td>\n<\/tr>\n<tr>\n<td><strong>Telo (zunanja povr\u0161ina)<\/strong><\/td>\n<td>Predbarvana plo\u010devina (RAL7015) s protikorozijsko obdelavo<\/td>\n<\/tr>\n<tr>\n<td><strong>Notranji vlo\u017eek<\/strong><\/td>\n<td>Beli aluminij<\/td>\n<\/tr>\n<tr>\n<td><strong>Termostat<\/strong><\/td>\n<td>Elektronska stran<\/td>\n<\/tr>\n<tr>\n<td><strong>Raven hrupa<\/strong><\/td>\n<td>58 dB<\/td>\n<\/tr>\n<tr>\n<td><strong>Smart Link WiFi<\/strong><\/td>\n<td>-<\/td>\n<\/tr>\n<tr>\n<td><strong>Debelina izolacije<\/strong><\/td>\n<td>60 mm<\/td>\n<\/tr>\n<tr>\n<td><strong>Sistem za odmrzovanje<\/strong><\/td>\n<td>Vro\u010di plin<\/td>\n<\/tr>\n<tr>\n<td><strong>Razsvetljava<\/strong><\/td>\n<td>2 LED DIODI<\/td>\n<\/tr>\n<tr>\n<td><strong>Police<\/strong><\/td>\n<td>4 police (649 \u00d7 292 mm)<\/td>\n<\/tr>\n<tr>\n<td><strong>Stopala<\/strong><\/td>\n<td>4 nastavljive<\/td>\n<\/tr>\n<tr>\n<td><strong>Napetost \/ frekvenca<\/strong><\/td>\n<td>220-240 V \/ 50 Hz<\/td>\n<\/tr>\n<tr>\n<td><strong>Hladilno sredstvo<\/strong><\/td>\n<td>R290 (okolju prijazno)<\/td>\n<\/tr>\n<tr>\n<td><strong>Absorpcija energije<\/strong><\/td>\n<td>650 W<\/td>\n<\/tr>\n<tr>\n<td><strong>Poraba energije<\/strong><\/td>\n<td>14,47 kWh \/ 24 ur<\/td>\n<\/tr>\n<tr>\n<td><strong>Neto \/ bruto te\u017ea<\/strong><\/td>\n<td>139 \/ 149 kg<\/td>\n<\/tr>\n<\/tbody>\n<\/table>\n<\/div>\n<\/div>\n<h2 data-start=\"1543\" data-end=\"1574\"><strong data-start=\"1546\" data-end=\"1574\">Dimenzije<\/strong><\/h2>\n<table>\n<thead>\n<tr>\n<th>Merjenje<\/th>\n<th>ALASKA TOP 145<\/th>\n<\/tr>\n<\/thead>\n<tbody>\n<tr>\n<td><strong>Zunanje mere (\u0160xVxV)<\/strong><\/td>\n<td>1450 \u00d7 590 \u00d7 1022 mm<\/td>\n<\/tr>\n<tr>\n<td><strong>Dimenzije embala\u017ee (\u0160xVxV)<\/strong><\/td>\n<td>1530 \u00d7 660 \u00d7 1245 mm<\/td>\n<\/tr>\n<tr>\n<td><strong>Notranja \u0161irina (A)<\/strong><\/td>\n<td>1330 mm<\/td>\n<\/tr>\n<tr>\n<td><strong>Notranja globina (B)<\/strong><\/td>\n<td>390 mm<\/td>\n<\/tr>\n<tr>\n<td><strong>Notranja vi\u0161ina (C)<\/strong><\/td>\n<td>645 mm<\/td>\n<\/tr>\n<\/tbody>\n<\/table>\n<p>&nbsp;<\/p>","protected":false},"excerpt":{"rendered":"<p>The ALASKA TOP 145 is a compact upright freezer designed for supermarkets, minimarkets, and professional retail environments. Built with a pre-painted steel body (RAL7015) with anticorrosion treatment and a white aluminium inner liner, it guarantees durability, hygiene, and long-lasting performance. This model features a sliding glass opening system (Manhattan) for easy access, combined with hot-gas [&hellip;]<\/p>\n","protected":false},"featured_media":7251,"comment_status":"open","ping_status":"closed","template":"","meta":[],"product_brand":[],"product_cat":[50],"product_tag":[],"class_list":{"0":"post-7250","1":"product","2":"type-product","3":"status-publish","4":"has-post-thumbnail","6":"product_cat-minimarket-supermarket-cooling","8":"first","9":"instock","10":"shipping-taxable","11":"product-type-simple"},"_links":{"self":[{"href":"https:\/\/dersuessestopp.com\/sl\/wp-json\/wp\/v2\/product\/7250","targetHints":{"allow":["GET"]}}],"collection":[{"href":"https:\/\/dersuessestopp.com\/sl\/wp-json\/wp\/v2\/product"}],"about":[{"href":"https:\/\/dersuessestopp.com\/sl\/wp-json\/wp\/v2\/types\/product"}],"replies":[{"embeddable":true,"href":"https:\/\/dersuessestopp.com\/sl\/wp-json\/wp\/v2\/comments?post=7250"}],"version-history":[{"count":1,"href":"https:\/\/dersuessestopp.com\/sl\/wp-json\/wp\/v2\/product\/7250\/revisions"}],"predecessor-version":[{"id":7253,"href":"https:\/\/dersuessestopp.com\/sl\/wp-json\/wp\/v2\/product\/7250\/revisions\/7253"}],"wp:featuredmedia":[{"embeddable":true,"href":"https:\/\/dersuessestopp.com\/sl\/wp-json\/wp\/v2\/media\/7251"}],"wp:attachment":[{"href":"https:\/\/dersuessestopp.com\/sl\/wp-json\/wp\/v2\/media?parent=7250"}],"wp:term":[{"taxonomy":"product_brand","embeddable":true,"href":"https:\/\/dersuessestopp.com\/sl\/wp-json\/wp\/v2\/product_brand?post=7250"},{"taxonomy":"product_cat","embeddable":true,"href":"https:\/\/dersuessestopp.com\/sl\/wp-json\/wp\/v2\/product_cat?post=7250"},{"taxonomy":"product_tag","embeddable":true,"href":"https:\/\/dersuessestopp.com\/sl\/wp-json\/wp\/v2\/product_tag?post=7250"}],"curies":[{"name":"wp","href":"https:\/\/api.w.org\/{rel}","templated":true}]}}