{"id":7217,"date":"2025-09-01T05:17:19","date_gmt":"2025-09-01T05:17:19","guid":{"rendered":"https:\/\/dersuessestopp.com\/?post_type=product&#038;p=7217"},"modified":"2025-10-08T20:29:56","modified_gmt":"2025-10-08T20:29:56","slug":"dw-17-1thk","status":"publish","type":"product","link":"https:\/\/dersuessestopp.com\/sl\/product\/dw-17-1thk\/","title":{"rendered":"DW 17 1THK"},"content":{"rendered":"<p data-start=\"190\" data-end=\"502\"><img fetchpriority=\"high\" decoding=\"async\" class=\"alignnone wp-image-11530 size-full\" src=\"https:\/\/dersuessestopp.com\/wp-content\/uploads\/2025\/09\/DW-17-1THK.jpg\" alt=\"\" width=\"2000\" height=\"600\" srcset=\"https:\/\/dersuessestopp.com\/wp-content\/uploads\/2025\/09\/DW-17-1THK.jpg 2000w, https:\/\/dersuessestopp.com\/wp-content\/uploads\/2025\/09\/DW-17-1THK-300x90.jpg 300w, https:\/\/dersuessestopp.com\/wp-content\/uploads\/2025\/09\/DW-17-1THK-1024x307.jpg 1024w, https:\/\/dersuessestopp.com\/wp-content\/uploads\/2025\/09\/DW-17-1THK-768x230.jpg 768w, https:\/\/dersuessestopp.com\/wp-content\/uploads\/2025\/09\/DW-17-1THK-1536x461.jpg 1536w, https:\/\/dersuessestopp.com\/wp-content\/uploads\/2025\/09\/DW-17-1THK-250x75.jpg 250w, https:\/\/dersuessestopp.com\/wp-content\/uploads\/2025\/09\/DW-17-1THK-600x180.jpg 600w\" sizes=\"(max-width: 2000px) 100vw, 2000px\" \/><\/p>\n<p data-start=\"190\" data-end=\"502\">Spletna stran <strong data-start=\"194\" data-end=\"208\">DW 17 1THK<\/strong> in . <strong data-start=\"213\" data-end=\"227\">DW 17 1THX<\/strong> so kompaktni hladilniki za vino vrhunske kakovosti, zasnovani za profesionalna in doma\u010da okolja. Izdelani so z <strong data-start=\"334\" data-end=\"375\">Notranje obloge iz nerjave\u010dega jekla AISI 304<\/strong> in <strong data-start=\"382\" data-end=\"432\">mo\u017enost vrat brez okvirja iz stekla ali nerjave\u010dega jekla<\/strong>, ti modeli zdru\u017eujejo elegantno estetiko in zanesljivo delovanje.<\/p>\n<p data-start=\"504\" data-end=\"723\">Zahvaljujo\u010d <strong data-start=\"518\" data-end=\"549\">elektronski termostat na dotik<\/strong> in . <strong data-start=\"554\" data-end=\"583\">prezra\u010devani hladilni sistem<\/strong>, zagotavljajo stabilne pogoje shranjevanja s temperaturnim razponom <strong data-start=\"652\" data-end=\"671\">+3 \u00b0C do +20 \u00b0C<\/strong>, in tako zagotovite, da bodo va\u0161a vina ohranjena v najbolj\u0161i mo\u017eni meri.<\/p>\n<p data-start=\"725\" data-end=\"981\">Oba modela sta opremljena z <strong data-start=\"755\" data-end=\"789\">odstranljive police iz bukovega lesa<\/strong>, <strong data-start=\"791\" data-end=\"815\">samodejno odmrzovanje<\/strong>, in <strong data-start=\"821\" data-end=\"845\">enakomerna osvetlitev LED<\/strong> ki se vklopi, ko se odprejo vrata. Spletna stran <strong data-start=\"889\" data-end=\"921\">mehko zapiranje te\u010dajev Push&amp;Pull<\/strong> (sistem Hettich) zagotavlja nemoteno delovanje in vzdr\u017eljivost.<\/p>\n<h2 data-start=\"988\" data-end=\"1003\"><strong data-start=\"991\" data-end=\"1003\">Zmogljivost<\/strong><\/h2>\n<table>\n<thead>\n<tr>\n<th>Model<\/th>\n<th>Prostornina steklenice (cl. 75)<\/th>\n<\/tr>\n<\/thead>\n<tbody>\n<tr>\n<td>DW 17 1THK<\/td>\n<td>17 steklenic<\/td>\n<\/tr>\n<tr>\n<td>DW 17 1THX<\/td>\n<td>17 steklenic<\/td>\n<\/tr>\n<\/tbody>\n<\/table>\n<h2 data-start=\"988\" data-end=\"1003\"><strong data-start=\"991\" data-end=\"1003\">Dimenzije<\/strong><\/h2>\n<table>\n<thead>\n<tr>\n<th>Specifikacija<\/th>\n<th>DW 17 1THK<\/th>\n<th>DW 17 1THX<\/th>\n<\/tr>\n<\/thead>\n<tbody>\n<tr>\n<td>Dimenzije embala\u017ee (\u0160xVxH mm)<\/td>\n<td>730 \u00d7 710 \u00d7 565<\/td>\n<td>730 \u00d7 710 \u00d7 565<\/td>\n<\/tr>\n<tr>\n<td>Zgornja polica (\u0160xV mm)<\/td>\n<td>432 \u00d7 365<\/td>\n<td>432 \u00d7 365<\/td>\n<\/tr>\n<tr>\n<td>Spodnja polica (\u0160xV mm)<\/td>\n<td>460 \u00d7 315<\/td>\n<td>460 \u00d7 315<\/td>\n<\/tr>\n<tr>\n<td>Neto \/ bruto te\u017ea<\/td>\n<td>33 \/ 39 kg<\/td>\n<td>33 \/ 39 kg<\/td>\n<\/tr>\n<\/tbody>\n<\/table>\n<h2 data-start=\"1539\" data-end=\"1564\"><strong data-start=\"1542\" data-end=\"1564\">Tehni\u010dne lastnosti<\/strong><\/h2>\n<div class=\"_tableContainer_1rjym_1\">\n<div class=\"_tableWrapper_1rjym_13 group flex w-fit flex-col-reverse\">\n<table>\n<thead>\n<tr>\n<th>Funkcija<\/th>\n<th>DW 17 1THK<\/th>\n<th>DW 17 1THX<\/th>\n<\/tr>\n<\/thead>\n<tbody>\n<tr>\n<td>Temperaturno obmo\u010dje<\/td>\n<td>+3 \u00b0C do +20 \u00b0C<\/td>\n<td>+3 \u00b0C do +20 \u00b0C<\/td>\n<\/tr>\n<tr>\n<td>Podnebni razred<\/td>\n<td>ST<\/td>\n<td>ST<\/td>\n<\/tr>\n<tr>\n<td>Neto obseg<\/td>\n<td>37 L<\/td>\n<td>37 L<\/td>\n<\/tr>\n<tr>\n<td>Zunanje telo<\/td>\n<td>Hladno valjana jeklena plo\u0161\u010da<\/td>\n<td>Hladno valjana jeklena plo\u0161\u010da<\/td>\n<\/tr>\n<tr>\n<td>Vrata<\/td>\n<td>\u010crno polno steklo brez okvirja<\/td>\n<td>Brez\u0161ivno jeklo AISI 304 (satenast zaklju\u010dek)<\/td>\n<\/tr>\n<tr>\n<td>Notranji vlo\u017eek<\/td>\n<td>AISI 304 nerjavno jeklo, satenast zaklju\u010dek<\/td>\n<td>AISI 304 nerjavno jeklo, satenast zaklju\u010dek<\/td>\n<\/tr>\n<tr>\n<td>Termostat<\/td>\n<td>Elektronski zaslon na dotik<\/td>\n<td>Elektronski zaslon na dotik<\/td>\n<\/tr>\n<tr>\n<td>Raven hrupa<\/td>\n<td>36 dB<\/td>\n<td>36 dB<\/td>\n<\/tr>\n<tr>\n<td>Debelina izolacije<\/td>\n<td>42 mm<\/td>\n<td>42 mm<\/td>\n<\/tr>\n<tr>\n<td>Odmrzovanje<\/td>\n<td>Samodejno<\/td>\n<td>Samodejno<\/td>\n<\/tr>\n<tr>\n<td>Razsvetljava<\/td>\n<td>Enakomerna stranska svetloba, samodejna pri odpiranju vrat<\/td>\n<td>Enakomerna stranska svetloba, samodejna pri odpiranju vrat<\/td>\n<\/tr>\n<tr>\n<td>Zapiranje vrat<\/td>\n<td>Mehko zapiranje, Push&amp;Pull<\/td>\n<td>Mehko zapiranje, Push&amp;Pull<\/td>\n<\/tr>\n<tr>\n<td>Reverzibilna vrata<\/td>\n<td>Da<\/td>\n<td>Da<\/td>\n<\/tr>\n<tr>\n<td>Hladilno sredstvo<\/td>\n<td>R600A<\/td>\n<td>R600A<\/td>\n<\/tr>\n<tr>\n<td>Napetost<\/td>\n<td>220-240 V<\/td>\n<td>220-240 V<\/td>\n<\/tr>\n<tr>\n<td>Frekvenca<\/td>\n<td>50 Hz<\/td>\n<td>50 Hz<\/td>\n<\/tr>\n<tr>\n<td>Absorpcija<\/td>\n<td>120 W<\/td>\n<td>120 W<\/td>\n<\/tr>\n<tr>\n<td>Poraba energije<\/td>\n<td>0,266 kWh\/24h<\/td>\n<td>0,266 kWh\/24h<\/td>\n<\/tr>\n<\/tbody>\n<\/table>\n<\/div>\n<\/div>","protected":false},"excerpt":{"rendered":"<p>The DW 17 1THK and DW 17 1THX are compact, premium-quality wine coolers designed for professional and domestic environments. Built with AISI 304 stainless steel inner liners and a frameless glass or stainless-steel door option, these models combine elegant aesthetics with reliable performance. Thanks to the electronic touch thermostat and ventilated cooling system, they provide [&hellip;]<\/p>\n","protected":false},"featured_media":7218,"comment_status":"open","ping_status":"closed","template":"","meta":[],"product_brand":[],"product_cat":[49],"product_tag":[],"class_list":{"0":"post-7217","1":"product","2":"type-product","3":"status-publish","4":"has-post-thumbnail","6":"product_cat-wine-fridges","8":"first","9":"instock","10":"shipping-taxable","11":"product-type-simple"},"_links":{"self":[{"href":"https:\/\/dersuessestopp.com\/sl\/wp-json\/wp\/v2\/product\/7217","targetHints":{"allow":["GET"]}}],"collection":[{"href":"https:\/\/dersuessestopp.com\/sl\/wp-json\/wp\/v2\/product"}],"about":[{"href":"https:\/\/dersuessestopp.com\/sl\/wp-json\/wp\/v2\/types\/product"}],"replies":[{"embeddable":true,"href":"https:\/\/dersuessestopp.com\/sl\/wp-json\/wp\/v2\/comments?post=7217"}],"version-history":[{"count":3,"href":"https:\/\/dersuessestopp.com\/sl\/wp-json\/wp\/v2\/product\/7217\/revisions"}],"predecessor-version":[{"id":11531,"href":"https:\/\/dersuessestopp.com\/sl\/wp-json\/wp\/v2\/product\/7217\/revisions\/11531"}],"wp:featuredmedia":[{"embeddable":true,"href":"https:\/\/dersuessestopp.com\/sl\/wp-json\/wp\/v2\/media\/7218"}],"wp:attachment":[{"href":"https:\/\/dersuessestopp.com\/sl\/wp-json\/wp\/v2\/media?parent=7217"}],"wp:term":[{"taxonomy":"product_brand","embeddable":true,"href":"https:\/\/dersuessestopp.com\/sl\/wp-json\/wp\/v2\/product_brand?post=7217"},{"taxonomy":"product_cat","embeddable":true,"href":"https:\/\/dersuessestopp.com\/sl\/wp-json\/wp\/v2\/product_cat?post=7217"},{"taxonomy":"product_tag","embeddable":true,"href":"https:\/\/dersuessestopp.com\/sl\/wp-json\/wp\/v2\/product_tag?post=7217"}],"curies":[{"name":"wp","href":"https:\/\/api.w.org\/{rel}","templated":true}]}}