{"id":7213,"date":"2025-09-01T05:12:55","date_gmt":"2025-09-01T05:12:55","guid":{"rendered":"https:\/\/dersuessestopp.com\/?post_type=product&#038;p=7213"},"modified":"2025-10-08T20:26:25","modified_gmt":"2025-10-08T20:26:25","slug":"dw-46-f2t","status":"publish","type":"product","link":"https:\/\/dersuessestopp.com\/sl\/product\/dw-46-f2t\/","title":{"rendered":"DW 46 F2T"},"content":{"rendered":"<p data-start=\"213\" data-end=\"646\"><img fetchpriority=\"high\" decoding=\"async\" class=\"alignnone wp-image-11536 size-full\" src=\"https:\/\/dersuessestopp.com\/wp-content\/uploads\/2025\/09\/DW-46-F2T.jpg\" alt=\"\" width=\"2000\" height=\"600\" srcset=\"https:\/\/dersuessestopp.com\/wp-content\/uploads\/2025\/09\/DW-46-F2T.jpg 2000w, https:\/\/dersuessestopp.com\/wp-content\/uploads\/2025\/09\/DW-46-F2T-300x90.jpg 300w, https:\/\/dersuessestopp.com\/wp-content\/uploads\/2025\/09\/DW-46-F2T-1024x307.jpg 1024w, https:\/\/dersuessestopp.com\/wp-content\/uploads\/2025\/09\/DW-46-F2T-768x230.jpg 768w, https:\/\/dersuessestopp.com\/wp-content\/uploads\/2025\/09\/DW-46-F2T-1536x461.jpg 1536w, https:\/\/dersuessestopp.com\/wp-content\/uploads\/2025\/09\/DW-46-F2T-250x75.jpg 250w, https:\/\/dersuessestopp.com\/wp-content\/uploads\/2025\/09\/DW-46-F2T-600x180.jpg 600w\" sizes=\"(max-width: 2000px) 100vw, 2000px\" \/><\/p>\n<p data-start=\"213\" data-end=\"646\">Spletna stran <strong data-start=\"217\" data-end=\"230\">DW 46 F2T<\/strong> je vrhunski prezra\u010devani hladilnik za vino iz <strong data-start=\"276\" data-end=\"292\">Klasi\u010dna linija<\/strong>, zasnovan tako za funkcionalnost kot za eleganco. Vklju\u010duje <strong data-start=\"352\" data-end=\"384\">dvoobmo\u010dni temperaturni sistem<\/strong>, omogo\u010da shranjevanje in ohranjanje razli\u010dnih vrst vin pri idealnih temperaturah za serviranje. Z brezokvirnim <strong data-start=\"501\" data-end=\"526\">\u010drna polna steklena vrata<\/strong>, vgrajenim ro\u010dajem in elegantnimi lesenimi policami se ta hladilnik brez te\u017eav vklju\u010di v vsako sodobno kuhinjo ali vinsko klet.<\/p>\n<p data-start=\"648\" data-end=\"800\">Idealen je za vinske navdu\u0161ence in profesionalce, saj zagotavlja stabilno hlajenje, tiho delovanje in napreden elektronski nadzor za natan\u010dnost.<\/p>\n<h2 data-start=\"1421\" data-end=\"1450\">Tehni\u010dne specifikacije<\/h2>\n<div class=\"_tableContainer_1rjym_1\">\n<div class=\"_tableWrapper_1rjym_13 group flex w-fit flex-col-reverse\">\n<table>\n<thead>\n<tr>\n<th><strong>Specifikacija<\/strong><\/th>\n<th><strong>DW 46 F2T<\/strong><\/th>\n<\/tr>\n<\/thead>\n<tbody>\n<tr>\n<td><strong>Temperaturno obmo\u010dje<\/strong><\/td>\n<td>+2 \u00b0C \/ +12 \u00b0C (spodnje obmo\u010dje) +12 \u00b0C \/ +20 \u00b0C (zgornje obmo\u010dje)<\/td>\n<\/tr>\n<tr>\n<td><strong>Podnebni razred<\/strong><\/td>\n<td>4<\/td>\n<\/tr>\n<tr>\n<td><strong>Neto \/ bruto obseg<\/strong><\/td>\n<td>132 L \/ 143 L<\/td>\n<\/tr>\n<tr>\n<td><strong>Zunanje telo<\/strong><\/td>\n<td>Hladno valjana jeklena plo\u0161\u010da<\/td>\n<\/tr>\n<tr>\n<td><strong>Vrata<\/strong><\/td>\n<td>\u010crno polno steklo brez okvirja<\/td>\n<\/tr>\n<tr>\n<td><strong>Notranji vlo\u017eek<\/strong><\/td>\n<td>ABS<\/td>\n<\/tr>\n<tr>\n<td><strong>Termostat<\/strong><\/td>\n<td>Elektronski zaslon na dotik<\/td>\n<\/tr>\n<tr>\n<td><strong>Raven hrupa<\/strong><\/td>\n<td>38 dB<\/td>\n<\/tr>\n<tr>\n<td><strong>Debelina izolacije<\/strong><\/td>\n<td>45 mm<\/td>\n<\/tr>\n<tr>\n<td><strong>Odmrzovanje<\/strong><\/td>\n<td>Samodejno<\/td>\n<\/tr>\n<tr>\n<td><strong>Razsvetljava<\/strong><\/td>\n<td>Uniform LED 4000K Samodejni vklop ob odprtju vrat Ro\u010dna funkcija vklopa svetlobe pri zaprtih vratih<\/td>\n<\/tr>\n<tr>\n<td><strong>Police<\/strong><\/td>\n<td>5 odstranljivih bukovih lesenih polic (v obliki predala) Velikost: 480 x 445 mm<\/td>\n<\/tr>\n<tr>\n<td><strong>Reverzibilnost vrat<\/strong><\/td>\n<td>Da<\/td>\n<\/tr>\n<tr>\n<td><strong>Stopala<\/strong><\/td>\n<td>4 nastavljive noge (V najve\u010d 77 mm)<\/td>\n<\/tr>\n<tr>\n<td><strong>Neto \/ bruto te\u017ea<\/strong><\/td>\n<td>45 \/ 49 kg<\/td>\n<\/tr>\n<tr>\n<td><strong>Napetost \/ frekvenca<\/strong><\/td>\n<td>220-240 V \/ 50 Hz<\/td>\n<\/tr>\n<tr>\n<td><strong>Hladilno sredstvo<\/strong><\/td>\n<td>R600A<\/td>\n<\/tr>\n<tr>\n<td><strong>Absorpcija energije<\/strong><\/td>\n<td>95 W<\/td>\n<\/tr>\n<tr>\n<td><strong>Poraba energije<\/strong><\/td>\n<td>0,385 kWh \/ 24 ur<\/td>\n<\/tr>\n<\/tbody>\n<\/table>\n<h2 data-start=\"2706\" data-end=\"2721\">Dimenzije<\/h2>\n<div class=\"_tableContainer_1rjym_1\">\n<div class=\"_tableWrapper_1rjym_13 group flex w-fit flex-col-reverse\">\n<table>\n<thead>\n<tr>\n<th><strong>Tip<\/strong><\/th>\n<th><strong>Dimenzije (mm)<\/strong><\/th>\n<\/tr>\n<\/thead>\n<tbody>\n<tr>\n<td><strong>Izdelek (WxDxH)<\/strong><\/td>\n<td>595 x 585 x 817 mm<\/td>\n<\/tr>\n<tr>\n<td><strong>Vgrajena ni\u0161a (\u0160xVxV)<\/strong><\/td>\n<td>605 x 613 x 820 mm<\/td>\n<\/tr>\n<tr>\n<td><strong>Pakiranje (\u0160xVxV)<\/strong><\/td>\n<td>660 x 625 x 890 mm<\/td>\n<\/tr>\n<\/tbody>\n<\/table>\n<\/div>\n<\/div>\n<\/div>\n<\/div>","protected":false},"excerpt":{"rendered":"<p>The DW 46 F2T is a premium ventilated wine cooler from the Classic Line, designed for both functionality and elegance. Featuring a dual-zone temperature system, it allows you to store and preserve different types of wines at their ideal serving temperatures. With a frameless black full glass door, integrated handle, and elegant wooden shelves, this [&hellip;]<\/p>\n","protected":false},"featured_media":7214,"comment_status":"open","ping_status":"closed","template":"","meta":[],"product_brand":[],"product_cat":[49],"product_tag":[],"class_list":{"0":"post-7213","1":"product","2":"type-product","3":"status-publish","4":"has-post-thumbnail","6":"product_cat-wine-fridges","8":"first","9":"instock","10":"shipping-taxable","11":"product-type-simple"},"_links":{"self":[{"href":"https:\/\/dersuessestopp.com\/sl\/wp-json\/wp\/v2\/product\/7213","targetHints":{"allow":["GET"]}}],"collection":[{"href":"https:\/\/dersuessestopp.com\/sl\/wp-json\/wp\/v2\/product"}],"about":[{"href":"https:\/\/dersuessestopp.com\/sl\/wp-json\/wp\/v2\/types\/product"}],"replies":[{"embeddable":true,"href":"https:\/\/dersuessestopp.com\/sl\/wp-json\/wp\/v2\/comments?post=7213"}],"version-history":[{"count":3,"href":"https:\/\/dersuessestopp.com\/sl\/wp-json\/wp\/v2\/product\/7213\/revisions"}],"predecessor-version":[{"id":11538,"href":"https:\/\/dersuessestopp.com\/sl\/wp-json\/wp\/v2\/product\/7213\/revisions\/11538"}],"wp:featuredmedia":[{"embeddable":true,"href":"https:\/\/dersuessestopp.com\/sl\/wp-json\/wp\/v2\/media\/7214"}],"wp:attachment":[{"href":"https:\/\/dersuessestopp.com\/sl\/wp-json\/wp\/v2\/media?parent=7213"}],"wp:term":[{"taxonomy":"product_brand","embeddable":true,"href":"https:\/\/dersuessestopp.com\/sl\/wp-json\/wp\/v2\/product_brand?post=7213"},{"taxonomy":"product_cat","embeddable":true,"href":"https:\/\/dersuessestopp.com\/sl\/wp-json\/wp\/v2\/product_cat?post=7213"},{"taxonomy":"product_tag","embeddable":true,"href":"https:\/\/dersuessestopp.com\/sl\/wp-json\/wp\/v2\/product_tag?post=7213"}],"curies":[{"name":"wp","href":"https:\/\/api.w.org\/{rel}","templated":true}]}}