{"id":7209,"date":"2025-09-01T05:07:47","date_gmt":"2025-09-01T05:07:47","guid":{"rendered":"https:\/\/dersuessestopp.com\/?post_type=product&#038;p=7209"},"modified":"2025-10-08T20:25:47","modified_gmt":"2025-10-08T20:25:47","slug":"dw-20-g1t","status":"publish","type":"product","link":"https:\/\/dersuessestopp.com\/sl\/product\/dw-20-g1t\/","title":{"rendered":"DW 20 G1T"},"content":{"rendered":"<p data-start=\"228\" data-end=\"573\"><img fetchpriority=\"high\" decoding=\"async\" class=\"alignnone wp-image-11532 size-full\" src=\"https:\/\/dersuessestopp.com\/wp-content\/uploads\/2025\/09\/DW-20-F1T.jpg\" alt=\"\" width=\"2000\" height=\"600\" srcset=\"https:\/\/dersuessestopp.com\/wp-content\/uploads\/2025\/09\/DW-20-F1T.jpg 2000w, https:\/\/dersuessestopp.com\/wp-content\/uploads\/2025\/09\/DW-20-F1T-300x90.jpg 300w, https:\/\/dersuessestopp.com\/wp-content\/uploads\/2025\/09\/DW-20-F1T-1024x307.jpg 1024w, https:\/\/dersuessestopp.com\/wp-content\/uploads\/2025\/09\/DW-20-F1T-768x230.jpg 768w, https:\/\/dersuessestopp.com\/wp-content\/uploads\/2025\/09\/DW-20-F1T-1536x461.jpg 1536w, https:\/\/dersuessestopp.com\/wp-content\/uploads\/2025\/09\/DW-20-F1T-250x75.jpg 250w, https:\/\/dersuessestopp.com\/wp-content\/uploads\/2025\/09\/DW-20-F1T-600x180.jpg 600w\" sizes=\"(max-width: 2000px) 100vw, 2000px\" \/><\/p>\n<p data-start=\"228\" data-end=\"573\">Spletna stran <strong data-start=\"232\" data-end=\"245\">DW 20 G1T<\/strong> je eleganten vgradni hladilnik za vino, zasnovan za vinske navdu\u0161ence, ki cenijo eleganco in funkcionalnost. Ima <strong data-start=\"365\" data-end=\"417\">Vrata brez okvirja iz polnega stekla z vgrajenim ro\u010dajem<\/strong>, odstranljive police iz bukovega lesa in <strong data-start=\"458\" data-end=\"483\">elektronski termostat<\/strong>, je ta hladilnik odli\u010den za shranjevanje in ohranjanje vin pri idealni temperaturi.<\/p>\n<p data-start=\"575\" data-end=\"921\">Njegova spletna stran <strong data-start=\"579\" data-end=\"608\">prezra\u010devani hladilni sistem<\/strong> zagotavlja enakomerno kro\u017eenje zraka, medtem ko <strong data-start=\"655\" data-end=\"679\">enakomerna osvetlitev LED<\/strong> izbolj\u0161a vidljivost in va\u0161i zbirki doda pridih prefinjenosti. Kompakten, a u\u010dinkovit DW 20 G1T lahko vsebuje do <strong data-start=\"807\" data-end=\"844\">19 steklenic tipa Bordeaux (0,75 l)<\/strong>, zato je odli\u010dna izbira za sodobne kuhinje, bare ali vinske kleti.<\/p>\n<h2 data-start=\"928\" data-end=\"943\"><strong data-start=\"931\" data-end=\"943\">Zmogljivost<\/strong><\/h2>\n<table>\n<thead>\n<tr>\n<th>Vrsta steklenice<\/th>\n<th>Zmogljivost<\/th>\n<\/tr>\n<\/thead>\n<tbody>\n<tr>\n<td>Bordeaux \/ Alza 0,75L steklenice<\/td>\n<td>19 steklenic<\/td>\n<\/tr>\n<\/tbody>\n<\/table>\n<h2 data-start=\"1495\" data-end=\"1526\"><strong data-start=\"1498\" data-end=\"1526\">Tehni\u010dne specifikacije<\/strong><\/h2>\n<div class=\"_tableContainer_1rjym_1\">\n<div class=\"_tableWrapper_1rjym_13 group flex w-fit flex-col-reverse\">\n<table>\n<thead>\n<tr>\n<th><strong>Funkcija<\/strong><\/th>\n<th><strong>Specifikacija<\/strong><\/th>\n<\/tr>\n<\/thead>\n<tbody>\n<tr>\n<td>Temperaturno obmo\u010dje<\/td>\n<td>+2 \u00b0C do +20 \u00b0C<\/td>\n<\/tr>\n<tr>\n<td>Podnebni razred<\/td>\n<td>4<\/td>\n<\/tr>\n<tr>\n<td>Neto \/ bruto obseg<\/td>\n<td>58 L \/ 60 L<\/td>\n<\/tr>\n<tr>\n<td>Material telesa<\/td>\n<td>Hladno valjana jeklena plo\u0161\u010da<\/td>\n<\/tr>\n<tr>\n<td>Notranji vlo\u017eek<\/td>\n<td>ABS<\/td>\n<\/tr>\n<tr>\n<td>Vrata<\/td>\n<td>\u010crno polno steklo, brez okvirja<\/td>\n<\/tr>\n<tr>\n<td>Vrsta police<\/td>\n<td>5 odstranljivih bukovih lesenih polic (\u0160xV: 184 x 429 mm)<\/td>\n<\/tr>\n<tr>\n<td>Termostat<\/td>\n<td>Elektronski (zaslon na dotik)<\/td>\n<\/tr>\n<tr>\n<td>Raven hrupa<\/td>\n<td>40 dB<\/td>\n<\/tr>\n<tr>\n<td>Debelina izolacije<\/td>\n<td>45 mm<\/td>\n<\/tr>\n<tr>\n<td>Sistem za odmrzovanje<\/td>\n<td>Samodejno<\/td>\n<\/tr>\n<tr>\n<td>Razsvetljava<\/td>\n<td>Enotna LED dioda z ro\u010dnim vklopom + samodejni vklop ob odprtju vrat<\/td>\n<\/tr>\n<tr>\n<td>Reverzibilna vrata<\/td>\n<td>Da<\/td>\n<\/tr>\n<tr>\n<td>Kole\u0161\u010dki \/ noge<\/td>\n<td>4 nastavljive noge (V najve\u010d 77 mm)<\/td>\n<\/tr>\n<tr>\n<td>Dol\u017eina napajalnega kabla<\/td>\n<td>1955 mm<\/td>\n<\/tr>\n<tr>\n<td>Hladilno sredstvo<\/td>\n<td>R600A<\/td>\n<\/tr>\n<tr>\n<td>Napetost \/ frekvenca<\/td>\n<td>220 V \/ 50 Hz<\/td>\n<\/tr>\n<tr>\n<td>Absorpcija<\/td>\n<td>65 W<\/td>\n<\/tr>\n<tr>\n<td>Poraba energije<\/td>\n<td>0,35 kWh \/ 24 ur<\/td>\n<\/tr>\n<\/tbody>\n<\/table>\n<h2 data-start=\"2321\" data-end=\"2347\"><strong data-start=\"2324\" data-end=\"2347\">Dimenzije in te\u017ea<\/strong><\/h2>\n<div class=\"_tableContainer_1rjym_1\">\n<div class=\"_tableWrapper_1rjym_13 group flex w-fit flex-col-reverse\">\n<table>\n<thead>\n<tr>\n<th><strong>Parameter<\/strong><\/th>\n<th><strong>Vrednost<\/strong><\/th>\n<\/tr>\n<\/thead>\n<tbody>\n<tr>\n<td>Dimenzije izdelka (WxDxH)<\/td>\n<td>295 x 532 x 820 mm<\/td>\n<\/tr>\n<tr>\n<td>Dimenzije embala\u017ee (\u0160xVxV)<\/td>\n<td>332 x 625 x 873 mm<\/td>\n<\/tr>\n<tr>\n<td>Neto \/ bruto te\u017ea<\/td>\n<td>30 \/ 32 kg<\/td>\n<\/tr>\n<tr>\n<td>Te\u017ea vrat<\/td>\n<td>6,5 kg<\/td>\n<\/tr>\n<\/tbody>\n<\/table>\n<\/div>\n<\/div>\n<\/div>\n<\/div>","protected":false},"excerpt":{"rendered":"<p>The DW 20 G1T is a stylish built-in wine cooler designed for wine enthusiasts who value both elegance and functionality. Featuring a frameless full-glass door with integrated handle, removable beech wooden shelves, and an electronic thermostat, this cooler is perfect for storing and preserving your wines at the ideal temperature. Its ventilated cooling system ensures [&hellip;]<\/p>\n","protected":false},"featured_media":7210,"comment_status":"open","ping_status":"closed","template":"","meta":[],"product_brand":[],"product_cat":[49],"product_tag":[],"class_list":{"0":"post-7209","1":"product","2":"type-product","3":"status-publish","4":"has-post-thumbnail","6":"product_cat-wine-fridges","8":"first","9":"instock","10":"shipping-taxable","11":"product-type-simple"},"_links":{"self":[{"href":"https:\/\/dersuessestopp.com\/sl\/wp-json\/wp\/v2\/product\/7209","targetHints":{"allow":["GET"]}}],"collection":[{"href":"https:\/\/dersuessestopp.com\/sl\/wp-json\/wp\/v2\/product"}],"about":[{"href":"https:\/\/dersuessestopp.com\/sl\/wp-json\/wp\/v2\/types\/product"}],"replies":[{"embeddable":true,"href":"https:\/\/dersuessestopp.com\/sl\/wp-json\/wp\/v2\/comments?post=7209"}],"version-history":[{"count":3,"href":"https:\/\/dersuessestopp.com\/sl\/wp-json\/wp\/v2\/product\/7209\/revisions"}],"predecessor-version":[{"id":11535,"href":"https:\/\/dersuessestopp.com\/sl\/wp-json\/wp\/v2\/product\/7209\/revisions\/11535"}],"wp:featuredmedia":[{"embeddable":true,"href":"https:\/\/dersuessestopp.com\/sl\/wp-json\/wp\/v2\/media\/7210"}],"wp:attachment":[{"href":"https:\/\/dersuessestopp.com\/sl\/wp-json\/wp\/v2\/media?parent=7209"}],"wp:term":[{"taxonomy":"product_brand","embeddable":true,"href":"https:\/\/dersuessestopp.com\/sl\/wp-json\/wp\/v2\/product_brand?post=7209"},{"taxonomy":"product_cat","embeddable":true,"href":"https:\/\/dersuessestopp.com\/sl\/wp-json\/wp\/v2\/product_cat?post=7209"},{"taxonomy":"product_tag","embeddable":true,"href":"https:\/\/dersuessestopp.com\/sl\/wp-json\/wp\/v2\/product_tag?post=7209"}],"curies":[{"name":"wp","href":"https:\/\/api.w.org\/{rel}","templated":true}]}}