{"id":7186,"date":"2025-08-30T11:41:34","date_gmt":"2025-08-30T11:41:34","guid":{"rendered":"https:\/\/dersuessestopp.com\/?post_type=product&#038;p=7186"},"modified":"2025-08-30T11:41:34","modified_gmt":"2025-08-30T11:41:34","slug":"clp-300-ps","status":"publish","type":"product","link":"https:\/\/dersuessestopp.com\/sl\/product\/clp-300-ps\/","title":{"rendered":"CLP 300 PS"},"content":{"rendered":"<p data-start=\"257\" data-end=\"575\">Spletna stran <strong data-start=\"261\" data-end=\"275\">CLP 300 PS<\/strong> je visokozmogljiv <strong data-start=\"295\" data-end=\"335\">stati\u010dni hladilnik s trdnimi pokrovi na te\u010dajih<\/strong>, zasnovan za profesionalno shranjevanje in prikazovanje pija\u010d. Deluje v temperaturnem obmo\u010dju <strong data-start=\"431\" data-end=\"449\">+2 \u00b0C do +8 \u00b0C<\/strong>, zagotavlja optimalno ohranjanje pija\u010d, zato je idealna izbira za bare, restavracije, hotele in gostinske storitve.<\/p>\n<p data-start=\"577\" data-end=\"919\">Zgrajen z <strong data-start=\"590\" data-end=\"643\">predbarvano protikorozijsko obdelano ohi\u0161je iz plo\u010devine<\/strong> in <strong data-start=\"650\" data-end=\"682\">bela prebarvana notranja obloga<\/strong>, CLP 300 PS zdru\u017euje vzdr\u017eljivost in \u010dist, profesionalen videz. Opremljen je z <strong data-start=\"769\" data-end=\"794\">elektronski termostat<\/strong> za natan\u010den nadzor temperature, <strong data-start=\"828\" data-end=\"844\">klju\u010davnica in klju\u010d<\/strong> za varnost izdelkov in <strong data-start=\"869\" data-end=\"898\">4 kolesa (2 z zavorami)<\/strong> za la\u017ejo mobilnost.<\/p>\n<h2 data-start=\"926\" data-end=\"941\"><strong data-start=\"929\" data-end=\"941\">Zmogljivost<\/strong><\/h2>\n<table>\n<thead>\n<tr>\n<th>Specifikacija<\/th>\n<th>CLP 300 PS<\/th>\n<\/tr>\n<\/thead>\n<tbody>\n<tr>\n<td>Neto obseg<\/td>\n<td>275 Lt<\/td>\n<\/tr>\n<tr>\n<td>Bruto obseg<\/td>\n<td>278 Lt<\/td>\n<\/tr>\n<\/tbody>\n<\/table>\n<h2 data-start=\"926\" data-end=\"941\"><strong data-start=\"929\" data-end=\"941\">Dimenzije<\/strong><\/h2>\n<table>\n<thead>\n<tr>\n<th>Opis<\/th>\n<th>CLP 300 PS<\/th>\n<\/tr>\n<\/thead>\n<tbody>\n<tr>\n<td>Zunanje mere (\u0160xVxV)<\/td>\n<td>1090 x 690 x 860 mm<\/td>\n<\/tr>\n<tr>\n<td>Dimenzije embala\u017ee (\u0160xVxV)<\/td>\n<td>1140 x 710 x 943 mm<\/td>\n<\/tr>\n<tr>\n<td>\u0160irina (A)<\/td>\n<td>962 mm<\/td>\n<\/tr>\n<tr>\n<td>Globina (B)<\/td>\n<td>472 mm<\/td>\n<\/tr>\n<tr>\n<td>Vi\u0161ina (C)<\/td>\n<td>680 mm<\/td>\n<\/tr>\n<tr>\n<td>Min. Vi\u0161ina (E)<\/td>\n<td>430 mm<\/td>\n<\/tr>\n<tr>\n<td>Min. \u0160irina (F)<\/td>\n<td>662 mm<\/td>\n<\/tr>\n<tr>\n<td>Velikost sprednje nalepke<\/td>\n<td>1080 x 740 mm<\/td>\n<\/tr>\n<tr>\n<td>Desna stran nalepke<\/td>\n<td>590 x 740 mm<\/td>\n<\/tr>\n<tr>\n<td>Leva stran nalepke<\/td>\n<td>590 x 470 mm<\/td>\n<\/tr>\n<\/tbody>\n<\/table>\n<h2 data-start=\"1823\" data-end=\"1848\"><strong data-start=\"1826\" data-end=\"1848\">Tehni\u010dne lastnosti<\/strong><\/h2>\n<div class=\"_tableContainer_1rjym_1\">\n<div class=\"_tableWrapper_1rjym_13 group flex w-fit flex-col-reverse\">\n<table>\n<thead>\n<tr>\n<th>Funkcija<\/th>\n<th>CLP 300 PS<\/th>\n<\/tr>\n<\/thead>\n<tbody>\n<tr>\n<td>Temperaturno obmo\u010dje<\/td>\n<td>+2 \u00b0C \/ +8 \u00b0C<\/td>\n<\/tr>\n<tr>\n<td>Podnebni razred<\/td>\n<td>C1<\/td>\n<\/tr>\n<tr>\n<td>Neto \/ bruto obseg<\/td>\n<td>275 \/ 278 Lt<\/td>\n<\/tr>\n<tr>\n<td>Zunanje telo<\/td>\n<td>Predbarvana plo\u010devina z antikorozijsko obdelavo<\/td>\n<\/tr>\n<tr>\n<td>Notranji vlo\u017eek<\/td>\n<td>Bela prebarvana plo\u010devina<\/td>\n<\/tr>\n<tr>\n<td>Termostat<\/td>\n<td>Elektronska stran<\/td>\n<\/tr>\n<tr>\n<td>Raven hrupa<\/td>\n<td>44 dB<\/td>\n<\/tr>\n<tr>\n<td>Debelina izolacije<\/td>\n<td>65 mm<\/td>\n<\/tr>\n<tr>\n<td>Odmrzovanje<\/td>\n<td>Priro\u010dnik<\/td>\n<\/tr>\n<tr>\n<td>Zaklepanje in klju\u010d<\/td>\n<td>Da<\/td>\n<\/tr>\n<tr>\n<td>Kole\u0161\u010dki<\/td>\n<td>4 (2 z zavorami)<\/td>\n<\/tr>\n<tr>\n<td>Neto \/ bruto te\u017ea<\/td>\n<td>44 \/ 47 kg<\/td>\n<\/tr>\n<\/tbody>\n<\/table>\n<h2 data-start=\"2586\" data-end=\"2618\"><strong data-start=\"2589\" data-end=\"2618\">Elektri\u010dne specifikacije<\/strong><\/h2>\n<div class=\"_tableContainer_1rjym_1\">\n<div class=\"_tableWrapper_1rjym_13 group flex w-fit flex-col-reverse\">\n<table>\n<thead>\n<tr>\n<th>Specifikacija<\/th>\n<th>Vrednost<\/th>\n<\/tr>\n<\/thead>\n<tbody>\n<tr>\n<td>Napetost<\/td>\n<td>220 - 240 V<\/td>\n<\/tr>\n<tr>\n<td>Frekvenca<\/td>\n<td>50 Hz<\/td>\n<\/tr>\n<tr>\n<td>Hladilno sredstvo<\/td>\n<td>R600A<\/td>\n<\/tr>\n<tr>\n<td>Absorpcija energije<\/td>\n<td>165 W<\/td>\n<\/tr>\n<tr>\n<td>Poraba energije<\/td>\n<td>0,581 kWh \/ 24 ur<\/td>\n<\/tr>\n<\/tbody>\n<\/table>\n<\/div>\n<\/div>\n<\/div>\n<\/div>","protected":false},"excerpt":{"rendered":"<p>The CLP 300 PS is a high-capacity static cooler with solid hinged lids, designed for professional beverage storage and display. Operating in the temperature range of +2 \u00b0C to +8 \u00b0C, it ensures optimal preservation of drinks, making it an ideal choice for bars, restaurants, hotels, and catering services. Built with a prepainted anticorrosion-treated sheet [&hellip;]<\/p>\n","protected":false},"featured_media":7188,"comment_status":"open","ping_status":"closed","template":"","meta":[],"product_brand":[],"product_cat":[48],"product_tag":[],"class_list":{"0":"post-7186","1":"product","2":"type-product","3":"status-publish","4":"has-post-thumbnail","6":"product_cat-beverage-cooling","8":"first","9":"instock","10":"shipping-taxable","11":"product-type-simple"},"_links":{"self":[{"href":"https:\/\/dersuessestopp.com\/sl\/wp-json\/wp\/v2\/product\/7186","targetHints":{"allow":["GET"]}}],"collection":[{"href":"https:\/\/dersuessestopp.com\/sl\/wp-json\/wp\/v2\/product"}],"about":[{"href":"https:\/\/dersuessestopp.com\/sl\/wp-json\/wp\/v2\/types\/product"}],"replies":[{"embeddable":true,"href":"https:\/\/dersuessestopp.com\/sl\/wp-json\/wp\/v2\/comments?post=7186"}],"version-history":[{"count":2,"href":"https:\/\/dersuessestopp.com\/sl\/wp-json\/wp\/v2\/product\/7186\/revisions"}],"predecessor-version":[{"id":7191,"href":"https:\/\/dersuessestopp.com\/sl\/wp-json\/wp\/v2\/product\/7186\/revisions\/7191"}],"wp:featuredmedia":[{"embeddable":true,"href":"https:\/\/dersuessestopp.com\/sl\/wp-json\/wp\/v2\/media\/7188"}],"wp:attachment":[{"href":"https:\/\/dersuessestopp.com\/sl\/wp-json\/wp\/v2\/media?parent=7186"}],"wp:term":[{"taxonomy":"product_brand","embeddable":true,"href":"https:\/\/dersuessestopp.com\/sl\/wp-json\/wp\/v2\/product_brand?post=7186"},{"taxonomy":"product_cat","embeddable":true,"href":"https:\/\/dersuessestopp.com\/sl\/wp-json\/wp\/v2\/product_cat?post=7186"},{"taxonomy":"product_tag","embeddable":true,"href":"https:\/\/dersuessestopp.com\/sl\/wp-json\/wp\/v2\/product_tag?post=7186"}],"curies":[{"name":"wp","href":"https:\/\/api.w.org\/{rel}","templated":true}]}}