{"id":7182,"date":"2025-08-30T11:36:40","date_gmt":"2025-08-30T11:36:40","guid":{"rendered":"https:\/\/dersuessestopp.com\/?post_type=product&#038;p=7182"},"modified":"2025-08-30T11:36:40","modified_gmt":"2025-08-30T11:36:40","slug":"bl-65-f","status":"publish","type":"product","link":"https:\/\/dersuessestopp.com\/sl\/product\/bl-65-f\/","title":{"rendered":"BL 65 F"},"content":{"rendered":"<p data-start=\"172\" data-end=\"572\">Spletna stran <strong data-start=\"176\" data-end=\"187\">BL 65 F<\/strong> je profesionalni hladilnik za pija\u010do, namenjen barom, restavracijam, prireditvam in gostinskim storitvam. S trdnimi pokrovi na te\u010dajih, robustno izdelavo in zanesljivim hlajenjem zagotavlja, da so pija\u010de ohranjene na odli\u010dni temperaturi med <strong data-start=\"426\" data-end=\"443\">0 \u00b0C in +10 \u00b0C<\/strong>. Kompaktna, a prostorna, omogo\u010da shranjevanje steklenic in plo\u010devink, zato je vsestranska re\u0161itev za shranjevanje in postre\u017ebo pija\u010d.<\/p>\n<p data-start=\"574\" data-end=\"938\">Opremljen z <strong data-start=\"588\" data-end=\"617\">kolesa za enostavno mobilnost<\/strong>, a <strong data-start=\"621\" data-end=\"640\">vgrajen ro\u010daj<\/strong>, in <strong data-start=\"646\" data-end=\"667\">odstranljive ko\u0161are<\/strong>, BL 65 F je prakti\u010den in vzdr\u017eljiv. Njegova <strong data-start=\"726\" data-end=\"780\">predbarvano protikorozijsko obdelano plo\u010devinasto ohi\u0161je<\/strong> in . <strong data-start=\"785\" data-end=\"804\">Notranja obloga iz ABS<\/strong> zagotavlja dolgotrajno uporabo, medtem ko <strong data-start=\"843\" data-end=\"882\">sistem samodejnega odmrzovanja kompresorja<\/strong> zagotavlja u\u010dinkovito delovanje z minimalnim vzdr\u017eevanjem.<\/p>\n<h2 data-start=\"945\" data-end=\"960\"><strong data-start=\"948\" data-end=\"960\">Zmogljivost<\/strong><\/h2>\n<table>\n<thead>\n<tr>\n<th>Vrsta zabojnika<\/th>\n<th>Zmogljivost<\/th>\n<\/tr>\n<\/thead>\n<tbody>\n<tr>\n<td>Steklenica cl. 33<\/td>\n<td>40 kosov<\/td>\n<\/tr>\n<tr>\n<td>Lahko cl. 33<\/td>\n<td>50 kosov<\/td>\n<\/tr>\n<tr>\n<td><em>Opomba:<\/em> Podatki se lahko razlikujejo glede na embala\u017eo.<\/td>\n<td><\/td>\n<\/tr>\n<\/tbody>\n<\/table>\n<h2 data-start=\"945\" data-end=\"960\"><strong data-start=\"948\" data-end=\"960\">Dimenzije<\/strong><\/h2>\n<table>\n<thead>\n<tr>\n<th>Opis<\/th>\n<th>BL 65 F<\/th>\n<\/tr>\n<\/thead>\n<tbody>\n<tr>\n<td>Zunanje mere (\u0160xVxV)<\/td>\n<td>\u00d8 445 x 965 mm<\/td>\n<\/tr>\n<tr>\n<td>Dimenzije embala\u017ee (\u0160xVxV)<\/td>\n<td>460 x 460 x 1015 mm<\/td>\n<\/tr>\n<tr>\n<td>\u0160irina (A)<\/td>\n<td>\u00d8 360 mm<\/td>\n<\/tr>\n<tr>\n<td>Globina (B)<\/td>\n<td>\u00d8 360 mm<\/td>\n<\/tr>\n<tr>\n<td>Vi\u0161ina (C)<\/td>\n<td>630 mm<\/td>\n<\/tr>\n<tr>\n<td>Velikost sprednje nalepke<\/td>\n<td>1380 x 871 mm<\/td>\n<\/tr>\n<\/tbody>\n<\/table>\n<h2 data-start=\"2504\" data-end=\"2536\"><strong data-start=\"2507\" data-end=\"2536\">Elektri\u010dne specifikacije<\/strong><\/h2>\n<div class=\"_tableContainer_1rjym_1\">\n<div class=\"_tableWrapper_1rjym_13 group flex w-fit flex-col-reverse\">\n<table>\n<thead>\n<tr>\n<th>Specifikacija<\/th>\n<th>Vrednost<\/th>\n<\/tr>\n<\/thead>\n<tbody>\n<tr>\n<td>Napetost<\/td>\n<td>220 - 240 V<\/td>\n<\/tr>\n<tr>\n<td>Frekvenca<\/td>\n<td>50 Hz<\/td>\n<\/tr>\n<tr>\n<td>Hladilno sredstvo<\/td>\n<td>R134A \/ R600A<\/td>\n<\/tr>\n<tr>\n<td>Absorpcija energije<\/td>\n<td>100 W<\/td>\n<\/tr>\n<tr>\n<td>Poraba energije<\/td>\n<td>0,39 kWh \/ 24 ur<\/td>\n<\/tr>\n<\/tbody>\n<\/table>\n<\/div>\n<\/div>","protected":false},"excerpt":{"rendered":"<p>The BL 65 F is a professional beverage cooler designed for bars, restaurants, events, and catering services. With its solid hinged lids, robust build, and reliable cooling performance, it ensures beverages are kept at the perfect temperature between 0\u00b0C and +10\u00b0C. Compact yet spacious, it accommodates both bottles and cans, making it a versatile solution [&hellip;]<\/p>\n","protected":false},"featured_media":7183,"comment_status":"open","ping_status":"closed","template":"","meta":[],"product_brand":[],"product_cat":[48],"product_tag":[],"class_list":{"0":"post-7182","1":"product","2":"type-product","3":"status-publish","4":"has-post-thumbnail","6":"product_cat-beverage-cooling","8":"first","9":"instock","10":"shipping-taxable","11":"product-type-simple"},"_links":{"self":[{"href":"https:\/\/dersuessestopp.com\/sl\/wp-json\/wp\/v2\/product\/7182","targetHints":{"allow":["GET"]}}],"collection":[{"href":"https:\/\/dersuessestopp.com\/sl\/wp-json\/wp\/v2\/product"}],"about":[{"href":"https:\/\/dersuessestopp.com\/sl\/wp-json\/wp\/v2\/types\/product"}],"replies":[{"embeddable":true,"href":"https:\/\/dersuessestopp.com\/sl\/wp-json\/wp\/v2\/comments?post=7182"}],"version-history":[{"count":2,"href":"https:\/\/dersuessestopp.com\/sl\/wp-json\/wp\/v2\/product\/7182\/revisions"}],"predecessor-version":[{"id":7187,"href":"https:\/\/dersuessestopp.com\/sl\/wp-json\/wp\/v2\/product\/7182\/revisions\/7187"}],"wp:featuredmedia":[{"embeddable":true,"href":"https:\/\/dersuessestopp.com\/sl\/wp-json\/wp\/v2\/media\/7183"}],"wp:attachment":[{"href":"https:\/\/dersuessestopp.com\/sl\/wp-json\/wp\/v2\/media?parent=7182"}],"wp:term":[{"taxonomy":"product_brand","embeddable":true,"href":"https:\/\/dersuessestopp.com\/sl\/wp-json\/wp\/v2\/product_brand?post=7182"},{"taxonomy":"product_cat","embeddable":true,"href":"https:\/\/dersuessestopp.com\/sl\/wp-json\/wp\/v2\/product_cat?post=7182"},{"taxonomy":"product_tag","embeddable":true,"href":"https:\/\/dersuessestopp.com\/sl\/wp-json\/wp\/v2\/product_tag?post=7182"}],"curies":[{"name":"wp","href":"https:\/\/api.w.org\/{rel}","templated":true}]}}