{"id":7177,"date":"2025-08-30T11:33:12","date_gmt":"2025-08-30T11:33:12","guid":{"rendered":"https:\/\/dersuessestopp.com\/?post_type=product&#038;p=7177"},"modified":"2025-08-30T11:33:12","modified_gmt":"2025-08-30T11:33:12","slug":"hladna-stena-300-inox","status":"publish","type":"product","link":"https:\/\/dersuessestopp.com\/sl\/product\/coldwall-300-inox\/","title":{"rendered":"HLADNA STENA 300 INOX"},"content":{"rendered":"<p data-start=\"172\" data-end=\"594\">Spletna stran <strong data-start=\"176\" data-end=\"198\">HLADNA STENA 300 INOX<\/strong> je visokokakovostni prezra\u010devani hladilnik za pija\u010do, zasnovan za bare, restavracije in maloprodajna okolja, ki potrebujejo u\u010dinkovito hlajenje s sodobnim in elegantnim videzom. Njegova <strong data-start=\"370\" data-end=\"405\">notranjost iz nerjave\u010dega jekla z ogledalom<\/strong>, <strong data-start=\"407\" data-end=\"436\">Vrata brez okvirja s polnim steklom<\/strong>, in <strong data-start=\"442\" data-end=\"461\">vgrajen ro\u010daj<\/strong> je funkcionalen in eleganten, medtem ko je <strong data-start=\"509\" data-end=\"535\">skriti nosilec za obe\u0161anje<\/strong> zagotavlja enostavno namestitev na steno brez vidnih nosilcev.<\/p>\n<p data-start=\"596\" data-end=\"865\">Ta enota zagotavlja zanesljivo hlajenje z elektronskim termostatom, samodejnim odmrzovanjem in osvetlitvijo LED za osvetlitev razstavljenih izdelkov. Z zmogljivostjo do <strong data-start=\"757\" data-end=\"777\">399 plo\u010devink (33 cl)<\/strong> ali <strong data-start=\"781\" data-end=\"804\">200 steklenic (50 cl)<\/strong>, je idealen za predstavitev pija\u010d v vrhunskem okolju.<\/p>\n<h2 data-start=\"872\" data-end=\"887\"><strong data-start=\"875\" data-end=\"887\">Zmogljivost<\/strong><\/h2>\n<table>\n<thead>\n<tr>\n<th>Vrsta zabojnika<\/th>\n<th>Zmogljivost<\/th>\n<\/tr>\n<\/thead>\n<tbody>\n<tr>\n<td>Steklenica 1 L<\/td>\n<td>78 kosov<\/td>\n<\/tr>\n<tr>\n<td>Steklenica 0,75 L<\/td>\n<td>90 kosov<\/td>\n<\/tr>\n<tr>\n<td>Steklenica 0,66 L<\/td>\n<td>153 kosov<\/td>\n<\/tr>\n<tr>\n<td>Steklenica 0,50 L<\/td>\n<td>200 kosov<\/td>\n<\/tr>\n<tr>\n<td>Steklenica 0,33 L<\/td>\n<td>255 kosov<\/td>\n<\/tr>\n<tr>\n<td>Posoda 0,33 L<\/td>\n<td>399 kosov<\/td>\n<\/tr>\n<\/tbody>\n<\/table>\n<h2 data-start=\"1679\" data-end=\"1696\"><strong data-start=\"1682\" data-end=\"1696\">Dimenzije<\/strong><\/h2>\n<div class=\"_tableContainer_1rjym_1\">\n<div class=\"_tableWrapper_1rjym_13 group flex w-fit flex-col-reverse\">\n<table>\n<thead>\n<tr>\n<th>Specifikacija<\/th>\n<th>Meritev (mm)<\/th>\n<\/tr>\n<\/thead>\n<tbody>\n<tr>\n<td>Zunanje mere (\u0160xVxV)<\/td>\n<td>1350 x 565 x 852<\/td>\n<\/tr>\n<tr>\n<td>Dimenzije embala\u017ee (\u0160xVxV)<\/td>\n<td>1440 x 630 x 1045<\/td>\n<\/tr>\n<tr>\n<td>\u0160irina (A)<\/td>\n<td>1260<\/td>\n<\/tr>\n<tr>\n<td>Globina (B)<\/td>\n<td>375<\/td>\n<\/tr>\n<tr>\n<td>Vi\u0161ina (C)<\/td>\n<td>705<\/td>\n<\/tr>\n<tr>\n<td>Najmanj\u0161a globina (D)<\/td>\n<td>195<\/td>\n<\/tr>\n<tr>\n<td>Najmanj\u0161a vi\u0161ina (E)<\/td>\n<td>500<\/td>\n<\/tr>\n<\/tbody>\n<\/table>\n<h2 data-start=\"2127\" data-end=\"2158\"><strong data-start=\"2130\" data-end=\"2158\">Tehni\u010dne specifikacije<\/strong><\/h2>\n<div class=\"_tableContainer_1rjym_1\">\n<div class=\"_tableWrapper_1rjym_13 group flex w-fit flex-col-reverse\">\n<table>\n<thead>\n<tr>\n<th>Funkcija<\/th>\n<th>Vrednost<\/th>\n<\/tr>\n<\/thead>\n<tbody>\n<tr>\n<td>Temperaturno obmo\u010dje<\/td>\n<td>-2 \u00b0C do +10 \u00b0C<\/td>\n<\/tr>\n<tr>\n<td>Podnebni razred<\/td>\n<td>4<\/td>\n<\/tr>\n<tr>\n<td>Neto \/ bruto obseg<\/td>\n<td>254 L \/ 280 L<\/td>\n<\/tr>\n<tr>\n<td>Zunanje telo<\/td>\n<td>Predbarvana plo\u010devina z antikorozijsko obdelavo<\/td>\n<\/tr>\n<tr>\n<td>Notranji vlo\u017eek<\/td>\n<td>Zrcalo iz nerjave\u010dega jekla<\/td>\n<\/tr>\n<tr>\n<td>Termostat<\/td>\n<td>Elektronska stran<\/td>\n<\/tr>\n<tr>\n<td>Odmrzovanje<\/td>\n<td>Samodejno<\/td>\n<\/tr>\n<tr>\n<td>Debelina izolacije<\/td>\n<td>45 mm<\/td>\n<\/tr>\n<tr>\n<td>Raven hrupa<\/td>\n<td>50 dB<\/td>\n<\/tr>\n<tr>\n<td>Police<\/td>\n<td>4 stranske police (399 \u00d7 340 mm), 2 osrednji polici (446 \u00d7 440 mm)<\/td>\n<\/tr>\n<tr>\n<td>Napetost<\/td>\n<td>220 V<\/td>\n<\/tr>\n<tr>\n<td>Frekvenca<\/td>\n<td>50 Hz<\/td>\n<\/tr>\n<tr>\n<td>Hladilno sredstvo<\/td>\n<td>R600A<\/td>\n<\/tr>\n<tr>\n<td>Absorpcija energije<\/td>\n<td>190 W<\/td>\n<\/tr>\n<tr>\n<td>Poraba energije<\/td>\n<td>2,00 kWh\/24h<\/td>\n<\/tr>\n<tr>\n<td>Neto \/ bruto te\u017ea<\/td>\n<td>99 \/ 119 kg<\/td>\n<\/tr>\n<\/tbody>\n<\/table>\n<\/div>\n<\/div>\n<\/div>\n<\/div>","protected":false},"excerpt":{"rendered":"<p>The COLD WALL 300 INOX is a high-quality ventilated beverage cooler designed for bars, restaurants, and retail environments that need efficient cooling with a modern and elegant appearance. Its mirror stainless steel interior, frameless full-glass door, and built-in handle make it both functional and stylish, while the hidden hanging bracket ensures easy wall installation without [&hellip;]<\/p>\n","protected":false},"featured_media":7178,"comment_status":"open","ping_status":"closed","template":"","meta":[],"product_brand":[],"product_cat":[48],"product_tag":[],"class_list":{"0":"post-7177","1":"product","2":"type-product","3":"status-publish","4":"has-post-thumbnail","6":"product_cat-beverage-cooling","8":"first","9":"instock","10":"shipping-taxable","11":"product-type-simple"},"_links":{"self":[{"href":"https:\/\/dersuessestopp.com\/sl\/wp-json\/wp\/v2\/product\/7177","targetHints":{"allow":["GET"]}}],"collection":[{"href":"https:\/\/dersuessestopp.com\/sl\/wp-json\/wp\/v2\/product"}],"about":[{"href":"https:\/\/dersuessestopp.com\/sl\/wp-json\/wp\/v2\/types\/product"}],"replies":[{"embeddable":true,"href":"https:\/\/dersuessestopp.com\/sl\/wp-json\/wp\/v2\/comments?post=7177"}],"version-history":[{"count":2,"href":"https:\/\/dersuessestopp.com\/sl\/wp-json\/wp\/v2\/product\/7177\/revisions"}],"predecessor-version":[{"id":7181,"href":"https:\/\/dersuessestopp.com\/sl\/wp-json\/wp\/v2\/product\/7177\/revisions\/7181"}],"wp:featuredmedia":[{"embeddable":true,"href":"https:\/\/dersuessestopp.com\/sl\/wp-json\/wp\/v2\/media\/7178"}],"wp:attachment":[{"href":"https:\/\/dersuessestopp.com\/sl\/wp-json\/wp\/v2\/media?parent=7177"}],"wp:term":[{"taxonomy":"product_brand","embeddable":true,"href":"https:\/\/dersuessestopp.com\/sl\/wp-json\/wp\/v2\/product_brand?post=7177"},{"taxonomy":"product_cat","embeddable":true,"href":"https:\/\/dersuessestopp.com\/sl\/wp-json\/wp\/v2\/product_cat?post=7177"},{"taxonomy":"product_tag","embeddable":true,"href":"https:\/\/dersuessestopp.com\/sl\/wp-json\/wp\/v2\/product_tag?post=7177"}],"curies":[{"name":"wp","href":"https:\/\/api.w.org\/{rel}","templated":true}]}}