{"id":7172,"date":"2025-08-30T11:20:38","date_gmt":"2025-08-30T11:20:38","guid":{"rendered":"https:\/\/dersuessestopp.com\/?post_type=product&#038;p=7172"},"modified":"2025-08-30T11:21:29","modified_gmt":"2025-08-30T11:21:29","slug":"hladna-stena-300-blk","status":"publish","type":"product","link":"https:\/\/dersuessestopp.com\/sl\/product\/coldwall-300-blk\/","title":{"rendered":"HLADNA STENA 300 BLK"},"content":{"rendered":"<p data-start=\"193\" data-end=\"488\">Spletna stran <strong data-start=\"197\" data-end=\"220\">Serija COLDWALL 300<\/strong> je vrhunski stenski ventilatorski hladilnik za pija\u010do, zasnovan za najve\u010djo u\u010dinkovitost in sodobno estetiko. Odli\u010den je za bare, restavracije, kavarne in maloprodajne prostore, saj zdru\u017euje <strong data-start=\"398\" data-end=\"451\">zmogljivo in zanesljivo hlajenje (od -2 \u00b0C do +10 \u00b0C)<\/strong>, in elegantna steklena vrata brez okvirja.<\/p>\n<p data-start=\"490\" data-end=\"524\">Na voljo je v dveh izvedbah:<\/p>\n<ul data-start=\"525\" data-end=\"631\">\n<li data-start=\"525\" data-end=\"572\">\n<p data-start=\"527\" data-end=\"572\"><strong data-start=\"527\" data-end=\"547\">HLADNA STENA 300 BLK<\/strong> - Elegantna \u010drna obdelava<\/p>\n<\/li>\n<li data-start=\"573\" data-end=\"631\">\n<p data-start=\"575\" data-end=\"631\"><strong data-start=\"575\" data-end=\"596\">HLADNA STENA 300 INOX<\/strong> - Trajna obdelava iz nerjave\u010dega jekla<\/p>\n<\/li>\n<\/ul>\n<p data-start=\"633\" data-end=\"810\">S svojim <strong data-start=\"642\" data-end=\"685\">vgrajen ro\u010daj, skriti nosilec za obe\u0161anje<\/strong>, in <strong data-start=\"691\" data-end=\"720\">Vrata brez okvirja s polnim steklom<\/strong>, se brezhibno vklaplja v vsako okolje in hkrati zagotavlja odli\u010dno vidljivost izdelka.<\/p>\n<h2 data-start=\"817\" data-end=\"845\"><strong data-start=\"820\" data-end=\"845\">Zmogljivost (okvirno)<\/strong><\/h2>\n<table>\n<thead>\n<tr>\n<th>Vrsta pakiranja<\/th>\n<th>Zmogljivost<\/th>\n<\/tr>\n<\/thead>\n<tbody>\n<tr>\n<td>1 L steklenice<\/td>\n<td>78 kosov<\/td>\n<\/tr>\n<tr>\n<td>0,75 L steklenice<\/td>\n<td>90 kosov<\/td>\n<\/tr>\n<tr>\n<td>0,66 L steklenice<\/td>\n<td>153 kosov<\/td>\n<\/tr>\n<tr>\n<td>0,50 L steklenice<\/td>\n<td>200 kosov<\/td>\n<\/tr>\n<tr>\n<td>0,33 L steklenice<\/td>\n<td>255 kosov<\/td>\n<\/tr>\n<tr>\n<td>0,33 L plo\u010devinke<\/td>\n<td>399 kosov<\/td>\n<\/tr>\n<\/tbody>\n<\/table>\n<h2 data-start=\"1570\" data-end=\"1601\"><strong data-start=\"1573\" data-end=\"1601\">Tehni\u010dne specifikacije<\/strong><\/h2>\n<div class=\"_tableContainer_1rjym_1\">\n<div class=\"_tableWrapper_1rjym_13 group flex w-fit flex-col-reverse\">\n<table>\n<thead>\n<tr>\n<th>Specifikacija<\/th>\n<th>Podrobnosti<\/th>\n<\/tr>\n<\/thead>\n<tbody>\n<tr>\n<td><strong>Temperaturno obmo\u010dje<\/strong><\/td>\n<td>-2 \u00b0C do +10 \u00b0C<\/td>\n<\/tr>\n<tr>\n<td><strong>Podnebni razred<\/strong><\/td>\n<td>4<\/td>\n<\/tr>\n<tr>\n<td><strong>Neto \/ bruto obseg<\/strong><\/td>\n<td>254 \/ 280 L<\/td>\n<\/tr>\n<tr>\n<td><strong>Raven hrupa<\/strong><\/td>\n<td>50 dB<\/td>\n<\/tr>\n<tr>\n<td><strong>Odmrzovanje<\/strong><\/td>\n<td>Samodejno<\/td>\n<\/tr>\n<tr>\n<td><strong>Razsvetljava<\/strong><\/td>\n<td>2 navpi\u010dni LED + 1 vodoravna LED<\/td>\n<\/tr>\n<tr>\n<td><strong>Debelina izolacije<\/strong><\/td>\n<td>45 mm<\/td>\n<\/tr>\n<tr>\n<td><strong>Police<\/strong><\/td>\n<td>4 (399 x 340 mm) stranske police + 2 (446 x 440 mm) osrednji polici<\/td>\n<\/tr>\n<tr>\n<td><strong>Hladilno sredstvo<\/strong><\/td>\n<td>R600A<\/td>\n<\/tr>\n<tr>\n<td><strong>Poraba energije<\/strong><\/td>\n<td>2,0 kWh \/ 24 ur<\/td>\n<\/tr>\n<tr>\n<td><strong>Absorpcija<\/strong><\/td>\n<td>190 W<\/td>\n<\/tr>\n<tr>\n<td><strong>Napetost \/ frekvenca<\/strong><\/td>\n<td>220 V \/ 50 Hz<\/td>\n<\/tr>\n<\/tbody>\n<\/table>\n<h2 data-start=\"2148\" data-end=\"2174\"><strong data-start=\"2151\" data-end=\"2174\">Dimenzije in te\u017ea<\/strong><\/h2>\n<div class=\"_tableContainer_1rjym_1\">\n<div class=\"_tableWrapper_1rjym_13 group flex w-fit flex-col-reverse\">\n<table>\n<thead>\n<tr>\n<th>Specifikacija<\/th>\n<th>Merjenje<\/th>\n<\/tr>\n<\/thead>\n<tbody>\n<tr>\n<td><strong>Zunanje mere (\u0160xVxV)<\/strong><\/td>\n<td>1350 x 565 x 852 mm<\/td>\n<\/tr>\n<tr>\n<td><strong>Dimenzije embala\u017ee (\u0160xVxV)<\/strong><\/td>\n<td>1440 x 630 x 1045 mm<\/td>\n<\/tr>\n<tr>\n<td><strong>\u0160irina (A)<\/strong><\/td>\n<td>1260 mm<\/td>\n<\/tr>\n<tr>\n<td><strong>Globina (B)<\/strong><\/td>\n<td>375 mm<\/td>\n<\/tr>\n<tr>\n<td><strong>Vi\u0161ina (C)<\/strong><\/td>\n<td>705 mm<\/td>\n<\/tr>\n<tr>\n<td><strong>Min. Globina (D)<\/strong><\/td>\n<td>195 mm<\/td>\n<\/tr>\n<tr>\n<td><strong>Min. Vi\u0161ina (E)<\/strong><\/td>\n<td>500 mm<\/td>\n<\/tr>\n<tr>\n<td><strong>Neto te\u017ea<\/strong><\/td>\n<td>99 kg<\/td>\n<\/tr>\n<tr>\n<td><strong>Bruto te\u017ea<\/strong><\/td>\n<td>119 kg<\/td>\n<\/tr>\n<\/tbody>\n<\/table>\n<\/div>\n<\/div>\n<\/div>\n<\/div>","protected":false},"excerpt":{"rendered":"<p>The COLDWALL 300 series is a premium ventilated wall-mounted beverage cooler designed for maximum efficiency and modern aesthetics. Perfect for bars, restaurants, cafes, and retail spaces, it combines high capacity, reliable cooling (-2 \u00b0C to +10 \u00b0C), and a sleek frameless glass door. It is available in two finishes: COLDWALL 300 BLK \u2013 Elegant black [&hellip;]<\/p>\n","protected":false},"featured_media":7173,"comment_status":"open","ping_status":"closed","template":"","meta":[],"product_brand":[],"product_cat":[48],"product_tag":[],"class_list":{"0":"post-7172","1":"product","2":"type-product","3":"status-publish","4":"has-post-thumbnail","6":"product_cat-beverage-cooling","8":"first","9":"instock","10":"shipping-taxable","11":"product-type-simple"},"_links":{"self":[{"href":"https:\/\/dersuessestopp.com\/sl\/wp-json\/wp\/v2\/product\/7172","targetHints":{"allow":["GET"]}}],"collection":[{"href":"https:\/\/dersuessestopp.com\/sl\/wp-json\/wp\/v2\/product"}],"about":[{"href":"https:\/\/dersuessestopp.com\/sl\/wp-json\/wp\/v2\/types\/product"}],"replies":[{"embeddable":true,"href":"https:\/\/dersuessestopp.com\/sl\/wp-json\/wp\/v2\/comments?post=7172"}],"version-history":[{"count":2,"href":"https:\/\/dersuessestopp.com\/sl\/wp-json\/wp\/v2\/product\/7172\/revisions"}],"predecessor-version":[{"id":7176,"href":"https:\/\/dersuessestopp.com\/sl\/wp-json\/wp\/v2\/product\/7172\/revisions\/7176"}],"wp:featuredmedia":[{"embeddable":true,"href":"https:\/\/dersuessestopp.com\/sl\/wp-json\/wp\/v2\/media\/7173"}],"wp:attachment":[{"href":"https:\/\/dersuessestopp.com\/sl\/wp-json\/wp\/v2\/media?parent=7172"}],"wp:term":[{"taxonomy":"product_brand","embeddable":true,"href":"https:\/\/dersuessestopp.com\/sl\/wp-json\/wp\/v2\/product_brand?post=7172"},{"taxonomy":"product_cat","embeddable":true,"href":"https:\/\/dersuessestopp.com\/sl\/wp-json\/wp\/v2\/product_cat?post=7172"},{"taxonomy":"product_tag","embeddable":true,"href":"https:\/\/dersuessestopp.com\/sl\/wp-json\/wp\/v2\/product_tag?post=7172"}],"curies":[{"name":"wp","href":"https:\/\/api.w.org\/{rel}","templated":true}]}}