{"id":7168,"date":"2025-08-30T11:18:36","date_gmt":"2025-08-30T11:18:36","guid":{"rendered":"https:\/\/dersuessestopp.com\/?post_type=product&#038;p=7168"},"modified":"2025-08-30T11:18:36","modified_gmt":"2025-08-30T11:18:36","slug":"cl-50-fl-wht","status":"publish","type":"product","link":"https:\/\/dersuessestopp.com\/sl\/product\/cl-50-fl-wht\/","title":{"rendered":"CL 50 FL WHT"},"content":{"rendered":"<p data-start=\"278\" data-end=\"583\">Spletna stran <strong data-start=\"282\" data-end=\"326\">Pultni hladilniki pija\u010d serije CL FL<\/strong> so kompaktne, elegantne in u\u010dinkovite re\u0161itve za razstavljanje in hlajenje pija\u010d. Te enote so zasnovane s hladilnim sistemom s stati\u010dnim ventilatorjem, steklenimi vrati brez okvirja in osvetlitvijo LED na treh straneh, zato zagotavljajo odli\u010dno vidljivost in zanesljivo delovanje.<\/p>\n<p data-start=\"585\" data-end=\"728\">Na voljo v <strong data-start=\"598\" data-end=\"616\">\u010crna ali bela<\/strong> CL 20 FL in CL 50 FL sta kot nala\u0161\u010d za bare, kavarne, prodajalne ali promocijske zaslone.<\/p>\n<h2 data-start=\"735\" data-end=\"752\">Klju\u010dne lastnosti<\/h2>\n<ul data-start=\"754\" data-end=\"1279\">\n<li data-start=\"754\" data-end=\"795\">\n<p data-start=\"756\" data-end=\"795\"><strong data-start=\"756\" data-end=\"778\">Temperaturno obmo\u010dje:<\/strong> 0 \u00b0C do +10 \u00b0C<\/p>\n<\/li>\n<li data-start=\"796\" data-end=\"878\">\n<p data-start=\"798\" data-end=\"878\"><strong data-start=\"798\" data-end=\"836\">Hladilni sistem s stati\u010dnim ventilatorjem<\/strong> s samodejnim odmrzovanjem kompresorskega cikla<\/p>\n<\/li>\n<li data-start=\"879\" data-end=\"956\">\n<p data-start=\"881\" data-end=\"956\"><strong data-start=\"881\" data-end=\"910\">Vrata brez okvirja s polnim steklom<\/strong> za sodoben videz in dobro prepoznavnost izdelka<\/p>\n<\/li>\n<li data-start=\"957\" data-end=\"1019\">\n<p data-start=\"959\" data-end=\"1019\"><strong data-start=\"959\" data-end=\"990\">LED osvetlitev na treh straneh<\/strong> za najve\u010dji u\u010dinek prikaza<\/p>\n<\/li>\n<li data-start=\"1020\" data-end=\"1089\">\n<p data-start=\"1022\" data-end=\"1089\"><strong data-start=\"1022\" data-end=\"1054\">Termooblikovana notranja obloga iz ABS<\/strong> za vzdr\u017eljivost in enostavno \u010di\u0161\u010denje<\/p>\n<\/li>\n<li data-start=\"1090\" data-end=\"1156\">\n<p data-start=\"1092\" data-end=\"1156\"><strong data-start=\"1092\" data-end=\"1115\">Digitalni termometer<\/strong> z mehanskim regulatorjem temperature<\/p>\n<\/li>\n<li data-start=\"1157\" data-end=\"1239\">\n<p data-start=\"1159\" data-end=\"1239\"><strong data-start=\"1159\" data-end=\"1188\">Kompaktna zasnova pulta<\/strong> z antikorozijsko obdelano predbarvano plo\u010devinasto karoserijo<\/p>\n<\/li>\n<li data-start=\"1240\" data-end=\"1279\">\n<p data-start=\"1242\" data-end=\"1279\"><strong data-start=\"1242\" data-end=\"1263\">Razpolo\u017eljive barve:<\/strong> \u010crna \/ bela<\/p>\n<\/li>\n<\/ul>\n<h2 data-start=\"1286\" data-end=\"1299\">Zmogljivost<\/h2>\n<table>\n<thead>\n<tr>\n<th>Zmogljivost<\/th>\n<th>CL 20 FL<\/th>\n<th>CL 50 FL<\/th>\n<\/tr>\n<\/thead>\n<tbody>\n<tr>\n<td>0,5 L steklenice<\/td>\n<td>12<\/td>\n<td>20<\/td>\n<\/tr>\n<tr>\n<td>0,33 L plo\u010devinke<\/td>\n<td>15<\/td>\n<td>60<\/td>\n<\/tr>\n<tr>\n<td><em>Opomba:<\/em> Vrednosti se lahko razlikujejo glede na embala\u017eo.<\/td>\n<td><\/td>\n<td><\/td>\n<\/tr>\n<\/tbody>\n<\/table>\n<h2 data-start=\"1286\" data-end=\"1299\">Dimenzije<\/h2>\n<table>\n<thead>\n<tr>\n<th>Dimenzije<\/th>\n<th>CL 20 FL<\/th>\n<th>CL 50 FL<\/th>\n<\/tr>\n<\/thead>\n<tbody>\n<tr>\n<td>Zunanje (\u0160xGxV mm)<\/td>\n<td>330 x 396 x 472<\/td>\n<td>435 x 486 x 500<\/td>\n<\/tr>\n<tr>\n<td>Embala\u017ea (\u0160xVxH mm)<\/td>\n<td>390 x 458 x 540<\/td>\n<td>492 x 558 x 570<\/td>\n<\/tr>\n<tr>\n<td>\u0160irina (A) mm<\/td>\n<td>250<\/td>\n<td>360<\/td>\n<\/tr>\n<tr>\n<td>Globina (B) mm<\/td>\n<td>255<\/td>\n<td>340<\/td>\n<\/tr>\n<tr>\n<td>Vi\u0161ina (C) mm<\/td>\n<td>368<\/td>\n<td>380<\/td>\n<\/tr>\n<tr>\n<td>Min. Globina (D) mm<\/td>\n<td>115<\/td>\n<td>200<\/td>\n<\/tr>\n<tr>\n<td>Min. Vi\u0161ina (E) mm<\/td>\n<td>183<\/td>\n<td>195<\/td>\n<\/tr>\n<tr>\n<td>Stranska nalepka (mm)<\/td>\n<td>317 x 437<\/td>\n<td>407 x 467<\/td>\n<\/tr>\n<tr>\n<td>Steklena nalepka (mm)<\/td>\n<td>225 x 335<\/td>\n<td>330 x 360<\/td>\n<\/tr>\n<\/tbody>\n<\/table>\n<h2 data-start=\"1956\" data-end=\"1985\">Tehni\u010dne specifikacije<\/h2>\n<div class=\"_tableContainer_1rjym_1\">\n<div class=\"_tableWrapper_1rjym_13 group flex w-fit flex-col-reverse\">\n<table>\n<thead>\n<tr>\n<th>Tehni\u010dne lastnosti<\/th>\n<th>CL 20 FL<\/th>\n<th>CL 50 FL<\/th>\n<\/tr>\n<\/thead>\n<tbody>\n<tr>\n<td>Temperaturno obmo\u010dje<\/td>\n<td>0 \u00b0C \/ +10 \u00b0C<\/td>\n<td>0 \u00b0C \/ +10 \u00b0C<\/td>\n<\/tr>\n<tr>\n<td>Podnebni razred<\/td>\n<td>4<\/td>\n<td>4<\/td>\n<\/tr>\n<tr>\n<td>Neto \/ bruto obseg<\/td>\n<td>20 L \/ 35 L<\/td>\n<td>50 L \/ 76 L<\/td>\n<\/tr>\n<tr>\n<td>Notranji vlo\u017eek<\/td>\n<td>ABS<\/td>\n<td>ABS<\/td>\n<\/tr>\n<tr>\n<td>Termometer<\/td>\n<td>Digitalni<\/td>\n<td>Digitalni<\/td>\n<\/tr>\n<tr>\n<td>Krmilnik<\/td>\n<td>Mehanski<\/td>\n<td>Mehanski<\/td>\n<\/tr>\n<tr>\n<td>Raven hrupa<\/td>\n<td>42 dB<\/td>\n<td>42 dB<\/td>\n<\/tr>\n<tr>\n<td>Debelina izolacije<\/td>\n<td>40 mm<\/td>\n<td>35 mm<\/td>\n<\/tr>\n<tr>\n<td>Odmrzovanje<\/td>\n<td>Samodejno (cikel kompresorja)<\/td>\n<td>Samodejno (cikel kompresorja)<\/td>\n<\/tr>\n<tr>\n<td>Razsvetljava<\/td>\n<td>LED na 3 straneh<\/td>\n<td>LED na 3 straneh<\/td>\n<\/tr>\n<tr>\n<td>Police<\/td>\n<td>1 (266\/274 x 246 mm)<\/td>\n<td>1 (366\/379 x 260 mm)<\/td>\n<\/tr>\n<tr>\n<td>Ko\u0161arice\/noge<\/td>\n<td>4 noge<\/td>\n<td>4 noge<\/td>\n<\/tr>\n<tr>\n<td>Neto \/ bruto te\u017ea<\/td>\n<td>15 \/ 16 kg<\/td>\n<td>19 \/ 21 kg<\/td>\n<\/tr>\n<tr>\n<td>Napetost<\/td>\n<td>220 V<\/td>\n<td>220 V<\/td>\n<\/tr>\n<tr>\n<td>Frekvenca<\/td>\n<td>50 Hz<\/td>\n<td>50 Hz<\/td>\n<\/tr>\n<tr>\n<td>Hladilno sredstvo<\/td>\n<td>R600A<\/td>\n<td>R600A<\/td>\n<\/tr>\n<tr>\n<td>Poraba energije<\/td>\n<td>76 W<\/td>\n<td>80 W<\/td>\n<\/tr>\n<tr>\n<td>Poraba energije (24 ur)<\/td>\n<td>0,84 kWh<\/td>\n<td>1,38 kWh<\/td>\n<\/tr>\n<\/tbody>\n<\/table>\n<\/div>\n<\/div>","protected":false},"excerpt":{"rendered":"<p>The CL FL series countertop beverage coolers are compact, stylish, and efficient solutions for displaying and cooling drinks. Designed with a static-fan assisted cooling system, frameless glass door, and LED lighting on three sides, these units provide excellent visibility and reliable performance. Available in Black or White finishes, the CL 20 FL and CL 50 [&hellip;]<\/p>\n","protected":false},"featured_media":7169,"comment_status":"open","ping_status":"closed","template":"","meta":[],"product_brand":[],"product_cat":[48],"product_tag":[],"class_list":{"0":"post-7168","1":"product","2":"type-product","3":"status-publish","4":"has-post-thumbnail","6":"product_cat-beverage-cooling","8":"first","9":"instock","10":"shipping-taxable","11":"product-type-simple"},"_links":{"self":[{"href":"https:\/\/dersuessestopp.com\/sl\/wp-json\/wp\/v2\/product\/7168","targetHints":{"allow":["GET"]}}],"collection":[{"href":"https:\/\/dersuessestopp.com\/sl\/wp-json\/wp\/v2\/product"}],"about":[{"href":"https:\/\/dersuessestopp.com\/sl\/wp-json\/wp\/v2\/types\/product"}],"replies":[{"embeddable":true,"href":"https:\/\/dersuessestopp.com\/sl\/wp-json\/wp\/v2\/comments?post=7168"}],"version-history":[{"count":1,"href":"https:\/\/dersuessestopp.com\/sl\/wp-json\/wp\/v2\/product\/7168\/revisions"}],"predecessor-version":[{"id":7171,"href":"https:\/\/dersuessestopp.com\/sl\/wp-json\/wp\/v2\/product\/7168\/revisions\/7171"}],"wp:featuredmedia":[{"embeddable":true,"href":"https:\/\/dersuessestopp.com\/sl\/wp-json\/wp\/v2\/media\/7169"}],"wp:attachment":[{"href":"https:\/\/dersuessestopp.com\/sl\/wp-json\/wp\/v2\/media?parent=7168"}],"wp:term":[{"taxonomy":"product_brand","embeddable":true,"href":"https:\/\/dersuessestopp.com\/sl\/wp-json\/wp\/v2\/product_brand?post=7168"},{"taxonomy":"product_cat","embeddable":true,"href":"https:\/\/dersuessestopp.com\/sl\/wp-json\/wp\/v2\/product_cat?post=7168"},{"taxonomy":"product_tag","embeddable":true,"href":"https:\/\/dersuessestopp.com\/sl\/wp-json\/wp\/v2\/product_tag?post=7168"}],"curies":[{"name":"wp","href":"https:\/\/api.w.org\/{rel}","templated":true}]}}