{"id":7164,"date":"2025-08-30T11:12:00","date_gmt":"2025-08-30T11:12:00","guid":{"rendered":"https:\/\/dersuessestopp.com\/?post_type=product&#038;p=7164"},"modified":"2025-08-30T11:12:00","modified_gmt":"2025-08-30T11:12:00","slug":"ckc-100","status":"publish","type":"product","link":"https:\/\/dersuessestopp.com\/sl\/product\/ckc-100\/","title":{"rendered":"CKC 100"},"content":{"rendered":"<p data-start=\"373\" data-end=\"750\">Spletna stran <strong data-start=\"377\" data-end=\"414\">CKC 100 Hladilni pult s prikazovalnikom<\/strong> je profesionalna hladilna enota, zasnovana za kavarne, restavracije, bare in trgovine na drobno, ki \u017eelijo pija\u010de predstaviti na privla\u010den in dostopen na\u010din. Ta hladilnik s tremi steklenimi stranicami, u\u010dinkovito osvetlitvijo LED in zmogljivim prezra\u010devanjem zagotavlja, da bodo va\u0161i izdelki vedno popolnoma ohlajeni in dobro vidni.<\/p>\n<p data-start=\"752\" data-end=\"1059\">Zgrajeno z <strong data-start=\"763\" data-end=\"795\">konstrukcija iz nerjave\u010dega jekla<\/strong>, in <strong data-start=\"800\" data-end=\"825\">elektronski termostat<\/strong>, in <strong data-start=\"833\" data-end=\"860\">steklena vrata s samozapiralom<\/strong>, CKC 100 je vzdr\u017eljiv in priro\u010den. Zaradi kompaktne zasnove pulta je idealna izbira za podjetja z omejenim prostorom, ne da bi pri tem ogrozili zmogljivost shranjevanja ali zmogljivost.<\/p>\n<h2 data-start=\"1066\" data-end=\"1083\">Klju\u010dne lastnosti<\/h2>\n<ul data-start=\"1084\" data-end=\"1522\">\n<li data-start=\"1084\" data-end=\"1154\">\n<p data-start=\"1086\" data-end=\"1154\"><strong data-start=\"1086\" data-end=\"1115\">Prezra\u010devani hladilni sistem<\/strong> za enakomerno porazdelitev temperature<\/p>\n<\/li>\n<li data-start=\"1155\" data-end=\"1196\">\n<p data-start=\"1157\" data-end=\"1196\"><strong data-start=\"1157\" data-end=\"1179\">Temperaturno obmo\u010dje:<\/strong> +3 \u00b0C do +8 \u00b0C<\/p>\n<\/li>\n<li data-start=\"1197\" data-end=\"1269\">\n<p data-start=\"1199\" data-end=\"1269\"><strong data-start=\"1199\" data-end=\"1240\">Zunanjost in notranjost iz nerjave\u010dega jekla<\/strong> za higieno in trajnost<\/p>\n<\/li>\n<li data-start=\"1270\" data-end=\"1331\">\n<p data-start=\"1272\" data-end=\"1331\"><strong data-start=\"1272\" data-end=\"1297\">Elektronski termostat<\/strong> za natan\u010den nadzor temperature<\/p>\n<\/li>\n<li data-start=\"1332\" data-end=\"1392\">\n<p data-start=\"1334\" data-end=\"1392\"><strong data-start=\"1334\" data-end=\"1361\">Samodejno zapiranje steklenih vrat<\/strong> z vodoravno osvetlitvijo LED<\/p>\n<\/li>\n<li data-start=\"1393\" data-end=\"1460\">\n<p data-start=\"1395\" data-end=\"1460\"><strong data-start=\"1395\" data-end=\"1424\">Kompaktna zasnova pulta<\/strong> z odli\u010dno prepoznavnostjo izdelkov<\/p>\n<\/li>\n<li data-start=\"1461\" data-end=\"1522\">\n<p data-start=\"1463\" data-end=\"1522\"><strong data-start=\"1463\" data-end=\"1483\">Enostavno vzdr\u017eevanje<\/strong> s sistemom za odmrzovanje s kompresorskim ciklom<\/p>\n<\/li>\n<\/ul>\n<h2 data-start=\"1529\" data-end=\"1561\">Tehni\u010dne specifikacije<\/h2>\n<table>\n<thead>\n<tr>\n<th>Model<\/th>\n<th>Zunanje mere (\u0160xVxV)<\/th>\n<th>Dimenzije embala\u017ee (\u0160xVxV)<\/th>\n<th>Notranje mere (\u0160xVxV)<\/th>\n<th>Police (WxD)<\/th>\n<\/tr>\n<\/thead>\n<tbody>\n<tr>\n<td><strong>CKC 100<\/strong><\/td>\n<td>1110 x 510 x 566 mm<\/td>\n<td>1170 x 570 x 640 mm<\/td>\n<td>790 x 400 x 390 mm<\/td>\n<td>2 kosa - 752 x 390 mm<\/td>\n<\/tr>\n<\/tbody>\n<\/table>\n<h3 data-start=\"1919\" data-end=\"1947\">Uspe\u0161nost in zmogljivost<\/h3>\n<div class=\"_tableContainer_1rjym_1\">\n<div class=\"_tableWrapper_1rjym_13 group flex w-fit flex-col-reverse\">\n<table>\n<thead>\n<tr>\n<th>Model<\/th>\n<th>Temperaturno obmo\u010dje<\/th>\n<th>Podnebni razred<\/th>\n<th>Neto\/bruto obseg<\/th>\n<th>Debelina izolacije<\/th>\n<th>Odmrzovanje<\/th>\n<th>Razsvetljava<\/th>\n<\/tr>\n<\/thead>\n<tbody>\n<tr>\n<td><strong>CKC 100<\/strong><\/td>\n<td>+3 \u00b0C \/ +8 \u00b0C<\/td>\n<td>Razred 4<\/td>\n<td>150 L \/ 163 L<\/td>\n<td>45 mm<\/td>\n<td>Cikel kompresorja<\/td>\n<td>1 LED vodoravno<\/td>\n<\/tr>\n<\/tbody>\n<\/table>\n<h3 data-start=\"1919\" data-end=\"1947\">Gradbeni\u0161tvo<\/h3>\n<table>\n<thead>\n<tr>\n<th>Zunanjost<\/th>\n<th>Notranjost<\/th>\n<th>Vrata<\/th>\n<th>Police<\/th>\n<th>Noge\/valj\u010dki<\/th>\n<th>Zapiranje vrat<\/th>\n<\/tr>\n<\/thead>\n<tbody>\n<tr>\n<td>Iz nerjave\u010dega jekla<\/td>\n<td>Iz nerjave\u010dega jekla<\/td>\n<td>Steklo<\/td>\n<td>2 Prilagodljivo<\/td>\n<td>4 noge<\/td>\n<td>Da, samozapiranje<\/td>\n<\/tr>\n<\/tbody>\n<\/table>\n<h3 data-start=\"2533\" data-end=\"2554\">Elektri\u010dni podatki<\/h3>\n<div class=\"_tableContainer_1rjym_1\">\n<div class=\"_tableWrapper_1rjym_13 group flex w-fit flex-col-reverse\">\n<table>\n<thead>\n<tr>\n<th>Napetost<\/th>\n<th>Frekvenca<\/th>\n<th>Hladilno sredstvo<\/th>\n<th>Absorpcija<\/th>\n<th>Poraba energije<\/th>\n<th>Neto\/bruto te\u017ea<\/th>\n<\/tr>\n<\/thead>\n<tbody>\n<tr>\n<td>220 V<\/td>\n<td>50 Hz<\/td>\n<td>R600A<\/td>\n<td>180 W<\/td>\n<td>3,75 kWh \/ 24 ur<\/td>\n<td>70 \/ 74 kg<\/td>\n<\/tr>\n<\/tbody>\n<\/table>\n<\/div>\n<\/div>\n<\/div>\n<\/div>","protected":false},"excerpt":{"rendered":"<p>The CKC 100 Countertop Display Cooler is a professional-grade refrigerated unit designed for caf\u00e9s, restaurants, bars, and retail shops that want to showcase beverages in an attractive and accessible way. With three glass sides, efficient LED lighting, and powerful ventilation, this cooler ensures your products remain perfectly chilled and clearly visible at all times. Built [&hellip;]<\/p>\n","protected":false},"featured_media":7165,"comment_status":"open","ping_status":"closed","template":"","meta":[],"product_brand":[],"product_cat":[48],"product_tag":[],"class_list":{"0":"post-7164","1":"product","2":"type-product","3":"status-publish","4":"has-post-thumbnail","6":"product_cat-beverage-cooling","8":"first","9":"instock","10":"shipping-taxable","11":"product-type-simple"},"_links":{"self":[{"href":"https:\/\/dersuessestopp.com\/sl\/wp-json\/wp\/v2\/product\/7164","targetHints":{"allow":["GET"]}}],"collection":[{"href":"https:\/\/dersuessestopp.com\/sl\/wp-json\/wp\/v2\/product"}],"about":[{"href":"https:\/\/dersuessestopp.com\/sl\/wp-json\/wp\/v2\/types\/product"}],"replies":[{"embeddable":true,"href":"https:\/\/dersuessestopp.com\/sl\/wp-json\/wp\/v2\/comments?post=7164"}],"version-history":[{"count":1,"href":"https:\/\/dersuessestopp.com\/sl\/wp-json\/wp\/v2\/product\/7164\/revisions"}],"predecessor-version":[{"id":7167,"href":"https:\/\/dersuessestopp.com\/sl\/wp-json\/wp\/v2\/product\/7164\/revisions\/7167"}],"wp:featuredmedia":[{"embeddable":true,"href":"https:\/\/dersuessestopp.com\/sl\/wp-json\/wp\/v2\/media\/7165"}],"wp:attachment":[{"href":"https:\/\/dersuessestopp.com\/sl\/wp-json\/wp\/v2\/media?parent=7164"}],"wp:term":[{"taxonomy":"product_brand","embeddable":true,"href":"https:\/\/dersuessestopp.com\/sl\/wp-json\/wp\/v2\/product_brand?post=7164"},{"taxonomy":"product_cat","embeddable":true,"href":"https:\/\/dersuessestopp.com\/sl\/wp-json\/wp\/v2\/product_cat?post=7164"},{"taxonomy":"product_tag","embeddable":true,"href":"https:\/\/dersuessestopp.com\/sl\/wp-json\/wp\/v2\/product_tag?post=7164"}],"curies":[{"name":"wp","href":"https:\/\/api.w.org\/{rel}","templated":true}]}}