{"id":7159,"date":"2025-08-30T11:07:53","date_gmt":"2025-08-30T11:07:53","guid":{"rendered":"https:\/\/dersuessestopp.com\/?post_type=product&#038;p=7159"},"modified":"2025-08-30T11:07:53","modified_gmt":"2025-08-30T11:07:53","slug":"s-185-xh","status":"publish","type":"product","link":"https:\/\/dersuessestopp.com\/sl\/product\/s-185-xh\/","title":{"rendered":"S 185 XH"},"content":{"rendered":"<p data-start=\"308\" data-end=\"556\">Spletna stran <strong data-start=\"312\" data-end=\"324\">S 185 XH<\/strong> je profesionalni <strong data-start=\"343\" data-end=\"362\">hladilnik v zadnjem baru<\/strong> s spletno stranjo . <strong data-start=\"368\" data-end=\"411\">stati\u010dno hlajenje in pomo\u010d ventilatorjem<\/strong>. Zgrajen iz <strong data-start=\"424\" data-end=\"452\">AISI 304 nerjave\u010de jeklo<\/strong> za vzdr\u017eljivost in higieno, zagotavlja <strong data-start=\"492\" data-end=\"553\">u\u010dinkovito hlajenje pija\u010d, nizka raven hrupa in var\u010devanje z energijo.<\/strong>.<\/p>\n<p data-start=\"558\" data-end=\"759\">Opremljen z <strong data-start=\"572\" data-end=\"649\">Osvetlitev LED, elektronski termostat in samozapiralna vrata s klju\u010davnico.<\/strong>, ta enota je idealna za <strong data-start=\"674\" data-end=\"713\">bari, gostilne, restavracije in hoteli.<\/strong> ki zahtevajo tako <strong data-start=\"731\" data-end=\"756\">zmogljivost in slog<\/strong>.<\/p>\n<h2 data-start=\"766\" data-end=\"783\">Klju\u010dne lastnosti<\/h2>\n<table>\n<thead>\n<tr>\n<th>Funkcija<\/th>\n<th>Podrobnosti<\/th>\n<\/tr>\n<\/thead>\n<tbody>\n<tr>\n<td>Hladilniki<\/td>\n<td>Stati\u010dno hlajenje s pomo\u010djo ventilatorja<\/td>\n<\/tr>\n<tr>\n<td>Nadzor temperature<\/td>\n<td>Elektronski termostat<\/td>\n<\/tr>\n<tr>\n<td>Razsvetljava<\/td>\n<td>Vodoravni LED<\/td>\n<\/tr>\n<tr>\n<td>Vrata<\/td>\n<td>Iz nerjave\u010dega jekla (AISI 304), samozapiralno s klju\u010davnico<\/td>\n<\/tr>\n<tr>\n<td>Notranji vlo\u017eek<\/td>\n<td>Iz nerjave\u010dega jekla (AISI 304)<\/td>\n<\/tr>\n<tr>\n<td>Police<\/td>\n<td>4 nastavljive police (355 \u00d7 400 mm)<\/td>\n<\/tr>\n<tr>\n<td>Izolacija<\/td>\n<td>50 mm<\/td>\n<\/tr>\n<tr>\n<td>Sistem za odmrzovanje<\/td>\n<td>Samodejni cikel kompresorja + mo\u017enost ro\u010dnega upravljanja<\/td>\n<\/tr>\n<tr>\n<td>Stopala<\/td>\n<td>4 nastavljive<\/td>\n<\/tr>\n<tr>\n<td>Izbirno<\/td>\n<td>Smart Link WiFi za daljinsko upravljanje<\/td>\n<\/tr>\n<\/tbody>\n<\/table>\n<h2 data-start=\"1286\" data-end=\"1320\">Zmogljivost shranjevanja (okvirno)<\/h2>\n<div class=\"_tableContainer_1rjym_1\">\n<div class=\"_tableWrapper_1rjym_13 group flex w-fit flex-col-reverse\">\n<table>\n<thead>\n<tr>\n<th>Pakiranje<\/th>\n<th>Zmogljivost<\/th>\n<\/tr>\n<\/thead>\n<tbody>\n<tr>\n<td>1 L steklenice<\/td>\n<td>42<\/td>\n<\/tr>\n<tr>\n<td>75 cl steklenice<\/td>\n<td>44<\/td>\n<\/tr>\n<tr>\n<td>66 cl steklenic<\/td>\n<td>54<\/td>\n<\/tr>\n<tr>\n<td>50 cl steklenice<\/td>\n<td>110<\/td>\n<\/tr>\n<tr>\n<td>33 cl steklenice<\/td>\n<td>135<\/td>\n<\/tr>\n<tr>\n<td>33 cl plo\u010devink<\/td>\n<td>225<\/td>\n<\/tr>\n<\/tbody>\n<\/table>\n<h2 data-start=\"1515\" data-end=\"1544\">Tehni\u010dne specifikacije<\/h2>\n<div class=\"_tableContainer_1rjym_1\">\n<div class=\"_tableWrapper_1rjym_13 group flex w-fit flex-col-reverse\">\n<table>\n<thead>\n<tr>\n<th>Specifikacija<\/th>\n<th>Vrednost<\/th>\n<\/tr>\n<\/thead>\n<tbody>\n<tr>\n<td>Zunanje mere (\u0160xVxV)<\/td>\n<td>900 \u00d7 530 \u00d7 835 mm<\/td>\n<\/tr>\n<tr>\n<td>Dimenzije embala\u017ee (\u0160xVxV)<\/td>\n<td>950 \u00d7 570 \u00d7 1020 mm<\/td>\n<\/tr>\n<tr>\n<td>Notranje dimenzije<\/td>\n<td>820 \u00d7 415 \u00d7 685 mm<\/td>\n<\/tr>\n<tr>\n<td>Neto \/ bruto obseg<\/td>\n<td>150 L \/ 188 L<\/td>\n<\/tr>\n<tr>\n<td>Temperaturno obmo\u010dje<\/td>\n<td>0 \u00b0C do +10 \u00b0C<\/td>\n<\/tr>\n<tr>\n<td>Podnebni razred<\/td>\n<td>4<\/td>\n<\/tr>\n<tr>\n<td>Raven hrupa<\/td>\n<td>50 dB<\/td>\n<\/tr>\n<tr>\n<td>Police<\/td>\n<td>4 \u00d7 355 \u00d7 400 mm<\/td>\n<\/tr>\n<tr>\n<td>Razsvetljava<\/td>\n<td>1 vodoravna LED dioda<\/td>\n<\/tr>\n<tr>\n<td>Neto \/ bruto te\u017ea<\/td>\n<td>60 \/ 70 kg<\/td>\n<\/tr>\n<tr>\n<td>Napetost<\/td>\n<td>220-240 V<\/td>\n<\/tr>\n<tr>\n<td>Frekvenca<\/td>\n<td>50 Hz (60 Hz po izbiri)<\/td>\n<\/tr>\n<tr>\n<td>Hladilno sredstvo<\/td>\n<td>R600A<\/td>\n<\/tr>\n<tr>\n<td>Absorpcija energije<\/td>\n<td>190 W<\/td>\n<\/tr>\n<tr>\n<td>Poraba energije (24 ur)<\/td>\n<td>1,35 kWh<\/td>\n<\/tr>\n<\/tbody>\n<\/table>\n<\/div>\n<\/div>\n<\/div>\n<\/div>","protected":false},"excerpt":{"rendered":"<p>The S 185 XH is a professional back bar cooler with static refrigeration and fan assistance. Built from AISI 304 stainless steel for durability and hygiene, it ensures efficient beverage cooling, low noise, and energy savings. Equipped with LED lighting, an electronic thermostat, and a self-closing door with lock, this unit is ideal for bars, [&hellip;]<\/p>\n","protected":false},"featured_media":7160,"comment_status":"open","ping_status":"closed","template":"","meta":[],"product_brand":[],"product_cat":[48],"product_tag":[],"class_list":{"0":"post-7159","1":"product","2":"type-product","3":"status-publish","4":"has-post-thumbnail","6":"product_cat-beverage-cooling","8":"first","9":"instock","10":"shipping-taxable","11":"product-type-simple"},"_links":{"self":[{"href":"https:\/\/dersuessestopp.com\/sl\/wp-json\/wp\/v2\/product\/7159","targetHints":{"allow":["GET"]}}],"collection":[{"href":"https:\/\/dersuessestopp.com\/sl\/wp-json\/wp\/v2\/product"}],"about":[{"href":"https:\/\/dersuessestopp.com\/sl\/wp-json\/wp\/v2\/types\/product"}],"replies":[{"embeddable":true,"href":"https:\/\/dersuessestopp.com\/sl\/wp-json\/wp\/v2\/comments?post=7159"}],"version-history":[{"count":2,"href":"https:\/\/dersuessestopp.com\/sl\/wp-json\/wp\/v2\/product\/7159\/revisions"}],"predecessor-version":[{"id":7163,"href":"https:\/\/dersuessestopp.com\/sl\/wp-json\/wp\/v2\/product\/7159\/revisions\/7163"}],"wp:featuredmedia":[{"embeddable":true,"href":"https:\/\/dersuessestopp.com\/sl\/wp-json\/wp\/v2\/media\/7160"}],"wp:attachment":[{"href":"https:\/\/dersuessestopp.com\/sl\/wp-json\/wp\/v2\/media?parent=7159"}],"wp:term":[{"taxonomy":"product_brand","embeddable":true,"href":"https:\/\/dersuessestopp.com\/sl\/wp-json\/wp\/v2\/product_brand?post=7159"},{"taxonomy":"product_cat","embeddable":true,"href":"https:\/\/dersuessestopp.com\/sl\/wp-json\/wp\/v2\/product_cat?post=7159"},{"taxonomy":"product_tag","embeddable":true,"href":"https:\/\/dersuessestopp.com\/sl\/wp-json\/wp\/v2\/product_tag?post=7159"}],"curies":[{"name":"wp","href":"https:\/\/api.w.org\/{rel}","templated":true}]}}