{"id":7141,"date":"2025-08-30T10:54:58","date_gmt":"2025-08-30T10:54:58","guid":{"rendered":"https:\/\/dersuessestopp.com\/?post_type=product&#038;p=7141"},"modified":"2025-08-30T10:56:32","modified_gmt":"2025-08-30T10:56:32","slug":"cl-801-v2gc-sl-bela","status":"publish","type":"product","link":"https:\/\/dersuessestopp.com\/sl\/product\/cl-801-v2gc-sl-white\/","title":{"rendered":"CL 801 V2GC SL BELA"},"content":{"rendered":"<p data-start=\"396\" data-end=\"578\">Spletna stran <strong data-start=\"400\" data-end=\"424\">CL 801 V2GC SL BELA<\/strong> je profesionalni <strong data-start=\"443\" data-end=\"474\">hladilnik za pija\u010do z dvojnimi vrati<\/strong> s spletno stranjo . <strong data-start=\"480\" data-end=\"508\">prezra\u010devano hlajenje<\/strong> in . <strong data-start=\"513\" data-end=\"530\">drsna vrata<\/strong> oja\u010dan z <strong data-start=\"547\" data-end=\"575\">AISI 304 nerjave\u010de jeklo<\/strong>.<\/p>\n<p data-start=\"580\" data-end=\"751\">Zasnovan za <strong data-start=\"593\" data-end=\"628\">najve\u010dja vidljivost in zmogljivost<\/strong>, je opremljen z <strong data-start=\"644\" data-end=\"662\">osvetljena streha<\/strong>, <strong data-start=\"664\" data-end=\"680\">Osvetlitev LED<\/strong>, in prilagodljive povr\u0161ine za ozna\u010devanje (nalepke na steklu, ob straneh in nadstre\u0161ku).<\/p>\n<p data-start=\"753\" data-end=\"986\">Zaradi svoje <strong data-start=\"767\" data-end=\"792\">elektronski termostat<\/strong>, <strong data-start=\"794\" data-end=\"822\">sistem samodejnega odmrzovanja<\/strong>, in <strong data-start=\"828\" data-end=\"858\">drsna vrata s samozapiranjem<\/strong>, ta visicooler zagotavlja <strong data-start=\"887\" data-end=\"937\">energetska u\u010dinkovitost, vzdr\u017eljivost in enostavna uporaba.<\/strong> v barih, restavracijah in trgovinah na drobno.<\/p>\n<h2 data-start=\"993\" data-end=\"1011\">Glavne zna\u010dilnosti<\/h2>\n<ul data-start=\"1012\" data-end=\"1660\">\n<li data-start=\"1012\" data-end=\"1094\">\n<p data-start=\"1014\" data-end=\"1094\"><strong data-start=\"1014\" data-end=\"1037\">Drsna steklena vrata<\/strong> s spletno stranjo . <strong data-start=\"1043\" data-end=\"1092\">oja\u010dana ograja iz nerjave\u010dega jekla (AISI 304)<\/strong><\/p>\n<\/li>\n<li data-start=\"1095\" data-end=\"1145\">\n<p data-start=\"1097\" data-end=\"1145\"><strong data-start=\"1097\" data-end=\"1115\">Podsvetljena streha<\/strong> za blagovno znamko in prepoznavnost<\/p>\n<\/li>\n<li data-start=\"1146\" data-end=\"1209\">\n<p data-start=\"1148\" data-end=\"1209\"><strong data-start=\"1148\" data-end=\"1173\">Vertikalna osvetlitev LED<\/strong> za odli\u010dno notranjo vidljivost<\/p>\n<\/li>\n<li data-start=\"1210\" data-end=\"1285\">\n<p data-start=\"1212\" data-end=\"1285\"><strong data-start=\"1212\" data-end=\"1237\">Elektronski termostat<\/strong> s stabilnim uravnavanjem temperature (0\u00b0C \/ +10\u00b0C)<\/p>\n<\/li>\n<li data-start=\"1286\" data-end=\"1333\">\n<p data-start=\"1288\" data-end=\"1333\"><strong data-start=\"1288\" data-end=\"1331\">Sistem samodejnega odmrzovanja z izklopom kompresorja<\/strong><\/p>\n<\/li>\n<li data-start=\"1334\" data-end=\"1421\">\n<p data-start=\"1336\" data-end=\"1421\"><strong data-start=\"1336\" data-end=\"1358\">Barvano jekleno ohi\u0161je<\/strong> in . <strong data-start=\"1363\" data-end=\"1392\">Notranjost iz barvane aluminijaste plo\u010devine<\/strong> za higieno in trajnost<\/p>\n<\/li>\n<li data-start=\"1422\" data-end=\"1483\">\n<p data-start=\"1424\" data-end=\"1483\"><strong data-start=\"1424\" data-end=\"1454\">Drsna vrata s samozapiranjem<\/strong> s spletno stranjo . <strong data-start=\"1460\" data-end=\"1474\">klju\u010davnica in klju\u010d<\/strong> sistem<\/p>\n<\/li>\n<li data-start=\"1484\" data-end=\"1553\">\n<p data-start=\"1486\" data-end=\"1553\"><strong data-start=\"1486\" data-end=\"1515\">Izbirna povezava Smart Link Wi-Fi<\/strong> za <strong data-start=\"1520\" data-end=\"1551\">daljinski nadzor in spremljanje<\/strong><\/p>\n<\/li>\n<li data-start=\"1554\" data-end=\"1607\">\n<p data-start=\"1556\" data-end=\"1607\"><strong data-start=\"1556\" data-end=\"1581\">Velika zmogljivost shranjevanja<\/strong> z nastavljivimi policami<\/p>\n<\/li>\n<li data-start=\"1608\" data-end=\"1660\">\n<p data-start=\"1610\" data-end=\"1660\"><strong data-start=\"1610\" data-end=\"1640\">Name\u0161\u010den na 4 vrtljiva kolesa<\/strong> za la\u017ejo mobilnost<\/p>\n<\/li>\n<\/ul>\n<h2 data-start=\"1667\" data-end=\"1719\">Zmogljivost (pribli\u017ena - odvisno od embala\u017ee)<\/h2>\n<table>\n<thead>\n<tr>\n<th>Vrsta steklenice \/ plo\u010devinke<\/th>\n<th>CL 801 V2GC SL<\/th>\n<th>CL 1100 V2GC SL<\/th>\n<th>CL 1300 V2GC SL<\/th>\n<\/tr>\n<\/thead>\n<tbody>\n<tr>\n<td>1 L steklenice<\/td>\n<td>128<\/td>\n<td>200<\/td>\n<td>240<\/td>\n<\/tr>\n<tr>\n<td>75 cl steklenice<\/td>\n<td>160<\/td>\n<td>280<\/td>\n<td>280<\/td>\n<\/tr>\n<tr>\n<td>66 cl steklenic<\/td>\n<td>216<\/td>\n<td>360<\/td>\n<td>470<\/td>\n<\/tr>\n<tr>\n<td>50 cl steklenice<\/td>\n<td>360<\/td>\n<td>564<\/td>\n<td>774<\/td>\n<\/tr>\n<tr>\n<td>33 cl steklenice<\/td>\n<td>432<\/td>\n<td>660<\/td>\n<td>756<\/td>\n<\/tr>\n<tr>\n<td>33 cl plo\u010devink<\/td>\n<td>684<\/td>\n<td>1120<\/td>\n<td>1400<\/td>\n<\/tr>\n<\/tbody>\n<\/table>\n<h2 data-start=\"2119\" data-end=\"2148\">Tehni\u010dne specifikacije<\/h2>\n<div class=\"_tableContainer_1rjym_1\">\n<div class=\"_tableWrapper_1rjym_13 group flex w-fit flex-col-reverse\">\n<table>\n<thead>\n<tr>\n<th>Specifikacija<\/th>\n<th>CL 801 V2GC SL<\/th>\n<th>CL 1100 V2GC SL<\/th>\n<th>CL 1300 V2GC SL<\/th>\n<\/tr>\n<\/thead>\n<tbody>\n<tr>\n<td><strong>Zunanje mere (\u0160xVxV)<\/strong><\/td>\n<td>940 \u00d7 560 \u00d7 1983 mm<\/td>\n<td>1130 \u00d7 645 \u00d7 2023 mm<\/td>\n<td>1330 \u00d7 645 \u00d7 2023 mm<\/td>\n<\/tr>\n<tr>\n<td><strong>Dimenzije embala\u017ee (\u0160xVxV)<\/strong><\/td>\n<td>990 \u00d7 635 \u00d7 2060 mm<\/td>\n<td>1180 \u00d7 720 \u00d7 2100 mm<\/td>\n<td>1380 \u00d7 720 \u00d7 2100 mm<\/td>\n<\/tr>\n<tr>\n<td><strong>Neto \/ bruto obseg<\/strong><\/td>\n<td>403 \/ 495 L<\/td>\n<td>670 \/ 764 L<\/td>\n<td>756 \/ 912 L<\/td>\n<\/tr>\n<tr>\n<td><strong>Temperaturno obmo\u010dje<\/strong><\/td>\n<td>0\u00b0C \/ +10\u00b0C<\/td>\n<td>0\u00b0C \/ +10\u00b0C<\/td>\n<td>0\u00b0C \/ +10\u00b0C<\/td>\n<\/tr>\n<tr>\n<td><strong>Podnebni razred<\/strong><\/td>\n<td>4<\/td>\n<td>4<\/td>\n<td>4<\/td>\n<\/tr>\n<tr>\n<td><strong>Raven hrupa<\/strong><\/td>\n<td>54 dB<\/td>\n<td>54 dB<\/td>\n<td>54 dB<\/td>\n<\/tr>\n<tr>\n<td><strong>Debelina izolacije<\/strong><\/td>\n<td>50 mm<\/td>\n<td>50 mm<\/td>\n<td>50 mm<\/td>\n<\/tr>\n<tr>\n<td><strong>Razsvetljava<\/strong><\/td>\n<td>2 navpi\u010dni LED diodi<\/td>\n<td>2 navpi\u010dni LED diodi<\/td>\n<td>2 navpi\u010dni LED diodi<\/td>\n<\/tr>\n<tr>\n<td><strong>Police (WxD)<\/strong><\/td>\n<td>8 \u00d7 410 \u00d7 365 mm<\/td>\n<td>8 \u00d7 504 \u00d7 460 mm<\/td>\n<td>8 \u00d7 605 \u00d7 410 mm<\/td>\n<\/tr>\n<tr>\n<td><strong>Odmrzovanje<\/strong><\/td>\n<td>Samodejno (izklop kompresorja)<\/td>\n<td>Samodejno (izklop kompresorja)<\/td>\n<td>Samodejno (izklop kompresorja)<\/td>\n<\/tr>\n<tr>\n<td><strong>Napetost \/ frekvenca<\/strong><\/td>\n<td>220-240 V \/ 50 Hz<\/td>\n<td>220-240 V \/ 50 Hz<\/td>\n<td>220-240 V \/ 50 Hz<\/td>\n<\/tr>\n<tr>\n<td><strong>Hladilno sredstvo<\/strong><\/td>\n<td>R290A<\/td>\n<td>R290A<\/td>\n<td>R290A<\/td>\n<\/tr>\n<tr>\n<td><strong>Poraba energije<\/strong><\/td>\n<td>500 W<\/td>\n<td>650 W<\/td>\n<td>650 W<\/td>\n<\/tr>\n<tr>\n<td><strong>Poraba energije (24 ur)<\/strong><\/td>\n<td>2,8 kWh<\/td>\n<td>3,3 kWh<\/td>\n<td>3,6 kWh<\/td>\n<\/tr>\n<tr>\n<td><strong>Neto \/ bruto te\u017ea<\/strong><\/td>\n<td>106 \/ 121 kg<\/td>\n<td>133 \/ 154 kg<\/td>\n<td>152 \/ 175 kg<\/td>\n<\/tr>\n<\/tbody>\n<\/table>\n<\/div>\n<\/div>","protected":false},"excerpt":{"rendered":"<p>The CL 801 V2GC SL WHITE is a professional double-door beverage cooler with ventilated refrigeration and sliding doors reinforced with AISI 304 stainless steel. Designed for maximum visibility and capacity, it features a backlit canopy, LED lighting, and customizable branding areas (glass, side, and canopy stickers). Thanks to its electronic thermostat, automatic defrost system, and [&hellip;]<\/p>\n","protected":false},"featured_media":7144,"comment_status":"open","ping_status":"closed","template":"","meta":[],"product_brand":[],"product_cat":[48],"product_tag":[],"class_list":{"0":"post-7141","1":"product","2":"type-product","3":"status-publish","4":"has-post-thumbnail","6":"product_cat-beverage-cooling","8":"first","9":"instock","10":"shipping-taxable","11":"product-type-simple"},"_links":{"self":[{"href":"https:\/\/dersuessestopp.com\/sl\/wp-json\/wp\/v2\/product\/7141","targetHints":{"allow":["GET"]}}],"collection":[{"href":"https:\/\/dersuessestopp.com\/sl\/wp-json\/wp\/v2\/product"}],"about":[{"href":"https:\/\/dersuessestopp.com\/sl\/wp-json\/wp\/v2\/types\/product"}],"replies":[{"embeddable":true,"href":"https:\/\/dersuessestopp.com\/sl\/wp-json\/wp\/v2\/comments?post=7141"}],"version-history":[{"count":2,"href":"https:\/\/dersuessestopp.com\/sl\/wp-json\/wp\/v2\/product\/7141\/revisions"}],"predecessor-version":[{"id":7143,"href":"https:\/\/dersuessestopp.com\/sl\/wp-json\/wp\/v2\/product\/7141\/revisions\/7143"}],"wp:featuredmedia":[{"embeddable":true,"href":"https:\/\/dersuessestopp.com\/sl\/wp-json\/wp\/v2\/media\/7144"}],"wp:attachment":[{"href":"https:\/\/dersuessestopp.com\/sl\/wp-json\/wp\/v2\/media?parent=7141"}],"wp:term":[{"taxonomy":"product_brand","embeddable":true,"href":"https:\/\/dersuessestopp.com\/sl\/wp-json\/wp\/v2\/product_brand?post=7141"},{"taxonomy":"product_cat","embeddable":true,"href":"https:\/\/dersuessestopp.com\/sl\/wp-json\/wp\/v2\/product_cat?post=7141"},{"taxonomy":"product_tag","embeddable":true,"href":"https:\/\/dersuessestopp.com\/sl\/wp-json\/wp\/v2\/product_tag?post=7141"}],"curies":[{"name":"wp","href":"https:\/\/api.w.org\/{rel}","templated":true}]}}