{"id":7134,"date":"2025-08-30T10:45:47","date_gmt":"2025-08-30T10:45:47","guid":{"rendered":"https:\/\/dersuessestopp.com\/?post_type=product&#038;p=7134"},"modified":"2025-08-30T10:45:47","modified_gmt":"2025-08-30T10:45:47","slug":"r7-preciscevalec","status":"publish","type":"product","link":"https:\/\/dersuessestopp.com\/sl\/product\/r7-refiner\/","title":{"rendered":"R7 rafinerij"},"content":{"rendered":"<p data-start=\"407\" data-end=\"699\">\u010cokolada potrebuje \u010das, toploto in ne\u017enost, da dose\u017ee svoj polni potencial. Na spletni strani <strong data-start=\"486\" data-end=\"516\">Bilait R7 Vertikalni rafinerij<\/strong> je srce vsakega laboratorija za proizvodnjo \u010dokolade iz zrna v tablico. Kompakten, a zmogljiv, zagotavlja <strong data-start=\"614\" data-end=\"659\">dosledno, tiho in u\u010dinkovito rafiniranje<\/strong> za majhno obrtno proizvodnjo.<\/p>\n<p data-start=\"701\" data-end=\"1092\">V celoti izdelan iz <strong data-start=\"723\" data-end=\"750\">vrhunsko nerjavno jeklo<\/strong> in opremljena z <strong data-start=\"769\" data-end=\"804\">granitni ali teflonski kamniti vlo\u017eki<\/strong>, R7 zdru\u017euje tradicijo in inovacije. Zaradi svoje kompaktne zasnove je idealen za uporabo v <strong data-start=\"892\" data-end=\"953\">majhne delavnice, odprti prostori ali predstavitve v \u017eivo.<\/strong>, medtem ko <strong data-start=\"961\" data-end=\"1030\">inteligentna tehnologija ogrevanja, pametni senzorji in mo\u017enosti doziranja<\/strong> zagotavlja natan\u010dnost, varnost in enostavnost uporabe na vsakem koraku.<\/p>\n<h2 data-start=\"1099\" data-end=\"1120\">Lastnosti izdelka<\/h2>\n<ul data-start=\"1121\" data-end=\"2226\">\n<li data-start=\"1121\" data-end=\"1313\">\n<p data-start=\"1123\" data-end=\"1313\"><strong data-start=\"1123\" data-end=\"1144\">Materiali Premium<\/strong> - Izdelano z valji iz nerjave\u010dega jekla in granita\/teflona, ki so <strong data-start=\"1216\" data-end=\"1255\">popolnoma odstranljiv in primeren za pomivanje v pomivalnem stroju<\/strong>, kar zagotavlja higieno, vzdr\u017eljivost in enostavno vzdr\u017eevanje.<\/p>\n<\/li>\n<li data-start=\"1314\" data-end=\"1534\">\n<p data-start=\"1316\" data-end=\"1534\"><strong data-start=\"1316\" data-end=\"1339\">Zelo fino rafiniranje<\/strong> - Doseganje velikosti delcev do <strong data-start=\"1375\" data-end=\"1391\">0,18 mikrona<\/strong>, odli\u010den za predelavo kakavovih zrn, le\u0161nikov, mandljev, pistacij, ara\u0161idov in drugih, pri \u010demer ohranja ne\u017ene arome in okuse.<\/p>\n<\/li>\n<li data-start=\"1535\" data-end=\"1724\">\n<p data-start=\"1537\" data-end=\"1724\"><strong data-start=\"1537\" data-end=\"1564\">Napredni sistem ogrevanja<\/strong> - Notranje ogrevanje dose\u017ee do <strong data-start=\"1598\" data-end=\"1606\">70\u00b0C<\/strong>, ki ga upravlja <strong data-start=\"1622\" data-end=\"1646\">samodejni termostat<\/strong> za natan\u010den in stabilen nadzor temperature med celotnim postopkom rafiniranja.<\/p>\n<\/li>\n<li data-start=\"1725\" data-end=\"1900\">\n<p data-start=\"1727\" data-end=\"1900\"><strong data-start=\"1727\" data-end=\"1747\">Kompaktno in tiho<\/strong> - Kljub svoji u\u010dinkovitosti R7 deluje <strong data-start=\"1790\" data-end=\"1810\">tiho (&lt;75 dB)<\/strong> in ima majhno povr\u0161ino, zato je idealna za obrtni\u0161ke \u010dokoladnice z omejenim prostorom.<\/p>\n<\/li>\n<li data-start=\"1901\" data-end=\"2092\">\n<p data-start=\"1903\" data-end=\"2092\"><strong data-start=\"1903\" data-end=\"1931\">Izbirne pametne funkcije<\/strong> - Raz\u0161irite funkcionalnost s funkcijami, kot so <strong data-start=\"1979\" data-end=\"2037\">ventilator za kon\u0161iranje, dozirni sistem in integracija temperiranja<\/strong>, ki omogo\u010da prilagodljivost za spreminjajo\u010de se proizvodne potrebe.<\/p>\n<\/li>\n<li data-start=\"2093\" data-end=\"2226\">\n<p data-start=\"2095\" data-end=\"2226\"><strong data-start=\"2095\" data-end=\"2123\">Izdelano v Italiji Odli\u010dnost<\/strong> - A <strong data-start=\"2128\" data-end=\"2167\">patentiran stroj 100% italijanske izdelave<\/strong>, oblikovane z obrtni\u0161ko vizijo, natan\u010dnostjo in strastjo.<\/p>\n<\/li>\n<\/ul>\n<h2 data-start=\"2233\" data-end=\"2262\">Tehni\u010dne specifikacije<\/h2>\n<table>\n<thead>\n<tr>\n<th>Specifikacija<\/th>\n<th>Bilait R7<\/th>\n<\/tr>\n<\/thead>\n<tbody>\n<tr>\n<td><strong>Zmogljivost<\/strong><\/td>\n<td>7 kg<\/td>\n<\/tr>\n<tr>\n<td><strong>Te\u017ea<\/strong><\/td>\n<td>30 kg<\/td>\n<\/tr>\n<tr>\n<td><strong>Dimenzije (D x \u0160 x V)<\/strong><\/td>\n<td>42 \u00d7 42 \u00d7 45 cm<\/td>\n<\/tr>\n<tr>\n<td><strong>Napetost<\/strong><\/td>\n<td>230 V, 50 Hz<\/td>\n<\/tr>\n<tr>\n<td><strong>Pomo\u017ene organizacije<\/strong><\/td>\n<td>24 V DC<\/td>\n<\/tr>\n<tr>\n<td><strong>Name\u0161\u010dena mo\u010d<\/strong><\/td>\n<td>0,25 kW<\/td>\n<\/tr>\n<tr>\n<td><strong>Name\u0161\u010den trenutni<\/strong><\/td>\n<td>2 A<\/td>\n<\/tr>\n<tr>\n<td><strong>Okoljski pogoji<\/strong><\/td>\n<td>+5 \u00b0C do +50 \u00b0C<\/td>\n<\/tr>\n<tr>\n<td><strong>Raven hrupa<\/strong><\/td>\n<td>&lt; 75 dB (A)<\/td>\n<\/tr>\n<\/tbody>\n<\/table>","protected":false},"excerpt":{"rendered":"<p>Chocolate requires time, warmth, and delicacy to reach its full potential. The Bilait R7 Vertical Refiner is the beating heart of every bean-to-bar chocolate laboratory. Compact yet powerful, it ensures consistent, quiet, and efficient refining for small-scale artisanal production. Crafted entirely from premium stainless steel and equipped with granite or Teflon stone inserts, the R7 [&hellip;]<\/p>\n","protected":false},"featured_media":7139,"comment_status":"open","ping_status":"closed","template":"","meta":[],"product_brand":[],"product_cat":[47],"product_tag":[],"class_list":{"0":"post-7134","1":"product","2":"type-product","3":"status-publish","4":"has-post-thumbnail","6":"product_cat-bean-to-bar-line","8":"first","9":"instock","10":"shipping-taxable","11":"product-type-simple"},"_links":{"self":[{"href":"https:\/\/dersuessestopp.com\/sl\/wp-json\/wp\/v2\/product\/7134","targetHints":{"allow":["GET"]}}],"collection":[{"href":"https:\/\/dersuessestopp.com\/sl\/wp-json\/wp\/v2\/product"}],"about":[{"href":"https:\/\/dersuessestopp.com\/sl\/wp-json\/wp\/v2\/types\/product"}],"replies":[{"embeddable":true,"href":"https:\/\/dersuessestopp.com\/sl\/wp-json\/wp\/v2\/comments?post=7134"}],"version-history":[{"count":1,"href":"https:\/\/dersuessestopp.com\/sl\/wp-json\/wp\/v2\/product\/7134\/revisions"}],"predecessor-version":[{"id":7140,"href":"https:\/\/dersuessestopp.com\/sl\/wp-json\/wp\/v2\/product\/7134\/revisions\/7140"}],"wp:featuredmedia":[{"embeddable":true,"href":"https:\/\/dersuessestopp.com\/sl\/wp-json\/wp\/v2\/media\/7139"}],"wp:attachment":[{"href":"https:\/\/dersuessestopp.com\/sl\/wp-json\/wp\/v2\/media?parent=7134"}],"wp:term":[{"taxonomy":"product_brand","embeddable":true,"href":"https:\/\/dersuessestopp.com\/sl\/wp-json\/wp\/v2\/product_brand?post=7134"},{"taxonomy":"product_cat","embeddable":true,"href":"https:\/\/dersuessestopp.com\/sl\/wp-json\/wp\/v2\/product_cat?post=7134"},{"taxonomy":"product_tag","embeddable":true,"href":"https:\/\/dersuessestopp.com\/sl\/wp-json\/wp\/v2\/product_tag?post=7134"}],"curies":[{"name":"wp","href":"https:\/\/api.w.org\/{rel}","templated":true}]}}