{"id":7132,"date":"2025-08-30T10:43:13","date_gmt":"2025-08-30T10:43:13","guid":{"rendered":"https:\/\/dersuessestopp.com\/?post_type=product&#038;p=7132"},"modified":"2025-08-30T10:43:13","modified_gmt":"2025-08-30T10:43:13","slug":"r15-rafinerij","status":"publish","type":"product","link":"https:\/\/dersuessestopp.com\/sl\/product\/r15-refiner\/","title":{"rendered":"R15 rafinerij"},"content":{"rendered":"<p data-start=\"299\" data-end=\"672\">Spletna stran <strong data-start=\"303\" data-end=\"334\">Vertikalni rafinerij Bilait R15<\/strong> je zasnovan tako, da vsako zrno spremeni v \u010dutno do\u017eivetje in obrtni\u0161ko proizvodnjo \u010dokolade dvigne na najvi\u0161jo raven. Idealen je za kakav, pistacije, le\u0161nike, mandlje, ara\u0161ide in podobna oljna semena. <strong data-start=\"555\" data-end=\"602\">homogeno, tiho in u\u010dinkovito rafiniranje<\/strong> tako za majhne laboratorije kot za profesionalne delavnice za izdelavo zrnc v baru.<\/p>\n<p data-start=\"674\" data-end=\"1025\">Zgrajeno z <strong data-start=\"685\" data-end=\"706\">vrhunski materiali<\/strong> kot so nerjavno jeklo, granitni kamen in teflon, so vsi sestavni deli popolnoma odstranljivi in primerni za pomivanje v pomivalnem stroju, kar zagotavlja maksimalno higieno in vzdr\u017eljivost. S kompaktno, navpi\u010dno zasnovo in inteligentno tehnologijo za nadzor toplote Bilait R15 zagotavlja dosledne rezultate tudi v odprtih prostorih ali prostorih z omejenim prostorom.<\/p>\n<p data-start=\"1027\" data-end=\"1317\">Opremljen je z <strong data-start=\"1044\" data-end=\"1082\">notranji sistem ogrevanja do 70 \u00b0C<\/strong>, ki ga nadzoruje samodejni termostat, ohranja naravne arome in organolepti\u010dne lastnosti sestavin. Rafiniranje do <strong data-start=\"1219\" data-end=\"1235\">0,18 mikrona<\/strong>, ponuja popolno ravnovesje med u\u010dinkovitostjo, natan\u010dnostjo in obrtni\u0161ko kakovostjo.<\/p>\n<p data-start=\"1319\" data-end=\"1511\">Opcijske pametne funkcije, kot je <strong data-start=\"1353\" data-end=\"1369\">ventilator conching<\/strong> in . <strong data-start=\"1374\" data-end=\"1404\">funkcije doziranja\/temperiranja<\/strong> dodatno pove\u010dujejo prilagodljivost proizvodnje, zato je R15 vsestranska re\u0161itev za sodobne proizvajalce \u010dokolade.<\/p>\n<h2 data-start=\"1518\" data-end=\"1539\">Lastnosti izdelka<\/h2>\n<ul data-start=\"1540\" data-end=\"2225\">\n<li data-start=\"1540\" data-end=\"1658\">\n<p data-start=\"1542\" data-end=\"1658\"><strong data-start=\"1542\" data-end=\"1560\">Vrhunska izdelava:<\/strong> Ohi\u0161je iz nerjave\u010dega jekla z granitnimi ali teflonskimi valji, ki jih je mogo\u010de v celoti odstraniti in pomivati v pomivalnem stroju.<\/p>\n<\/li>\n<li data-start=\"1659\" data-end=\"1778\">\n<p data-start=\"1661\" data-end=\"1778\"><strong data-start=\"1661\" data-end=\"1685\">Zelo fino pre\u010di\u0161\u010devanje:<\/strong> Profesionalna mikronizacija do 0,18 mikrona za svilnato gladke \u010dokoladne in ore\u0161\u010dkove paste.<\/p>\n<\/li>\n<li data-start=\"1779\" data-end=\"1892\">\n<p data-start=\"1781\" data-end=\"1892\"><strong data-start=\"1781\" data-end=\"1798\">Nadzor toplote:<\/strong> Notranje ogrevanje do 70 \u00b0C s samodejnim termostatom za natan\u010dno uravnavanje temperature.<\/p>\n<\/li>\n<li data-start=\"1893\" data-end=\"1996\">\n<p data-start=\"1895\" data-end=\"1996\"><strong data-start=\"1895\" data-end=\"1915\">Kompakten in tih:<\/strong> Nizka raven hrupa (&lt;75 dB) in prostorsko var\u010dna navpi\u010dna zasnova sta kot nala\u0161\u010d za obrtni\u0161ke laboratorije.<\/p>\n<\/li>\n<li data-start=\"1997\" data-end=\"2111\">\n<p data-start=\"1999\" data-end=\"2111\"><strong data-start=\"1999\" data-end=\"2020\">Pametna tehnologija:<\/strong> Senzorsko krmiljeno delovanje z opcijskim ventilatorjem za kon\u0161iranje in integracijo doziranja in temperiranja.<\/p>\n<\/li>\n<li data-start=\"2112\" data-end=\"2225\">\n<p data-start=\"2114\" data-end=\"2225\"><strong data-start=\"2114\" data-end=\"2146\">Izdelano v Italiji:<\/strong> Patentirana zasnova je zasnovana za natan\u010dnost, vzdr\u017eljivost in obrtni\u0161ko odli\u010dnost.<\/p>\n<\/li>\n<\/ul>\n<h2 data-start=\"2232\" data-end=\"2261\">Tehni\u010dne specifikacije<\/h2>\n<table>\n<thead>\n<tr>\n<th><strong>Model<\/strong><\/th>\n<th><strong>Bilait R15<\/strong><\/th>\n<\/tr>\n<\/thead>\n<tbody>\n<tr>\n<td><strong>Zmogljivost<\/strong><\/td>\n<td>15 kg<\/td>\n<\/tr>\n<tr>\n<td><strong>Te\u017ea<\/strong><\/td>\n<td>40 kg<\/td>\n<\/tr>\n<tr>\n<td><strong>Dimenzije (D x \u0160 x V)<\/strong><\/td>\n<td>40 \u00d7 40 \u00d7 50 cm<\/td>\n<\/tr>\n<tr>\n<td><strong>Napetost<\/strong><\/td>\n<td>230 V - 50 Hz<\/td>\n<\/tr>\n<tr>\n<td><strong>Pomo\u017ene organizacije<\/strong><\/td>\n<td>24 V DC<\/td>\n<\/tr>\n<tr>\n<td><strong>Name\u0161\u010dena mo\u010d<\/strong><\/td>\n<td>0,40 kW<\/td>\n<\/tr>\n<tr>\n<td><strong>Name\u0161\u010den trenutni<\/strong><\/td>\n<td>2 A<\/td>\n<\/tr>\n<tr>\n<td><strong>Delovna temperatura. Razpon<\/strong><\/td>\n<td>+5 \u00b0C do +50 \u00b0C<\/td>\n<\/tr>\n<tr>\n<td><strong>Ogrevalni sistem<\/strong><\/td>\n<td>Do 70 \u00b0C (samodejni termostat)<\/td>\n<\/tr>\n<tr>\n<td><strong>Raven hrupa<\/strong><\/td>\n<td>&lt; 75 dB (A)<\/td>\n<\/tr>\n<tr>\n<td><strong>Izbolj\u0161anje finosti<\/strong><\/td>\n<td>Do 0,18 mikrona<\/td>\n<\/tr>\n<tr>\n<td><strong>Gradbeni\u0161tvo<\/strong><\/td>\n<td>Iz nerjave\u010dega jekla z granitnimi ali teflonskimi valj\u010dki<\/td>\n<\/tr>\n<tr>\n<td><strong>Izdelano v<\/strong><\/td>\n<td>Italija<\/td>\n<\/tr>\n<\/tbody>\n<\/table>","protected":false},"excerpt":{"rendered":"<p>The Bilait R15 vertical refiner is designed to transform every grain into a sensorial experience, elevating artisanal chocolate production to the highest levels. Ideal for cocoa, pistachio, hazelnuts, almonds, peanuts, and similar oilseeds, it ensures homogeneous, silent, and efficient refining for both small laboratories and professional bean-to-bar workshops. Built with premium materials such as stainless [&hellip;]<\/p>\n","protected":false},"featured_media":7129,"comment_status":"open","ping_status":"closed","template":"","meta":[],"product_brand":[],"product_cat":[47],"product_tag":[],"class_list":{"0":"post-7132","1":"product","2":"type-product","3":"status-publish","4":"has-post-thumbnail","6":"product_cat-bean-to-bar-line","8":"first","9":"instock","10":"shipping-taxable","11":"product-type-simple"},"_links":{"self":[{"href":"https:\/\/dersuessestopp.com\/sl\/wp-json\/wp\/v2\/product\/7132","targetHints":{"allow":["GET"]}}],"collection":[{"href":"https:\/\/dersuessestopp.com\/sl\/wp-json\/wp\/v2\/product"}],"about":[{"href":"https:\/\/dersuessestopp.com\/sl\/wp-json\/wp\/v2\/types\/product"}],"replies":[{"embeddable":true,"href":"https:\/\/dersuessestopp.com\/sl\/wp-json\/wp\/v2\/comments?post=7132"}],"version-history":[{"count":1,"href":"https:\/\/dersuessestopp.com\/sl\/wp-json\/wp\/v2\/product\/7132\/revisions"}],"predecessor-version":[{"id":7133,"href":"https:\/\/dersuessestopp.com\/sl\/wp-json\/wp\/v2\/product\/7132\/revisions\/7133"}],"wp:featuredmedia":[{"embeddable":true,"href":"https:\/\/dersuessestopp.com\/sl\/wp-json\/wp\/v2\/media\/7129"}],"wp:attachment":[{"href":"https:\/\/dersuessestopp.com\/sl\/wp-json\/wp\/v2\/media?parent=7132"}],"wp:term":[{"taxonomy":"product_brand","embeddable":true,"href":"https:\/\/dersuessestopp.com\/sl\/wp-json\/wp\/v2\/product_brand?post=7132"},{"taxonomy":"product_cat","embeddable":true,"href":"https:\/\/dersuessestopp.com\/sl\/wp-json\/wp\/v2\/product_cat?post=7132"},{"taxonomy":"product_tag","embeddable":true,"href":"https:\/\/dersuessestopp.com\/sl\/wp-json\/wp\/v2\/product_tag?post=7132"}],"curies":[{"name":"wp","href":"https:\/\/api.w.org\/{rel}","templated":true}]}}