{"id":7124,"date":"2025-08-30T10:40:26","date_gmt":"2025-08-30T10:40:26","guid":{"rendered":"https:\/\/dersuessestopp.com\/?post_type=product&#038;p=7124"},"modified":"2025-08-30T10:40:26","modified_gmt":"2025-08-30T10:40:26","slug":"r60-rafinerij","status":"publish","type":"product","link":"https:\/\/dersuessestopp.com\/sl\/product\/r60-refiner\/","title":{"rendered":"Rafiner R60"},"content":{"rendered":"<p data-start=\"156\" data-end=\"501\">Spletna stran <strong data-start=\"160\" data-end=\"182\">Bilait R60 Rafiner<\/strong> zdru\u017euje najve\u010djo zmogljivost in produktivnost z inovativnim <strong data-start=\"245\" data-end=\"273\">vertikalni sistem za rafiniranje<\/strong>, zasnovan za izbolj\u0161anje higiene, u\u010dinkovitosti in uspe\u0161nosti pri predelavi oljnih semen in kakava. S svojim <strong data-start=\"374\" data-end=\"392\">nosilnost 60 kg<\/strong>, je najve\u010dji model v na\u0161i liniji Bean-to-Bar, ki v kompaktnem formatu ponuja profesionalno kakovostne rezultate.<\/p>\n<p data-start=\"503\" data-end=\"778\">V celoti zgrajen iz <strong data-start=\"523\" data-end=\"555\">visokokakovostno nerjavno jeklo<\/strong> in opremljena z <strong data-start=\"574\" data-end=\"609\">granitni kamen ali teflonski valj\u010dki<\/strong>, ta stroj zagotavlja vzdr\u017eljivost, enostavno \u010di\u0161\u010denje in vrhunsko pre\u010di\u0161\u010devanje. Valji so v celoti odstranljivi in <strong data-start=\"721\" data-end=\"740\">, ki ga je mogo\u010de pomivati v pomivalnem stroju.<\/strong>, kar zagotavlja higieno in prakti\u010dnost.<\/p>\n<p data-start=\"780\" data-end=\"1039\">Zaradi svoje <strong data-start=\"794\" data-end=\"844\">samodejni ogrevalni sistem s termostatskim krmiljenjem<\/strong> (do 70 \u00b0C), inteligentnimi senzorji in dodatnimi funkcijami doziranja Bilait R60 zagotavlja brezhibno pre\u010di\u0161\u010devanje ter ohranja naravne arome in lastnosti kakavovih zrn, ore\u0161\u010dkov in oljnih semen.<\/p>\n<p data-start=\"1041\" data-end=\"1319\">Kljub visoki mo\u010di je stroj <strong data-start=\"1080\" data-end=\"1101\">tiho in kompaktno<\/strong>, zato je primeren tudi za odprte laboratorije ali obrtni\u0161ke delavnice. Pametni dodatki, kot je npr. <strong data-start=\"1198\" data-end=\"1214\">ventilator conching<\/strong> in temperiranje, je vsestranska izbira za profesionalne izdelovalce \u010dokolade in ore\u0161\u010dkov.<\/p>\n<p data-start=\"1321\" data-end=\"1461\">Ponosno <strong data-start=\"1329\" data-end=\"1351\">100% Izdelano v Italiji<\/strong>, Bilait R60 odra\u017ea patentirano zasnovo, ki zdru\u017euje natan\u010dnost, zanesljivost in obrtni\u0161ko izdelavo.<\/p>\n<h3 data-start=\"1468\" data-end=\"1486\">Klju\u010dne lastnosti<\/h3>\n<ul data-start=\"1487\" data-end=\"2027\">\n<li data-start=\"1487\" data-end=\"1551\">\n<p data-start=\"1489\" data-end=\"1551\">Vertikalni rafinacijski sistem za bolj\u0161o higieno in u\u010dinkovitost<\/p>\n<\/li>\n<li data-start=\"1552\" data-end=\"1606\">\n<p data-start=\"1554\" data-end=\"1606\"><strong data-start=\"1554\" data-end=\"1581\">zmogljivost rafiniranja 60 kg<\/strong> - najve\u010dji v svojem razredu<\/p>\n<\/li>\n<li data-start=\"1607\" data-end=\"1674\">\n<p data-start=\"1609\" data-end=\"1674\">Konstrukcija iz nerjave\u010dega jekla z <strong data-start=\"1643\" data-end=\"1672\">granitni ali teflonski valj\u010dki<\/strong><\/p>\n<\/li>\n<li data-start=\"1675\" data-end=\"1730\">\n<p data-start=\"1677\" data-end=\"1730\">Valj\u010dki so <strong data-start=\"1689\" data-end=\"1728\">popolnoma odstranljiv in primeren za pomivanje v pomivalnem stroju<\/strong><\/p>\n<\/li>\n<li data-start=\"1731\" data-end=\"1795\">\n<p data-start=\"1733\" data-end=\"1795\">Izpopolnjuje se do <strong data-start=\"1749\" data-end=\"1765\">0,18 mikrona<\/strong> za gladke in vrhunske rezultate<\/p>\n<\/li>\n<li data-start=\"1796\" data-end=\"1869\">\n<p data-start=\"1798\" data-end=\"1869\"><strong data-start=\"1798\" data-end=\"1822\">Samodejni termostat<\/strong> za natan\u010den nadzor temperature (do 70 \u00b0C)<\/p>\n<\/li>\n<li data-start=\"1870\" data-end=\"1932\">\n<p data-start=\"1872\" data-end=\"1932\">Kompaktno in tiho delovanje, idealno za delavnice in odprte laboratorije<\/p>\n<\/li>\n<li data-start=\"1933\" data-end=\"1988\">\n<p data-start=\"1935\" data-end=\"1988\">Izbirno <strong data-start=\"1944\" data-end=\"1986\">Ventilator za kon\u0161iranje in integracijo kaljenja<\/strong><\/p>\n<\/li>\n<li data-start=\"1989\" data-end=\"2027\">\n<p data-start=\"1991\" data-end=\"2027\">Zasnovan in izdelan v Italiji<\/p>\n<\/li>\n<\/ul>\n<h3 data-start=\"2034\" data-end=\"2064\">Tehni\u010dne specifikacije<\/h3>\n<table>\n<thead>\n<tr>\n<th><strong>Specifikacija<\/strong><\/th>\n<th><strong>Bilait R60<\/strong><\/th>\n<\/tr>\n<\/thead>\n<tbody>\n<tr>\n<td>Zmogljivost<\/td>\n<td>60 kg<\/td>\n<\/tr>\n<tr>\n<td>Te\u017ea<\/td>\n<td>185 kg<\/td>\n<\/tr>\n<tr>\n<td>Dimenzije<\/td>\n<td>n.d. (je treba opredeliti)<\/td>\n<\/tr>\n<tr>\n<td>Napetost<\/td>\n<td>400 V - 50 Hz<\/td>\n<\/tr>\n<tr>\n<td>Pomo\u017ene organizacije<\/td>\n<td>24 V AD\/DC<\/td>\n<\/tr>\n<tr>\n<td>Name\u0161\u010dena mo\u010d<\/td>\n<td>2,4 kW<\/td>\n<\/tr>\n<tr>\n<td>Name\u0161\u010den trenutni<\/td>\n<td>6 A<\/td>\n<\/tr>\n<tr>\n<td>Delovna temperatura<\/td>\n<td>+5 \u00b0C do +40 \u00b0C<\/td>\n<\/tr>\n<tr>\n<td>Ogrevalni sistem<\/td>\n<td>Notranji, do 70 \u00b0C (s termostatom)<\/td>\n<\/tr>\n<tr>\n<td>Raven hrupa<\/td>\n<td>&lt; 75 dB(A)<\/td>\n<\/tr>\n<tr>\n<td>Gradbeni material<\/td>\n<td>Vlo\u017eki iz nerjave\u010dega jekla, granita ali teflona<\/td>\n<\/tr>\n<\/tbody>\n<\/table>","protected":false},"excerpt":{"rendered":"<p>The Bilait R60 Refiner combines maximum capacity and productivity with an innovative vertical refining system, designed to enhance hygiene, efficiency, and performance in oilseed and cocoa processing. With its 60 kg capacity, it is the largest model in our Bean-to-Bar line, offering professional-grade results in a compact format. Built entirely from high-quality stainless steel and [&hellip;]<\/p>\n","protected":false},"featured_media":7129,"comment_status":"open","ping_status":"closed","template":"","meta":[],"product_brand":[],"product_cat":[47],"product_tag":[],"class_list":{"0":"post-7124","1":"product","2":"type-product","3":"status-publish","4":"has-post-thumbnail","6":"product_cat-bean-to-bar-line","8":"first","9":"instock","10":"shipping-taxable","11":"product-type-simple"},"_links":{"self":[{"href":"https:\/\/dersuessestopp.com\/sl\/wp-json\/wp\/v2\/product\/7124","targetHints":{"allow":["GET"]}}],"collection":[{"href":"https:\/\/dersuessestopp.com\/sl\/wp-json\/wp\/v2\/product"}],"about":[{"href":"https:\/\/dersuessestopp.com\/sl\/wp-json\/wp\/v2\/types\/product"}],"replies":[{"embeddable":true,"href":"https:\/\/dersuessestopp.com\/sl\/wp-json\/wp\/v2\/comments?post=7124"}],"version-history":[{"count":2,"href":"https:\/\/dersuessestopp.com\/sl\/wp-json\/wp\/v2\/product\/7124\/revisions"}],"predecessor-version":[{"id":7131,"href":"https:\/\/dersuessestopp.com\/sl\/wp-json\/wp\/v2\/product\/7124\/revisions\/7131"}],"wp:featuredmedia":[{"embeddable":true,"href":"https:\/\/dersuessestopp.com\/sl\/wp-json\/wp\/v2\/media\/7129"}],"wp:attachment":[{"href":"https:\/\/dersuessestopp.com\/sl\/wp-json\/wp\/v2\/media?parent=7124"}],"wp:term":[{"taxonomy":"product_brand","embeddable":true,"href":"https:\/\/dersuessestopp.com\/sl\/wp-json\/wp\/v2\/product_brand?post=7124"},{"taxonomy":"product_cat","embeddable":true,"href":"https:\/\/dersuessestopp.com\/sl\/wp-json\/wp\/v2\/product_cat?post=7124"},{"taxonomy":"product_tag","embeddable":true,"href":"https:\/\/dersuessestopp.com\/sl\/wp-json\/wp\/v2\/product_tag?post=7124"}],"curies":[{"name":"wp","href":"https:\/\/api.w.org\/{rel}","templated":true}]}}