{"id":7104,"date":"2025-08-30T10:29:54","date_gmt":"2025-08-30T10:29:54","guid":{"rendered":"https:\/\/dersuessestopp.com\/?post_type=product&#038;p=7104"},"modified":"2025-08-30T10:29:54","modified_gmt":"2025-08-30T10:29:54","slug":"aya-k6","status":"publish","type":"product","link":"https:\/\/dersuessestopp.com\/sl\/product\/aya-k6\/","title":{"rendered":"Aya K6"},"content":{"rendered":"<p data-start=\"348\" data-end=\"660\">Spletna stran <strong data-start=\"352\" data-end=\"362\">Aya K6<\/strong> je profesionalna namizna fontana za \u010dokolado, zasnovana za sladoledarne, kavarne, bare in restavracije, ki \u017eelijo navdu\u0161iti stranke z vizualnim u\u010dinkom in neustavljivo aromo. Poleg tega, da je funkcionalna, izbolj\u0161a vzdu\u0161je vsakega prostora, saj mu doda pridih novosti in elegance.<\/p>\n<p data-start=\"662\" data-end=\"823\">Zaradi svoje <strong data-start=\"676\" data-end=\"700\">ohi\u0161je iz nerjave\u010dega jekla<\/strong>, sistemom z dvema motorjema in pametnimi funkcijami, Aya K6 zagotavlja <strong data-start=\"760\" data-end=\"784\">neprekinjeno delovanje<\/strong>, visoka vzdr\u017eljivost in varno rokovanje.<\/p>\n<p data-start=\"825\" data-end=\"1107\">Vrhunec je <strong data-start=\"844\" data-end=\"858\">No\u010dni na\u010din<\/strong>: z enim samim gumbom se vrti\u010dek obrne in vrne vso \u010dokolado v posodo, kar zagotavlja preprost in varen ponovni zagon naslednji dan. Spletna stran <strong data-start=\"990\" data-end=\"1025\">odstranljiv pol\u017e iz nerjave\u010dega jekla<\/strong> prav tako omogo\u010da preprosto preklapljanje med razli\u010dnimi vrstami in barvami \u010dokolade.<\/p>\n<h3 data-start=\"1114\" data-end=\"1140\"><strong data-start=\"1118\" data-end=\"1138\">Lastnosti izdelka<\/strong><\/h3>\n<ul data-start=\"1141\" data-end=\"1670\">\n<li data-start=\"1141\" data-end=\"1208\">\n<p data-start=\"1143\" data-end=\"1208\">Kompaktna namizna fontana za \u010dokolado, idealna za komercialno uporabo<\/p>\n<\/li>\n<li data-start=\"1209\" data-end=\"1278\">\n<p data-start=\"1211\" data-end=\"1278\">Robusten <strong data-start=\"1218\" data-end=\"1250\">konstrukcija iz nerjave\u010dega jekla<\/strong> za vzdr\u017eljivost in varnost<\/p>\n<\/li>\n<li data-start=\"1279\" data-end=\"1363\">\n<p data-start=\"1281\" data-end=\"1363\"><strong data-start=\"1281\" data-end=\"1307\">Dva neodvisna motorja<\/strong> za me\u0161alo in pol\u017e, kar zagotavlja zanesljivo delovanje.<\/p>\n<\/li>\n<li data-start=\"1364\" data-end=\"1416\">\n<p data-start=\"1366\" data-end=\"1416\"><strong data-start=\"1366\" data-end=\"1380\">No\u010dni na\u010din<\/strong> za varno shranjevanje in enostaven ponovni zagon<\/p>\n<\/li>\n<li data-start=\"1417\" data-end=\"1505\">\n<p data-start=\"1419\" data-end=\"1505\"><strong data-start=\"1419\" data-end=\"1448\">Nadzorna plo\u0161\u010da z zaslonom na dotik<\/strong> z ve\u010dnamenskimi programi in upravljanjem temperature<\/p>\n<\/li>\n<li data-start=\"1506\" data-end=\"1593\">\n<p data-start=\"1508\" data-end=\"1593\"><strong data-start=\"1508\" data-end=\"1543\">Odstranljiv sveder iz nerjave\u010dega jekla<\/strong> za enostavno \u010di\u0161\u010denje in menjavo \u010dokoladnih vrst<\/p>\n<\/li>\n<li data-start=\"1594\" data-end=\"1670\">\n<p data-start=\"1596\" data-end=\"1670\">Izbirno <strong data-start=\"1605\" data-end=\"1630\">Paket Aya 4.0 Wi-Fi<\/strong> za daljinsko upravljanje in pomo\u010d na daljavo<\/p>\n<\/li>\n<\/ul>\n<h3 data-start=\"1677\" data-end=\"1711\"><strong data-start=\"1681\" data-end=\"1709\">Tehni\u010dne specifikacije<\/strong><\/h3>\n<table>\n<thead>\n<tr>\n<th><strong>Kategorija<\/strong><\/th>\n<th><strong>Podrobnosti<\/strong><\/th>\n<\/tr>\n<\/thead>\n<tbody>\n<tr>\n<td><strong>Dimenzije in te\u017ea<\/strong><\/td>\n<td>Dol\u017eina: 46 cm\u0160irina: 36 cmCelotna vi\u0161ina: 80,5 cmPremer posode: 20 cmDol\u017eina izstopne cevi: 38,5 cmTelota stroja: 40 kgValnost posode: 6 kgMaterial ohi\u0161ja: Material: nerjave\u010de jeklo<\/td>\n<\/tr>\n<tr>\n<td><strong>Poraba<\/strong><\/td>\n<td>1 kW230 V - 50\/60 Hz<\/td>\n<\/tr>\n<tr>\n<td><strong>Delovni \u010das<\/strong><\/td>\n<td>Topljenje in u\u010dinek fontane:- 1 ura (iz \u010dokoladnih ko\u0161\u010dkov)- Nekaj sekund (iz pripravljenosti)<\/td>\n<\/tr>\n<tr>\n<td><strong>Krmiljenje in instrumenti<\/strong><\/td>\n<td>4,3-pal\u010dni zaslon na dotikRu\u010dni na\u010din in na\u010din pripravljenostiElektronsko doziranjeUpravljanje temperatureDaljinski nadzor in teleasistencaBrezpe\u010dnostne varovalke na glavnih komponentahNeraztegljiva varovalka za motor svedraInverter za obra\u010danje svedraPedal za ustavitev pretoka \u010dokoladeMagnetni senzor za za\u0161\u010dito rezervoarja<\/td>\n<\/tr>\n<tr>\n<td><strong>Sistem gibanja<\/strong><\/td>\n<td>2 enofazna motorja2 reduktorjaSnemljiv sveder iz nerjave\u010dega jekla<\/td>\n<\/tr>\n<tr>\n<td><strong>Ogrevalni sistem<\/strong><\/td>\n<td>1 Silikonski upor (ogrevanje rezervoarja)1 Kabelski upor (ogrevanje svedra)<\/td>\n<\/tr>\n<tr>\n<td><strong>Izbirno<\/strong><\/td>\n<td><strong>Paket Aya 4.0<\/strong>: klju\u010d Wi-Fi, tabli\u010dni ra\u010dunalnik z navodili in videoposnetki, pomo\u010d na daljavo<\/td>\n<\/tr>\n<tr>\n<td><strong>Nadzor temperature<\/strong><\/td>\n<td>2 sondi PT 100: (1) rezervoar, (2) pol\u017ea<\/td>\n<\/tr>\n<\/tbody>\n<\/table>","protected":false},"excerpt":{"rendered":"<p>The Aya K6 is a professional countertop chocolate fountain designed for ice cream parlors, caf\u00e9s, bars, and restaurants that want to delight customers with both visual impact and irresistible aroma. Beyond being functional, it enhances the atmosphere of any venue by adding a touch of novelty and elegance. Thanks to its stainless steel body, dual [&hellip;]<\/p>\n","protected":false},"featured_media":7120,"comment_status":"open","ping_status":"closed","template":"","meta":[],"product_brand":[],"product_cat":[46],"product_tag":[],"class_list":{"0":"post-7104","1":"product","2":"type-product","3":"status-publish","4":"has-post-thumbnail","6":"product_cat-countertop-chocolate-melter","8":"first","9":"instock","10":"shipping-taxable","11":"product-type-simple"},"_links":{"self":[{"href":"https:\/\/dersuessestopp.com\/sl\/wp-json\/wp\/v2\/product\/7104","targetHints":{"allow":["GET"]}}],"collection":[{"href":"https:\/\/dersuessestopp.com\/sl\/wp-json\/wp\/v2\/product"}],"about":[{"href":"https:\/\/dersuessestopp.com\/sl\/wp-json\/wp\/v2\/types\/product"}],"replies":[{"embeddable":true,"href":"https:\/\/dersuessestopp.com\/sl\/wp-json\/wp\/v2\/comments?post=7104"}],"version-history":[{"count":2,"href":"https:\/\/dersuessestopp.com\/sl\/wp-json\/wp\/v2\/product\/7104\/revisions"}],"predecessor-version":[{"id":7122,"href":"https:\/\/dersuessestopp.com\/sl\/wp-json\/wp\/v2\/product\/7104\/revisions\/7122"}],"wp:featuredmedia":[{"embeddable":true,"href":"https:\/\/dersuessestopp.com\/sl\/wp-json\/wp\/v2\/media\/7120"}],"wp:attachment":[{"href":"https:\/\/dersuessestopp.com\/sl\/wp-json\/wp\/v2\/media?parent=7104"}],"wp:term":[{"taxonomy":"product_brand","embeddable":true,"href":"https:\/\/dersuessestopp.com\/sl\/wp-json\/wp\/v2\/product_brand?post=7104"},{"taxonomy":"product_cat","embeddable":true,"href":"https:\/\/dersuessestopp.com\/sl\/wp-json\/wp\/v2\/product_cat?post=7104"},{"taxonomy":"product_tag","embeddable":true,"href":"https:\/\/dersuessestopp.com\/sl\/wp-json\/wp\/v2\/product_tag?post=7104"}],"curies":[{"name":"wp","href":"https:\/\/api.w.org\/{rel}","templated":true}]}}