{"id":7093,"date":"2025-08-30T10:21:37","date_gmt":"2025-08-30T10:21:37","guid":{"rendered":"https:\/\/dersuessestopp.com\/?post_type=product&#038;p=7093"},"modified":"2025-08-30T10:21:37","modified_gmt":"2025-08-30T10:21:37","slug":"aya-k6-dvojno","status":"publish","type":"product","link":"https:\/\/dersuessestopp.com\/sl\/product\/aya-k6-double\/","title":{"rendered":"Aya K6 Double"},"content":{"rendered":"<p data-start=\"315\" data-end=\"665\">Spletna stran <strong data-start=\"319\" data-end=\"336\">Aya K6 Double<\/strong> je vrhunski to\u010dilni pult za \u010dokolado in fontana, zasnovana za sladoledarne, kavarne, pekarne in restavracije, ki \u017eelijo navdu\u0161iti stranke z <strong data-start=\"498\" data-end=\"520\">slog in funkcija<\/strong>. Ta model zdru\u017euje privla\u010den u\u010dinek \u010dokoladne fontane z naprednimi funkcijami, ki zagotavljajo zanesljivost, u\u010dinkovitost in preprosto uporabo.<\/p>\n<p data-start=\"667\" data-end=\"884\">Zaradi svoje <strong data-start=\"681\" data-end=\"705\">ohi\u0161je iz nerjave\u010dega jekla<\/strong>, <strong data-start=\"707\" data-end=\"728\">sistem z dvema motorjema<\/strong>, in <strong data-start=\"734\" data-end=\"753\">odstranljiv pol\u017e<\/strong>, Aya K6 Double zagotavlja dosledno delovanje pri dalj\u0161em obratovanju in hkrati ohranja najvi\u0161je standarde varnosti \u017eivil.<\/p>\n<p data-start=\"886\" data-end=\"1170\">Njegova spletna stran <strong data-start=\"890\" data-end=\"904\">No\u010dni na\u010din<\/strong> omogo\u010da samodejno vra\u010danje \u010dokolade v rezervoar, kar zagotavlja nemoten ponovni zagon naslednji dan. Spletna stran <strong data-start=\"1015\" data-end=\"1045\">nadzorni sistem z zaslonom na dotik<\/strong> in naprednim upravljanjem doziranja\/temperature je odli\u010dna izbira za strokovnjake, ki i\u0161\u010dejo inovativnost in prakti\u010dnost.<\/p>\n<h3 data-start=\"1177\" data-end=\"1199\">Lastnosti izdelka<\/h3>\n<ul data-start=\"1200\" data-end=\"1948\">\n<li data-start=\"1200\" data-end=\"1292\">\n<p data-start=\"1202\" data-end=\"1292\"><strong data-start=\"1202\" data-end=\"1224\">Eleganten in vzdr\u017eljiv:<\/strong> Celotno ohi\u0161je iz nerjave\u010dega jekla za dolgotrajno uporabo in enostavno \u010di\u0161\u010denje.<\/p>\n<\/li>\n<li data-start=\"1293\" data-end=\"1393\">\n<p data-start=\"1295\" data-end=\"1393\"><strong data-start=\"1295\" data-end=\"1323\">Visoko zmogljiv sistem:<\/strong> Dva motorja za pol\u017ea in me\u0161alnik zagotavljata nemoten pretok \u010dokolade.<\/p>\n<\/li>\n<li data-start=\"1394\" data-end=\"1519\">\n<p data-start=\"1396\" data-end=\"1519\"><strong data-start=\"1396\" data-end=\"1423\">Uporabniku prijazni upravljalni elementi:<\/strong> 4,3-pal\u010dni zaslon na dotik z ve\u010dnamenskimi programi, mo\u017enostmi doziranja in upravljanjem temperature.<\/p>\n<\/li>\n<li data-start=\"1520\" data-end=\"1616\">\n<p data-start=\"1522\" data-end=\"1616\"><strong data-start=\"1522\" data-end=\"1537\">No\u010dni na\u010din:<\/strong> Obrnite motor pol\u017ea in vrnite \u010dokolado v rezervoar za varno uporabo \u010dez no\u010d.<\/p>\n<\/li>\n<li data-start=\"1617\" data-end=\"1741\">\n<p data-start=\"1619\" data-end=\"1741\"><strong data-start=\"1619\" data-end=\"1644\">Prilagodljivost in u\u010dinkovitost:<\/strong> Snemljiv pol\u017e iz nerjave\u010dega jekla omogo\u010da preklapljanje med razli\u010dnimi vrstami in barvami \u010dokolade.<\/p>\n<\/li>\n<li data-start=\"1742\" data-end=\"1837\">\n<p data-start=\"1744\" data-end=\"1837\"><strong data-start=\"1744\" data-end=\"1761\">Varnost na prvem mestu:<\/strong> Opremljeni so z varovalkami, ponastavljivimi za\u0161\u010ditami in magnetnimi varnostnimi senzorji.<\/p>\n<\/li>\n<li data-start=\"1838\" data-end=\"1948\">\n<p data-start=\"1840\" data-end=\"1948\"><strong data-start=\"1840\" data-end=\"1879\">Izbirna nadgradnja (paket Aya 4.0):<\/strong> klju\u010d Wi-Fi, tabli\u010dni ra\u010dunalnik z navodili in storitev pomo\u010di na daljavo.<\/p>\n<\/li>\n<\/ul>\n<h3 data-start=\"1955\" data-end=\"1985\">Tehni\u010dne specifikacije<\/h3>\n<div class=\"_tableContainer_1rjym_1\">\n<div class=\"_tableWrapper_1rjym_13 group flex w-fit flex-col-reverse\">\n<table>\n<thead>\n<tr>\n<th><strong>Kategorija<\/strong><\/th>\n<th><strong>Podrobnosti<\/strong><\/th>\n<\/tr>\n<\/thead>\n<tbody>\n<tr>\n<td><strong>Dimenzije in te\u017ea<\/strong><\/td>\n<td>Dol\u017eina: 46 cm - \u0160irina: 72,3 cm - Vi\u0161ina: 80,5 cm - Premer posode: 20 cm - Dol\u017eina odto\u010dne cevi: 38,5 cm - Te\u017ea: 76 kg - Zmogljivost posode: 6 kg \u00d7 1<\/td>\n<\/tr>\n<tr>\n<td><strong>Material telesa<\/strong><\/td>\n<td>Iz nerjave\u010dega jekla<\/td>\n<\/tr>\n<tr>\n<td><strong>Poraba<\/strong><\/td>\n<td>1 kW - 230 V - 50\/60 Hz<\/td>\n<\/tr>\n<tr>\n<td><strong>Delovni \u010das<\/strong><\/td>\n<td>Topljenje in u\u010dinek fontane: ~1 ura (s \u010dokoladnimi ko\u0161\u010dki) \/ nekaj sekund (iz stanja pripravljenosti)<\/td>\n<\/tr>\n<tr>\n<td><strong>Nadzorni sistem<\/strong><\/td>\n<td>4,3-pal\u010dni zaslon na dotik - ro\u010dni na\u010din in na\u010din pripravljenosti - elektronsko doziranje - upravljanje temperature - mo\u017enost daljinskega upravljanja<\/td>\n<\/tr>\n<tr>\n<td><strong>Varnostne funkcije<\/strong><\/td>\n<td>Varovalke glavnih sestavnih delov - Ponastavljiva varovalka svedra - Inverter za vzvratno delovanje svedra - Pedal za zaustavitev pretoka \u010dokolade - Magnetni senzor za za\u0161\u010dito rezervoarja<\/td>\n<\/tr>\n<tr>\n<td><strong>Sistem gibanja<\/strong><\/td>\n<td>2 \u00d7 enofazna motorja - 2 \u00d7 reduktorja - Odstranljiv sveder iz nerjave\u010dega jekla<\/td>\n<\/tr>\n<tr>\n<td><strong>Ogrevalni sistem<\/strong><\/td>\n<td>1 \u00d7 silikonski upor (rezervoar) - 1 \u00d7 upor kabla (sveder)<\/td>\n<\/tr>\n<tr>\n<td><strong>Nadzor temperature<\/strong><\/td>\n<td>2 \u00d7 sondi PT 100 (rezervoar + pol\u017e)<\/td>\n<\/tr>\n<tr>\n<td><strong>Neobvezno (paket Aya 4.0)<\/strong><\/td>\n<td>Klju\u010d Wi-Fi - Tabli\u010dni ra\u010dunalnik z navodili\/videoposnetki - Storitev pomo\u010di na daljavo<\/td>\n<\/tr>\n<\/tbody>\n<\/table>\n<\/div>\n<\/div>","protected":false},"excerpt":{"rendered":"<p>The Aya K6 Double is a premium countertop chocolate melter and fountain, designed for ice cream parlors, caf\u00e9s, bakeries, and restaurants that want to impress customers with both style and function. This model combines an eye-catching chocolate fountain effect with advanced features that guarantee reliability, efficiency, and ease of use. Thanks to its stainless steel [&hellip;]<\/p>\n","protected":false},"featured_media":7101,"comment_status":"open","ping_status":"closed","template":"","meta":[],"product_brand":[],"product_cat":[46],"product_tag":[],"class_list":{"0":"post-7093","1":"product","2":"type-product","3":"status-publish","4":"has-post-thumbnail","6":"product_cat-countertop-chocolate-melter","8":"first","9":"instock","10":"shipping-taxable","11":"product-type-simple"},"_links":{"self":[{"href":"https:\/\/dersuessestopp.com\/sl\/wp-json\/wp\/v2\/product\/7093","targetHints":{"allow":["GET"]}}],"collection":[{"href":"https:\/\/dersuessestopp.com\/sl\/wp-json\/wp\/v2\/product"}],"about":[{"href":"https:\/\/dersuessestopp.com\/sl\/wp-json\/wp\/v2\/types\/product"}],"replies":[{"embeddable":true,"href":"https:\/\/dersuessestopp.com\/sl\/wp-json\/wp\/v2\/comments?post=7093"}],"version-history":[{"count":2,"href":"https:\/\/dersuessestopp.com\/sl\/wp-json\/wp\/v2\/product\/7093\/revisions"}],"predecessor-version":[{"id":7103,"href":"https:\/\/dersuessestopp.com\/sl\/wp-json\/wp\/v2\/product\/7093\/revisions\/7103"}],"wp:featuredmedia":[{"embeddable":true,"href":"https:\/\/dersuessestopp.com\/sl\/wp-json\/wp\/v2\/media\/7101"}],"wp:attachment":[{"href":"https:\/\/dersuessestopp.com\/sl\/wp-json\/wp\/v2\/media?parent=7093"}],"wp:term":[{"taxonomy":"product_brand","embeddable":true,"href":"https:\/\/dersuessestopp.com\/sl\/wp-json\/wp\/v2\/product_brand?post=7093"},{"taxonomy":"product_cat","embeddable":true,"href":"https:\/\/dersuessestopp.com\/sl\/wp-json\/wp\/v2\/product_cat?post=7093"},{"taxonomy":"product_tag","embeddable":true,"href":"https:\/\/dersuessestopp.com\/sl\/wp-json\/wp\/v2\/product_tag?post=7093"}],"curies":[{"name":"wp","href":"https:\/\/api.w.org\/{rel}","templated":true}]}}