{"id":7087,"date":"2025-08-30T07:34:26","date_gmt":"2025-08-30T07:34:26","guid":{"rendered":"https:\/\/dersuessestopp.com\/?post_type=product&#038;p=7087"},"modified":"2025-08-30T07:37:20","modified_gmt":"2025-08-30T07:37:20","slug":"transportni-trak-za-adam-k60","status":"publish","type":"product","link":"https:\/\/dersuessestopp.com\/sl\/product\/conveyor-belt-for-adam-k60\/","title":{"rendered":"Transportni trak za Adam K60"},"content":{"rendered":"<p data-start=\"158\" data-end=\"200\"><strong data-start=\"158\" data-end=\"198\">Avtomatizirana re\u0161itev za premazovanje \u010dokolade<\/strong><\/p>\n<p data-start=\"202\" data-end=\"468\">Spletna stran <strong data-start=\"206\" data-end=\"236\">Transportni trak za Adam K60<\/strong> je namensko izdelana dodatna oprema, zasnovana za nemoteno povezovanje z namiznim strojem za kaljenje Adam K60. Skupaj avtomatizirata postopek oblaganja \u010dokolade in tako olaj\u0161ata izdelavo enrobiranih izdelkov profesionalne kakovosti.<\/p>\n<p data-start=\"470\" data-end=\"774\">Opremljen je z <strong data-start=\"486\" data-end=\"510\">mre\u017ea iz nerjave\u010dega jekla<\/strong>, teko\u010di trak omogo\u010da ustvarjanje <strong data-start=\"555\" data-end=\"576\">\u010dokoladna kaskada<\/strong>, ki omogo\u010da gladko premazovanje pi\u0161kotov, sadja, ore\u0161\u010dkov in drugih sla\u0161\u010dic. Vgrajen je <strong data-start=\"671\" data-end=\"688\">sistem puhala<\/strong> poskrbi, da se odstrani odve\u010dna \u010dokolada, zato so izdelki \u010disti in enakomerno obdelani.<\/p>\n<p data-start=\"776\" data-end=\"1063\">Stroj vklju\u010duje tudi <strong data-start=\"804\" data-end=\"831\">sistem za navijanje vo\u0161\u010denega papirja<\/strong> za samodejno name\u0161\u010danje izdelkov, kar zagotavlja enostavno zbiranje in rokovanje. Kompakten, trpe\u017een in izdelan iz <strong data-start=\"939\" data-end=\"971\">visokokakovostno nerjavno jeklo<\/strong>, zagotavlja zanesljivost in u\u010dinkovitost za \u010dokoladnice in sla\u0161\u010di\u010darne.<\/p>\n<h2 data-start=\"1070\" data-end=\"1089\">Lastnosti izdelka<\/h2>\n<ul data-start=\"1090\" data-end=\"1547\">\n<li data-start=\"1090\" data-end=\"1155\">\n<p data-start=\"1092\" data-end=\"1155\">Zasnovan posebej za <strong data-start=\"1122\" data-end=\"1152\">Adam K60 stroj za kaljenje<\/strong>.<\/p>\n<\/li>\n<li data-start=\"1156\" data-end=\"1229\">\n<p data-start=\"1158\" data-end=\"1229\"><strong data-start=\"1158\" data-end=\"1191\">Mre\u017eni transporter iz nerjave\u010dega jekla<\/strong> za higieni\u010dno in trajno delovanje.<\/p>\n<\/li>\n<li data-start=\"1230\" data-end=\"1282\">\n<p data-start=\"1232\" data-end=\"1282\"><strong data-start=\"1232\" data-end=\"1262\">Sistem \u010dokoladnih slapov<\/strong> za enakomeren nanos.<\/p>\n<\/li>\n<li data-start=\"1283\" data-end=\"1336\">\n<p data-start=\"1285\" data-end=\"1336\">Integrirani <strong data-start=\"1296\" data-end=\"1306\">puhalo<\/strong> odstranite odve\u010dno \u010dokolado.<\/p>\n<\/li>\n<li data-start=\"1337\" data-end=\"1404\">\n<p data-start=\"1339\" data-end=\"1404\">Samodejno <strong data-start=\"1349\" data-end=\"1369\">kolut vo\u0161\u010denega papirja<\/strong> za priro\u010dno rokovanje z izdelki.<\/p>\n<\/li>\n<li data-start=\"1405\" data-end=\"1474\">\n<p data-start=\"1407\" data-end=\"1474\"><strong data-start=\"1407\" data-end=\"1444\">Fiksna mo\u010d ventilatorja in hitrost jermena<\/strong> za dosledno delovanje.<\/p>\n<\/li>\n<li data-start=\"1475\" data-end=\"1547\">\n<p data-start=\"1477\" data-end=\"1547\"><strong data-start=\"1477\" data-end=\"1495\">Kompaktna zasnova<\/strong> s konstrukcijo iz nerjave\u010dega jekla za vzdr\u017eljivost.<\/p>\n<\/li>\n<\/ul>\n<h2 data-start=\"1554\" data-end=\"1581\">Tehni\u010dne specifikacije<\/h2>\n<table>\n<thead>\n<tr>\n<th><strong>Kategorija<\/strong><\/th>\n<th><strong>Podrobnosti<\/strong><\/th>\n<\/tr>\n<\/thead>\n<tbody>\n<tr>\n<td><strong>Dimenzije in te\u017ea<\/strong><\/td>\n<td>Dol\u017eina: 106,5 cm\u0160irina: 48 cmCelotna vi\u0161ina: 51 cm\u0160irina pasu: 30 cmDol\u017eina izstopnega obmo\u010dja: 46,3 cmTovor: 45 kgMaterial telesa: Material: nerjave\u010de jeklo<\/td>\n<\/tr>\n<tr>\n<td><strong>Poraba<\/strong><\/td>\n<td>1 kW230 V - 50 Hz (op. 230 V)<\/td>\n<\/tr>\n<tr>\n<td><strong>Instrumentacija<\/strong><\/td>\n<td>1 pihalnik1 zvitek vo\u0161\u010denega papirja1 \u010dokoladni slapDirektna elektri\u010dna povezava z Adamom K60<\/td>\n<\/tr>\n<tr>\n<td><strong>Sistem gibanja<\/strong><\/td>\n<td>1 motorGril iz nerjave\u010dega jekla30 cm modri trak<\/td>\n<\/tr>\n<\/tbody>\n<\/table>","protected":false},"excerpt":{"rendered":"<p>Automated Chocolate Coating Solution The Conveyor Belt for Adam K60 is a purpose-built accessory designed to seamlessly integrate with the Adam K60 benchtop tempering machine. Together, they automate the chocolate coating process, making it easier to produce professional-quality enrobed products. Equipped with a stainless steel grid, the conveyor belt allows the creation of a chocolate [&hellip;]<\/p>\n","protected":false},"featured_media":7089,"comment_status":"open","ping_status":"closed","template":"","meta":[],"product_brand":[],"product_cat":[45],"product_tag":[],"class_list":{"0":"post-7087","1":"product","2":"type-product","3":"status-publish","4":"has-post-thumbnail","6":"product_cat-tempering-belts","8":"first","9":"instock","10":"shipping-taxable","11":"product-type-simple"},"_links":{"self":[{"href":"https:\/\/dersuessestopp.com\/sl\/wp-json\/wp\/v2\/product\/7087","targetHints":{"allow":["GET"]}}],"collection":[{"href":"https:\/\/dersuessestopp.com\/sl\/wp-json\/wp\/v2\/product"}],"about":[{"href":"https:\/\/dersuessestopp.com\/sl\/wp-json\/wp\/v2\/types\/product"}],"replies":[{"embeddable":true,"href":"https:\/\/dersuessestopp.com\/sl\/wp-json\/wp\/v2\/comments?post=7087"}],"version-history":[{"count":1,"href":"https:\/\/dersuessestopp.com\/sl\/wp-json\/wp\/v2\/product\/7087\/revisions"}],"predecessor-version":[{"id":7091,"href":"https:\/\/dersuessestopp.com\/sl\/wp-json\/wp\/v2\/product\/7087\/revisions\/7091"}],"wp:featuredmedia":[{"embeddable":true,"href":"https:\/\/dersuessestopp.com\/sl\/wp-json\/wp\/v2\/media\/7089"}],"wp:attachment":[{"href":"https:\/\/dersuessestopp.com\/sl\/wp-json\/wp\/v2\/media?parent=7087"}],"wp:term":[{"taxonomy":"product_brand","embeddable":true,"href":"https:\/\/dersuessestopp.com\/sl\/wp-json\/wp\/v2\/product_brand?post=7087"},{"taxonomy":"product_cat","embeddable":true,"href":"https:\/\/dersuessestopp.com\/sl\/wp-json\/wp\/v2\/product_cat?post=7087"},{"taxonomy":"product_tag","embeddable":true,"href":"https:\/\/dersuessestopp.com\/sl\/wp-json\/wp\/v2\/product_tag?post=7087"}],"curies":[{"name":"wp","href":"https:\/\/api.w.org\/{rel}","templated":true}]}}