{"id":7073,"date":"2025-08-30T07:01:41","date_gmt":"2025-08-30T07:01:41","guid":{"rendered":"https:\/\/dersuessestopp.com\/?post_type=product&#038;p=7073"},"modified":"2025-08-30T07:01:41","modified_gmt":"2025-08-30T07:01:41","slug":"adam-k60","status":"publish","type":"product","link":"https:\/\/dersuessestopp.com\/sl\/product\/adam-k60\/","title":{"rendered":"Adam K60"},"content":{"rendered":"<p data-start=\"186\" data-end=\"258\"><strong data-start=\"186\" data-end=\"256\">Vsestranski, visoko zmogljiv to\u010dilni stroj za temperiranje \u010dokolade<\/strong><\/p>\n<p data-start=\"260\" data-end=\"600\">Adam K60 je zasnovan za obrtni\u0161ke \u010dokoladnice in sla\u0161\u010di\u010darne, ki potrebujejo <strong data-start=\"340\" data-end=\"399\">visoka proizvodna zmogljivost, natan\u010dnost in enostavna uporaba<\/strong>. Z zmogljivostjo posode <strong data-start=\"425\" data-end=\"434\">60 kg<\/strong> in urno proizvodnjo do <strong data-start=\"465\" data-end=\"497\">100 kg temperirane \u010dokolade<\/strong>, je odli\u010dna izbira za delavnice, ki \u017eelijo optimizirati u\u010dinkovitost, ne da bi pri tem ogrozili kakovost.<\/p>\n<p data-start=\"602\" data-end=\"917\">Opremljen je z <strong data-start=\"619\" data-end=\"658\">intuitivna nadzorna plo\u0161\u010da z zaslonom na dotik<\/strong> Adam K60 z napredno tehnologijo 4.0 omogo\u010da enostavno upravljanje temperature, temperacijskih ciklov in doziranja z le nekaj dotiki. Robustna konstrukcija iz nerjave\u010dega jekla zagotavlja vzdr\u017eljivost, ergonomska zasnova pa poenostavlja vsakodnevno uporabo.<\/p>\n<p data-start=\"919\" data-end=\"1206\">Stroj je <strong data-start=\"933\" data-end=\"952\">odstranljiv pol\u017e<\/strong> omogo\u010da hitro \u010di\u0161\u010denje in vzdr\u017eevanje. Ima tudi zadnjo izpustno cev, krmiljenje z vzvratno prestavo in integrirano vibracijsko ogrevalno mizo z dvema dr\u017ealoma za kalupe, zato je vsestranska in prakti\u010dna re\u0161itev za profesionalno proizvodnjo \u010dokolade.<\/p>\n<p data-start=\"1208\" data-end=\"1345\">Za \u0161e ve\u010djo prilagodljivost Adam K60 ponuja <strong data-start=\"1258\" data-end=\"1289\">opcijska povezljivost Wi-Fi<\/strong>, ki omogo\u010da daljinski nadzor in spremljanje procesov.<\/p>\n<h3 data-start=\"1352\" data-end=\"1370\">Klju\u010dne lastnosti<\/h3>\n<ul data-start=\"1371\" data-end=\"2026\">\n<li data-start=\"1371\" data-end=\"1485\">\n<p data-start=\"1373\" data-end=\"1485\"><strong data-start=\"1373\" data-end=\"1391\">Velika zmogljivost<\/strong> - 60-kilogramska posoda iz nerjavnega jekla z neprekinjenim kaljenjem in urno proizvodnjo do 100 kg.<\/p>\n<\/li>\n<li data-start=\"1486\" data-end=\"1629\">\n<p data-start=\"1488\" data-end=\"1629\"><strong data-start=\"1488\" data-end=\"1509\">Zaslon na dotik<\/strong> - Interaktivni in intuitivni vmesnik z no\u010dnim na\u010dinom, hitrim izklopom, vzvratno prestavo in natan\u010dnim nadzorom temperature.<\/p>\n<\/li>\n<li data-start=\"1630\" data-end=\"1746\">\n<p data-start=\"1632\" data-end=\"1746\"><strong data-start=\"1632\" data-end=\"1652\">Enostavno vzdr\u017eevanje<\/strong> - Zgoraj odstranljiv pol\u017e s \u0161tirimi gumbi za preprosto \u010di\u0161\u010denje in zadnja izpustna cev.<\/p>\n<\/li>\n<li data-start=\"1747\" data-end=\"1853\">\n<p data-start=\"1749\" data-end=\"1853\"><strong data-start=\"1749\" data-end=\"1779\">Vgrajena vibracijska miza<\/strong> - Dva dr\u017eala za kalupe z ogrevanjem re\u0161etke za u\u010dinkovito oblikovanje.<\/p>\n<\/li>\n<li data-start=\"1854\" data-end=\"1956\">\n<p data-start=\"1856\" data-end=\"1956\"><strong data-start=\"1856\" data-end=\"1880\">Trpe\u017ena konstrukcija<\/strong> - Celotno ohi\u0161je iz nerjavnega jekla, izdelano za zanesljivost in dolgo \u017eivljenjsko dobo.<\/p>\n<\/li>\n<li data-start=\"1957\" data-end=\"2026\">\n<p data-start=\"1959\" data-end=\"2026\"><strong data-start=\"1959\" data-end=\"1984\">Izbirni klju\u010d Wi-Fi<\/strong> - Daljinski upravljalnik za ve\u010dje udobje.<\/p>\n<\/li>\n<\/ul>\n<h3 data-start=\"2033\" data-end=\"2063\">Tehni\u010dne specifikacije<\/h3>\n<table>\n<thead>\n<tr>\n<th><strong>Kategorija<\/strong><\/th>\n<th><strong>Podrobnosti<\/strong><\/th>\n<\/tr>\n<\/thead>\n<tbody>\n<tr>\n<td><strong>Dimenzije in te\u017ea<\/strong><\/td>\n<td>Te\u017ea: 90 kgRazse\u017enosti: 595 \u00d7 860 \u00d7 1440 mm<\/td>\n<\/tr>\n<tr>\n<td><strong>Kapaciteta sklede<\/strong><\/td>\n<td>60 kg<\/td>\n<\/tr>\n<tr>\n<td><strong>Material telesa<\/strong><\/td>\n<td>Iz nerjave\u010dega jekla<\/td>\n<\/tr>\n<tr>\n<td><strong>Urna proizvodnja<\/strong><\/td>\n<td>100 kg<\/td>\n<\/tr>\n<tr>\n<td><strong>Vibracijska miza<\/strong><\/td>\n<td>Nosilci kalupov \u0161t. 2 in integrirano ogrevanje \u017eara<\/td>\n<\/tr>\n<tr>\n<td><strong>Instrumentacija in elektri\u010dni sistem<\/strong><\/td>\n<td>- Glavno stikalo in stikalo v sili- Zaslon na dotik s tehnologijo 4.0- No\u010dni na\u010din in hiter izklop- Nadzor povratne prestave- Nadzor temperature in elektronsko doziranje<\/td>\n<\/tr>\n<tr>\n<td><strong>Sistem za ravnanje z izdelki<\/strong><\/td>\n<td>- 1 motor pol\u017ea - 1 motor kadi<\/td>\n<\/tr>\n<tr>\n<td><strong>Ogrevalni sistem<\/strong><\/td>\n<td>- Odpornost silikona za ogrevanje rezervoarja - Odpornost kabla za ogrevanje svedra<\/td>\n<\/tr>\n<tr>\n<td><strong>Hladilni sistem<\/strong><\/td>\n<td>- Hladilni sistem z vodnim \u0161nekom za hlajenje - 3 ventilatorji za hlajenje sestavnih delov<\/td>\n<\/tr>\n<tr>\n<td><strong>Poraba<\/strong><\/td>\n<td>3,5 kW50\/60 Hz, 400 V (230 V na voljo na zahtevo)<\/td>\n<\/tr>\n<\/tbody>\n<\/table>","protected":false},"excerpt":{"rendered":"<p>Versatile, high-performance countertop chocolate tempering machine The Adam K60 is designed for artisan chocolatiers and pastry shops that require high production capacity with precision and ease of use. With a bowl capacity of 60 kg and an hourly output of up to 100 kg of tempered chocolate, it is the perfect choice for workshops looking [&hellip;]<\/p>\n","protected":false},"featured_media":7074,"comment_status":"open","ping_status":"closed","template":"","meta":[],"product_brand":[],"product_cat":[44],"product_tag":[],"class_list":{"0":"post-7073","1":"product","2":"type-product","3":"status-publish","4":"has-post-thumbnail","6":"product_cat-tempering-line","8":"first","9":"instock","10":"shipping-taxable","11":"product-type-simple"},"_links":{"self":[{"href":"https:\/\/dersuessestopp.com\/sl\/wp-json\/wp\/v2\/product\/7073","targetHints":{"allow":["GET"]}}],"collection":[{"href":"https:\/\/dersuessestopp.com\/sl\/wp-json\/wp\/v2\/product"}],"about":[{"href":"https:\/\/dersuessestopp.com\/sl\/wp-json\/wp\/v2\/types\/product"}],"replies":[{"embeddable":true,"href":"https:\/\/dersuessestopp.com\/sl\/wp-json\/wp\/v2\/comments?post=7073"}],"version-history":[{"count":1,"href":"https:\/\/dersuessestopp.com\/sl\/wp-json\/wp\/v2\/product\/7073\/revisions"}],"predecessor-version":[{"id":7081,"href":"https:\/\/dersuessestopp.com\/sl\/wp-json\/wp\/v2\/product\/7073\/revisions\/7081"}],"wp:featuredmedia":[{"embeddable":true,"href":"https:\/\/dersuessestopp.com\/sl\/wp-json\/wp\/v2\/media\/7074"}],"wp:attachment":[{"href":"https:\/\/dersuessestopp.com\/sl\/wp-json\/wp\/v2\/media?parent=7073"}],"wp:term":[{"taxonomy":"product_brand","embeddable":true,"href":"https:\/\/dersuessestopp.com\/sl\/wp-json\/wp\/v2\/product_brand?post=7073"},{"taxonomy":"product_cat","embeddable":true,"href":"https:\/\/dersuessestopp.com\/sl\/wp-json\/wp\/v2\/product_cat?post=7073"},{"taxonomy":"product_tag","embeddable":true,"href":"https:\/\/dersuessestopp.com\/sl\/wp-json\/wp\/v2\/product_tag?post=7073"}],"curies":[{"name":"wp","href":"https:\/\/api.w.org\/{rel}","templated":true}]}}