{"id":7062,"date":"2025-08-30T06:45:00","date_gmt":"2025-08-30T06:45:00","guid":{"rendered":"https:\/\/dersuessestopp.com\/?post_type=product&#038;p=7062"},"modified":"2025-08-30T06:50:52","modified_gmt":"2025-08-30T06:50:52","slug":"adam-k24","status":"publish","type":"product","link":"https:\/\/dersuessestopp.com\/sl\/product\/adam-k24\/","title":{"rendered":"Adam K24"},"content":{"rendered":"<p data-start=\"201\" data-end=\"265\"><strong data-start=\"201\" data-end=\"263\">Prakti\u010den in funkcionalen 24-kilogramski stroj za temperiranje \u010dokolade<\/strong><\/p>\n<h3 data-start=\"290\" data-end=\"307\">Opis<\/h3>\n<p data-start=\"308\" data-end=\"646\">Adam K24 (model 2022) je visoko zmogljiv stroj za temperiranje \u010dokolade z zmogljivostjo posode 24 kg, namenjen srednje velikim in velikim sla\u0161\u010di\u010darnam, \u010dokoladnicam in restavracijam. Kompakten, a vzdr\u017eljiv stroj zagotavlja natan\u010dno in zanesljivo temperiranje, zato je nepogre\u0161ljivo orodje za strokovnjake, ki delajo z ve\u010djimi koli\u010dinami \u010dokolade.<\/p>\n<p data-start=\"648\" data-end=\"1026\">Adam K24 je opremljen z intuitivno 4,3-pal\u010dno nadzorno plo\u0161\u010do na dotik, ki omogo\u010da popolno upravljanje ciklov taljenja in kaljenja, elektronsko doziranje, povratni na\u010din in na\u010din pripravljenosti ter vklop in izklop vibracijske mize z vgrajenim gretjem. Njegova pametna zasnova poenostavlja upravljanje in \u010di\u0161\u010denje, saj ima odstranljiv sveder, zadnjo odto\u010dno pipo in funkcijo vzvratne vo\u017enje.<\/p>\n<p data-start=\"1028\" data-end=\"1192\">Adam K24 z urno proizvodno zmogljivostjo do 90 kg zdru\u017euje napredno tehnologijo in preprosto uporabo ter zagotavlja dosledne rezultate in najve\u010djo u\u010dinkovitost.<\/p>\n<h3 data-start=\"1199\" data-end=\"1221\">Lastnosti izdelka<\/h3>\n<ul data-start=\"1222\" data-end=\"2029\">\n<li data-start=\"1222\" data-end=\"1294\">\n<p data-start=\"1224\" data-end=\"1294\"><strong data-start=\"1224\" data-end=\"1247\">Prostornina posode 24 kg<\/strong>, idealen za srednjo in veliko proizvodnjo.<\/p>\n<\/li>\n<li data-start=\"1295\" data-end=\"1369\">\n<p data-start=\"1297\" data-end=\"1369\"><strong data-start=\"1297\" data-end=\"1338\">Kompaktno, trpe\u017eno ohi\u0161je iz nerjave\u010dega jekla<\/strong> za dolgotrajno delovanje<\/p>\n<\/li>\n<li data-start=\"1370\" data-end=\"1495\">\n<p data-start=\"1372\" data-end=\"1495\"><strong data-start=\"1372\" data-end=\"1402\">4,3-pal\u010dna plo\u0161\u010da z zaslonom na dotik<\/strong> za natan\u010dno nastavitev temperature, elektronsko doziranje, povratni na\u010din in funkcije pripravljenosti<\/p>\n<\/li>\n<li data-start=\"1496\" data-end=\"1566\">\n<p data-start=\"1498\" data-end=\"1566\"><strong data-start=\"1498\" data-end=\"1548\">Dve dr\u017eali za kalupe z vgrajenim ogrevanjem \u017eara<\/strong> (skupaj 52,5 cm)<\/p>\n<\/li>\n<li data-start=\"1567\" data-end=\"1633\">\n<p data-start=\"1569\" data-end=\"1633\"><strong data-start=\"1569\" data-end=\"1586\">Enostavno \u010di\u0161\u010denje<\/strong> zaradi odstranljivega svedra in zadnje odto\u010dne pipe<\/p>\n<\/li>\n<li data-start=\"1634\" data-end=\"1695\">\n<p data-start=\"1636\" data-end=\"1695\"><strong data-start=\"1636\" data-end=\"1666\">Tihi in u\u010dinkoviti motorji<\/strong> za rokovanje s svedrom in cevmi<\/p>\n<\/li>\n<li data-start=\"1696\" data-end=\"1800\">\n<p data-start=\"1698\" data-end=\"1800\"><strong data-start=\"1698\" data-end=\"1725\">Napreden sistem ogrevanja<\/strong> s silikonsko upornostjo za rezervoar in kabelsko upornostjo za sveder<\/p>\n<\/li>\n<li data-start=\"1801\" data-end=\"1915\">\n<p data-start=\"1803\" data-end=\"1915\"><strong data-start=\"1803\" data-end=\"1830\">Zmogljiv hladilni sistem<\/strong> s 7.500 BTU hlajenja, vodno hlajenim svedrom in 3 ventilatorji za hlajenje komponent<\/p>\n<\/li>\n<li data-start=\"1916\" data-end=\"1977\">\n<p data-start=\"1918\" data-end=\"1977\"><strong data-start=\"1918\" data-end=\"1937\">Varnostne funkcije<\/strong> vklju\u010dno z glavnimi in zasilnimi stikali<\/p>\n<\/li>\n<li data-start=\"1978\" data-end=\"2029\">\n<p data-start=\"1980\" data-end=\"2029\"><strong data-start=\"1980\" data-end=\"2001\">Visoka produktivnost<\/strong> z do 90 kg na uro<\/p>\n<\/li>\n<\/ul>\n<h3 data-start=\"2036\" data-end=\"2066\">Tehni\u010dne specifikacije<\/h3>\n<table>\n<thead>\n<tr>\n<th><strong>Kategorija<\/strong><\/th>\n<th><strong>Podrobnosti<\/strong><\/th>\n<\/tr>\n<\/thead>\n<tbody>\n<tr>\n<td><strong>Dimenzije in te\u017ea<\/strong><\/td>\n<td>Te\u017ea: 158 kgRazse\u017enosti: Mo\u010d posode: 24 kgMaterial za ohi\u0161je: 760 \u00d7 800 \u00d7 1450 mmMaterial za ohi\u0161je: Material: nerjave\u010de jeklo<\/td>\n<\/tr>\n<tr>\n<td><strong>Urna proizvodnja<\/strong><\/td>\n<td>90 kg<\/td>\n<\/tr>\n<tr>\n<td><strong>Vibracijska miza<\/strong><\/td>\n<td>2 dr\u017eala za kalupe z integriranim gretjem \u017eara (skupaj 52,5 cm)<\/td>\n<\/tr>\n<tr>\n<td><strong>Instrumentacija in elektrika<\/strong><\/td>\n<td>- Glavno stikalo in stikalo v sili - interaktivna 4,3-pal\u010dna zaslonska plo\u0161\u010da na dotik (no\u010dni na\u010din, vzvratna vo\u017enja, hitri izklop, nadzor temperature, elektronsko doziranje, vklop\/izklop vibracijske mize in ogrevanje)<\/td>\n<\/tr>\n<tr>\n<td><strong>Sistem za ravnanje z izdelki<\/strong><\/td>\n<td>- 1 motor pol\u017ea - 1 motor kadi<\/td>\n<\/tr>\n<tr>\n<td><strong>Ogrevalni sistem<\/strong><\/td>\n<td>- 1 silikonski upor (ogrevanje rezervoarja)- 1 kabelski upor (ogrevanje svedra)<\/td>\n<\/tr>\n<tr>\n<td><strong>Hladilni sistem<\/strong><\/td>\n<td>- Hladilni sistem (hladilna mo\u010d: 7.500 BTU)- Hlajenje z vodnim svedrom- 3 ventilatorji za hlajenje komponent<\/td>\n<\/tr>\n<tr>\n<td><strong>Poraba<\/strong><\/td>\n<td>3 kW50\/60 Hz - 230\/400 V<\/td>\n<\/tr>\n<\/tbody>\n<\/table>","protected":false},"excerpt":{"rendered":"<p>Practical and functional 24 kg chocolate tempering machine Description The Adam K24 (model 2022) is a high-performance chocolate tempering machine with a 24 kg bowl capacity, designed for medium to large pastry shops, chocolatiers, and restaurants. Compact yet durable, this machine ensures precise and reliable tempering, making it an essential tool for professionals working with [&hellip;]<\/p>\n","protected":false},"featured_media":7063,"comment_status":"open","ping_status":"closed","template":"","meta":[],"product_brand":[],"product_cat":[44],"product_tag":[],"class_list":{"0":"post-7062","1":"product","2":"type-product","3":"status-publish","4":"has-post-thumbnail","6":"product_cat-tempering-line","8":"first","9":"instock","10":"shipping-taxable","11":"product-type-simple"},"_links":{"self":[{"href":"https:\/\/dersuessestopp.com\/sl\/wp-json\/wp\/v2\/product\/7062","targetHints":{"allow":["GET"]}}],"collection":[{"href":"https:\/\/dersuessestopp.com\/sl\/wp-json\/wp\/v2\/product"}],"about":[{"href":"https:\/\/dersuessestopp.com\/sl\/wp-json\/wp\/v2\/types\/product"}],"replies":[{"embeddable":true,"href":"https:\/\/dersuessestopp.com\/sl\/wp-json\/wp\/v2\/comments?post=7062"}],"version-history":[{"count":2,"href":"https:\/\/dersuessestopp.com\/sl\/wp-json\/wp\/v2\/product\/7062\/revisions"}],"predecessor-version":[{"id":7065,"href":"https:\/\/dersuessestopp.com\/sl\/wp-json\/wp\/v2\/product\/7062\/revisions\/7065"}],"wp:featuredmedia":[{"embeddable":true,"href":"https:\/\/dersuessestopp.com\/sl\/wp-json\/wp\/v2\/media\/7063"}],"wp:attachment":[{"href":"https:\/\/dersuessestopp.com\/sl\/wp-json\/wp\/v2\/media?parent=7062"}],"wp:term":[{"taxonomy":"product_brand","embeddable":true,"href":"https:\/\/dersuessestopp.com\/sl\/wp-json\/wp\/v2\/product_brand?post=7062"},{"taxonomy":"product_cat","embeddable":true,"href":"https:\/\/dersuessestopp.com\/sl\/wp-json\/wp\/v2\/product_cat?post=7062"},{"taxonomy":"product_tag","embeddable":true,"href":"https:\/\/dersuessestopp.com\/sl\/wp-json\/wp\/v2\/product_tag?post=7062"}],"curies":[{"name":"wp","href":"https:\/\/api.w.org\/{rel}","templated":true}]}}