{"id":7051,"date":"2025-08-30T06:31:20","date_gmt":"2025-08-30T06:31:20","guid":{"rendered":"https:\/\/dersuessestopp.com\/?post_type=product&#038;p=7051"},"modified":"2025-08-30T06:41:40","modified_gmt":"2025-08-30T06:41:40","slug":"adam-k12","status":"publish","type":"product","link":"https:\/\/dersuessestopp.com\/sl\/product\/adam-k12\/","title":{"rendered":"Adam K12"},"content":{"rendered":"<p data-start=\"187\" data-end=\"271\"><strong data-start=\"187\" data-end=\"249\">Prakti\u010den in funkcionalen 12-kilogramski stroj za temperiranje \u010dokolade<\/strong><\/p>\n<p data-start=\"291\" data-end=\"533\">Idealen za delavnice z omejenim prostorom, a velikimi ambicijami. <strong data-start=\"356\" data-end=\"386\">Adam K12 stroj za kaljenje<\/strong> ponuja <strong data-start=\"396\" data-end=\"414\">zmogljivost 12 kg<\/strong>, ki zdru\u017euje <strong data-start=\"426\" data-end=\"454\">u\u010dinkovitost in natan\u010dnost<\/strong> za \u010dokoladnice in sla\u0161\u010di\u010darne, ki ne \u017eelijo sklepati kompromisov glede kakovosti.<\/p>\n<h3 data-start=\"535\" data-end=\"553\">Klju\u010dne lastnosti<\/h3>\n<ul data-start=\"554\" data-end=\"1098\">\n<li data-start=\"554\" data-end=\"654\">\n<p data-start=\"556\" data-end=\"654\"><strong data-start=\"556\" data-end=\"579\">Zasnova, ki var\u010duje s prostorom<\/strong> - Kompaktna struktura za nemoteno integracijo tudi v majhnih laboratorijih.<\/p>\n<\/li>\n<li data-start=\"655\" data-end=\"751\">\n<p data-start=\"657\" data-end=\"751\"><strong data-start=\"657\" data-end=\"684\">Hitro in enostavno \u010di\u0161\u010denje<\/strong> - Odstranljiv sveder iz nerjave\u010dega jekla, ki se razku\u017ei v samo 15 minutah.<\/p>\n<\/li>\n<li data-start=\"752\" data-end=\"852\">\n<p data-start=\"754\" data-end=\"852\"><strong data-start=\"754\" data-end=\"785\">Vsestranskost in zmogljivost<\/strong> - Vgrajeni no\u017eni pedal omogo\u010da nemoteno in neprekinjeno proizvodnjo.<\/p>\n<\/li>\n<li data-start=\"853\" data-end=\"973\">\n<p data-start=\"855\" data-end=\"973\"><strong data-start=\"855\" data-end=\"886\">Natan\u010den nadzor temperature<\/strong> - Napredno hlajenje z vodnim \u0161nekom in tremi ventilatorji zagotavlja brezhibno kristalizacijo.<\/p>\n<\/li>\n<li data-start=\"974\" data-end=\"1098\">\n<p data-start=\"976\" data-end=\"1098\"><strong data-start=\"976\" data-end=\"1001\">Najve\u010dja intuitivnost<\/strong> - Digitalna nadzorna plo\u0161\u010da za vibracijsko segrevanje plo\u0161\u010d in \u010dasovno opredeljeno doziranje s pritiskom na gumb.<\/p>\n<\/li>\n<\/ul>\n<h3 data-start=\"1105\" data-end=\"1135\">Tehni\u010dne specifikacije<\/h3>\n<div class=\"_tableContainer_1rjym_1\">\n<table>\n<thead>\n<tr>\n<th><strong>Kategorija<\/strong><\/th>\n<th><strong>Podrobnosti<\/strong><\/th>\n<\/tr>\n<\/thead>\n<tbody>\n<tr>\n<td><strong>Dimenzije in te\u017ea<\/strong><\/td>\n<td>Dol\u017eina: 40 cm\u0160irina: 60 cmCelotna vi\u0161ina: 144 cmPremer posode: 27 cm\u0160irina vibracijske mize: 34,3 cmTe\u017ea stroja: 85 kg<\/td>\n<\/tr>\n<tr>\n<td><strong>Kapaciteta sklede<\/strong><\/td>\n<td>12 kg<\/td>\n<\/tr>\n<tr>\n<td><strong>Material telesa<\/strong><\/td>\n<td>Iz nerjave\u010dega jekla<\/td>\n<\/tr>\n<tr>\n<td><strong>Urna proizvodnja<\/strong><\/td>\n<td>55 kg<\/td>\n<\/tr>\n<tr>\n<td><strong>Vibracijska miza<\/strong><\/td>\n<td>2 dr\u017eala za kalupe z vgrajenim gretjem \u017eara<\/td>\n<\/tr>\n<tr>\n<td><strong>Instrumentacija in nadzor<\/strong><\/td>\n<td>Digitalna nadzorna plo\u0161\u010da za ogrevanje vibracijskih plo\u0161\u010d in \u010dasovno opredeljeno doziranjeVgrajen no\u017eni pedal za nemoteno proizvodnjo<\/td>\n<\/tr>\n<tr>\n<td><strong>Sistem za ravnanje z izdelki<\/strong><\/td>\n<td>1 motor s pol\u017eem za \u010drpanje1 motor v posodi za me\u0161anje<\/td>\n<\/tr>\n<tr>\n<td><strong>Ogrevalni sistem<\/strong><\/td>\n<td>Digitalno upravljanje plo\u0161\u010de<\/td>\n<\/tr>\n<tr>\n<td><strong>Hladilni sistem<\/strong><\/td>\n<td>Vodni \u0161nek s 3 ventilatorji za napredno hlajenje in kristalizacijo<\/td>\n<\/tr>\n<tr>\n<td><strong>Poraba energije<\/strong><\/td>\n<td>3 kW<\/td>\n<\/tr>\n<tr>\n<td><strong>Elektri\u010dne zahteve<\/strong><\/td>\n<td>50\/60 Hz - 230\/400 V<\/td>\n<\/tr>\n<\/tbody>\n<\/table>\n<\/div>","protected":false},"excerpt":{"rendered":"<p>Practical and functional 12 kg chocolate tempering machine Perfect for workshops with limited space but high ambitions, the Adam K12 Tempering Machine offers a 12 kg capacity, combining efficiency and precision for chocolatiers and pastry shops that do not want to compromise on quality. Key Features Space-Saving Design \u2013 Compact structure for seamless integration even [&hellip;]<\/p>\n","protected":false},"featured_media":7052,"comment_status":"open","ping_status":"closed","template":"","meta":[],"product_brand":[],"product_cat":[44],"product_tag":[],"class_list":{"0":"post-7051","1":"product","2":"type-product","3":"status-publish","4":"has-post-thumbnail","6":"product_cat-tempering-line","8":"first","9":"instock","10":"shipping-taxable","11":"product-type-simple"},"_links":{"self":[{"href":"https:\/\/dersuessestopp.com\/sl\/wp-json\/wp\/v2\/product\/7051","targetHints":{"allow":["GET"]}}],"collection":[{"href":"https:\/\/dersuessestopp.com\/sl\/wp-json\/wp\/v2\/product"}],"about":[{"href":"https:\/\/dersuessestopp.com\/sl\/wp-json\/wp\/v2\/types\/product"}],"replies":[{"embeddable":true,"href":"https:\/\/dersuessestopp.com\/sl\/wp-json\/wp\/v2\/comments?post=7051"}],"version-history":[{"count":2,"href":"https:\/\/dersuessestopp.com\/sl\/wp-json\/wp\/v2\/product\/7051\/revisions"}],"predecessor-version":[{"id":7057,"href":"https:\/\/dersuessestopp.com\/sl\/wp-json\/wp\/v2\/product\/7051\/revisions\/7057"}],"wp:featuredmedia":[{"embeddable":true,"href":"https:\/\/dersuessestopp.com\/sl\/wp-json\/wp\/v2\/media\/7052"}],"wp:attachment":[{"href":"https:\/\/dersuessestopp.com\/sl\/wp-json\/wp\/v2\/media?parent=7051"}],"wp:term":[{"taxonomy":"product_brand","embeddable":true,"href":"https:\/\/dersuessestopp.com\/sl\/wp-json\/wp\/v2\/product_brand?post=7051"},{"taxonomy":"product_cat","embeddable":true,"href":"https:\/\/dersuessestopp.com\/sl\/wp-json\/wp\/v2\/product_cat?post=7051"},{"taxonomy":"product_tag","embeddable":true,"href":"https:\/\/dersuessestopp.com\/sl\/wp-json\/wp\/v2\/product_tag?post=7051"}],"curies":[{"name":"wp","href":"https:\/\/api.w.org\/{rel}","templated":true}]}}