{"id":7048,"date":"2025-08-30T05:53:38","date_gmt":"2025-08-30T05:53:38","guid":{"rendered":"https:\/\/dersuessestopp.com\/?post_type=product&#038;p=7048"},"modified":"2025-08-30T05:53:38","modified_gmt":"2025-08-30T05:53:38","slug":"cp5","status":"publish","type":"product","link":"https:\/\/dersuessestopp.com\/sl\/product\/cp5\/","title":{"rendered":"CP5"},"content":{"rendered":"<p data-start=\"112\" data-end=\"534\">Spletna stran <strong data-start=\"116\" data-end=\"134\">CP5 Pan Coater<\/strong> je kompakten in zanesljiv stroj, zasnovan za obrtni\u0161ke izdelovalce \u010dokolade in majhne proizvajalce sla\u0161\u010dic. Odli\u010den je za oblivanje suhega sadja, kavnih zrn, puhastega ri\u017ea in drugih izdelkov okrogle oblike, saj zagotavlja u\u010dinkovito in natan\u010dno pripravo dra\u017eeji in s sladkorjem oblo\u017eenih dobrot profesionalne kakovosti. Z zmogljivostjo 5 kg je idealen za majhne serije, posebne izdelke ali testne serije.<\/p>\n<h3 data-start=\"536\" data-end=\"554\">Klju\u010dne lastnosti<\/h3>\n<ul data-start=\"555\" data-end=\"1181\">\n<li data-start=\"555\" data-end=\"642\">\n<p data-start=\"557\" data-end=\"642\"><strong data-start=\"557\" data-end=\"574\">5 kg zmogljivost<\/strong> - Idealen za manj\u0161o proizvodnjo in posebne sla\u0161\u010dice.<\/p>\n<\/li>\n<li data-start=\"643\" data-end=\"786\">\n<p data-start=\"645\" data-end=\"786\"><strong data-start=\"645\" data-end=\"678\">Trajna izdelava iz nerjave\u010dega jekla<\/strong> - Skleda in struktura stroja sta izdelani iz nerjavnega jekla AISI 304 za higieno, vzdr\u017eljivost in enostavno \u010di\u0161\u010denje.<\/p>\n<\/li>\n<li data-start=\"787\" data-end=\"870\">\n<p data-start=\"789\" data-end=\"870\"><strong data-start=\"789\" data-end=\"814\">Nastavljiva hitrost posode<\/strong> - Nadzorujte hitrost vrtenja za natan\u010dne rezultate premazovanja.<\/p>\n<\/li>\n<li data-start=\"871\" data-end=\"1015\">\n<p data-start=\"873\" data-end=\"1015\"><strong data-start=\"873\" data-end=\"902\">Vgrajen sistem pretoka zraka<\/strong> - Vgrajen ventilator z mo\u017enostjo izbire sobne temperature ali ogrevanega zraka (s pomo\u010djo grelnih elementov) za dosledno zaklju\u010dno obdelavo.<\/p>\n<\/li>\n<li data-start=\"1016\" data-end=\"1087\">\n<p data-start=\"1018\" data-end=\"1087\"><strong data-start=\"1018\" data-end=\"1043\">Tih in zmogljiv motor<\/strong> - Zagotavlja nemoteno in u\u010dinkovito delovanje.<\/p>\n<\/li>\n<li data-start=\"1088\" data-end=\"1181\">\n<p data-start=\"1090\" data-end=\"1181\"><strong data-start=\"1090\" data-end=\"1115\">Standardno napajanje<\/strong> - Deluje na enofazni napetosti 220 V (0,4 kW) za enostavno namestitev.<\/p>\n<\/li>\n<\/ul>\n<h3 data-start=\"1183\" data-end=\"1201\"><\/h3>","protected":false},"excerpt":{"rendered":"<p>The CP5 Pan Coater is a compact and reliable machine designed for artisan chocolatiers and small confectionery producers. Perfect for chocolate coating dried fruits, coffee beans, puffed rice, and other round-shaped products, it delivers professional-quality drag\u00e9es and sugar-coated treats with efficiency and precision. With its 5 kg capacity, it is ideal for small-scale batches, specialty [&hellip;]<\/p>\n","protected":false},"featured_media":7049,"comment_status":"open","ping_status":"closed","template":"","meta":[],"product_brand":[],"product_cat":[43],"product_tag":[],"class_list":{"0":"post-7048","1":"product","2":"type-product","3":"status-publish","4":"has-post-thumbnail","6":"product_cat-pan-coaters","8":"first","9":"instock","10":"shipping-taxable","11":"product-type-simple"},"_links":{"self":[{"href":"https:\/\/dersuessestopp.com\/sl\/wp-json\/wp\/v2\/product\/7048","targetHints":{"allow":["GET"]}}],"collection":[{"href":"https:\/\/dersuessestopp.com\/sl\/wp-json\/wp\/v2\/product"}],"about":[{"href":"https:\/\/dersuessestopp.com\/sl\/wp-json\/wp\/v2\/types\/product"}],"replies":[{"embeddable":true,"href":"https:\/\/dersuessestopp.com\/sl\/wp-json\/wp\/v2\/comments?post=7048"}],"version-history":[{"count":1,"href":"https:\/\/dersuessestopp.com\/sl\/wp-json\/wp\/v2\/product\/7048\/revisions"}],"predecessor-version":[{"id":7050,"href":"https:\/\/dersuessestopp.com\/sl\/wp-json\/wp\/v2\/product\/7048\/revisions\/7050"}],"wp:featuredmedia":[{"embeddable":true,"href":"https:\/\/dersuessestopp.com\/sl\/wp-json\/wp\/v2\/media\/7049"}],"wp:attachment":[{"href":"https:\/\/dersuessestopp.com\/sl\/wp-json\/wp\/v2\/media?parent=7048"}],"wp:term":[{"taxonomy":"product_brand","embeddable":true,"href":"https:\/\/dersuessestopp.com\/sl\/wp-json\/wp\/v2\/product_brand?post=7048"},{"taxonomy":"product_cat","embeddable":true,"href":"https:\/\/dersuessestopp.com\/sl\/wp-json\/wp\/v2\/product_cat?post=7048"},{"taxonomy":"product_tag","embeddable":true,"href":"https:\/\/dersuessestopp.com\/sl\/wp-json\/wp\/v2\/product_tag?post=7048"}],"curies":[{"name":"wp","href":"https:\/\/api.w.org\/{rel}","templated":true}]}}