{"id":7043,"date":"2025-08-30T05:48:37","date_gmt":"2025-08-30T05:48:37","guid":{"rendered":"https:\/\/dersuessestopp.com\/?post_type=product&#038;p=7043"},"modified":"2025-08-30T05:50:02","modified_gmt":"2025-08-30T05:50:02","slug":"cp25","status":"publish","type":"product","link":"https:\/\/dersuessestopp.com\/sl\/product\/cp25\/","title":{"rendered":"CP25"},"content":{"rendered":"<p data-start=\"186\" data-end=\"533\">Spletna stran <strong data-start=\"190\" data-end=\"209\">CP25 Pan Coater<\/strong> je vsestranska re\u0161itev za proizvodnjo visokokakovostnih vle\u010denih bombonov in posladkov s sladkorjem. Idealen za <strong data-start=\"304\" data-end=\"397\">\u010dokoladni premaz za suho sadje, kavna zrna, puhast ri\u017e in druge izdelke okrogle oblike<\/strong>, je ta stroj zasnovan za obrtni\u0161ke izdelovalce \u010dokolade in sla\u0161\u010dic, ki zahtevajo u\u010dinkovitost, natan\u010dnost in doslednost.<\/p>\n<h3 data-start=\"535\" data-end=\"553\">Klju\u010dne lastnosti<\/h3>\n<ul data-start=\"554\" data-end=\"1141\">\n<li data-start=\"554\" data-end=\"615\">\n<p data-start=\"556\" data-end=\"615\"><strong data-start=\"556\" data-end=\"574\">25 kg Zmogljivost<\/strong> - Odli\u010dno za srednje veliko proizvodnjo.<\/p>\n<\/li>\n<li data-start=\"616\" data-end=\"731\">\n<p data-start=\"618\" data-end=\"731\"><strong data-start=\"618\" data-end=\"647\">Visokokakovostna gradnja<\/strong> - Narejen je v celoti iz <strong data-start=\"667\" data-end=\"695\">AISI 304 nerjave\u010de jeklo<\/strong> za vzdr\u017eljivost in enostavno \u010di\u0161\u010denje.<\/p>\n<\/li>\n<li data-start=\"732\" data-end=\"820\">\n<p data-start=\"734\" data-end=\"820\"><strong data-start=\"734\" data-end=\"757\">Spremenljiva hitrost posode<\/strong> - Nastavljiv <strong data-start=\"771\" data-end=\"789\">hitrost vrtenja<\/strong> za optimalen nadzor premaza.<\/p>\n<\/li>\n<li data-start=\"821\" data-end=\"977\">\n<p data-start=\"823\" data-end=\"977\"><strong data-start=\"823\" data-end=\"852\">Vgrajen sistem pretoka zraka<\/strong> - Vgrajen <strong data-start=\"864\" data-end=\"918\">ventilator z mo\u017enostjo izbire sobne temperature ali ogrevanega zraka<\/strong> (s pomo\u010djo grelnih elementov) za dosledno dodelavo izdelkov.<\/p>\n<\/li>\n<li data-start=\"978\" data-end=\"1046\">\n<p data-start=\"980\" data-end=\"1046\"><strong data-start=\"980\" data-end=\"1006\">Zmogljiv in tih motor<\/strong> - Zagotavlja nemoteno in zanesljivo delovanje.<\/p>\n<\/li>\n<li data-start=\"1047\" data-end=\"1141\">\n<p data-start=\"1049\" data-end=\"1141\"><strong data-start=\"1049\" data-end=\"1074\">Standardno napajanje<\/strong> - Deluje na <strong data-start=\"1089\" data-end=\"1116\">enofazni 220V (2kW)<\/strong> za enostavno namestitev.<\/p>\n<\/li>\n<\/ul>\n<h3 data-start=\"1143\" data-end=\"1168\">Vklju\u010dene komponente<\/h3>\n<ul data-start=\"1169\" data-end=\"1469\">\n<li data-start=\"1169\" data-end=\"1250\">\n<p data-start=\"1171\" data-end=\"1250\"><strong data-start=\"1171\" data-end=\"1199\">Elektronska nadzorna plo\u0161\u010da<\/strong> - Enostavne nastavitve parametrov za natan\u010dno delovanje.<\/p>\n<\/li>\n<li data-start=\"1251\" data-end=\"1317\">\n<p data-start=\"1253\" data-end=\"1317\"><strong data-start=\"1253\" data-end=\"1269\">Hladilna enota<\/strong> - Za upravljanje hladnega zraka za stabilizacijo premaza.<\/p>\n<\/li>\n<li data-start=\"1318\" data-end=\"1410\">\n<p data-start=\"1320\" data-end=\"1410\"><strong data-start=\"1320\" data-end=\"1361\">Krmiljenje programirljivih \u0161kropilnih naprav<\/strong> - Izbirna integracija za avtomatizirano \u0161kropljenje.<\/p>\n<\/li>\n<li data-start=\"1411\" data-end=\"1469\">\n<p data-start=\"1413\" data-end=\"1469\"><strong data-start=\"1413\" data-end=\"1430\">Vti\u010dnica Schuko<\/strong> - Priklju\u010ditev dodatne dodatne opreme.<\/p>\n<\/li>\n<\/ul>\n<h3 data-start=\"1471\" data-end=\"1489\">Aplikacije<\/h3>\n<ul data-start=\"1490\" data-end=\"1654\">\n<li data-start=\"1490\" data-end=\"1534\">\n<p data-start=\"1492\" data-end=\"1534\">Oblo\u017eeno s \u010dokolado <strong data-start=\"1509\" data-end=\"1532\">ore\u0161\u010dki in suho sadje<\/strong><\/p>\n<\/li>\n<li data-start=\"1535\" data-end=\"1581\">\n<p data-start=\"1537\" data-end=\"1581\">\u010cokolada ali oblo\u017eeni s sladkorjem <strong data-start=\"1563\" data-end=\"1579\">kavna zrna<\/strong><\/p>\n<\/li>\n<li data-start=\"1582\" data-end=\"1620\">\n<p data-start=\"1584\" data-end=\"1620\"><strong data-start=\"1584\" data-end=\"1618\">Pihani ri\u017e in \u017eitne ka\u0161e<\/strong><\/p>\n<\/li>\n<li data-start=\"1621\" data-end=\"1654\">\n<p data-start=\"1623\" data-end=\"1654\">Sla\u0161\u010di\u010darske kreacije iz sladkorja<\/p>\n<\/li>\n<\/ul>","protected":false},"excerpt":{"rendered":"<p>The CP25 Pan Coater is a versatile solution for producing high-quality drag\u00e9es and sugar-coated treats. Ideal for chocolate coating dried fruit, coffee beans, puffed rice, and other round-shaped products, this machine is designed for artisan chocolatiers and confectionery manufacturers who demand efficiency, precision, and consistency. Key Features 25 kg Capacity \u2013 Perfect for medium-scale production. [&hellip;]<\/p>\n","protected":false},"featured_media":7047,"comment_status":"open","ping_status":"closed","template":"","meta":[],"product_brand":[],"product_cat":[43],"product_tag":[],"class_list":{"0":"post-7043","1":"product","2":"type-product","3":"status-publish","4":"has-post-thumbnail","6":"product_cat-pan-coaters","8":"first","9":"instock","10":"shipping-taxable","11":"product-type-simple"},"_links":{"self":[{"href":"https:\/\/dersuessestopp.com\/sl\/wp-json\/wp\/v2\/product\/7043","targetHints":{"allow":["GET"]}}],"collection":[{"href":"https:\/\/dersuessestopp.com\/sl\/wp-json\/wp\/v2\/product"}],"about":[{"href":"https:\/\/dersuessestopp.com\/sl\/wp-json\/wp\/v2\/types\/product"}],"replies":[{"embeddable":true,"href":"https:\/\/dersuessestopp.com\/sl\/wp-json\/wp\/v2\/comments?post=7043"}],"version-history":[{"count":1,"href":"https:\/\/dersuessestopp.com\/sl\/wp-json\/wp\/v2\/product\/7043\/revisions"}],"predecessor-version":[{"id":7046,"href":"https:\/\/dersuessestopp.com\/sl\/wp-json\/wp\/v2\/product\/7043\/revisions\/7046"}],"wp:featuredmedia":[{"embeddable":true,"href":"https:\/\/dersuessestopp.com\/sl\/wp-json\/wp\/v2\/media\/7047"}],"wp:attachment":[{"href":"https:\/\/dersuessestopp.com\/sl\/wp-json\/wp\/v2\/media?parent=7043"}],"wp:term":[{"taxonomy":"product_brand","embeddable":true,"href":"https:\/\/dersuessestopp.com\/sl\/wp-json\/wp\/v2\/product_brand?post=7043"},{"taxonomy":"product_cat","embeddable":true,"href":"https:\/\/dersuessestopp.com\/sl\/wp-json\/wp\/v2\/product_cat?post=7043"},{"taxonomy":"product_tag","embeddable":true,"href":"https:\/\/dersuessestopp.com\/sl\/wp-json\/wp\/v2\/product_tag?post=7043"}],"curies":[{"name":"wp","href":"https:\/\/api.w.org\/{rel}","templated":true}]}}