{"id":7037,"date":"2025-08-30T05:37:23","date_gmt":"2025-08-30T05:37:23","guid":{"rendered":"https:\/\/dersuessestopp.com\/?post_type=product&#038;p=7037"},"modified":"2025-08-30T05:37:23","modified_gmt":"2025-08-30T05:37:23","slug":"nr400s-nr400s-30","status":"publish","type":"product","link":"https:\/\/dersuessestopp.com\/sl\/product\/nr400s-nr400s-30\/","title":{"rendered":"NR400S, NR400S-30"},"content":{"rendered":"<p>Serija transporterjev NR400S je zasnovana za profesionalno oblaganje pralin, pi\u0161kotov, peciva in sla\u0161\u010dic. Ti transporterji z uporabniku prijaznim upravljanjem in prakti\u010dnimi funkcijami omogo\u010dajo, da en sam upravljavec upravlja celoten postopek enrobiranja, od nakladanja do izstopa izdelka, ter zagotavljajo u\u010dinkovitost in natan\u010dnost.<\/p>\n<p>Glavne zna\u010dilnosti in prednosti<\/p>\n<p>Sistem za nalaganje, ki je prijazen do upravljavca - nalagalni trak iz \u017ei\u010dne mre\u017ee se lahko med name\u0161\u010danjem izdelka ustavi in ponovno za\u017eene s preprostim gumbom, kar racionalizira proizvodnjo.<\/p>\n<p>Profesionalna dodatna oprema za nana\u0161anje premazov - Oba modela vklju\u010dujeta \u017ei\u010dno mre\u017eo in napravo za rezanje repov, ki zagotavljata brezhiben zaklju\u010dek premaza.<\/p>\n<p>Enostavno \u010di\u0161\u010denje in vzdr\u017eevanje - Odstranljiva premazna \u017ei\u010dna mre\u017ea brez elektri\u010dnih komponent omogo\u010da hitro in natan\u010dno pranje.<\/p>\n<p>Mo\u017enost nana\u0161anja premazov samo na povr\u0161ino - transporter je lahko opremljen z vrvicami namesto z \u017ei\u010dno mre\u017eo za popolno nana\u0161anje premazov samo na povr\u0161ino.<\/p>\n<p>Prilagodljive mo\u017enosti velikosti - na voljo sta dve delovni \u0161irini:<\/p>\n<p>NR400S \u2192 250 mm<\/p>\n<p>NR400S-30 \u2192 300 mm<\/p>\n<p>Tehni\u010dne specifikacije<\/p>\n<p>\u0160irina traku iz \u017ei\u010dne mre\u017ee: 250 mm (NR400S)<\/p>\n<p>\u0160irina traku iz \u017ei\u010dne mre\u017ee: 300 mm (NR400S-30)<\/p>","protected":false},"excerpt":{"rendered":"<p>The NR400S conveyor series is designed for professional enrobing of pralines, biscuits, cakes, and pastry products. With user-friendly controls and practical features, these conveyors allow a single operator to manage the entire enrobing process, from loading to product exit, ensuring efficiency and precision. Key Features &amp; Benefits Operator-Friendly Loading System \u2013 The loading wire-mesh belt [&hellip;]<\/p>\n","protected":false},"featured_media":7038,"comment_status":"open","ping_status":"closed","template":"","meta":[],"product_brand":[],"product_cat":[42],"product_tag":[],"class_list":{"0":"post-7037","1":"product","2":"type-product","3":"status-publish","4":"has-post-thumbnail","6":"product_cat-conveyor-belts","8":"first","9":"instock","10":"shipping-taxable","11":"product-type-simple"},"_links":{"self":[{"href":"https:\/\/dersuessestopp.com\/sl\/wp-json\/wp\/v2\/product\/7037","targetHints":{"allow":["GET"]}}],"collection":[{"href":"https:\/\/dersuessestopp.com\/sl\/wp-json\/wp\/v2\/product"}],"about":[{"href":"https:\/\/dersuessestopp.com\/sl\/wp-json\/wp\/v2\/types\/product"}],"replies":[{"embeddable":true,"href":"https:\/\/dersuessestopp.com\/sl\/wp-json\/wp\/v2\/comments?post=7037"}],"version-history":[{"count":1,"href":"https:\/\/dersuessestopp.com\/sl\/wp-json\/wp\/v2\/product\/7037\/revisions"}],"predecessor-version":[{"id":7040,"href":"https:\/\/dersuessestopp.com\/sl\/wp-json\/wp\/v2\/product\/7037\/revisions\/7040"}],"wp:featuredmedia":[{"embeddable":true,"href":"https:\/\/dersuessestopp.com\/sl\/wp-json\/wp\/v2\/media\/7038"}],"wp:attachment":[{"href":"https:\/\/dersuessestopp.com\/sl\/wp-json\/wp\/v2\/media?parent=7037"}],"wp:term":[{"taxonomy":"product_brand","embeddable":true,"href":"https:\/\/dersuessestopp.com\/sl\/wp-json\/wp\/v2\/product_brand?post=7037"},{"taxonomy":"product_cat","embeddable":true,"href":"https:\/\/dersuessestopp.com\/sl\/wp-json\/wp\/v2\/product_cat?post=7037"},{"taxonomy":"product_tag","embeddable":true,"href":"https:\/\/dersuessestopp.com\/sl\/wp-json\/wp\/v2\/product_tag?post=7037"}],"curies":[{"name":"wp","href":"https:\/\/api.w.org\/{rel}","templated":true}]}}