{"id":7032,"date":"2025-08-30T05:34:22","date_gmt":"2025-08-30T05:34:22","guid":{"rendered":"https:\/\/dersuessestopp.com\/?post_type=product&#038;p=7032"},"modified":"2025-08-30T05:39:42","modified_gmt":"2025-08-30T05:39:42","slug":"nrd12","status":"publish","type":"product","link":"https:\/\/dersuessestopp.com\/sl\/product\/nrd12\/","title":{"rendered":"NRD12"},"content":{"rendered":"<p data-start=\"160\" data-end=\"459\">Spletna stran <strong data-start=\"164\" data-end=\"182\">Transporter NRD12<\/strong> je zasnovan za obdelavo \u0161irokega spektra sla\u0161\u010dic in sla\u0161\u010di\u010darskih izdelkov, od <strong data-start=\"264\" data-end=\"298\">od pralin in pi\u0161kotov do peciva<\/strong>. Njegova inovativna zasnova omogo\u010da, da en sam upravljavec u\u010dinkovito upravlja tako postopek natovarjanja kot tudi postopek obdelave, kar zagotavlja nemoten potek dela z minimalnim naporom.<\/p>\n<h4 data-start=\"461\" data-end=\"492\">Glavne zna\u010dilnosti in prednosti:<\/h4>\n<ul data-start=\"493\" data-end=\"1289\">\n<li data-start=\"493\" data-end=\"716\">\n<p data-start=\"495\" data-end=\"716\"><strong data-start=\"495\" data-end=\"531\">Sistem za nalaganje, prijazen do upravljavca<\/strong> - The <strong data-start=\"538\" data-end=\"564\">nakladalni trak iz \u017ei\u010dne mre\u017ee<\/strong> se lahko med name\u0161\u010danjem izdelka ustavi in zlahka ponovno za\u017eene s preprostim gumbom, kar omogo\u010da, da ena oseba nadzoruje tako fazo natovarjanja kot tudi fazo obdelave.<\/p>\n<\/li>\n<li data-start=\"717\" data-end=\"886\">\n<p data-start=\"719\" data-end=\"886\"><strong data-start=\"719\" data-end=\"754\">Vgrajeni pripomo\u010dki za anrobiranje<\/strong> - Opremljen je z <strong data-start=\"773\" data-end=\"831\">\u017ei\u010dnato mre\u017eni trak, naprava za rezanje repa in puhalo<\/strong> za zagotavljanje natan\u010dnih premazov profesionalne kakovosti.<\/p>\n<\/li>\n<li data-start=\"887\" data-end=\"1109\">\n<p data-start=\"889\" data-end=\"1109\"><strong data-start=\"889\" data-end=\"920\">Enostavno \u010di\u0161\u010denje in vsestranskost<\/strong> - The <strong data-start=\"927\" data-end=\"948\">prevleka iz \u017ei\u010dne mre\u017ee<\/strong> je v celoti odstranljiva in ne vsebuje elektri\u010dnih komponent, kar omogo\u010da preprosto uporabo z vrtljivo mizo za tartufe in omogo\u010da <strong data-start=\"1083\" data-end=\"1106\">hitro in globinsko \u010di\u0161\u010denje<\/strong>.<\/p>\n<\/li>\n<li data-start=\"1110\" data-end=\"1289\">\n<p data-start=\"1112\" data-end=\"1289\"><strong data-start=\"1112\" data-end=\"1142\">Kompaktna in prakti\u010dna zasnova<\/strong> - Na <strong data-start=\"1148\" data-end=\"1169\">\u0160irina traku 200 mm<\/strong>, je NRD12 odli\u010den za manj\u0161e do srednje velike serije, saj zdru\u017euje fleksibilnost in profesionalno zmogljivost.<\/p>\n<\/li>\n<\/ul>\n<h4 data-start=\"1291\" data-end=\"1323\">Tehni\u010dne specifikacije:<\/h4>\n<ul data-start=\"1324\" data-end=\"1360\">\n<li data-start=\"1324\" data-end=\"1360\">\n<p data-start=\"1326\" data-end=\"1360\"><strong data-start=\"1326\" data-end=\"1351\">\u0160irina traku iz \u017ei\u010dne mre\u017ee:<\/strong> 200 mm<\/p>\n<\/li>\n<\/ul>","protected":false},"excerpt":{"rendered":"<p>The NRD12 conveyor is designed for handling a wide range of confectionery and pastry products, from pralines and biscuits to cakes. Its innovative design allows a single operator to efficiently manage both the loading and enrobing processes, ensuring a smooth workflow with minimal effort. Key Features &amp; Benefits: Operator-Friendly Loading System \u2013 The loading wire-mesh [&hellip;]<\/p>\n","protected":false},"featured_media":7033,"comment_status":"open","ping_status":"closed","template":"","meta":[],"product_brand":[],"product_cat":[42],"product_tag":[],"class_list":{"0":"post-7032","1":"product","2":"type-product","3":"status-publish","4":"has-post-thumbnail","6":"product_cat-conveyor-belts","8":"first","9":"instock","10":"shipping-taxable","11":"product-type-simple"},"_links":{"self":[{"href":"https:\/\/dersuessestopp.com\/sl\/wp-json\/wp\/v2\/product\/7032","targetHints":{"allow":["GET"]}}],"collection":[{"href":"https:\/\/dersuessestopp.com\/sl\/wp-json\/wp\/v2\/product"}],"about":[{"href":"https:\/\/dersuessestopp.com\/sl\/wp-json\/wp\/v2\/types\/product"}],"replies":[{"embeddable":true,"href":"https:\/\/dersuessestopp.com\/sl\/wp-json\/wp\/v2\/comments?post=7032"}],"version-history":[{"count":3,"href":"https:\/\/dersuessestopp.com\/sl\/wp-json\/wp\/v2\/product\/7032\/revisions"}],"predecessor-version":[{"id":7044,"href":"https:\/\/dersuessestopp.com\/sl\/wp-json\/wp\/v2\/product\/7032\/revisions\/7044"}],"wp:featuredmedia":[{"embeddable":true,"href":"https:\/\/dersuessestopp.com\/sl\/wp-json\/wp\/v2\/media\/7033"}],"wp:attachment":[{"href":"https:\/\/dersuessestopp.com\/sl\/wp-json\/wp\/v2\/media?parent=7032"}],"wp:term":[{"taxonomy":"product_brand","embeddable":true,"href":"https:\/\/dersuessestopp.com\/sl\/wp-json\/wp\/v2\/product_brand?post=7032"},{"taxonomy":"product_cat","embeddable":true,"href":"https:\/\/dersuessestopp.com\/sl\/wp-json\/wp\/v2\/product_cat?post=7032"},{"taxonomy":"product_tag","embeddable":true,"href":"https:\/\/dersuessestopp.com\/sl\/wp-json\/wp\/v2\/product_tag?post=7032"}],"curies":[{"name":"wp","href":"https:\/\/api.w.org\/{rel}","templated":true}]}}