{"id":7027,"date":"2025-08-30T05:29:27","date_gmt":"2025-08-30T05:29:27","guid":{"rendered":"https:\/\/dersuessestopp.com\/?post_type=product&#038;p=7027"},"modified":"2025-08-30T05:29:27","modified_gmt":"2025-08-30T05:29:27","slug":"r500-enrobing-stroj","status":"publish","type":"product","link":"https:\/\/dersuessestopp.com\/sl\/product\/r500-enrobing-machine\/","title":{"rendered":"Stroj za enrobiranje R500"},"content":{"rendered":"<p data-start=\"190\" data-end=\"600\">Spletna stran <strong data-start=\"194\" data-end=\"219\">R500 Stroj za enrobiranje<\/strong> je popolnoma avtomatski sistem z neprekinjenim delovanjem, ki je zasnovan za oblaganje sla\u0161\u010dic z <strong data-start=\"317\" data-end=\"388\">\u010dokoladne mase ali drugi premazi, ki jih ni treba kaliti.<\/strong>. Z velikim <strong data-start=\"405\" data-end=\"428\">Kapaciteta posode 45 kg<\/strong> in natan\u010dno krmiljenim sistemom zagotavlja u\u010dinkovitost, doslednost in vrhunsko obdelavo izdelkov za profesionalne \u010dokoladnice in industrijsko proizvodnjo sla\u0161\u010dic.<\/p>\n<h4 data-start=\"602\" data-end=\"633\">Glavne zna\u010dilnosti in prednosti:<\/h4>\n<ul data-start=\"634\" data-end=\"1471\">\n<li data-start=\"634\" data-end=\"766\">\n<p data-start=\"636\" data-end=\"766\"><strong data-start=\"636\" data-end=\"658\">Skleda z veliko zmogljivostjo<\/strong> - <strong data-start=\"661\" data-end=\"699\">45 kg posoda iz nerjave\u010dega jekla AISI304<\/strong> z vgrajenim me\u0161alnikom poskrbi, da so premazi gladki, teko\u010di in enakomerni.<\/p>\n<\/li>\n<li data-start=\"767\" data-end=\"886\">\n<p data-start=\"769\" data-end=\"886\"><strong data-start=\"769\" data-end=\"798\">Sistem za taljenje Bain-Marie<\/strong> - Ne\u017eno topi premaze, pri tem pa ohranja stabilno temperaturo za dosledne rezultate.<\/p>\n<\/li>\n<li data-start=\"887\" data-end=\"1007\">\n<p data-start=\"889\" data-end=\"1007\"><strong data-start=\"889\" data-end=\"922\">Natan\u010den nadzor temperature<\/strong> - Upravlja se prek <strong data-start=\"941\" data-end=\"965\">zelo natan\u010dne sonde<\/strong> in <strong data-start=\"972\" data-end=\"1004\">posebna krmilna plo\u0161\u010da GAMI<\/strong>.<\/p>\n<\/li>\n<li data-start=\"1008\" data-end=\"1156\">\n<p data-start=\"1010\" data-end=\"1156\"><strong data-start=\"1010\" data-end=\"1036\">Uporabniku prijazni upravljalni elementi<\/strong> - Opremljen je z <strong data-start=\"1055\" data-end=\"1094\">no\u017eni pedal za zaustavljanje pretoka in doziranje<\/strong> ter <strong data-start=\"1103\" data-end=\"1128\">avtomatski \u010dasovnik za zagon<\/strong> za priro\u010dno upravljanje.<\/p>\n<\/li>\n<li data-start=\"1157\" data-end=\"1344\">\n<p data-start=\"1159\" data-end=\"1344\"><strong data-start=\"1159\" data-end=\"1189\">Raz\u0161irljiv sistem za oplemenitenje<\/strong> - Lahko ga pove\u017eete z <strong data-start=\"1213\" data-end=\"1240\">\u017ei\u010dnato mre\u017eni pas za opona\u0161anje<\/strong> z razpr\u0161ilnikom, puhalnikom, \u017ei\u010dno mre\u017eo in napravo za rezanje repa za proizvodnjo v polnem obsegu.<\/p>\n<\/li>\n<li data-start=\"1345\" data-end=\"1471\">\n<p data-start=\"1347\" data-end=\"1471\"><strong data-start=\"1347\" data-end=\"1374\">Nastavljiv pretok izdelkov<\/strong> - Omogo\u010da prilagodljivost za prilagajanje poteka premazovanja razli\u010dnim vrstam izdelkov in proizvodnim potrebam.<\/p>\n<\/li>\n<\/ul>\n<h4 data-start=\"1473\" data-end=\"1505\">Tehni\u010dne specifikacije:<\/h4>\n<ul data-start=\"1506\" data-end=\"1578\">\n<li data-start=\"1506\" data-end=\"1534\">\n<p data-start=\"1508\" data-end=\"1534\"><strong data-start=\"1508\" data-end=\"1526\">Prostornina sklede:<\/strong> 45 kg<\/p>\n<\/li>\n<li data-start=\"1535\" data-end=\"1578\">\n<p data-start=\"1537\" data-end=\"1578\"><strong data-start=\"1537\" data-end=\"1552\">Dimenzije:<\/strong> 680 x 920 x 1650 mm (h)<\/p>\n<\/li>\n<\/ul>","protected":false},"excerpt":{"rendered":"<p>The R500 Enrobing Machine is a fully automatic, continuous-operation system designed to enrobe confectionery products with chocolate compounds or other coatings that do not require tempering. With its large 45 kg bowl capacity and precision-controlled system, it ensures efficiency, consistency, and superior product finishes for professional chocolatiers and industrial confectionery production. Key Features &amp; Benefits: [&hellip;]<\/p>\n","protected":false},"featured_media":7028,"comment_status":"open","ping_status":"closed","template":"","meta":[],"product_brand":[],"product_cat":[41],"product_tag":[],"class_list":{"0":"post-7027","1":"product","2":"type-product","3":"status-publish","4":"has-post-thumbnail","6":"product_cat-enrobing-and-melting-machines","8":"first","9":"instock","10":"shipping-taxable","11":"product-type-simple"},"_links":{"self":[{"href":"https:\/\/dersuessestopp.com\/sl\/wp-json\/wp\/v2\/product\/7027","targetHints":{"allow":["GET"]}}],"collection":[{"href":"https:\/\/dersuessestopp.com\/sl\/wp-json\/wp\/v2\/product"}],"about":[{"href":"https:\/\/dersuessestopp.com\/sl\/wp-json\/wp\/v2\/types\/product"}],"replies":[{"embeddable":true,"href":"https:\/\/dersuessestopp.com\/sl\/wp-json\/wp\/v2\/comments?post=7027"}],"version-history":[{"count":1,"href":"https:\/\/dersuessestopp.com\/sl\/wp-json\/wp\/v2\/product\/7027\/revisions"}],"predecessor-version":[{"id":7029,"href":"https:\/\/dersuessestopp.com\/sl\/wp-json\/wp\/v2\/product\/7027\/revisions\/7029"}],"wp:featuredmedia":[{"embeddable":true,"href":"https:\/\/dersuessestopp.com\/sl\/wp-json\/wp\/v2\/media\/7028"}],"wp:attachment":[{"href":"https:\/\/dersuessestopp.com\/sl\/wp-json\/wp\/v2\/media?parent=7027"}],"wp:term":[{"taxonomy":"product_brand","embeddable":true,"href":"https:\/\/dersuessestopp.com\/sl\/wp-json\/wp\/v2\/product_brand?post=7027"},{"taxonomy":"product_cat","embeddable":true,"href":"https:\/\/dersuessestopp.com\/sl\/wp-json\/wp\/v2\/product_cat?post=7027"},{"taxonomy":"product_tag","embeddable":true,"href":"https:\/\/dersuessestopp.com\/sl\/wp-json\/wp\/v2\/product_tag?post=7027"}],"curies":[{"name":"wp","href":"https:\/\/api.w.org\/{rel}","templated":true}]}}