{"id":7024,"date":"2025-08-30T05:27:36","date_gmt":"2025-08-30T05:27:36","guid":{"rendered":"https:\/\/dersuessestopp.com\/?post_type=product&#038;p=7024"},"modified":"2025-08-30T05:27:56","modified_gmt":"2025-08-30T05:27:56","slug":"r400-stroj-za-enrobiranje","status":"publish","type":"product","link":"https:\/\/dersuessestopp.com\/sl\/product\/r400-enrobing-machine\/","title":{"rendered":"R400 stroj za enrobiranje"},"content":{"rendered":"<p data-start=\"211\" data-end=\"574\">Spletna stran <strong data-start=\"215\" data-end=\"240\">R400 Stroj za anrobiranje<\/strong> je <strong data-start=\"247\" data-end=\"289\">samodejni sistem neprekinjenega delovanja<\/strong> zasnovan za oplemenitenje sla\u0161\u010di\u010darskih izdelkov s \u010dokoladnimi sestavinami ali drugimi premazi, ki ne potrebujejo temperiranja. Izdelan je za u\u010dinkovitost in zanesljivost ter zagotavlja gladek in enakomeren zaklju\u010dek ter poenostavlja proizvodnjo za profesionalne \u010dokoladnice in proizvajalce sla\u0161\u010dic.<\/p>\n<h4 data-start=\"576\" data-end=\"607\">Glavne zna\u010dilnosti in prednosti:<\/h4>\n<ul data-start=\"608\" data-end=\"1420\">\n<li data-start=\"608\" data-end=\"732\">\n<p data-start=\"610\" data-end=\"732\"><strong data-start=\"610\" data-end=\"633\">25 kg Kapaciteta posode<\/strong> - Narejen iz <strong data-start=\"644\" data-end=\"671\">nerjavno jeklo AISI304<\/strong>, ki je opremljen z me\u0161alnikom, da premazi ostanejo teko\u010di in enakomerni.<\/p>\n<\/li>\n<li data-start=\"733\" data-end=\"843\">\n<p data-start=\"735\" data-end=\"843\"><strong data-start=\"735\" data-end=\"764\">Sistem za taljenje Bain-Marie<\/strong> - Ne\u017eno topi premaze, pri tem pa ohranja stabilno, homogeno temperaturo.<\/p>\n<\/li>\n<li data-start=\"844\" data-end=\"981\">\n<p data-start=\"846\" data-end=\"981\"><strong data-start=\"846\" data-end=\"877\">Natan\u010den nadzor temperature<\/strong> - Upravlja jo <strong data-start=\"891\" data-end=\"916\">zelo natan\u010dne sonde<\/strong> in <strong data-start=\"923\" data-end=\"955\">posebna krmilna plo\u0161\u010da GAMI<\/strong> za dosledne rezultate.<\/p>\n<\/li>\n<li data-start=\"982\" data-end=\"1121\">\n<p data-start=\"984\" data-end=\"1121\"><strong data-start=\"984\" data-end=\"1015\">Prilagodljiv nadzor proizvodnje<\/strong> - Vsebuje a <strong data-start=\"1029\" data-end=\"1068\">no\u017eni pedal za zaustavljanje pretoka in doziranje<\/strong> ter <strong data-start=\"1077\" data-end=\"1102\">avtomatski \u010dasovnik za zagon<\/strong> za la\u017ejo uporabo.<\/p>\n<\/li>\n<li data-start=\"1122\" data-end=\"1321\">\n<p data-start=\"1124\" data-end=\"1321\"><strong data-start=\"1124\" data-end=\"1152\">Izbirni sistem za oplemenitenje<\/strong> - Lahko se pove\u017ee z <strong data-start=\"1178\" data-end=\"1205\">enrobing pas iz \u017ei\u010dnate mre\u017ee<\/strong> skupaj z razpr\u0161ilnikom, puhalnikom, \u017ei\u010dno mre\u017eo in napravo za rezanje repov za popolno profesionalno linijo za enrobing.<\/p>\n<\/li>\n<li data-start=\"1322\" data-end=\"1420\">\n<p data-start=\"1324\" data-end=\"1420\"><strong data-start=\"1324\" data-end=\"1351\">Nastavljiv pretok izdelkov<\/strong> - Omogo\u010da natan\u010dno prilagajanje koli\u010dine premaza glede na potrebe izdelka.<\/p>\n<\/li>\n<\/ul>\n<h4 data-start=\"1422\" data-end=\"1454\">Tehni\u010dne specifikacije:<\/h4>\n<ul data-start=\"1455\" data-end=\"1527\">\n<li data-start=\"1455\" data-end=\"1483\">\n<p data-start=\"1457\" data-end=\"1483\"><strong data-start=\"1457\" data-end=\"1475\">Prostornina sklede:<\/strong> 25 kg<\/p>\n<\/li>\n<li data-start=\"1484\" data-end=\"1527\">\n<p data-start=\"1486\" data-end=\"1527\"><strong data-start=\"1486\" data-end=\"1501\">Dimenzije:<\/strong> 580 x 750 x 1550 mm (h)<\/p>\n<\/li>\n<\/ul>","protected":false},"excerpt":{"rendered":"<p>The R400 Enrobing Machine is an automatic, continuous-operation system designed for enrobing confectionery products with chocolate compounds or other coatings that do not require tempering. Built for efficiency and reliability, it ensures a smooth, even finish while streamlining production for professional chocolatiers and confectionery manufacturers. Key Features &amp; Benefits: 25 kg Bowl Capacity \u2013 Made [&hellip;]<\/p>\n","protected":false},"featured_media":7025,"comment_status":"open","ping_status":"closed","template":"","meta":[],"product_brand":[],"product_cat":[41],"product_tag":[],"class_list":{"0":"post-7024","1":"product","2":"type-product","3":"status-publish","4":"has-post-thumbnail","6":"product_cat-enrobing-and-melting-machines","8":"first","9":"instock","10":"shipping-taxable","11":"product-type-simple"},"_links":{"self":[{"href":"https:\/\/dersuessestopp.com\/sl\/wp-json\/wp\/v2\/product\/7024","targetHints":{"allow":["GET"]}}],"collection":[{"href":"https:\/\/dersuessestopp.com\/sl\/wp-json\/wp\/v2\/product"}],"about":[{"href":"https:\/\/dersuessestopp.com\/sl\/wp-json\/wp\/v2\/types\/product"}],"replies":[{"embeddable":true,"href":"https:\/\/dersuessestopp.com\/sl\/wp-json\/wp\/v2\/comments?post=7024"}],"version-history":[{"count":1,"href":"https:\/\/dersuessestopp.com\/sl\/wp-json\/wp\/v2\/product\/7024\/revisions"}],"predecessor-version":[{"id":7026,"href":"https:\/\/dersuessestopp.com\/sl\/wp-json\/wp\/v2\/product\/7024\/revisions\/7026"}],"wp:featuredmedia":[{"embeddable":true,"href":"https:\/\/dersuessestopp.com\/sl\/wp-json\/wp\/v2\/media\/7025"}],"wp:attachment":[{"href":"https:\/\/dersuessestopp.com\/sl\/wp-json\/wp\/v2\/media?parent=7024"}],"wp:term":[{"taxonomy":"product_brand","embeddable":true,"href":"https:\/\/dersuessestopp.com\/sl\/wp-json\/wp\/v2\/product_brand?post=7024"},{"taxonomy":"product_cat","embeddable":true,"href":"https:\/\/dersuessestopp.com\/sl\/wp-json\/wp\/v2\/product_cat?post=7024"},{"taxonomy":"product_tag","embeddable":true,"href":"https:\/\/dersuessestopp.com\/sl\/wp-json\/wp\/v2\/product_tag?post=7024"}],"curies":[{"name":"wp","href":"https:\/\/api.w.org\/{rel}","templated":true}]}}