{"id":7020,"date":"2025-08-30T05:24:11","date_gmt":"2025-08-30T05:24:11","guid":{"rendered":"https:\/\/dersuessestopp.com\/?post_type=product&#038;p=7020"},"modified":"2025-08-30T05:38:49","modified_gmt":"2025-08-30T05:38:49","slug":"stroj-za-kaljenje-diva12","status":"publish","type":"product","link":"https:\/\/dersuessestopp.com\/sl\/product\/diva12-tempering-machine\/","title":{"rendered":"Stroj za kaljenje Diva12"},"content":{"rendered":"<p data-start=\"186\" data-end=\"530\">Spletna stran <strong data-start=\"190\" data-end=\"200\">Diva12<\/strong> je popolnoma samodejni, neprekinjeno delujo\u010di stroj za kaljenje, zasnovan za zagotavljanje <strong data-start=\"282\" data-end=\"324\">natan\u010dnost, zanesljivost in u\u010dinkovitost.<\/strong> za profesionalne \u010dokoladnice in srednjo proizvodnjo. Iz <strong data-start=\"389\" data-end=\"411\">bain-marie za taljenje<\/strong> na . <strong data-start=\"415\" data-end=\"474\">temperiranje s hladilnim plinom in kompresorjem hladilnega sredstva.<\/strong>, zagotavlja vedno brezhibno obdelavo \u010dokolade.<\/p>\n<h4 data-start=\"532\" data-end=\"563\">Glavne zna\u010dilnosti in prednosti:<\/h4>\n<ul data-start=\"564\" data-end=\"1457\">\n<li data-start=\"564\" data-end=\"728\">\n<p data-start=\"566\" data-end=\"728\"><strong data-start=\"566\" data-end=\"589\">12 kg Kapaciteta sklede<\/strong> - Izdelano iz trpe\u017enega <strong data-start=\"615\" data-end=\"642\">nerjavno jeklo AISI304<\/strong>, z vgrajenim me\u0161alnikom, ki poskrbi, da je \u010dokolada teko\u010da, konsistentna in popolnoma temperirana.<\/p>\n<\/li>\n<li data-start=\"729\" data-end=\"898\">\n<p data-start=\"731\" data-end=\"898\"><strong data-start=\"731\" data-end=\"752\">Visoka produktivnost<\/strong> - Sposoben kaljenja do <strong data-start=\"782\" data-end=\"813\">60 kg \u010dokolade na uro<\/strong>, zato je idealna za rasto\u010da podjetja in profesionalno proizvodnjo sla\u0161\u010dic.<\/p>\n<\/li>\n<li data-start=\"899\" data-end=\"1044\">\n<p data-start=\"901\" data-end=\"1044\"><strong data-start=\"901\" data-end=\"926\">Hitro in enostavno \u010di\u0161\u010denje<\/strong> - Ima funkcije an <strong data-start=\"941\" data-end=\"962\">izvle\u010dni sveder<\/strong> ki omogo\u010da globinsko \u010di\u0161\u010denje in hitro preklapljanje med razli\u010dnimi vrstami \u010dokolade.<\/p>\n<\/li>\n<li data-start=\"1045\" data-end=\"1204\">\n<p data-start=\"1047\" data-end=\"1204\"><strong data-start=\"1047\" data-end=\"1080\">Natan\u010den nadzor temperature<\/strong> - Opremljen z <strong data-start=\"1097\" data-end=\"1121\">zelo natan\u010dne sonde<\/strong> povezan z namensko plo\u0161\u010do vezja za vzdr\u017eevanje popolnih pogojev kaljenja.<\/p>\n<\/li>\n<li data-start=\"1205\" data-end=\"1342\">\n<p data-start=\"1207\" data-end=\"1342\"><strong data-start=\"1207\" data-end=\"1229\">Izbolj\u0161ana uporabnost<\/strong> - Vklju\u010duje <strong data-start=\"1243\" data-end=\"1269\">ogrevana vibracijska miza<\/strong> in <strong data-start=\"1276\" data-end=\"1299\">pedal za zaustavljanje pretoka<\/strong> za natan\u010dno odmerjanje in nadzor porcij.<\/p>\n<\/li>\n<li data-start=\"1343\" data-end=\"1457\">\n<p data-start=\"1345\" data-end=\"1457\"><strong data-start=\"1345\" data-end=\"1374\">Nastavljiv pretok \u010dokolade<\/strong> - Zagotavlja prilagodljivost za prilagajanje razli\u010dnim proizvodnim potrebam in vrstam izdelkov.<\/p>\n<\/li>\n<\/ul>\n<h4 data-start=\"1459\" data-end=\"1491\">Tehni\u010dne specifikacije:<\/h4>\n<ul data-start=\"1492\" data-end=\"1597\">\n<li data-start=\"1492\" data-end=\"1520\">\n<p data-start=\"1494\" data-end=\"1520\"><strong data-start=\"1494\" data-end=\"1512\">Prostornina sklede:<\/strong> 12 kg<\/p>\n<\/li>\n<li data-start=\"1521\" data-end=\"1553\">\n<p data-start=\"1523\" data-end=\"1553\"><strong data-start=\"1523\" data-end=\"1543\">Urna zmogljivost:<\/strong> 60 kg\/h<\/p>\n<\/li>\n<li data-start=\"1554\" data-end=\"1597\">\n<p data-start=\"1556\" data-end=\"1597\"><strong data-start=\"1556\" data-end=\"1571\">Dimenzije:<\/strong> 440 x 690 x 1570 mm (h)<\/p>\n<\/li>\n<\/ul>\n<p class=\"meta-row\">","protected":false},"excerpt":{"rendered":"<p>The Diva12 is a fully automatic, continuous-operation tempering machine designed to deliver precision, reliability, and efficiency for professional chocolatiers and medium-scale production. From bain-marie melting to tempering with cooling gas and a refrigerant compressor, it ensures flawless chocolate processing every time. Key Features &amp; Benefits: 12 kg Bowl Capacity \u2013 Constructed in durable stainless steel [&hellip;]<\/p>\n","protected":false},"featured_media":7021,"comment_status":"open","ping_status":"closed","template":"","meta":[],"product_brand":[],"product_cat":[40],"product_tag":[],"class_list":{"0":"post-7020","1":"product","2":"type-product","3":"status-publish","4":"has-post-thumbnail","6":"product_cat-tempering-machines","8":"first","9":"instock","10":"shipping-taxable","11":"product-type-simple"},"_links":{"self":[{"href":"https:\/\/dersuessestopp.com\/sl\/wp-json\/wp\/v2\/product\/7020","targetHints":{"allow":["GET"]}}],"collection":[{"href":"https:\/\/dersuessestopp.com\/sl\/wp-json\/wp\/v2\/product"}],"about":[{"href":"https:\/\/dersuessestopp.com\/sl\/wp-json\/wp\/v2\/types\/product"}],"replies":[{"embeddable":true,"href":"https:\/\/dersuessestopp.com\/sl\/wp-json\/wp\/v2\/comments?post=7020"}],"version-history":[{"count":3,"href":"https:\/\/dersuessestopp.com\/sl\/wp-json\/wp\/v2\/product\/7020\/revisions"}],"predecessor-version":[{"id":7042,"href":"https:\/\/dersuessestopp.com\/sl\/wp-json\/wp\/v2\/product\/7020\/revisions\/7042"}],"wp:featuredmedia":[{"embeddable":true,"href":"https:\/\/dersuessestopp.com\/sl\/wp-json\/wp\/v2\/media\/7021"}],"wp:attachment":[{"href":"https:\/\/dersuessestopp.com\/sl\/wp-json\/wp\/v2\/media?parent=7020"}],"wp:term":[{"taxonomy":"product_brand","embeddable":true,"href":"https:\/\/dersuessestopp.com\/sl\/wp-json\/wp\/v2\/product_brand?post=7020"},{"taxonomy":"product_cat","embeddable":true,"href":"https:\/\/dersuessestopp.com\/sl\/wp-json\/wp\/v2\/product_cat?post=7020"},{"taxonomy":"product_tag","embeddable":true,"href":"https:\/\/dersuessestopp.com\/sl\/wp-json\/wp\/v2\/product_tag?post=7020"}],"curies":[{"name":"wp","href":"https:\/\/api.w.org\/{rel}","templated":true}]}}