{"id":7011,"date":"2025-08-30T05:08:56","date_gmt":"2025-08-30T05:08:56","guid":{"rendered":"https:\/\/dersuessestopp.com\/?post_type=product&#038;p=7011"},"modified":"2025-08-30T05:14:59","modified_gmt":"2025-08-30T05:14:59","slug":"stroj-za-kaljenje-diva8","status":"publish","type":"product","link":"https:\/\/dersuessestopp.com\/sl\/product\/diva8-tempering-machine\/","title":{"rendered":"Stroj za kaljenje Diva8"},"content":{"rendered":"<p data-start=\"162\" data-end=\"467\">Spletna stran <strong data-start=\"166\" data-end=\"175\">Diva8<\/strong> je popolnoma samodejni stroj za temperiranje \u010dokolade, ki deluje neprekinjeno in je zasnovan tako, da zagotavlja najve\u010djo natan\u010dnost, doslednost in enostavnost uporabe. Na spletni strani . <strong data-start=\"321\" data-end=\"343\">bain-marie za taljenje<\/strong> na . <strong data-start=\"347\" data-end=\"406\">temperiranje s hladilnim plinom in kompresorjem hladilnega sredstva.<\/strong>, zagotavlja popolne rezultate na vseh stopnjah postopka.<\/p>\n<h4 data-start=\"469\" data-end=\"500\">Glavne zna\u010dilnosti in prednosti:<\/h4>\n<ul data-start=\"501\" data-end=\"1400\">\n<li data-start=\"501\" data-end=\"650\">\n<p data-start=\"503\" data-end=\"650\"><strong data-start=\"503\" data-end=\"525\">8 kg Zmogljivost sklede<\/strong> - Narejen je iz trpe\u017enega <strong data-start=\"544\" data-end=\"571\">nerjavno jeklo AISI304<\/strong> z vgrajenim me\u0161alnikom, ki poskrbi, da je \u010dokolada teko\u010da, enakomerna in popolnoma temperirana.<\/p>\n<\/li>\n<li data-start=\"651\" data-end=\"824\">\n<p data-start=\"653\" data-end=\"824\"><strong data-start=\"653\" data-end=\"668\">Visoka zmogljivost<\/strong> - Proizvaja do <strong data-start=\"686\" data-end=\"726\">50 kg temperirane \u010dokolade na uro<\/strong>, zato je idealen za profesionalne sla\u0161\u010di\u010darje in majhne do srednje velike proizvodnje \u010dokolade.<\/p>\n<\/li>\n<li data-start=\"825\" data-end=\"995\">\n<p data-start=\"827\" data-end=\"995\"><strong data-start=\"827\" data-end=\"856\">U\u010dinkovit sistem \u010di\u0161\u010denja<\/strong> - Ima funkcije an <strong data-start=\"871\" data-end=\"892\">izvle\u010dni sveder<\/strong>, kar omogo\u010da hitro in temeljito \u010di\u0161\u010denje za nemoten prehod med razli\u010dnimi vrstami \u010dokolade.<\/p>\n<\/li>\n<li data-start=\"996\" data-end=\"1135\">\n<p data-start=\"998\" data-end=\"1135\"><strong data-start=\"998\" data-end=\"1022\">Temperaturna natan\u010dnost<\/strong> - Nadzorujejo ga zelo natan\u010dne sonde, ki so priklju\u010dene na posebno plo\u0161\u010do z vezjem za optimalne pogoje temperiranja.<\/p>\n<\/li>\n<li data-start=\"1136\" data-end=\"1278\">\n<p data-start=\"1138\" data-end=\"1278\"><strong data-start=\"1138\" data-end=\"1160\">Izbolj\u0161ana uporabnost<\/strong> - Opremljen je z <strong data-start=\"1179\" data-end=\"1205\">ogrevana vibracijska miza<\/strong> in . <strong data-start=\"1210\" data-end=\"1233\">pedal za zaustavljanje pretoka<\/strong> za enostavno doziranje in dosledno odmerjanje.<\/p>\n<\/li>\n<li data-start=\"1279\" data-end=\"1400\">\n<p data-start=\"1281\" data-end=\"1400\"><strong data-start=\"1281\" data-end=\"1310\">Nastavljiv pretok \u010dokolade<\/strong> - Zagotavlja prilagodljivost proizvodnje v skladu s posebnimi zahtevami recepta ali serije.<\/p>\n<\/li>\n<\/ul>\n<h4 data-start=\"1402\" data-end=\"1434\">Tehni\u010dne specifikacije:<\/h4>\n<ul data-start=\"1435\" data-end=\"1539\">\n<li data-start=\"1435\" data-end=\"1462\">\n<p data-start=\"1437\" data-end=\"1462\"><strong data-start=\"1437\" data-end=\"1455\">Prostornina sklede:<\/strong> 8 kg<\/p>\n<\/li>\n<li data-start=\"1463\" data-end=\"1495\">\n<p data-start=\"1465\" data-end=\"1495\"><strong data-start=\"1465\" data-end=\"1485\">Urna zmogljivost:<\/strong> 50 kg\/h<\/p>\n<\/li>\n<li data-start=\"1496\" data-end=\"1539\">\n<p data-start=\"1498\" data-end=\"1539\"><strong data-start=\"1498\" data-end=\"1513\">Dimenzije:<\/strong> 410 x 630 x 1510 mm (h)<\/p>\n<\/li>\n<\/ul>","protected":false},"excerpt":{"rendered":"<p>The Diva8 is a fully automatic, continuous-operation chocolate tempering machine designed to deliver maximum precision, consistency, and ease of use. From bain-marie melting to tempering with cooling gas and a refrigerant compressor, it ensures perfect results at every stage of the process. Key Features &amp; Benefits: 8 kg Bowl Capacity \u2013 Made of durable stainless [&hellip;]<\/p>\n","protected":false},"featured_media":7012,"comment_status":"open","ping_status":"closed","template":"","meta":[],"product_brand":[],"product_cat":[40],"product_tag":[],"class_list":{"0":"post-7011","1":"product","2":"type-product","3":"status-publish","4":"has-post-thumbnail","6":"product_cat-tempering-machines","8":"first","9":"instock","10":"shipping-taxable","11":"product-type-simple"},"_links":{"self":[{"href":"https:\/\/dersuessestopp.com\/sl\/wp-json\/wp\/v2\/product\/7011","targetHints":{"allow":["GET"]}}],"collection":[{"href":"https:\/\/dersuessestopp.com\/sl\/wp-json\/wp\/v2\/product"}],"about":[{"href":"https:\/\/dersuessestopp.com\/sl\/wp-json\/wp\/v2\/types\/product"}],"replies":[{"embeddable":true,"href":"https:\/\/dersuessestopp.com\/sl\/wp-json\/wp\/v2\/comments?post=7011"}],"version-history":[{"count":3,"href":"https:\/\/dersuessestopp.com\/sl\/wp-json\/wp\/v2\/product\/7011\/revisions"}],"predecessor-version":[{"id":7015,"href":"https:\/\/dersuessestopp.com\/sl\/wp-json\/wp\/v2\/product\/7011\/revisions\/7015"}],"wp:featuredmedia":[{"embeddable":true,"href":"https:\/\/dersuessestopp.com\/sl\/wp-json\/wp\/v2\/media\/7012"}],"wp:attachment":[{"href":"https:\/\/dersuessestopp.com\/sl\/wp-json\/wp\/v2\/media?parent=7011"}],"wp:term":[{"taxonomy":"product_brand","embeddable":true,"href":"https:\/\/dersuessestopp.com\/sl\/wp-json\/wp\/v2\/product_brand?post=7011"},{"taxonomy":"product_cat","embeddable":true,"href":"https:\/\/dersuessestopp.com\/sl\/wp-json\/wp\/v2\/product_cat?post=7011"},{"taxonomy":"product_tag","embeddable":true,"href":"https:\/\/dersuessestopp.com\/sl\/wp-json\/wp\/v2\/product_tag?post=7011"}],"curies":[{"name":"wp","href":"https:\/\/api.w.org\/{rel}","templated":true}]}}