{"id":7007,"date":"2025-08-30T05:06:00","date_gmt":"2025-08-30T05:06:00","guid":{"rendered":"https:\/\/dersuessestopp.com\/?post_type=product&#038;p=7007"},"modified":"2025-08-30T05:21:39","modified_gmt":"2025-08-30T05:21:39","slug":"grelni-polnilnik-za-kalupe","status":"publish","type":"product","link":"https:\/\/dersuessestopp.com\/sl\/product\/heating-loader-for-moulds\/","title":{"rendered":"GRELNI POLNILNIK ZA KALUPE"},"content":{"rendered":"<p data-start=\"173\" data-end=\"481\">Spletna stran <strong data-start=\"177\" data-end=\"206\">Polnilnik za ogrevanje kalupov<\/strong> je specializirana dodatna oprema, zasnovana za optimizacijo <strong data-start=\"259\" data-end=\"290\">Proizvodni proces One Shot<\/strong> s predhodnim segrevanjem kalupov pred polnjenjem. Z dostavo kalupov neposredno na trak One Shot pri hitrosti do <strong data-start=\"390\" data-end=\"414\">12 ciklov na minuto<\/strong>, zagotavlja nemoteno, natan\u010dno in u\u010dinkovito proizvodnjo \u010dokolade.<\/p>\n<h4 data-start=\"483\" data-end=\"514\">Glavne zna\u010dilnosti in prednosti:<\/h4>\n<ul data-start=\"515\" data-end=\"1174\">\n<li data-start=\"515\" data-end=\"632\">\n<p data-start=\"517\" data-end=\"632\"><strong data-start=\"517\" data-end=\"544\">Infrarde\u010di ogrevalni sistem<\/strong> - Opremljen z <strong data-start=\"561\" data-end=\"594\">infrarde\u010de sevanje in svetilke<\/strong> za hitro in enakomerno segrevanje kalupa.<\/p>\n<\/li>\n<li data-start=\"633\" data-end=\"794\">\n<p data-start=\"635\" data-end=\"794\"><strong data-start=\"635\" data-end=\"666\">Digitalni nadzor temperature<\/strong> - A <strong data-start=\"671\" data-end=\"695\">precizni termostat<\/strong> uravnava raven toplote in zagotavlja, da so kalupi na idealni temperaturi za dosledne rezultate.<\/p>\n<\/li>\n<li data-start=\"795\" data-end=\"919\">\n<p data-start=\"797\" data-end=\"919\"><strong data-start=\"797\" data-end=\"821\">Brezhibna integracija<\/strong> - Zasnovan za neposredno delovanje z <strong data-start=\"859\" data-end=\"886\">Dozirni stroj One Shot<\/strong>, racionalizacijo proizvodnega toka.<\/p>\n<\/li>\n<li data-start=\"920\" data-end=\"1055\">\n<p data-start=\"922\" data-end=\"1055\"><strong data-start=\"922\" data-end=\"953\">Optimizirana kakovost \u010dokolade<\/strong> - Ustrezno segreti kalupi prepre\u010dujejo nastanek napak, kar zagotavlja gladek zaklju\u010dek in visokokakovostno \u010dokolado.<\/p>\n<\/li>\n<li data-start=\"1056\" data-end=\"1174\">\n<p data-start=\"1058\" data-end=\"1174\"><strong data-start=\"1058\" data-end=\"1077\">Visoka u\u010dinkovitost<\/strong> - Deluje pri hitrosti do <strong data-start=\"1098\" data-end=\"1124\">12 udarcev na minuto<\/strong>, ki podpira hitro delujo\u010da proizvodna okolja.<\/p>\n<\/li>\n<\/ul>","protected":false},"excerpt":{"rendered":"<p>The Heating Loader for Moulds is a specialized accessory designed to optimize the One Shot production process by preheating moulds before filling. By delivering moulds directly onto the One Shot belt at up to 12 cycles per minute, it ensures smooth, precise, and efficient chocolate production. Key Features &amp; Benefits: Infrared Heating System \u2013 Equipped [&hellip;]<\/p>\n","protected":false},"featured_media":7008,"comment_status":"open","ping_status":"closed","template":"","meta":[],"product_brand":[],"product_cat":[39],"product_tag":[],"class_list":{"0":"post-7007","1":"product","2":"type-product","3":"status-publish","4":"has-post-thumbnail","6":"product_cat-one-shot-line","8":"first","9":"instock","10":"shipping-taxable","11":"product-type-simple"},"_links":{"self":[{"href":"https:\/\/dersuessestopp.com\/sl\/wp-json\/wp\/v2\/product\/7007","targetHints":{"allow":["GET"]}}],"collection":[{"href":"https:\/\/dersuessestopp.com\/sl\/wp-json\/wp\/v2\/product"}],"about":[{"href":"https:\/\/dersuessestopp.com\/sl\/wp-json\/wp\/v2\/types\/product"}],"replies":[{"embeddable":true,"href":"https:\/\/dersuessestopp.com\/sl\/wp-json\/wp\/v2\/comments?post=7007"}],"version-history":[{"count":2,"href":"https:\/\/dersuessestopp.com\/sl\/wp-json\/wp\/v2\/product\/7007\/revisions"}],"predecessor-version":[{"id":7019,"href":"https:\/\/dersuessestopp.com\/sl\/wp-json\/wp\/v2\/product\/7007\/revisions\/7019"}],"wp:featuredmedia":[{"embeddable":true,"href":"https:\/\/dersuessestopp.com\/sl\/wp-json\/wp\/v2\/media\/7008"}],"wp:attachment":[{"href":"https:\/\/dersuessestopp.com\/sl\/wp-json\/wp\/v2\/media?parent=7007"}],"wp:term":[{"taxonomy":"product_brand","embeddable":true,"href":"https:\/\/dersuessestopp.com\/sl\/wp-json\/wp\/v2\/product_brand?post=7007"},{"taxonomy":"product_cat","embeddable":true,"href":"https:\/\/dersuessestopp.com\/sl\/wp-json\/wp\/v2\/product_cat?post=7007"},{"taxonomy":"product_tag","embeddable":true,"href":"https:\/\/dersuessestopp.com\/sl\/wp-json\/wp\/v2\/product_tag?post=7007"}],"curies":[{"name":"wp","href":"https:\/\/api.w.org\/{rel}","templated":true}]}}