{"id":6998,"date":"2025-08-30T04:54:50","date_gmt":"2025-08-30T04:54:50","guid":{"rendered":"https:\/\/dersuessestopp.com\/?post_type=product&#038;p=6998"},"modified":"2025-08-30T05:37:54","modified_gmt":"2025-08-30T05:37:54","slug":"en-posnetek","status":"publish","type":"product","link":"https:\/\/dersuessestopp.com\/sl\/product\/one-shot\/","title":{"rendered":"En strel"},"content":{"rendered":"<p data-start=\"175\" data-end=\"599\">Spletna stran <strong data-start=\"179\" data-end=\"206\">Dozirni stroj One Shot<\/strong> je zasnovan tako, da revolucionarno spreminja proizvodnjo pralin in \u010dokoladnih polnil, saj zdru\u017euje izdelavo lupine in polnila v <strong data-start=\"323\" data-end=\"354\">enotno, u\u010dinkovito delovanje<\/strong>. Uporaba ekskluzivnih <strong data-start=\"372\" data-end=\"395\">Tehnologija One Shot<\/strong>, hkrati dozira \u010dokoladno lupino in izbrani nadev (smetano, karamelo, ganache ali druge primerne nadeve) - rezultat je precej\u0161en <strong data-start=\"548\" data-end=\"596\">prihranek \u010dasa, dela in proizvodnih stro\u0161kov.<\/strong>.<\/p>\n<h4 data-start=\"601\" data-end=\"632\">Glavne zna\u010dilnosti in prednosti:<\/h4>\n<ul data-start=\"633\" data-end=\"1694\">\n<li data-start=\"633\" data-end=\"751\">\n<p data-start=\"635\" data-end=\"751\"><strong data-start=\"635\" data-end=\"658\">Enostopenjska proizvodnja<\/strong> - \u0160koljka in polnilo se dozirata skupaj v enem samem neprekinjenem postopku, kar pove\u010duje u\u010dinkovitost.<\/p>\n<\/li>\n<li data-start=\"752\" data-end=\"891\">\n<p data-start=\"754\" data-end=\"891\"><strong data-start=\"754\" data-end=\"769\">Visoka zmogljivost<\/strong> - Proizvaja do <strong data-start=\"787\" data-end=\"826\">80 kg polnjene \u010dokolade na uro<\/strong>, zato je idealen za srednje velike in velike sla\u0161\u010di\u010darne.<\/p>\n<\/li>\n<li data-start=\"892\" data-end=\"1042\">\n<p data-start=\"894\" data-end=\"1042\"><strong data-start=\"894\" data-end=\"920\">Pametni nadzor programske opreme<\/strong> - Vsebuje a <strong data-start=\"934\" data-end=\"986\">grafi\u010dni vmesnik z intuitivnim menijem receptov<\/strong>, kar omogo\u010da enostavno upravljanje in hitro izbiro izdelkov.<\/p>\n<\/li>\n<li data-start=\"1043\" data-end=\"1207\">\n<p data-start=\"1045\" data-end=\"1207\"><strong data-start=\"1045\" data-end=\"1070\">Kakovost izdelave Premium<\/strong> - Izdelano iz <strong data-start=\"1090\" data-end=\"1120\">anodiziran kaljeni aluminij<\/strong> in . <strong data-start=\"1125\" data-end=\"1144\">iz nerjave\u010dega jekla<\/strong>, kar zagotavlja vzdr\u017eljivost, higieno in dolgotrajno delovanje.<\/p>\n<\/li>\n<li data-start=\"1208\" data-end=\"1355\">\n<p data-start=\"1210\" data-end=\"1355\"><strong data-start=\"1210\" data-end=\"1241\">Enostavno \u010di\u0161\u010denje in vzdr\u017eevanje<\/strong> - Vsak del stroja je mogo\u010de hitro odstraniti za \u010di\u0161\u010denje, sestavni deli pa so primerni za pomivanje v pomivalnem stroju, kar zmanj\u0161uje zastoje.<\/p>\n<\/li>\n<li data-start=\"1356\" data-end=\"1537\">\n<p data-start=\"1358\" data-end=\"1537\"><strong data-start=\"1358\" data-end=\"1383\">Temperaturna stabilnost<\/strong> - Opremljen z <strong data-start=\"1400\" data-end=\"1445\">odstranljivi rde\u010di silicijevi grelni upori<\/strong> ki jih je mogo\u010de pritrditi na lijake za vzdr\u017eevanje idealne temperature \u010dokolade in polnila.<\/p>\n<\/li>\n<li data-start=\"1538\" data-end=\"1694\">\n<p data-start=\"1540\" data-end=\"1694\"><strong data-start=\"1540\" data-end=\"1566\">Vsestranska uporaba<\/strong> - Idealen za natan\u010dno in dosledno izdelavo pralin, tartufov in \u0161tevilnih drugih polnjenih sla\u0161\u010dic.<\/p>\n<\/li>\n<\/ul>\n<h4 data-start=\"1696\" data-end=\"1728\">Tehni\u010dne specifikacije:<\/h4>\n<ul data-start=\"1729\" data-end=\"1839\">\n<li data-start=\"1729\" data-end=\"1761\">\n<p data-start=\"1731\" data-end=\"1761\"><strong data-start=\"1731\" data-end=\"1749\">Prostornina sklede:<\/strong> po 6 kg<\/p>\n<\/li>\n<li data-start=\"1762\" data-end=\"1794\">\n<p data-start=\"1764\" data-end=\"1794\"><strong data-start=\"1764\" data-end=\"1784\">Urna zmogljivost:<\/strong> 80 kg\/h<\/p>\n<\/li>\n<li data-start=\"1795\" data-end=\"1839\">\n<p data-start=\"1797\" data-end=\"1839\"><strong data-start=\"1797\" data-end=\"1812\">Dimenzije:<\/strong> 1170 x 740 x 1360 mm (h)<\/p>\n<\/li>\n<\/ul>","protected":false},"excerpt":{"rendered":"<p>The One Shot dosing machine is designed to revolutionize praline and filled chocolate production by combining shell and filling creation into a single, efficient operation. Using exclusive One Shot technology, it doses both the chocolate shell and the chosen filling (cream, caramel, ganache, or other suitable fillings) simultaneously\u2014resulting in significant savings of time, labor, and [&hellip;]<\/p>\n","protected":false},"featured_media":6999,"comment_status":"open","ping_status":"closed","template":"","meta":[],"product_brand":[],"product_cat":[39],"product_tag":[],"class_list":{"0":"post-6998","1":"product","2":"type-product","3":"status-publish","4":"has-post-thumbnail","6":"product_cat-one-shot-line","8":"first","9":"instock","10":"shipping-taxable","11":"product-type-simple"},"_links":{"self":[{"href":"https:\/\/dersuessestopp.com\/sl\/wp-json\/wp\/v2\/product\/6998","targetHints":{"allow":["GET"]}}],"collection":[{"href":"https:\/\/dersuessestopp.com\/sl\/wp-json\/wp\/v2\/product"}],"about":[{"href":"https:\/\/dersuessestopp.com\/sl\/wp-json\/wp\/v2\/types\/product"}],"replies":[{"embeddable":true,"href":"https:\/\/dersuessestopp.com\/sl\/wp-json\/wp\/v2\/comments?post=6998"}],"version-history":[{"count":11,"href":"https:\/\/dersuessestopp.com\/sl\/wp-json\/wp\/v2\/product\/6998\/revisions"}],"predecessor-version":[{"id":7041,"href":"https:\/\/dersuessestopp.com\/sl\/wp-json\/wp\/v2\/product\/6998\/revisions\/7041"}],"wp:featuredmedia":[{"embeddable":true,"href":"https:\/\/dersuessestopp.com\/sl\/wp-json\/wp\/v2\/media\/6999"}],"wp:attachment":[{"href":"https:\/\/dersuessestopp.com\/sl\/wp-json\/wp\/v2\/media?parent=6998"}],"wp:term":[{"taxonomy":"product_brand","embeddable":true,"href":"https:\/\/dersuessestopp.com\/sl\/wp-json\/wp\/v2\/product_brand?post=6998"},{"taxonomy":"product_cat","embeddable":true,"href":"https:\/\/dersuessestopp.com\/sl\/wp-json\/wp\/v2\/product_cat?post=6998"},{"taxonomy":"product_tag","embeddable":true,"href":"https:\/\/dersuessestopp.com\/sl\/wp-json\/wp\/v2\/product_tag?post=6998"}],"curies":[{"name":"wp","href":"https:\/\/api.w.org\/{rel}","templated":true}]}}