{"id":6991,"date":"2025-08-29T10:16:52","date_gmt":"2025-08-29T10:16:52","guid":{"rendered":"https:\/\/dersuessestopp.com\/?post_type=product&#038;p=6991"},"modified":"2025-08-29T10:16:52","modified_gmt":"2025-08-29T10:16:52","slug":"falco","status":"publish","type":"product","link":"https:\/\/dersuessestopp.com\/sl\/product\/falco\/","title":{"rendered":"FALCO"},"content":{"rendered":"<h3 data-start=\"61\" data-end=\"134\">Tiskalnik za hrano fotografske kakovosti za obrtno sla\u0161\u010di\u010darstvo<\/h3>\n<p data-start=\"136\" data-end=\"487\">Spletna stran <strong data-start=\"140\" data-end=\"149\">FALCO<\/strong> sla\u0161\u010di\u010darski ploter zagotavlja <strong data-start=\"181\" data-end=\"214\">tiskanje fotografske kakovosti<\/strong> neposredno na skoraj vse \u017eivilske podlage, zato je idealna re\u0161itev za obrtni\u0161ke trgovine in lokalne sla\u0161\u010di\u010darje, ki \u017eelijo svoje izdelke izbolj\u0161ati z natan\u010dnostjo in ustvarjalnostjo. Kompakten, a zmogljiv, ponuja popolno ravnovesje med kakovostjo, u\u010dinkovitostjo in cenovno dostopnostjo.<\/p>\n<h4 data-start=\"489\" data-end=\"520\">Glavne zna\u010dilnosti in prednosti:<\/h4>\n<ul data-start=\"521\" data-end=\"1133\">\n<li data-start=\"521\" data-end=\"635\">\n<p data-start=\"523\" data-end=\"635\"><strong data-start=\"523\" data-end=\"553\">Kakovost fotografskega tiska<\/strong> - Ustvarja ostre, \u017eivahne in podrobne slike z izjemno natan\u010dnostjo barv.<\/p>\n<\/li>\n<li data-start=\"636\" data-end=\"770\">\n<p data-start=\"638\" data-end=\"770\"><strong data-start=\"638\" data-end=\"670\">\u0160iroka zdru\u017eljivost s substrati<\/strong> - Tiska neposredno na <strong data-start=\"692\" data-end=\"767\">torte, pi\u0161koti, makroni, medenjaki, pralineji in druge drobne dobrote.<\/strong>.<\/p>\n<\/li>\n<li data-start=\"771\" data-end=\"875\">\n<p data-start=\"773\" data-end=\"875\"><strong data-start=\"773\" data-end=\"804\">Odli\u010dno za personalizacijo<\/strong> - Omogo\u010da edinstvene, prilagojene zasnove, da vsak izdelek izstopa.<\/p>\n<\/li>\n<li data-start=\"876\" data-end=\"1007\">\n<p data-start=\"878\" data-end=\"1007\"><strong data-start=\"878\" data-end=\"905\">Kompakten in uporabniku prijazen<\/strong> - Zasnovan je za manj\u0161e sla\u0161\u010di\u010darne, saj omogo\u010da enostavno upravljanje brez poslab\u0161anja kakovosti.<\/p>\n<\/li>\n<li data-start=\"1008\" data-end=\"1133\">\n<p data-start=\"1010\" data-end=\"1133\"><strong data-start=\"1010\" data-end=\"1033\">Okrepljena ustvarjalnost<\/strong> - Obrtnikom pomaga raz\u0161iriti ponudbo izdelkov s privla\u010dnimi okraski, ki pritegnejo kupce.<\/p>\n<\/li>\n<\/ul>\n<h4 data-start=\"1135\" data-end=\"1156\">Za koga je namenjen?<\/h4>\n<p data-start=\"1157\" data-end=\"1185\">Naprava FALCO je namenjena:<\/p>\n<ul data-start=\"1186\" data-end=\"1460\">\n<li data-start=\"1186\" data-end=\"1262\">\n<p data-start=\"1188\" data-end=\"1262\"><strong data-start=\"1188\" data-end=\"1213\">Manj\u0161e obrtne trgovine<\/strong> \u017eelijo dodati vrednost s personaliziranimi sladkarijami.<\/p>\n<\/li>\n<li data-start=\"1263\" data-end=\"1364\">\n<p data-start=\"1265\" data-end=\"1364\"><strong data-start=\"1265\" data-end=\"1303\">Lokalne sla\u0161\u010di\u010darne in pekarne<\/strong> i\u0161\u010dete cenovno ugodna in visokokakovostna orodja za okra\u0161evanje.<\/p>\n<\/li>\n<li data-start=\"1365\" data-end=\"1460\">\n<p data-start=\"1367\" data-end=\"1460\"><strong data-start=\"1367\" data-end=\"1407\">Proizvajalci pi\u0161kotov in medenjakov<\/strong> z \u017eivahnimi in podrobnimi potiski, ki \u017eelijo izstopati.<\/p>\n<\/li>\n<\/ul>\n<h4 data-start=\"1462\" data-end=\"1486\">Zakaj izbrati FALCO?<\/h4>\n<p data-start=\"1487\" data-end=\"1747\">S svojo sposobnostjo zdru\u017eevanja <strong data-start=\"1515\" data-end=\"1541\">tiskanje fotografske kakovosti<\/strong> in . <strong data-start=\"1546\" data-end=\"1584\">vsestranskost na razli\u010dnih podlagah<\/strong>, je FALCO sla\u0161\u010di\u010darski ploter popolna vstopna to\u010dka za strokovnjake, ki \u017eelijo <strong data-start=\"1675\" data-end=\"1744\">razlikovati svojo ponudbo, navdu\u0161iti stranke in pove\u010dati prodajo.<\/strong>.<\/p>","protected":false},"excerpt":{"rendered":"<p>Photographic Quality Food Printer for Artisan Confectionery The FALCO confectionery plotter delivers photographic-quality printing directly onto almost any food substrate, making it the ideal solution for artisan shops and local confectioners who want to elevate their products with precision and creativity. Compact yet powerful, it offers a perfect balance of quality, efficiency, and affordability. Key [&hellip;]<\/p>\n","protected":false},"featured_media":6992,"comment_status":"open","ping_status":"closed","template":"","meta":[],"product_brand":[],"product_cat":[38],"product_tag":[],"class_list":{"0":"post-6991","1":"product","2":"type-product","3":"status-publish","4":"has-post-thumbnail","6":"product_cat-imago-food-printers","8":"first","9":"instock","10":"shipping-taxable","11":"product-type-simple"},"_links":{"self":[{"href":"https:\/\/dersuessestopp.com\/sl\/wp-json\/wp\/v2\/product\/6991","targetHints":{"allow":["GET"]}}],"collection":[{"href":"https:\/\/dersuessestopp.com\/sl\/wp-json\/wp\/v2\/product"}],"about":[{"href":"https:\/\/dersuessestopp.com\/sl\/wp-json\/wp\/v2\/types\/product"}],"replies":[{"embeddable":true,"href":"https:\/\/dersuessestopp.com\/sl\/wp-json\/wp\/v2\/comments?post=6991"}],"version-history":[{"count":1,"href":"https:\/\/dersuessestopp.com\/sl\/wp-json\/wp\/v2\/product\/6991\/revisions"}],"predecessor-version":[{"id":6994,"href":"https:\/\/dersuessestopp.com\/sl\/wp-json\/wp\/v2\/product\/6991\/revisions\/6994"}],"wp:featuredmedia":[{"embeddable":true,"href":"https:\/\/dersuessestopp.com\/sl\/wp-json\/wp\/v2\/media\/6992"}],"wp:attachment":[{"href":"https:\/\/dersuessestopp.com\/sl\/wp-json\/wp\/v2\/media?parent=6991"}],"wp:term":[{"taxonomy":"product_brand","embeddable":true,"href":"https:\/\/dersuessestopp.com\/sl\/wp-json\/wp\/v2\/product_brand?post=6991"},{"taxonomy":"product_cat","embeddable":true,"href":"https:\/\/dersuessestopp.com\/sl\/wp-json\/wp\/v2\/product_cat?post=6991"},{"taxonomy":"product_tag","embeddable":true,"href":"https:\/\/dersuessestopp.com\/sl\/wp-json\/wp\/v2\/product_tag?post=6991"}],"curies":[{"name":"wp","href":"https:\/\/api.w.org\/{rel}","templated":true}]}}