{"id":6987,"date":"2025-08-29T10:12:43","date_gmt":"2025-08-29T10:12:43","guid":{"rendered":"https:\/\/dersuessestopp.com\/?post_type=product&#038;p=6987"},"modified":"2025-08-29T10:12:43","modified_gmt":"2025-08-29T10:12:43","slug":"vulpes","status":"publish","type":"product","link":"https:\/\/dersuessestopp.com\/sl\/product\/vulpes\/","title":{"rendered":"VULPES"},"content":{"rendered":"<h3 data-start=\"61\" data-end=\"134\">Profesionalni sla\u0161\u010di\u010darski ploter za najve\u010djo vsestranskost<\/h3>\n<p data-start=\"136\" data-end=\"484\">Spletna stran <strong data-start=\"140\" data-end=\"150\">VULPES<\/strong> tiskalnik za hrano IMAGO je profesionalna re\u0161itev, ki zdru\u017euje <strong data-start=\"220\" data-end=\"275\">visokokakovostno tiskanje, enostavna uporaba in vsestranskost<\/strong> za sodobno proizvodnjo sla\u0161\u010dic. Zasnovan z <strong data-start=\"329\" data-end=\"351\">velika delovna povr\u0161ina<\/strong> in intuitivnim upravljanjem omogo\u010da sla\u0161\u010di\u010darjem u\u010dinkovito pove\u010devanje obsega proizvodnje, hkrati pa ponuja neomejene ustvarjalne mo\u017enosti.<\/p>\n<h4 data-start=\"486\" data-end=\"517\">Glavne zna\u010dilnosti in prednosti:<\/h4>\n<ul data-start=\"518\" data-end=\"1225\">\n<li data-start=\"518\" data-end=\"655\">\n<p data-start=\"520\" data-end=\"655\"><strong data-start=\"520\" data-end=\"545\">Visokokakovostno tiskanje<\/strong> - Zagotavlja ostre, \u017eivahne in podrobne okraske neposredno na razli\u010dne sla\u0161\u010di\u010darske podlage.<\/p>\n<\/li>\n<li data-start=\"656\" data-end=\"817\">\n<p data-start=\"658\" data-end=\"817\"><strong data-start=\"658\" data-end=\"682\">Vsestranskost v velikem obsegu<\/strong> - Primerno za okra\u0161evanje <strong data-start=\"709\" data-end=\"772\">velike torte, pi\u0161koti, pralineji, makroni in monoporationi<\/strong> v majhnih serijah in masovni proizvodnji.<\/p>\n<\/li>\n<li data-start=\"818\" data-end=\"936\">\n<p data-start=\"820\" data-end=\"936\"><strong data-start=\"820\" data-end=\"842\">U\u010dinkovitost in hitrost<\/strong> - Velika delovna povr\u0161ina omogo\u010da okra\u0161evanje ve\u010d predmetov hkrati, kar pove\u010duje produktivnost.<\/p>\n<\/li>\n<li data-start=\"937\" data-end=\"1086\">\n<p data-start=\"939\" data-end=\"1086\"><strong data-start=\"939\" data-end=\"971\">Personalizacija in ustvarjalnost<\/strong> - Omogo\u010da izvirne, prilagojene modele, ki sla\u0161\u010di\u010darnam in pekarnam pomagajo izstopati na konkuren\u010dnem trgu.<\/p>\n<\/li>\n<li data-start=\"1087\" data-end=\"1225\">\n<p data-start=\"1089\" data-end=\"1225\"><strong data-start=\"1089\" data-end=\"1116\">Uporabniku prijazno delovanje<\/strong> - Intuitivno upravljanje omogo\u010da enostavno vklju\u010ditev v profesionalne kuhinje in industrijske proizvodne linije.<\/p>\n<\/li>\n<\/ul>\n<h4 data-start=\"1227\" data-end=\"1248\">Za koga je namenjen?<\/h4>\n<p data-start=\"1249\" data-end=\"1275\">VULPES je idealen za:<\/p>\n<ul data-start=\"1276\" data-end=\"1558\">\n<li data-start=\"1276\" data-end=\"1363\">\n<p data-start=\"1278\" data-end=\"1363\"><strong data-start=\"1278\" data-end=\"1325\">Profesionalni sla\u0161\u010di\u010darji in sla\u0161\u010di\u010darski mojstri<\/strong> i\u0161\u010dejo vsestranska orodja za dekoracijo.<\/p>\n<\/li>\n<li data-start=\"1364\" data-end=\"1463\">\n<p data-start=\"1366\" data-end=\"1463\"><strong data-start=\"1366\" data-end=\"1398\">Sla\u0161\u010di\u010darne in pekarne<\/strong> \u017eelijo prilagoditi izdelke in raz\u0161iriti ustvarjalno ponudbo.<\/p>\n<\/li>\n<li data-start=\"1464\" data-end=\"1558\">\n<p data-start=\"1466\" data-end=\"1558\"><strong data-start=\"1466\" data-end=\"1491\">Proizvodni obrati<\/strong> s ciljem pove\u010dati proizvodnjo in hkrati ohraniti najvi\u0161jo kakovost.<\/p>\n<\/li>\n<\/ul>\n<h4 data-start=\"1560\" data-end=\"1585\">Zakaj izbrati VULPES?<\/h4>\n<p data-start=\"1586\" data-end=\"1886\">S kombinacijo <strong data-start=\"1610\" data-end=\"1661\">natan\u010dnost, vsestranskost in u\u010dinkovitost tiskanja<\/strong>, ploter za sla\u0161\u010dice VULPES pospe\u0161i proizvodnjo in hkrati odpira nove ustvarjalne mo\u017enosti. Je popolna izbira za strokovnjake, ki \u017eelijo <strong data-start=\"1817\" data-end=\"1855\">zdru\u017eite umetni\u0161kost s produktivnostjo<\/strong> pri dekoraciji sla\u0161\u010dic.<\/p>","protected":false},"excerpt":{"rendered":"<p>Professional Confectionery Plotter for Maximum Versatility The VULPES food printer by IMAGO is a professional-grade solution that combines high-quality printing, ease of use, and versatility for modern confectionery production. Designed with a large working area and intuitive operation, it enables confectioners to scale production efficiently while offering limitless creative possibilities. Key Features &amp; Benefits: High-Quality [&hellip;]<\/p>\n","protected":false},"featured_media":6989,"comment_status":"open","ping_status":"closed","template":"","meta":[],"product_brand":[],"product_cat":[38],"product_tag":[],"class_list":{"0":"post-6987","1":"product","2":"type-product","3":"status-publish","4":"has-post-thumbnail","6":"product_cat-imago-food-printers","8":"first","9":"instock","10":"shipping-taxable","11":"product-type-simple"},"_links":{"self":[{"href":"https:\/\/dersuessestopp.com\/sl\/wp-json\/wp\/v2\/product\/6987","targetHints":{"allow":["GET"]}}],"collection":[{"href":"https:\/\/dersuessestopp.com\/sl\/wp-json\/wp\/v2\/product"}],"about":[{"href":"https:\/\/dersuessestopp.com\/sl\/wp-json\/wp\/v2\/types\/product"}],"replies":[{"embeddable":true,"href":"https:\/\/dersuessestopp.com\/sl\/wp-json\/wp\/v2\/comments?post=6987"}],"version-history":[{"count":1,"href":"https:\/\/dersuessestopp.com\/sl\/wp-json\/wp\/v2\/product\/6987\/revisions"}],"predecessor-version":[{"id":6990,"href":"https:\/\/dersuessestopp.com\/sl\/wp-json\/wp\/v2\/product\/6987\/revisions\/6990"}],"wp:featuredmedia":[{"embeddable":true,"href":"https:\/\/dersuessestopp.com\/sl\/wp-json\/wp\/v2\/media\/6989"}],"wp:attachment":[{"href":"https:\/\/dersuessestopp.com\/sl\/wp-json\/wp\/v2\/media?parent=6987"}],"wp:term":[{"taxonomy":"product_brand","embeddable":true,"href":"https:\/\/dersuessestopp.com\/sl\/wp-json\/wp\/v2\/product_brand?post=6987"},{"taxonomy":"product_cat","embeddable":true,"href":"https:\/\/dersuessestopp.com\/sl\/wp-json\/wp\/v2\/product_cat?post=6987"},{"taxonomy":"product_tag","embeddable":true,"href":"https:\/\/dersuessestopp.com\/sl\/wp-json\/wp\/v2\/product_tag?post=6987"}],"curies":[{"name":"wp","href":"https:\/\/api.w.org\/{rel}","templated":true}]}}