{"id":6983,"date":"2025-08-29T10:03:40","date_gmt":"2025-08-29T10:03:40","guid":{"rendered":"https:\/\/dersuessestopp.com\/?post_type=product&#038;p=6983"},"modified":"2025-08-29T10:03:40","modified_gmt":"2025-08-29T10:03:40","slug":"vulpes-cf-32-65-pro","status":"publish","type":"product","link":"https:\/\/dersuessestopp.com\/sl\/product\/vulpes-cf-32-65-pro\/","title":{"rendered":"VULPES CF-32.65 PRO"},"content":{"rendered":"<h3 data-start=\"92\" data-end=\"155\">Ponovna opredelitev industrijskega tiskanja \u017eivil<\/h3>\n<p data-start=\"157\" data-end=\"517\">Spletna stran <strong data-start=\"161\" data-end=\"184\">VULPES CF-32.65 PRO<\/strong> je naslednja generacija <strong data-start=\"206\" data-end=\"242\">industrijski ploter za sla\u0161\u010dice<\/strong> zasnovan za revolucijo v dekoriranju hrane. Ta inovativna naprava, ki jo je razvil IMAGO, presega standardni tisk - zahvaljujo\u010d <strong data-start=\"373\" data-end=\"432\">vgrajen sistem za aktiviranje sla\u0161\u010di\u010darskih substratov<\/strong>, zagotavlja, da <strong data-start=\"449\" data-end=\"494\">najvi\u0161ja kakovost, trajnost in \u017eivahnost<\/strong> vsake dekoracije.<\/p>\n<h4 data-start=\"519\" data-end=\"550\">Glavne zna\u010dilnosti in prednosti:<\/h4>\n<ul data-start=\"551\" data-end=\"1268\">\n<li data-start=\"551\" data-end=\"729\">\n<p data-start=\"553\" data-end=\"729\"><strong data-start=\"553\" data-end=\"588\">Tehnologija aktivacije substrata<\/strong> - Edinstven vgrajen sistem, ki pred tiskanjem izbolj\u0161a povr\u0161ine sla\u0161\u010dic in zagotavlja <strong data-start=\"679\" data-end=\"726\">odli\u010den oprijem, ostrina in trajnost<\/strong>.<\/p>\n<\/li>\n<li data-start=\"730\" data-end=\"855\">\n<p data-start=\"732\" data-end=\"855\"><strong data-start=\"732\" data-end=\"759\">Neprimerljiva kakovost tiskanja<\/strong> - Zagotavlja \u017eivahno in dolgotrajno okrasitev tort, pi\u0161kotov, \u010dokolade in drugih sla\u0161\u010dic.<\/p>\n<\/li>\n<li data-start=\"856\" data-end=\"1005\">\n<p data-start=\"858\" data-end=\"1005\"><strong data-start=\"858\" data-end=\"889\">U\u010dinkovitost industrijskega razreda<\/strong> - Zasnovan za <strong data-start=\"907\" data-end=\"952\">velike sla\u0161\u010di\u010darne in tovarne<\/strong>, kjer je klju\u010dnega pomena dosledno zagotavljanje visoke kakovosti.<\/p>\n<\/li>\n<li data-start=\"1006\" data-end=\"1132\">\n<p data-start=\"1008\" data-end=\"1132\"><strong data-start=\"1008\" data-end=\"1033\">Natan\u010dno in\u017eenirstvo<\/strong> - Zagotavlja brezhibne podrobnosti, barvno globino in enotne rezultate v velikih proizvodnih serijah.<\/p>\n<\/li>\n<li data-start=\"1133\" data-end=\"1268\">\n<p data-start=\"1135\" data-end=\"1268\"><strong data-start=\"1135\" data-end=\"1161\">Inovacije v njenem jedru<\/strong> - Zdru\u017euje dekoriranje s pametno pripravo podlage in postavlja nova merila za tiskanje \u017eivil.<\/p>\n<\/li>\n<\/ul>\n<h4 data-start=\"1270\" data-end=\"1291\">Za koga je namenjen?<\/h4>\n<p data-start=\"1292\" data-end=\"1331\">VULPES CF-32.65 PRO je idealen za:<\/p>\n<ul data-start=\"1332\" data-end=\"1612\">\n<li data-start=\"1332\" data-end=\"1412\">\n<p data-start=\"1334\" data-end=\"1412\"><strong data-start=\"1334\" data-end=\"1367\">Velika sla\u0161\u010di\u010darska podjetja<\/strong> ki zahtevajo najvi\u0161jo kakovost in zanesljivost.<\/p>\n<\/li>\n<li data-start=\"1413\" data-end=\"1514\">\n<p data-start=\"1415\" data-end=\"1514\"><strong data-start=\"1415\" data-end=\"1439\">Industrijske tovarne<\/strong> ki \u017eeli pove\u010dati proizvodnjo in hkrati zagotoviti vrhunske standarde dekoracije.<\/p>\n<\/li>\n<li data-start=\"1515\" data-end=\"1612\">\n<p data-start=\"1517\" data-end=\"1612\">Podjetja, ki \u017eelijo <strong data-start=\"1541\" data-end=\"1609\">izbolj\u0161ali postopek tiskanja hrane z najsodobnej\u0161o tehnologijo.<\/strong>.<\/p>\n<\/li>\n<\/ul>\n<h4 data-start=\"1614\" data-end=\"1652\">Zakaj izbrati VULPES CF-32.65 PRO?<\/h4>\n<p data-start=\"1653\" data-end=\"1997\">VULPES CF-32.65 PRO za razliko od obi\u010dajnih tiskalnikov za hrano ne samo krasi, temve\u010d tudi <strong data-start=\"1736\" data-end=\"1790\">optimizira in pripravi vsak izdelek za okra\u0161evanje.<\/strong>, kar zagotavlja rezultate, ki so vizualno osupljivi in trajni. Za podjetja, ki cenijo <strong data-start=\"1884\" data-end=\"1934\">kakovost, inovacije in u\u010dinkovitost proizvodnje.<\/strong>, je najbolj\u0161a izbira za sodobno tiskanje sla\u0161\u010dic.<\/p>","protected":false},"excerpt":{"rendered":"<p>Redefining Industrial Food Printing The VULPES CF-32.65 PRO is a next-generation industrial confectionery plotter designed to revolutionize food decoration. Developed by IMAGO, this innovative device goes beyond standard printing\u2014thanks to its built-in system for activating confectionery substrates, it ensures the highest quality, durability, and vibrancy of every decoration. Key Features &amp; Benefits: Substrate Activation Technology [&hellip;]<\/p>\n","protected":false},"featured_media":6984,"comment_status":"open","ping_status":"closed","template":"","meta":[],"product_brand":[],"product_cat":[38],"product_tag":[],"class_list":{"0":"post-6983","1":"product","2":"type-product","3":"status-publish","4":"has-post-thumbnail","6":"product_cat-imago-food-printers","8":"first","9":"instock","10":"shipping-taxable","11":"product-type-simple"},"_links":{"self":[{"href":"https:\/\/dersuessestopp.com\/sl\/wp-json\/wp\/v2\/product\/6983","targetHints":{"allow":["GET"]}}],"collection":[{"href":"https:\/\/dersuessestopp.com\/sl\/wp-json\/wp\/v2\/product"}],"about":[{"href":"https:\/\/dersuessestopp.com\/sl\/wp-json\/wp\/v2\/types\/product"}],"replies":[{"embeddable":true,"href":"https:\/\/dersuessestopp.com\/sl\/wp-json\/wp\/v2\/comments?post=6983"}],"version-history":[{"count":1,"href":"https:\/\/dersuessestopp.com\/sl\/wp-json\/wp\/v2\/product\/6983\/revisions"}],"predecessor-version":[{"id":6986,"href":"https:\/\/dersuessestopp.com\/sl\/wp-json\/wp\/v2\/product\/6983\/revisions\/6986"}],"wp:featuredmedia":[{"embeddable":true,"href":"https:\/\/dersuessestopp.com\/sl\/wp-json\/wp\/v2\/media\/6984"}],"wp:attachment":[{"href":"https:\/\/dersuessestopp.com\/sl\/wp-json\/wp\/v2\/media?parent=6983"}],"wp:term":[{"taxonomy":"product_brand","embeddable":true,"href":"https:\/\/dersuessestopp.com\/sl\/wp-json\/wp\/v2\/product_brand?post=6983"},{"taxonomy":"product_cat","embeddable":true,"href":"https:\/\/dersuessestopp.com\/sl\/wp-json\/wp\/v2\/product_cat?post=6983"},{"taxonomy":"product_tag","embeddable":true,"href":"https:\/\/dersuessestopp.com\/sl\/wp-json\/wp\/v2\/product_tag?post=6983"}],"curies":[{"name":"wp","href":"https:\/\/api.w.org\/{rel}","templated":true}]}}