{"id":6979,"date":"2025-08-29T09:57:41","date_gmt":"2025-08-29T09:57:41","guid":{"rendered":"https:\/\/dersuessestopp.com\/?post_type=product&#038;p=6979"},"modified":"2025-08-29T09:59:55","modified_gmt":"2025-08-29T09:59:55","slug":"vipera-cs-33","status":"publish","type":"product","link":"https:\/\/dersuessestopp.com\/sl\/product\/vipera-cs-33\/","title":{"rendered":"VIPERA CS-33"},"content":{"rendered":"<h3 data-start=\"68\" data-end=\"124\">Najhitrej\u0161i industrijski tiskalnik hrane<\/h3>\n<p data-start=\"126\" data-end=\"389\">Spletna stran <strong data-start=\"130\" data-end=\"146\">VIPERA CS-33<\/strong> je <strong data-start=\"153\" data-end=\"186\">ekspresni tiskalnik za sla\u0161\u010dice<\/strong> zasnovan za industrijsko pridelavo sladkih izdelkov. Z najsodobnej\u0161imi <strong data-start=\"255\" data-end=\"290\">tehnologija tiskanja z enim prehodom<\/strong>, dosega neprimerljivo hitrost in u\u010dinkovitost ter postavlja nove standarde na podro\u010dju dekoracije sla\u0161\u010dic.<\/p>\n<h4 data-start=\"391\" data-end=\"422\">Glavne zna\u010dilnosti in prednosti:<\/h4>\n<ul data-start=\"423\" data-end=\"1065\">\n<li data-start=\"423\" data-end=\"540\">\n<p data-start=\"425\" data-end=\"540\"><strong data-start=\"425\" data-end=\"444\">Neprekosljiva hitrost<\/strong> - Natisne do <strong data-start=\"460\" data-end=\"487\">30.000 pi\u0161kotkov na uro<\/strong>, in je tako najhitrej\u0161i tiskalnik za \u017eivila na trgu.<\/p>\n<\/li>\n<li data-start=\"541\" data-end=\"685\">\n<p data-start=\"543\" data-end=\"685\"><strong data-start=\"543\" data-end=\"575\">Uspe\u0161nost industrijskega razreda<\/strong> - Zasnovan za <strong data-start=\"591\" data-end=\"629\">neprekinjena, obse\u017ena proizvodnja<\/strong> pi\u0161kotov, tort, \u010dokolade in drugih pekovskih izdelkov.<\/p>\n<\/li>\n<li data-start=\"686\" data-end=\"832\">\n<p data-start=\"688\" data-end=\"832\"><strong data-start=\"688\" data-end=\"714\">Tehnologija z enim prehodom<\/strong> - Z enim samim gibom ustvarite ostre in visokokakovostne izpise, kar skraj\u0161a \u010das izdelave in zagotavlja dosledne rezultate.<\/p>\n<\/li>\n<li data-start=\"833\" data-end=\"939\">\n<p data-start=\"835\" data-end=\"939\"><strong data-start=\"835\" data-end=\"864\">U\u010dinkovitost in prihranki pri stro\u0161kih<\/strong> - Pove\u010danje proizvodnje ob hkratnem zmanj\u0161anju operativnih stro\u0161kov, dela in odpadkov.<\/p>\n<\/li>\n<li data-start=\"940\" data-end=\"1065\">\n<p data-start=\"942\" data-end=\"1065\"><strong data-start=\"942\" data-end=\"968\">Vsestranska uporaba<\/strong> - Odli\u010dno za natan\u010dno okra\u0161evanje pi\u0161kotov, keksov, tort, makronov in drugih sladkarij.<\/p>\n<\/li>\n<\/ul>\n<h4 data-start=\"1067\" data-end=\"1088\">Za koga je namenjen?<\/h4>\n<p data-start=\"1089\" data-end=\"1121\">Naprava VIPERA CS-33 je idealna za:<\/p>\n<ul data-start=\"1122\" data-end=\"1367\">\n<li data-start=\"1122\" data-end=\"1178\">\n<p data-start=\"1124\" data-end=\"1178\"><strong data-start=\"1124\" data-end=\"1148\">Obrati za proizvodnjo sla\u0161\u010dic<\/strong> proizvodnja v velikem obsegu.<\/p>\n<\/li>\n<li data-start=\"1179\" data-end=\"1271\">\n<p data-start=\"1181\" data-end=\"1271\"><strong data-start=\"1181\" data-end=\"1215\">Proizvajalci industrijskih sladkarij<\/strong> s ciljem zdru\u017eiti hitrost z brezkompromisno kakovostjo.<\/p>\n<\/li>\n<li data-start=\"1272\" data-end=\"1367\">\n<p data-start=\"1274\" data-end=\"1367\">Podjetja, ki potrebujejo <strong data-start=\"1295\" data-end=\"1364\">visokokakovostne, zanesljive in stro\u0161kovno u\u010dinkovite re\u0161itve za tiskanje \u017eivil<\/strong>.<\/p>\n<\/li>\n<\/ul>\n<h4 data-start=\"1369\" data-end=\"1400\">Zakaj izbrati VIPERA CS-33?<\/h4>\n<p data-start=\"1401\" data-end=\"1691\">\u010ce je va\u0161 cilj <strong data-start=\"1420\" data-end=\"1507\">pove\u010dajte u\u010dinkovitost, zmanj\u0161ajte stro\u0161ke in ostanite v ospredju na konkuren\u010dnem trgu sla\u0161\u010dic.<\/strong>, VIPERA CS-33 je najbolj\u0161a re\u0161itev. Njena hitrost in natan\u010dnost omogo\u010data proizvajalcem, da pove\u010dajo obseg proizvodnje in hkrati dosledno zagotavljajo vizualno osupljive in visokokakovostne izdelke.<\/p>","protected":false},"excerpt":{"rendered":"<p>The Fastest Industrial Food Printer The VIPERA CS-33 is an express confectionery printer engineered for industrial-scale sweet production. With cutting-edge single-pass printing technology, it achieves unmatched speed and efficiency, setting a new standard in confectionery decoration. Key Features &amp; Benefits: Unrivaled Speed \u2013 Prints up to 30,000 cookies per hour, making it the fastest food [&hellip;]<\/p>\n","protected":false},"featured_media":6980,"comment_status":"open","ping_status":"closed","template":"","meta":[],"product_brand":[],"product_cat":[38],"product_tag":[],"class_list":{"0":"post-6979","1":"product","2":"type-product","3":"status-publish","4":"has-post-thumbnail","6":"product_cat-imago-food-printers","8":"first","9":"instock","10":"shipping-taxable","11":"product-type-simple"},"_links":{"self":[{"href":"https:\/\/dersuessestopp.com\/sl\/wp-json\/wp\/v2\/product\/6979","targetHints":{"allow":["GET"]}}],"collection":[{"href":"https:\/\/dersuessestopp.com\/sl\/wp-json\/wp\/v2\/product"}],"about":[{"href":"https:\/\/dersuessestopp.com\/sl\/wp-json\/wp\/v2\/types\/product"}],"replies":[{"embeddable":true,"href":"https:\/\/dersuessestopp.com\/sl\/wp-json\/wp\/v2\/comments?post=6979"}],"version-history":[{"count":1,"href":"https:\/\/dersuessestopp.com\/sl\/wp-json\/wp\/v2\/product\/6979\/revisions"}],"predecessor-version":[{"id":6982,"href":"https:\/\/dersuessestopp.com\/sl\/wp-json\/wp\/v2\/product\/6979\/revisions\/6982"}],"wp:featuredmedia":[{"embeddable":true,"href":"https:\/\/dersuessestopp.com\/sl\/wp-json\/wp\/v2\/media\/6980"}],"wp:attachment":[{"href":"https:\/\/dersuessestopp.com\/sl\/wp-json\/wp\/v2\/media?parent=6979"}],"wp:term":[{"taxonomy":"product_brand","embeddable":true,"href":"https:\/\/dersuessestopp.com\/sl\/wp-json\/wp\/v2\/product_brand?post=6979"},{"taxonomy":"product_cat","embeddable":true,"href":"https:\/\/dersuessestopp.com\/sl\/wp-json\/wp\/v2\/product_cat?post=6979"},{"taxonomy":"product_tag","embeddable":true,"href":"https:\/\/dersuessestopp.com\/sl\/wp-json\/wp\/v2\/product_tag?post=6979"}],"curies":[{"name":"wp","href":"https:\/\/api.w.org\/{rel}","templated":true}]}}