{"id":6975,"date":"2025-08-29T09:53:17","date_gmt":"2025-08-29T09:53:17","guid":{"rendered":"https:\/\/dersuessestopp.com\/?post_type=product&#038;p=6975"},"modified":"2025-08-29T09:53:18","modified_gmt":"2025-08-29T09:53:18","slug":"jantar-cf-40-63","status":"publish","type":"product","link":"https:\/\/dersuessestopp.com\/sl\/product\/amber-cf-40-63\/","title":{"rendered":"AMBER CF-40.63"},"content":{"rendered":"<h3 data-start=\"86\" data-end=\"173\">Industrijski ploter za sla\u0161\u010dice za visoko zmogljivo proizvodnjo<\/h3>\n<p data-start=\"175\" data-end=\"529\">Spletna stran <strong data-start=\"179\" data-end=\"197\">AMBER CF-40.63<\/strong> je najsodobnej\u0161i industrijski ploter za sla\u0161\u010dice, ki zagotavlja neprimerljivo <strong data-start=\"280\" data-end=\"321\">u\u010dinkovitost, natan\u010dnost in avtomatizacija<\/strong> za obse\u017eno proizvodnjo sla\u0161\u010dic. Zasnovan posebej za <strong data-start=\"390\" data-end=\"442\">tovarne sla\u0161\u010dic in industrijski proizvajalci<\/strong>, ponuja zanesljivo re\u0161itev za ustvarjanje profesionalnih okraskov v velikem obsegu.<\/p>\n<h4 data-start=\"531\" data-end=\"562\">Glavne zna\u010dilnosti in prednosti:<\/h4>\n<ul data-start=\"563\" data-end=\"1286\">\n<li data-start=\"563\" data-end=\"708\">\n<p data-start=\"565\" data-end=\"708\"><strong data-start=\"565\" data-end=\"591\">Visokohitrostna zmogljivost<\/strong> - Natisnite do <strong data-start=\"606\" data-end=\"650\">4.800 makaronov (premera 5 cm) na uro<\/strong>, kar zagotavlja hitro proizvodnjo brez ogro\u017eanja kakovosti.<\/p>\n<\/li>\n<li data-start=\"709\" data-end=\"889\">\n<p data-start=\"711\" data-end=\"889\"><strong data-start=\"711\" data-end=\"745\">Napredna tehnologija tiskalne glave<\/strong> - Opremljen je z najnovej\u0161o industrijsko tiskalno glavo za <strong data-start=\"799\" data-end=\"841\">izjemna natan\u010dnost in ostre podrobnosti<\/strong> na tortah, pi\u0161kotih, makaronih in \u010dokoladah.<\/p>\n<\/li>\n<li data-start=\"890\" data-end=\"1019\">\n<p data-start=\"892\" data-end=\"1019\"><strong data-start=\"892\" data-end=\"914\">Dosledni rezultati<\/strong> - Zagotavlja enakomerno tiskanje s popolno poravnavo, barvno natan\u010dnostjo in visoko vzdr\u017eljivostjo vzorcev.<\/p>\n<\/li>\n<li data-start=\"1020\" data-end=\"1169\">\n<p data-start=\"1022\" data-end=\"1169\"><strong data-start=\"1022\" data-end=\"1049\">Avtomatizacija in u\u010dinkovitost<\/strong> - Zmanj\u0161a obseg ro\u010dnega dela, hkrati pa ohranja visoko zmogljivost, s \u010dimer pomaga proizvajalcem sla\u0161\u010dic pove\u010dati obseg poslovanja.<\/p>\n<\/li>\n<li data-start=\"1170\" data-end=\"1286\">\n<p data-start=\"1172\" data-end=\"1286\"><strong data-start=\"1172\" data-end=\"1202\">\u0160iroka paleta aplikacij<\/strong> - Idealno za okra\u0161evanje tort, keksov, pi\u0161kotov, \u010dokolade, makronov in \u0161e ve\u010d.<\/p>\n<\/li>\n<\/ul>\n<h4 data-start=\"1288\" data-end=\"1309\">Za koga je namenjen?<\/h4>\n<p data-start=\"1310\" data-end=\"1347\">AMBER CF-40.63 je namenjen za:<\/p>\n<ul data-start=\"1348\" data-end=\"1604\">\n<li data-start=\"1348\" data-end=\"1419\">\n<p data-start=\"1350\" data-end=\"1419\"><strong data-start=\"1350\" data-end=\"1377\">Tovarne sla\u0161\u010dic<\/strong> \u017eelijo pove\u010dati u\u010dinkovitost proizvodnje.<\/p>\n<\/li>\n<li data-start=\"1420\" data-end=\"1517\">\n<p data-start=\"1422\" data-end=\"1517\"><strong data-start=\"1422\" data-end=\"1460\">Industrijski proizvajalci sla\u0161\u010dic<\/strong> za dosledno in visokokakovostno dekorativno produkcijo.<\/p>\n<\/li>\n<li data-start=\"1518\" data-end=\"1604\">\n<p data-start=\"1520\" data-end=\"1604\">Podjetja, ki \u017eelijo zdru\u017eiti <strong data-start=\"1552\" data-end=\"1601\">ustvarjalnost s produktivnostjo na industrijski ravni.<\/strong>.<\/p>\n<\/li>\n<\/ul>\n<h4 data-start=\"1606\" data-end=\"1643\">Zakaj izbrati AMBER CF-40.63?<\/h4>\n<p data-start=\"1644\" data-end=\"1934\">S kombinacijo hitrosti, natan\u010dnosti in avtomatizacije je AMBER CF-40.63 vrhunsko orodje za industrijsko okra\u0161evanje sla\u0161\u010dic. Proizvajalcem omogo\u010da, da izpolnijo visoko povpra\u0161evanje na trgu, hkrati pa zagotavljajo izdelke, ki izstopajo po svoji <strong data-start=\"1887\" data-end=\"1931\">estetska privla\u010dnost in skladnost kakovosti<\/strong>.<\/p>","protected":false},"excerpt":{"rendered":"<p>Industrial Confectionery Plotter for High-Performance Production The AMBER CF-40.63 is a state-of-the-art industrial confectionery plotter built to deliver unmatched efficiency, precision, and automation for large-scale confectionery production. Designed specifically for confectionery factories and industrial producers, it offers a reliable solution for creating professional-grade decorations at scale. Key Features &amp; Benefits: High-Speed Performance \u2013 Print up [&hellip;]<\/p>\n","protected":false},"featured_media":6976,"comment_status":"open","ping_status":"closed","template":"","meta":[],"product_brand":[],"product_cat":[38],"product_tag":[],"class_list":{"0":"post-6975","1":"product","2":"type-product","3":"status-publish","4":"has-post-thumbnail","6":"product_cat-imago-food-printers","8":"first","9":"instock","10":"shipping-taxable","11":"product-type-simple"},"_links":{"self":[{"href":"https:\/\/dersuessestopp.com\/sl\/wp-json\/wp\/v2\/product\/6975","targetHints":{"allow":["GET"]}}],"collection":[{"href":"https:\/\/dersuessestopp.com\/sl\/wp-json\/wp\/v2\/product"}],"about":[{"href":"https:\/\/dersuessestopp.com\/sl\/wp-json\/wp\/v2\/types\/product"}],"replies":[{"embeddable":true,"href":"https:\/\/dersuessestopp.com\/sl\/wp-json\/wp\/v2\/comments?post=6975"}],"version-history":[{"count":1,"href":"https:\/\/dersuessestopp.com\/sl\/wp-json\/wp\/v2\/product\/6975\/revisions"}],"predecessor-version":[{"id":6978,"href":"https:\/\/dersuessestopp.com\/sl\/wp-json\/wp\/v2\/product\/6975\/revisions\/6978"}],"wp:featuredmedia":[{"embeddable":true,"href":"https:\/\/dersuessestopp.com\/sl\/wp-json\/wp\/v2\/media\/6976"}],"wp:attachment":[{"href":"https:\/\/dersuessestopp.com\/sl\/wp-json\/wp\/v2\/media?parent=6975"}],"wp:term":[{"taxonomy":"product_brand","embeddable":true,"href":"https:\/\/dersuessestopp.com\/sl\/wp-json\/wp\/v2\/product_brand?post=6975"},{"taxonomy":"product_cat","embeddable":true,"href":"https:\/\/dersuessestopp.com\/sl\/wp-json\/wp\/v2\/product_cat?post=6975"},{"taxonomy":"product_tag","embeddable":true,"href":"https:\/\/dersuessestopp.com\/sl\/wp-json\/wp\/v2\/product_tag?post=6975"}],"curies":[{"name":"wp","href":"https:\/\/api.w.org\/{rel}","templated":true}]}}