{"id":6964,"date":"2025-08-29T09:16:55","date_gmt":"2025-08-29T09:16:55","guid":{"rendered":"https:\/\/dersuessestopp.com\/?post_type=product&#038;p=6964"},"modified":"2025-09-24T19:57:49","modified_gmt":"2025-09-24T19:57:49","slug":"nissei-titan-duo-dual-flavor-innovation","status":"publish","type":"product","link":"https:\/\/dersuessestopp.com\/sl\/product\/nissei-titan-duo-dual-flavor-innovation\/","title":{"rendered":"Nissei Titan Duo - inovacija z dvojnim okusom"},"content":{"rendered":"<div data-breakout=\"normal\">\n<p id=\"viewer-tnsg9114\" class=\"LThh9 tL1tz t3L08 qufKF\" dir=\"auto\"><span class=\"AAYkC\">Serija Titan Duo ponuja vsestranskost z mo\u017enostjo hkratnega serviranja dveh okusov mehkega napitka. S proizvodno zmogljivostjo 75 in 55 litrov na uro na Zylinder so ti stroji kot nala\u0161\u010d za podjetja, ki \u017eelijo popestriti svojo ponudbo, ne da bi pri tem ogrozili prostor ali zmogljivost. Sistem suhega polnjenja in vodni filter zagotavljata stalno kakovost izdelkov, kompaktna zasnova pa se brez te\u017eav prilega razli\u010dnim postavitvam.<\/span><\/p>\n<\/div>\n<div data-breakout=\"normal\">\n<h3 id=\"viewer-5wnel4422\" class=\"RsvCW _3Z2KS t3L08 qufKF\" dir=\"auto\"><span class=\"qnKJ9\"><strong>NISSEI - Zaupanje strokovnjakov, ki i\u0161\u010dejo popolnost<\/strong><\/span><\/h3>\n<\/div>\n<div data-breakout=\"normal\">\n<p id=\"viewer-big1i4951\" class=\"LThh9 tL1tz t3L08 qufKF\" dir=\"auto\"><span class=\"AAYkC\">Podjetje NISSEI NL je z ve\u010d kot 35 leti nenehnih inovacij v ospredju na podro\u010dju tehnologije mehkih jedi in zamrznjenega jogurta. Na\u0161i stroji so ro\u010dno izdelani z natan\u010dnostjo in izdelani za dolgo \u017eivljenjsko dobo ter zagotavljajo nemoteno in u\u010dinkovito delovanje va\u0161ega podjetja.<\/span><\/p>\n<\/div>\n<div data-breakout=\"normal\">\n<p id=\"viewer-pmx2c352\" class=\"LThh9 tL1tz t3L08 qufKF\" dir=\"auto\"><span class=\"AAYkC\"><strong>z impresivnimi dose\u017eki v zadnjih 30 letih v Evropi.<\/strong><\/span><\/p>\n<\/div>\n<div data-breakout=\"normal\">\n<ul class=\"Ior1H t3L08\">\n<li class=\"w4rN-\" dir=\"auto\">\n<p id=\"viewer-hd7ob265\" class=\"LThh9 tL1tz t3L08 qufKF\" dir=\"\"><span class=\"AAYkC\"><strong>Ve\u010d kot 7.000 strojev<\/strong>\u00a0natan\u010dno izdelani in prodajani po vsej Evropi<\/span><\/p>\n<\/li>\n<li class=\"w4rN-\" dir=\"auto\">\n<p id=\"viewer-0ddhr269\" class=\"LThh9 tL1tz t3L08 qufKF\" dir=\"\"><span class=\"AAYkC\"><strong>Ve\u010d kot 4.500 enot<\/strong>\u00a0\u0161e danes deluje.<\/span><\/p>\n<\/li>\n<li class=\"w4rN-\" dir=\"auto\">\n<p id=\"viewer-8mxss273\" class=\"LThh9 tL1tz t3L08 qufKF\" dir=\"\"><span class=\"AAYkC\"><strong>Zaupanje vodilnih podjetij<\/strong><\/span><\/p>\n<\/li>\n<\/ul>\n<\/div>\n<div data-breakout=\"normal\">\n<div id=\"viewer-wqd3e3617\" class=\"C-UfD\">\n<div class=\"rDaES\">\n<div class=\"e35S- au0qn\" data-hook=\"collapsible-list-component\">\n<div>\n<div class=\"V7Yu5 tJLLb\" data-hook=\"collapsible-list-item expanded\">\n<div class=\"Qd-Py\">\n<div class=\"UfDyV _1n3i3 FXHR4 FMcOw\" data-hook=\"collapsible-list-item-title\">\n<div>\n<p id=\"viewer-nh3hz3662\" class=\"LThh9 tL1tz qufKF\" dir=\"auto\"><span class=\"AAYkC\"><strong>Opis<\/strong><\/span><\/p>\n<\/div>\n<\/div>\n<div>\n<div class=\"UfDyV _1n3i3 FXHR4 FMcOw\" data-hook=\"collapsible-list-item-title\">\n<div>\n<p id=\"viewer-dousj5535\" class=\"LThh9 tL1tz qufKF\" dir=\"auto\"><span class=\"AAYkC\">Zmogljiv stroj za mehko hrano Titan Duo je sinonim za elitno zmogljivost.<\/span><\/p>\n<p id=\"viewer-7wz1s5537\" class=\"LThh9 tL1tz qufKF\" dir=\"auto\"><span class=\"AAYkC\">S tem strojem lahko pripravite velike koli\u010dine brezalkoholne hrane razli\u010dnih okusov. Mo\u017enosti so neskon\u010dne. Zahvaljujo\u010d tehnologiji RAPP lahko ta stroj nenehno ponuja visokokakovostne mehke jedi.<\/span><\/p>\n<p id=\"viewer-l6wnd5540\" class=\"LThh9 tL1tz qufKF\" dir=\"auto\"><span class=\"AAYkC\">Oba cilindra je mogo\u010de vklopiti in izklopiti neodvisno drug od drugega. To pomeni, da lahko zunaj sezone uporabljate samo eno jeklenko.<\/span><\/p>\n<\/div>\n<\/div>\n<\/div>\n<\/div>\n<\/div>\n<\/div>\n<div>\n<div class=\"V7Yu5 tJLLb\" data-hook=\"collapsible-list-item expanded\">\n<div class=\"Qd-Py\">\n<div class=\"UfDyV _1n3i3 FXHR4 FMcOw\" data-hook=\"collapsible-list-item-title\">\n<div>\n<p id=\"viewer-6d6rz4262\" class=\"LThh9 tL1tz qufKF\" dir=\"auto\"><span class=\"AAYkC\"><strong>Zna\u010dilnosti<\/strong><\/span><\/p>\n<\/div>\n<\/div>\n<div>\n<div class=\"UfDyV _1n3i3 FXHR4 FMcOw\" data-hook=\"collapsible-list-item-title\">\n<div>\n<ul class=\"Ior1H\">\n<li class=\"w4rN-\" dir=\"auto\">\n<p id=\"viewer-17llf4408\" class=\"LThh9 tL1tz qufKF\" dir=\"\"><span class=\"AAYkC\">Tehnologija RAPP<\/span><\/p>\n<\/li>\n<li class=\"w4rN-\" dir=\"auto\">\n<p id=\"viewer-2zvfk5664\" class=\"LThh9 tL1tz qufKF\" dir=\"\"><span class=\"AAYkC\">Intuitivni zaslon na dotik<\/span><\/p>\n<\/li>\n<li class=\"w4rN-\" dir=\"auto\">\n<p id=\"viewer-jkozt5666\" class=\"LThh9 tL1tz qufKF\" dir=\"\"><span class=\"AAYkC\">2 okusa brezalkoholne pija\u010de in me\u0161ani okus<\/span><\/p>\n<\/li>\n<li class=\"w4rN-\" dir=\"auto\">\n<p id=\"viewer-d8ueb5668\" class=\"LThh9 tL1tz qufKF\" dir=\"\"><span class=\"AAYkC\">3-komorni zamrzovalni predel<\/span><\/p>\n<\/li>\n<li class=\"w4rN-\" dir=\"auto\">\n<p id=\"viewer-v6c1g5670\" class=\"LThh9 tL1tz qufKF\" dir=\"\"><span class=\"AAYkC\">razstavite in o\u010distite le enkrat na 6 tednov.<\/span><\/p>\n<\/li>\n<li class=\"w4rN-\" dir=\"auto\">\n<p id=\"viewer-76zn45672\" class=\"LThh9 tL1tz qufKF\" dir=\"\"><span class=\"AAYkC\">Pasterizacija<\/span><\/p>\n<\/li>\n<li class=\"w4rN-\" dir=\"auto\">\n<p id=\"viewer-ac2io5674\" class=\"LThh9 tL1tz qufKF\" dir=\"\"><span class=\"AAYkC\">Edinstvena 5-letna garancija<\/span><\/p>\n<\/li>\n<\/ul>\n<\/div>\n<\/div>\n<\/div>\n<\/div>\n<\/div>\n<\/div>\n<div>\n<div class=\"V7Yu5 tJLLb\" data-hook=\"collapsible-list-item collapsed\">\n<div class=\"Qd-Py\">\n<div class=\"UfDyV _1n3i3 FXHR4 FMcOw\" data-hook=\"collapsible-list-item-title\">\n<div>\n<p id=\"viewer-zkq3t4971\" class=\"LThh9 tL1tz qufKF\" dir=\"auto\"><span class=\"AAYkC\"><strong>Specifikacije<\/strong><\/span><\/p>\n<table>\n<thead>\n<tr>\n<th>Specifikacija<\/th>\n<th>Podrobnosti<\/th>\n<\/tr>\n<\/thead>\n<tbody>\n<tr>\n<td><strong>Zmogljivost<\/strong><\/td>\n<td>55 + 75 litrov na uro<\/td>\n<\/tr>\n<tr>\n<td><strong>Zvezek<\/strong><\/td>\n<td>2,5 + 3,4-litrski zamrzovalnik<\/td>\n<\/tr>\n<tr>\n<td><strong>\u010crpalka<\/strong><\/td>\n<td>Inovativna tehnologija RAPP<\/td>\n<\/tr>\n<tr>\n<td><strong>Vodno hlajeni<\/strong><\/td>\n<td>Ca. 90m\u00b3 porabe hladilne vode na leto<\/td>\n<\/tr>\n<tr>\n<td><strong>Te\u017ea<\/strong><\/td>\n<td>290 kg<\/td>\n<\/tr>\n<tr>\n<td><strong>Dimenzije<\/strong><\/td>\n<td>V 150 \u00d7 \u0160 65 \u00d7 G 90 cm<\/td>\n<\/tr>\n<tr>\n<td><strong>Povezava<\/strong><\/td>\n<td>400 V + 0 + A, 4,5 kWh<\/td>\n<\/tr>\n<\/tbody>\n<\/table>\n<div class=\"UfDyV _1n3i3 FXHR4 FMcOw\" data-hook=\"collapsible-list-item-title\">\n<div>\n<p id=\"viewer-3w94h10136\" class=\"LThh9 tL1tz qufKF\" dir=\"auto\"><span class=\"AAYkC\"><strong>Dodatne mo\u017enosti<\/strong><\/span><\/p>\n<\/div>\n<\/div>\n<div>\n<div class=\"UfDyV _1n3i3 FXHR4 FMcOw\" data-hook=\"collapsible-list-item-title\">\n<div>\n<ul class=\"Ior1H\">\n<li class=\"w4rN-\" dir=\"auto\">\n<p id=\"viewer-fg2be7014\" class=\"LThh9 tL1tz qufKF\" dir=\"\"><span class=\"AAYkC\">Sistem za suho polnjenje me\u0161anice v prahu<\/span><\/p>\n<\/li>\n<li class=\"w4rN-\" dir=\"auto\">\n<p id=\"viewer-8kxay7016\" class=\"LThh9 tL1tz qufKF\" dir=\"\"><span class=\"AAYkC\">Ice Twister<\/span><\/p>\n<\/li>\n<li class=\"w4rN-\" dir=\"auto\">\n<p id=\"viewer-x0eyg7018\" class=\"LThh9 tL1tz qufKF\" dir=\"\"><span class=\"AAYkC\">Vodni filter<\/span><\/p>\n<\/li>\n<li class=\"w4rN-\" dir=\"auto\">\n<p id=\"viewer-r7k4q7020\" class=\"LThh9 tL1tz qufKF\" dir=\"\"><span class=\"AAYkC\">Samopostre\u017eni bat<\/span><\/p>\n<\/li>\n<li class=\"w4rN-\" dir=\"auto\">\n<p id=\"viewer-nao3y7022\" class=\"LThh9 tL1tz qufKF\" dir=\"\"><span class=\"AAYkC\">Zimske blokade batov<\/span><\/p>\n<\/li>\n<\/ul>\n<\/div>\n<\/div>\n<\/div>\n<\/div>\n<\/div>\n<\/div>\n<\/div>\n<\/div>\n<\/div>\n<\/div>\n<\/div>\n<\/div>","protected":false},"excerpt":{"rendered":"<p>The Titan Duo series offers versatility with the ability to serve two flavors of soft serve simultaneously. With a production capacity of 75 and 55 liters per hour per Zylinder, these machines are perfect for businesses looking to diversify their offerings without compromising on space or performance. The dry-filling system and water filter ensure consistent [&hellip;]<\/p>\n","protected":false},"featured_media":6965,"comment_status":"open","ping_status":"closed","template":"","meta":[],"product_brand":[],"product_cat":[61],"product_tag":[],"class_list":{"0":"post-6964","1":"product","2":"type-product","3":"status-publish","4":"has-post-thumbnail","6":"product_cat-soft-serve-ice-cream","8":"first","9":"instock","10":"shipping-taxable","11":"product-type-simple"},"_links":{"self":[{"href":"https:\/\/dersuessestopp.com\/sl\/wp-json\/wp\/v2\/product\/6964","targetHints":{"allow":["GET"]}}],"collection":[{"href":"https:\/\/dersuessestopp.com\/sl\/wp-json\/wp\/v2\/product"}],"about":[{"href":"https:\/\/dersuessestopp.com\/sl\/wp-json\/wp\/v2\/types\/product"}],"replies":[{"embeddable":true,"href":"https:\/\/dersuessestopp.com\/sl\/wp-json\/wp\/v2\/comments?post=6964"}],"version-history":[{"count":1,"href":"https:\/\/dersuessestopp.com\/sl\/wp-json\/wp\/v2\/product\/6964\/revisions"}],"predecessor-version":[{"id":6967,"href":"https:\/\/dersuessestopp.com\/sl\/wp-json\/wp\/v2\/product\/6964\/revisions\/6967"}],"wp:featuredmedia":[{"embeddable":true,"href":"https:\/\/dersuessestopp.com\/sl\/wp-json\/wp\/v2\/media\/6965"}],"wp:attachment":[{"href":"https:\/\/dersuessestopp.com\/sl\/wp-json\/wp\/v2\/media?parent=6964"}],"wp:term":[{"taxonomy":"product_brand","embeddable":true,"href":"https:\/\/dersuessestopp.com\/sl\/wp-json\/wp\/v2\/product_brand?post=6964"},{"taxonomy":"product_cat","embeddable":true,"href":"https:\/\/dersuessestopp.com\/sl\/wp-json\/wp\/v2\/product_cat?post=6964"},{"taxonomy":"product_tag","embeddable":true,"href":"https:\/\/dersuessestopp.com\/sl\/wp-json\/wp\/v2\/product_tag?post=6964"}],"curies":[{"name":"wp","href":"https:\/\/api.w.org\/{rel}","templated":true}]}}