{"id":6955,"date":"2025-08-29T08:07:15","date_gmt":"2025-08-29T08:07:15","guid":{"rendered":"https:\/\/dersuessestopp.com\/?post_type=product&#038;p=6955"},"modified":"2025-09-24T19:59:03","modified_gmt":"2025-09-24T19:59:03","slug":"nissei-power-tt-kompakten-in-prijazen-do-hrupa","status":"publish","type":"product","link":"https:\/\/dersuessestopp.com\/sl\/product\/nissei-power-tt-compact-and-noise-friendly\/","title":{"rendered":"Nissei Power TT - kompakten in prijazen do hrupa"},"content":{"rendered":"<div data-breakout=\"normal\">\n<p id=\"viewer-5mpev11705\" class=\"LThh9 tL1tz t3L08 qufKF\" dir=\"auto\"><span class=\"AAYkC\">Serija Power TT je najmanj\u0161a v seriji kombiniranih vozil, vendar ne zaostaja pri zmogljivosti. Z zmogljivostjo 55 litrov na uro in mo\u017enostjo postre\u017ebe enega okusa brezalkoholnih napitkov in \u0161tirih vrst mle\u010dnih napitkov je kot nala\u0161\u010d za lokale z omejenim prostorom, a velikim povpra\u0161evanjem, kot so majhne kavarne in prodajalne. Zaradi kompaktnih dimenzij in energetsko u\u010dinkovite zasnove je pametna izbira za podjetja, ki \u017eelijo pove\u010dati proizvodnjo, ne da bi pri tem ogrozili prostor.<\/span><\/p>\n<\/div>\n<div data-breakout=\"normal\">\n<h3 id=\"viewer-5wnel4422\" class=\"RsvCW _3Z2KS t3L08 qufKF\" dir=\"auto\"><span class=\"qnKJ9\"><strong>NISSEI - Zaupanje strokovnjakov, ki i\u0161\u010dejo popolnost<\/strong><\/span><\/h3>\n<\/div>\n<div data-breakout=\"normal\">\n<p id=\"viewer-big1i4951\" class=\"LThh9 tL1tz t3L08 qufKF\" dir=\"auto\"><span class=\"AAYkC\">Podjetje NISSEI NL je z ve\u010d kot 35 leti nenehnih inovacij v ospredju na podro\u010dju tehnologije mehkih jedi in zamrznjenega jogurta. Na\u0161i stroji so ro\u010dno izdelani z natan\u010dnostjo in izdelani za dolgo \u017eivljenjsko dobo ter zagotavljajo nemoteno in u\u010dinkovito delovanje va\u0161ega podjetja.<\/span><\/p>\n<\/div>\n<div data-breakout=\"normal\">\n<p id=\"viewer-9vfwb925\" class=\"LThh9 tL1tz t3L08 qufKF\" dir=\"auto\"><span class=\"AAYkC\"><strong>V zadnjih 30 letih je v Evropi dosegel izjemne rezultate.<\/strong><\/span><\/p>\n<\/div>\n<div data-breakout=\"normal\">\n<ul class=\"Ior1H t3L08\">\n<li class=\"w4rN-\" dir=\"auto\">\n<p id=\"viewer-hd7ob265\" class=\"LThh9 tL1tz t3L08 qufKF\" dir=\"\"><span class=\"AAYkC\"><strong>Ve\u010d kot 7.000 strojev<\/strong>\u00a0natan\u010dno izdelani in prodajani po vsej Evropi<\/span><\/p>\n<\/li>\n<li class=\"w4rN-\" dir=\"auto\">\n<p id=\"viewer-0ddhr269\" class=\"LThh9 tL1tz t3L08 qufKF\" dir=\"\"><span class=\"AAYkC\"><strong>Ve\u010d kot 4.500 enot<\/strong>\u00a0\u0161e danes deluje.<\/span><\/p>\n<\/li>\n<li class=\"w4rN-\" dir=\"auto\">\n<p id=\"viewer-8mxss273\" class=\"LThh9 tL1tz t3L08 qufKF\" dir=\"\"><span class=\"AAYkC\"><strong>Zaupanje vodilnih podjetij<\/strong><\/span><\/p>\n<\/li>\n<\/ul>\n<\/div>\n<div data-breakout=\"normal\">\n<div id=\"viewer-5sjny32790\" class=\"C-UfD\">\n<div class=\"rDaES\">\n<div class=\"e35S- au0qn\" data-hook=\"collapsible-list-component\">\n<div>\n<div class=\"V7Yu5 tJLLb\" data-hook=\"collapsible-list-item expanded\">\n<div class=\"Qd-Py\">\n<div class=\"UfDyV _1n3i3 FXHR4 FMcOw\" data-hook=\"collapsible-list-item-title\">\n<div>\n<p id=\"viewer-967sm32800\" class=\"LThh9 tL1tz qufKF\" dir=\"auto\"><span class=\"AAYkC\"><strong>Opis<\/strong><\/span><\/p>\n<\/div>\n<\/div>\n<div>\n<div class=\"UfDyV _1n3i3 FXHR4 FMcOw\" data-hook=\"collapsible-list-item-title\">\n<div>\n<p id=\"viewer-6dbjk12229\" class=\"LThh9 tL1tz qufKF\" dir=\"auto\"><span class=\"AAYkC\">Majhen po velikosti, vendar se v prometnih obdobjih odli\u010dno obnese. To je bistvo naprave Power TT. Ta stroj za pripravo mehkih jedi je kot nala\u0161\u010d za prodajalce sladoleda, ki imajo na voljo le omejeno koli\u010dino prostora. Brez popu\u0161\u010danja pri udobju in kakovosti. Zahvaljujo\u010d tehnologiji RAPP lahko ta stroj nenehno ponuja visokokakovostne mehke jedi. Inovativni zaslon na dotik vam omogo\u010da, da stroj osebno konfigurirate in si ogledate, kako deluje.<\/span><\/p>\n<\/div>\n<\/div>\n<\/div>\n<\/div>\n<\/div>\n<\/div>\n<div>\n<div class=\"V7Yu5 tJLLb\" data-hook=\"collapsible-list-item expanded\">\n<div class=\"Qd-Py\">\n<div class=\"UfDyV _1n3i3 FXHR4 FMcOw\" data-hook=\"collapsible-list-item-title\">\n<div>\n<p id=\"viewer-t8qzc32837\" class=\"LThh9 tL1tz qufKF\" dir=\"auto\"><span class=\"AAYkC\"><strong>Zna\u010dilnosti<\/strong><\/span><\/p>\n<\/div>\n<\/div>\n<div>\n<div class=\"UfDyV _1n3i3 FXHR4 FMcOw\" data-hook=\"collapsible-list-item-title\">\n<div>\n<ul class=\"Ior1H\">\n<li class=\"w4rN-\" dir=\"auto\">\n<p id=\"viewer-0kqeu12351\" class=\"LThh9 tL1tz qufKF\" dir=\"\"><span class=\"AAYkC\">Tehnologija RAPP<\/span><\/p>\n<\/li>\n<li class=\"w4rN-\" dir=\"auto\">\n<p id=\"viewer-63byq12353\" class=\"LThh9 tL1tz qufKF\" dir=\"\"><span class=\"AAYkC\">Intuitivni zaslon na dotik<\/span><\/p>\n<\/li>\n<li class=\"w4rN-\" dir=\"auto\">\n<p id=\"viewer-sxb8a12355\" class=\"LThh9 tL1tz qufKF\" dir=\"\"><span class=\"AAYkC\">1 okus brezalkoholne pija\u010de<\/span><\/p>\n<\/li>\n<li class=\"w4rN-\" dir=\"auto\">\n<p id=\"viewer-hv4ap12357\" class=\"LThh9 tL1tz qufKF\" dir=\"\"><span class=\"AAYkC\">Kompaktni format<\/span><\/p>\n<\/li>\n<li class=\"w4rN-\" dir=\"auto\">\n<p id=\"viewer-h5mox12359\" class=\"LThh9 tL1tz qufKF\" dir=\"\"><span class=\"AAYkC\">Demonta\u017ea in \u010di\u0161\u010denje samo 1x na 6 tednov<\/span><\/p>\n<\/li>\n<li class=\"w4rN-\" dir=\"auto\">\n<p id=\"viewer-wx1zh12361\" class=\"LThh9 tL1tz qufKF\" dir=\"\"><span class=\"AAYkC\">Pasterizacija<\/span><\/p>\n<\/li>\n<li class=\"w4rN-\" dir=\"auto\">\n<p id=\"viewer-9f9vi12363\" class=\"LThh9 tL1tz qufKF\" dir=\"\"><span class=\"AAYkC\">Edinstvena 5-letna garancija<\/span><\/p>\n<\/li>\n<\/ul>\n<\/div>\n<\/div>\n<\/div>\n<\/div>\n<\/div>\n<\/div>\n<div>\n<div class=\"V7Yu5 tJLLb\" data-hook=\"collapsible-list-item collapsed\">\n<div class=\"Qd-Py\">\n<div class=\"UfDyV _1n3i3 FXHR4 FMcOw\" data-hook=\"collapsible-list-item-title\">\n<div>\n<p id=\"viewer-fl7re32933\" class=\"LThh9 tL1tz qufKF\" dir=\"auto\"><span class=\"AAYkC\"><strong>Specifikacije<\/strong><\/span><\/p>\n<table>\n<thead>\n<tr>\n<th>Specifikacija<\/th>\n<th>Podrobnosti<\/th>\n<\/tr>\n<\/thead>\n<tbody>\n<tr>\n<td><strong>Zmogljivost<\/strong><\/td>\n<td>55 litrov na uro<\/td>\n<\/tr>\n<tr>\n<td><strong>Zvezek<\/strong><\/td>\n<td>2,5-litrski zamrzovalni valj<\/td>\n<\/tr>\n<tr>\n<td><strong>\u010crpalka<\/strong><\/td>\n<td>Inovativna tehnologija RAPP<\/td>\n<\/tr>\n<tr>\n<td><strong>Vodno hlajeni<\/strong><\/td>\n<td>Ca. Poraba 40m\u00b3 hladilne vode na leto<\/td>\n<\/tr>\n<tr>\n<td><strong>Te\u017ea<\/strong><\/td>\n<td>135 kg<\/td>\n<\/tr>\n<tr>\n<td><strong>Dimenzije<\/strong><\/td>\n<td>V 82 \u00d7 B 46 \u00d7 D 76 cm<\/td>\n<\/tr>\n<tr>\n<td><strong>Povezava<\/strong><\/td>\n<td>400 V + 0 + A, 3 kWh<\/td>\n<\/tr>\n<\/tbody>\n<\/table>\n<div class=\"UfDyV _1n3i3 FXHR4 FMcOw\" data-hook=\"collapsible-list-item-title\">\n<div>\n<p id=\"viewer-eqks433049\" class=\"LThh9 tL1tz qufKF\" dir=\"auto\"><span class=\"AAYkC\"><strong>Dodatne mo\u017enosti<\/strong><\/span><\/p>\n<\/div>\n<\/div>\n<div>\n<div class=\"UfDyV _1n3i3 FXHR4 FMcOw\" data-hook=\"collapsible-list-item-title\">\n<div>\n<ul class=\"Ior1H\">\n<li class=\"w4rN-\" dir=\"auto\">\n<p id=\"viewer-e4kg413221\" class=\"LThh9 tL1tz qufKF\" dir=\"\"><span class=\"AAYkC\">Sistem za suho polnjenje me\u0161anice v prahu<\/span><\/p>\n<\/li>\n<li class=\"w4rN-\" dir=\"auto\">\n<p id=\"viewer-qnjbg13223\" class=\"LThh9 tL1tz qufKF\" dir=\"\"><span class=\"AAYkC\">Ice Twister<\/span><\/p>\n<\/li>\n<li class=\"w4rN-\" dir=\"auto\">\n<p id=\"viewer-5tzpq13225\" class=\"LThh9 tL1tz qufKF\" dir=\"\"><span class=\"AAYkC\">Vodni filter<\/span><\/p>\n<\/li>\n<li class=\"w4rN-\" dir=\"auto\">\n<p id=\"viewer-e1ku313227\" class=\"LThh9 tL1tz qufKF\" dir=\"\"><span class=\"AAYkC\">Samopostre\u017eni bat<\/span><\/p>\n<\/li>\n<\/ul>\n<\/div>\n<\/div>\n<\/div>\n<\/div>\n<\/div>\n<\/div>\n<\/div>\n<\/div>\n<\/div>\n<\/div>\n<\/div>\n<\/div>","protected":false},"excerpt":{"rendered":"<p>The Power TT series is the smallest in the combi series but doesn&#8217;t fall short on performance. With a capacity of 55 liters per hour and the ability to serve one soft serve flavor and four milkshake varieties, it&#8217;s perfect for establishments with limited space but high demand, such as small cafes and convenience stores. [&hellip;]<\/p>\n","protected":false},"featured_media":6958,"comment_status":"open","ping_status":"closed","template":"","meta":[],"product_brand":[],"product_cat":[61],"product_tag":[],"class_list":{"0":"post-6955","1":"product","2":"type-product","3":"status-publish","4":"has-post-thumbnail","6":"product_cat-soft-serve-ice-cream","8":"first","9":"instock","10":"shipping-taxable","11":"product-type-simple"},"_links":{"self":[{"href":"https:\/\/dersuessestopp.com\/sl\/wp-json\/wp\/v2\/product\/6955","targetHints":{"allow":["GET"]}}],"collection":[{"href":"https:\/\/dersuessestopp.com\/sl\/wp-json\/wp\/v2\/product"}],"about":[{"href":"https:\/\/dersuessestopp.com\/sl\/wp-json\/wp\/v2\/types\/product"}],"replies":[{"embeddable":true,"href":"https:\/\/dersuessestopp.com\/sl\/wp-json\/wp\/v2\/comments?post=6955"}],"version-history":[{"count":2,"href":"https:\/\/dersuessestopp.com\/sl\/wp-json\/wp\/v2\/product\/6955\/revisions"}],"predecessor-version":[{"id":6957,"href":"https:\/\/dersuessestopp.com\/sl\/wp-json\/wp\/v2\/product\/6955\/revisions\/6957"}],"wp:featuredmedia":[{"embeddable":true,"href":"https:\/\/dersuessestopp.com\/sl\/wp-json\/wp\/v2\/media\/6958"}],"wp:attachment":[{"href":"https:\/\/dersuessestopp.com\/sl\/wp-json\/wp\/v2\/media?parent=6955"}],"wp:term":[{"taxonomy":"product_brand","embeddable":true,"href":"https:\/\/dersuessestopp.com\/sl\/wp-json\/wp\/v2\/product_brand?post=6955"},{"taxonomy":"product_cat","embeddable":true,"href":"https:\/\/dersuessestopp.com\/sl\/wp-json\/wp\/v2\/product_cat?post=6955"},{"taxonomy":"product_tag","embeddable":true,"href":"https:\/\/dersuessestopp.com\/sl\/wp-json\/wp\/v2\/product_tag?post=6955"}],"curies":[{"name":"wp","href":"https:\/\/api.w.org\/{rel}","templated":true}]}}