{"id":6950,"date":"2025-08-29T07:54:12","date_gmt":"2025-08-29T07:54:12","guid":{"rendered":"https:\/\/dersuessestopp.com\/?post_type=product&#038;p=6950"},"modified":"2025-09-24T19:59:28","modified_gmt":"2025-09-24T19:59:28","slug":"kompaktni-agregati-serije-nissei-giant","status":"publish","type":"product","link":"https:\/\/dersuessestopp.com\/sl\/product\/nissei-giant-series-compact-powerhouses\/","title":{"rendered":"Serija Nissei Giant - Kompaktne mo\u010di"},"content":{"rendered":"<div data-breakout=\"normal\">\n<p id=\"viewer-suhlf2732\" class=\"LThh9 tL1tz t3L08 qufKF\" dir=\"auto\"><span class=\"AAYkC\">Serija Nissei Giant zdru\u017euje visoko zmogljivost s kompaktnimi merami, zato je idealna za obrate z omejenim prostorom, a velikim povpra\u0161evanjem. Z modeli, kot je NA 3348, ti stroji proizvedejo do 75 litrov na uro, kar zagotavlja stalno kakovost in u\u010dinkovitost. Njihova energetsko u\u010dinkovita zasnova in pametni no\u017eni upravljalniki pove\u010dujejo uporabnost in zmanj\u0161ujejo operativne stro\u0161ke.<\/span><\/p>\n<\/div>\n<div data-breakout=\"normal\">\n<div id=\"viewer-ni27p774\" class=\"C-UfD\">\n<div class=\"rDaES\">\n<div class=\"e35S- au0qn\" data-hook=\"collapsible-list-component\">\n<div>\n<div class=\"V7Yu5 tJLLb\" data-hook=\"collapsible-list-item expanded\">\n<div class=\"Qd-Py\">\n<div class=\"UfDyV _1n3i3 FXHR4 FMcOw\" data-hook=\"collapsible-list-item-title\">\n<div>\n<p id=\"viewer-2qu78778\" class=\"LThh9 tL1tz qufKF\" dir=\"auto\"><span class=\"AAYkC\"><strong>Opis<\/strong><\/span><\/p>\n<\/div>\n<\/div>\n<div>\n<div class=\"UfDyV _1n3i3 FXHR4 FMcOw\" data-hook=\"collapsible-list-item-title\">\n<div>\n<p id=\"viewer-1q3ss2945\" class=\"LThh9 tL1tz qufKF\" dir=\"auto\"><span class=\"AAYkC\">Giant je eden najbolj priljubljenih strojev NISSEI na Nizozemskem. To seveda ni naklju\u010dje. Ta stroj za mehko hrano ponuja visoko zmogljivost, \u010deprav je omejen po velikosti.<\/span><\/p>\n<p id=\"viewer-a1zje2948\" class=\"LThh9 tL1tz qufKF\" dir=\"auto\"><span class=\"AAYkC\">Giant je energetsko u\u010dinkovit in primeren za ve\u010dino podjetij, ki \u017eelijo prodajati brezalkoholne in mle\u010dne napitke. Zahvaljujo\u010d tehnologiji RAPP lahko ta stroj nenehno ponuja visokokakovostne brezalkoholne in mle\u010dne napitke. Poleg tega ima inovativen zaslon na dotik.<\/span><\/p>\n<\/div>\n<\/div>\n<\/div>\n<\/div>\n<\/div>\n<\/div>\n<div>\n<div class=\"V7Yu5 tJLLb\" data-hook=\"collapsible-list-item expanded\">\n<div class=\"Qd-Py\">\n<div class=\"UfDyV _1n3i3 FXHR4 FMcOw\" data-hook=\"collapsible-list-item-title\">\n<div>\n<p id=\"viewer-gjjw8833\" class=\"LThh9 tL1tz qufKF\" dir=\"auto\"><span class=\"AAYkC\"><strong>Zna\u010dilnosti<\/strong><\/span><\/p>\n<\/div>\n<\/div>\n<div>\n<div class=\"UfDyV _1n3i3 FXHR4 FMcOw\" data-hook=\"collapsible-list-item-title\">\n<div>\n<ul class=\"Ior1H\">\n<li class=\"w4rN-\" dir=\"auto\">\n<p id=\"viewer-5v8ko3209\" class=\"LThh9 tL1tz qufKF\" dir=\"\"><span class=\"AAYkC\">Tehnologija RAPP<\/span><\/p>\n<\/li>\n<li class=\"w4rN-\" dir=\"auto\">\n<p id=\"viewer-2q18f3212\" class=\"LThh9 tL1tz qufKF\" dir=\"\"><span class=\"AAYkC\">Intuitivni zaslon na dotik<\/span><\/p>\n<\/li>\n<li class=\"w4rN-\" dir=\"auto\">\n<p id=\"viewer-w08om3215\" class=\"LThh9 tL1tz qufKF\" dir=\"\"><span class=\"AAYkC\">1 okus brezalkoholne pija\u010de<\/span><\/p>\n<\/li>\n<li class=\"w4rN-\" dir=\"auto\">\n<p id=\"viewer-9q42c3218\" class=\"LThh9 tL1tz qufKF\" dir=\"\"><span class=\"AAYkC\">3-komorni zamrzovalni predel<\/span><\/p>\n<\/li>\n<li class=\"w4rN-\" dir=\"auto\">\n<p id=\"viewer-ecoq83221\" class=\"LThh9 tL1tz qufKF\" dir=\"\"><span class=\"AAYkC\">Demonta\u017ea in \u010di\u0161\u010denje samo 1x na 6 tednov<\/span><\/p>\n<\/li>\n<li class=\"w4rN-\" dir=\"auto\">\n<p id=\"viewer-tngvv3224\" class=\"LThh9 tL1tz qufKF\" dir=\"\"><span class=\"AAYkC\">Pasterizacija<\/span><\/p>\n<\/li>\n<li class=\"w4rN-\" dir=\"auto\">\n<p id=\"viewer-lcmtx3227\" class=\"LThh9 tL1tz qufKF\" dir=\"\"><span class=\"AAYkC\">No\u017eni upravljalnik<\/span><\/p>\n<\/li>\n<li class=\"w4rN-\" dir=\"auto\">\n<p id=\"viewer-2r7d43230\" class=\"LThh9 tL1tz qufKF\" dir=\"\"><span class=\"AAYkC\">Edinstvena 5-letna garancija<\/span><\/p>\n<\/li>\n<\/ul>\n<div>\n<div class=\"V7Yu5 tJLLb\" data-hook=\"collapsible-list-item collapsed\">\n<div class=\"Qd-Py\">\n<div class=\"UfDyV _1n3i3 FXHR4 FMcOw\" data-hook=\"collapsible-list-item-title\">\n<div>\n<p id=\"viewer-jg36w923\" class=\"LThh9 tL1tz qufKF\" dir=\"auto\"><span class=\"AAYkC\"><strong>Specifikacije<\/strong><\/span><\/p>\n<\/div>\n<\/div>\n<\/div>\n<\/div>\n<\/div>\n<div>\n<div class=\"V7Yu5 tJLLb\" data-hook=\"collapsible-list-item collapsed\">\n<div class=\"_0--Hh\">\n<div class=\"lZBgD has-custom-focus\" role=\"button\" data-hook=\"collapsible-list-expand-button\" aria-label=\"Element je poru\u0161en\">\n<table>\n<thead>\n<tr>\n<th>Specifikacija<\/th>\n<th>Podrobnosti<\/th>\n<\/tr>\n<\/thead>\n<tbody>\n<tr>\n<td><strong>Zmogljivost<\/strong><\/td>\n<td>75 litrov na uro<\/td>\n<\/tr>\n<tr>\n<td><strong>Zvezek<\/strong><\/td>\n<td>3,4-litrski zamrzovalni valj<\/td>\n<\/tr>\n<tr>\n<td><strong>\u010crpalka<\/strong><\/td>\n<td>Inovativna tehnologija RAPP<\/td>\n<\/tr>\n<tr>\n<td><strong>Vodno hlajeni<\/strong><\/td>\n<td>Ca. 50m\u00b3 porabe hladilne vode na leto<\/td>\n<\/tr>\n<tr>\n<td><strong>Te\u017ea<\/strong><\/td>\n<td>170 kg<\/td>\n<\/tr>\n<tr>\n<td><strong>Dimenzije<\/strong><\/td>\n<td>V 150 \u00d7 \u0160 46 \u00d7 G 84 cm<\/td>\n<\/tr>\n<tr>\n<td><strong>Povezava<\/strong><\/td>\n<td>400 V + 0 + A, 3,5 kWh<\/td>\n<\/tr>\n<\/tbody>\n<\/table>\n<div class=\"UfDyV _1n3i3 FXHR4 FMcOw\" data-hook=\"collapsible-list-item-title\">\n<div>\n<p id=\"viewer-8kyip1452\" class=\"LThh9 tL1tz qufKF\" dir=\"auto\"><span class=\"AAYkC\"><strong>Dodatne mo\u017enosti<\/strong><\/span><\/p>\n<\/div>\n<\/div>\n<div>\n<div class=\"UfDyV _1n3i3 FXHR4 FMcOw\" data-hook=\"collapsible-list-item-title\">\n<div>\n<ul class=\"Ior1H\">\n<li class=\"w4rN-\" dir=\"auto\">\n<p id=\"viewer-x5f844322\" class=\"LThh9 tL1tz qufKF\" dir=\"\"><span class=\"AAYkC\">Sistem za suho polnjenje me\u0161anice v prahu<\/span><\/p>\n<\/li>\n<li class=\"w4rN-\" dir=\"auto\">\n<p id=\"viewer-1x7rj4325\" class=\"LThh9 tL1tz qufKF\" dir=\"\"><span class=\"AAYkC\">Ice Twister<\/span><\/p>\n<\/li>\n<li class=\"w4rN-\" dir=\"auto\">\n<p id=\"viewer-h9gu34328\" class=\"LThh9 tL1tz qufKF\" dir=\"\"><span class=\"AAYkC\">Vodni filter<\/span><\/p>\n<\/li>\n<\/ul>\n<\/div>\n<\/div>\n<\/div>\n<\/div>\n<\/div>\n<\/div>\n<\/div>\n<\/div>\n<\/div>\n<\/div>\n<\/div>\n<\/div>\n<\/div>\n<\/div>\n<\/div>\n<\/div>\n<\/div>","protected":false},"excerpt":{"rendered":"<p>The Nissei Giant series combines high capacity with a compact footprint, making it ideal for establishments with limited space but high demand. With models like the NA 3348, these machines deliver up to 75 liters per hour, ensuring consistent quality and efficiency. Their energy-efficient design and smart foot controls enhance usability and reduce operational costs. [&hellip;]<\/p>\n","protected":false},"featured_media":6953,"comment_status":"open","ping_status":"closed","template":"","meta":[],"product_brand":[],"product_cat":[61],"product_tag":[],"class_list":{"0":"post-6950","1":"product","2":"type-product","3":"status-publish","4":"has-post-thumbnail","6":"product_cat-soft-serve-ice-cream","8":"first","9":"instock","10":"shipping-taxable","11":"product-type-simple"},"_links":{"self":[{"href":"https:\/\/dersuessestopp.com\/sl\/wp-json\/wp\/v2\/product\/6950","targetHints":{"allow":["GET"]}}],"collection":[{"href":"https:\/\/dersuessestopp.com\/sl\/wp-json\/wp\/v2\/product"}],"about":[{"href":"https:\/\/dersuessestopp.com\/sl\/wp-json\/wp\/v2\/types\/product"}],"replies":[{"embeddable":true,"href":"https:\/\/dersuessestopp.com\/sl\/wp-json\/wp\/v2\/comments?post=6950"}],"version-history":[{"count":2,"href":"https:\/\/dersuessestopp.com\/sl\/wp-json\/wp\/v2\/product\/6950\/revisions"}],"predecessor-version":[{"id":6952,"href":"https:\/\/dersuessestopp.com\/sl\/wp-json\/wp\/v2\/product\/6950\/revisions\/6952"}],"wp:featuredmedia":[{"embeddable":true,"href":"https:\/\/dersuessestopp.com\/sl\/wp-json\/wp\/v2\/media\/6953"}],"wp:attachment":[{"href":"https:\/\/dersuessestopp.com\/sl\/wp-json\/wp\/v2\/media?parent=6950"}],"wp:term":[{"taxonomy":"product_brand","embeddable":true,"href":"https:\/\/dersuessestopp.com\/sl\/wp-json\/wp\/v2\/product_brand?post=6950"},{"taxonomy":"product_cat","embeddable":true,"href":"https:\/\/dersuessestopp.com\/sl\/wp-json\/wp\/v2\/product_cat?post=6950"},{"taxonomy":"product_tag","embeddable":true,"href":"https:\/\/dersuessestopp.com\/sl\/wp-json\/wp\/v2\/product_tag?post=6950"}],"curies":[{"name":"wp","href":"https:\/\/api.w.org\/{rel}","templated":true}]}}