{"id":6939,"date":"2025-08-29T07:20:47","date_gmt":"2025-08-29T07:20:47","guid":{"rendered":"https:\/\/dersuessestopp.com\/?post_type=product&#038;p=6939"},"modified":"2025-08-29T07:20:47","modified_gmt":"2025-08-29T07:20:47","slug":"nissei-power-tt-zamrznjeni-jogurt-prilagodljiva-zmogljivost","status":"publish","type":"product","link":"https:\/\/dersuessestopp.com\/sl\/product\/nissei-power-tt-frozen-yogurt-customizable-performance\/","title":{"rendered":"Nissei Power TT Frozen Yogurt - Prilagodljiva zmogljivost"},"content":{"rendered":"<div data-breakout=\"normal\">\n<p id=\"viewer-asyvv6607\" class=\"LThh9 tL1tz t3L08 qufKF\" dir=\"auto\"><span class=\"AAYkC\">Naprava za zamrznjeni jogurt Power TT je zasnovana za obrate, ki i\u0161\u010dejo prilagodljivost, saj uporabnikom omogo\u010da spreminjanje nastavitev glede na posebne \u017eelje. Njegov intuitivni vmesnik z zaslonom na dotik omogo\u010da enostavno upravljanje in uporabna obvestila, kar zagotavlja optimalno delovanje. Ta model je idealen za kavarne, majhne prodajalne sladoleda in mobilne prodajalce, ki \u017eelijo ponuditi visokokakovosten zamrznjen jogurt s prilagodljivimi funkcijami.<\/span><\/p>\n<\/div>\n<div data-breakout=\"normal\">\n<h3 id=\"viewer-1yd1v8453\" class=\"RsvCW _3Z2KS t3L08 qufKF\" dir=\"auto\"><span class=\"qnKJ9\"><strong>NISSEI - Zaupanje strokovnjakov, ki i\u0161\u010dejo popolnost<\/strong><\/span><\/h3>\n<\/div>\n<div data-breakout=\"normal\">\n<p id=\"viewer-big1i4951\" class=\"LThh9 tL1tz t3L08 qufKF\" dir=\"auto\"><span class=\"AAYkC\">Podjetje NISSEI NL je z ve\u010d kot 35 leti nenehnih inovacij v ospredju na podro\u010dju tehnologije mehkih jedi in zamrznjenega jogurta. Na\u0161i stroji so ro\u010dno izdelani z natan\u010dnostjo in izdelani za dolgo \u017eivljenjsko dobo ter zagotavljajo nemoteno in u\u010dinkovito delovanje va\u0161ega podjetja.<\/span><\/p>\n<\/div>\n<div data-breakout=\"normal\">\n<p id=\"viewer-pmx2c352\" class=\"LThh9 tL1tz t3L08 qufKF\" dir=\"auto\"><span class=\"AAYkC\"><strong>z impresivnimi dose\u017eki v zadnjih 30 letih v Evropi.<\/strong><\/span><\/p>\n<\/div>\n<div data-breakout=\"normal\">\n<ul class=\"Ior1H t3L08\">\n<li class=\"w4rN-\" dir=\"auto\">\n<p id=\"viewer-hd7ob265\" class=\"LThh9 tL1tz t3L08 qufKF\" dir=\"\"><span class=\"AAYkC\"><strong>Ve\u010d kot 7.000 strojev<\/strong>\u00a0natan\u010dno izdelani in prodajani po vsej Evropi<\/span><\/p>\n<\/li>\n<li class=\"w4rN-\" dir=\"auto\">\n<p id=\"viewer-0ddhr269\" class=\"LThh9 tL1tz t3L08 qufKF\" dir=\"\"><span class=\"AAYkC\"><strong>Ve\u010d kot 4.500 enot<\/strong>\u00a0\u0161e danes deluje.<\/span><\/p>\n<\/li>\n<li class=\"w4rN-\" dir=\"auto\">\n<p id=\"viewer-8mxss273\" class=\"LThh9 tL1tz t3L08 qufKF\" dir=\"\"><span class=\"AAYkC\"><strong>Zaupanje vodilnih podjetij<\/strong><\/span><\/p>\n<\/li>\n<\/ul>\n<\/div>\n<div data-breakout=\"normal\">\n<div id=\"viewer-5sjny32790\" class=\"C-UfD\">\n<div class=\"rDaES\">\n<div class=\"e35S- au0qn\" data-hook=\"collapsible-list-component\">\n<div>\n<div class=\"V7Yu5 tJLLb\" data-hook=\"collapsible-list-item expanded\">\n<div class=\"Qd-Py\">\n<div class=\"UfDyV _1n3i3 FXHR4 FMcOw\" data-hook=\"collapsible-list-item-title\">\n<div>\n<p id=\"viewer-967sm32800\" class=\"LThh9 tL1tz qufKF\" dir=\"auto\"><span class=\"AAYkC\"><strong>Opis<\/strong><\/span><\/p>\n<\/div>\n<\/div>\n<div>\n<div class=\"UfDyV _1n3i3 FXHR4 FMcOw\" data-hook=\"collapsible-list-item-title\">\n<div>\n<p id=\"viewer-7kra417648\" class=\"LThh9 tL1tz qufKF\" dir=\"auto\"><span class=\"AAYkC\">Power TT Frozen Yoghurt je zaradi intuitivnega zaslona na dotik zelo enostaven za upravljanje. Nastavite svoje nastavitve in prejemajte uporabna obvestila. Zaradi svojih kompaktnih dimenzij je naprava primerna za skoraj vsako lokacijo.<\/span><\/p>\n<\/div>\n<\/div>\n<\/div>\n<\/div>\n<\/div>\n<\/div>\n<div>\n<div class=\"V7Yu5 tJLLb\" data-hook=\"collapsible-list-item expanded\">\n<div class=\"Qd-Py\">\n<div class=\"UfDyV _1n3i3 FXHR4 FMcOw\" data-hook=\"collapsible-list-item-title\">\n<div>\n<p id=\"viewer-bxfxm15292\" class=\"LThh9 tL1tz qufKF\" dir=\"auto\"><span class=\"AAYkC\"><strong>Zna\u010dilnosti<\/strong><\/span><\/p>\n<\/div>\n<\/div>\n<div>\n<div class=\"UfDyV _1n3i3 FXHR4 FMcOw\" data-hook=\"collapsible-list-item-title\">\n<div>\n<ul class=\"Ior1H\">\n<li class=\"w4rN-\" dir=\"auto\">\n<p id=\"viewer-zw3tg17733\" class=\"LThh9 tL1tz qufKF\" dir=\"\"><span class=\"AAYkC\">Gravitacijski sistem<\/span><\/p>\n<\/li>\n<li class=\"w4rN-\" dir=\"auto\">\n<p id=\"viewer-gg8e517735\" class=\"LThh9 tL1tz qufKF\" dir=\"\"><span class=\"AAYkC\">Intuitivni zaslon na dotik<\/span><\/p>\n<\/li>\n<li class=\"w4rN-\" dir=\"auto\">\n<p id=\"viewer-106cd17737\" class=\"LThh9 tL1tz qufKF\" dir=\"\"><span class=\"AAYkC\">Demonta\u017ea in \u010di\u0161\u010denje samo 1x na 6 tednov<\/span><\/p>\n<\/li>\n<li class=\"w4rN-\" dir=\"auto\">\n<p id=\"viewer-2402j17739\" class=\"LThh9 tL1tz qufKF\" dir=\"\"><span class=\"AAYkC\">Pasterizacija<\/span><\/p>\n<\/li>\n<li class=\"w4rN-\" dir=\"auto\">\n<p id=\"viewer-9kjzv17741\" class=\"LThh9 tL1tz qufKF\" dir=\"\"><span class=\"AAYkC\">Izbirna samopostre\u017ena razli\u010dica<\/span><\/p>\n<\/li>\n<li class=\"w4rN-\" dir=\"auto\">\n<p id=\"viewer-dfed917743\" class=\"LThh9 tL1tz qufKF\" dir=\"\"><span class=\"AAYkC\">Kompaktni format<\/span><\/p>\n<\/li>\n<li class=\"w4rN-\" dir=\"auto\">\n<p id=\"viewer-n4xm117745\" class=\"LThh9 tL1tz qufKF\" dir=\"\"><span class=\"AAYkC\">Edinstvena 5-letna garancija<\/span><\/p>\n<\/li>\n<\/ul>\n<div class=\"_5G9RM\"><span class=\"AAYkC\"><strong>Specifikacije<\/p>\n<p><\/strong><\/span><\/div>\n<\/div>\n<\/div>\n<\/div>\n<\/div>\n<\/div>\n<\/div>\n<div>\n<div class=\"V7Yu5 tJLLb\" data-hook=\"collapsible-list-item expanded\">\n<div class=\"_0--Hh\">\n<div class=\"lZBgD has-custom-focus\" role=\"button\" data-hook=\"collapsible-list-expand-button\" aria-label=\"Element je raz\u0161irjen\">\n<table>\n<thead>\n<tr>\n<th>Specifikacija<\/th>\n<th>Podrobnosti<\/th>\n<\/tr>\n<\/thead>\n<tbody>\n<tr>\n<td><strong>Zmogljivost<\/strong><\/td>\n<td>55 litrov na uro<\/td>\n<\/tr>\n<tr>\n<td><strong>Zvezek<\/strong><\/td>\n<td>2,5-litrski zamrzovalni valj<\/td>\n<\/tr>\n<tr>\n<td><strong>Vodno hlajeni<\/strong><\/td>\n<td>Pribli\u017eno 40 m3 porabe hladilne vode na leto<\/td>\n<\/tr>\n<tr>\n<td><strong>Te\u017ea<\/strong><\/td>\n<td>135 kg<\/td>\n<\/tr>\n<tr>\n<td><strong>Dimenzije<\/strong><\/td>\n<td>V 82 \u00d7 B 46 \u00d7 D 76 cm<\/td>\n<\/tr>\n<tr>\n<td><strong>Povezava<\/strong><\/td>\n<td>400 V + 0 + A, 3 kWh<\/td>\n<\/tr>\n<\/tbody>\n<\/table>\n<div class=\"UfDyV _1n3i3 FXHR4 FMcOw\" data-hook=\"collapsible-list-item-title\">\n<div>\n<p id=\"viewer-eqks433049\" class=\"LThh9 tL1tz qufKF\" dir=\"auto\"><span class=\"AAYkC\"><strong>Dodatne mo\u017enosti<\/strong><\/span><\/p>\n<\/div>\n<\/div>\n<div>\n<div class=\"UfDyV _1n3i3 FXHR4 FMcOw\" data-hook=\"collapsible-list-item-title\">\n<div>\n<ul class=\"Ior1H\">\n<li class=\"w4rN-\" dir=\"auto\">\n<p id=\"viewer-5un2p18528\" class=\"LThh9 tL1tz qufKF\" dir=\"\"><span class=\"AAYkC\">Samopostre\u017eni bat<\/span><\/p>\n<\/li>\n<li class=\"w4rN-\" dir=\"auto\">\n<p id=\"viewer-rl8uc18530\" class=\"LThh9 tL1tz qufKF\" dir=\"\"><span class=\"AAYkC\">Nalepke<\/span><\/p>\n<\/li>\n<li class=\"w4rN-\" dir=\"auto\">\n<p id=\"viewer-czbjk18532\" class=\"LThh9 tL1tz qufKF\" dir=\"\"><span class=\"AAYkC\">Vodni filter<\/span><\/p>\n<\/li>\n<\/ul>\n<\/div>\n<\/div>\n<\/div>\n<\/div>\n<\/div>\n<div class=\"Qd-Py\">\n<div class=\"UfDyV _1n3i3 FXHR4 FMcOw\" data-hook=\"collapsible-list-item-title\">\n<div>\n<p id=\"viewer-fl7re32933\" class=\"LThh9 tL1tz qufKF\" dir=\"auto\">\n<\/div>\n<\/div>\n<\/div>\n<\/div>\n<\/div>\n<\/div>\n<\/div>\n<\/div>\n<\/div>","protected":false},"excerpt":{"rendered":"<p>Designed for establishments seeking flexibility, the Power TT Frozen Yogurt machine allows users to modify settings to suit specific preferences. Its intuitive touchscreen interface provides easy operation and useful notifications, ensuring optimal performance. This model is perfect for cafes, small ice cream shops, and mobile vendors looking to offer high-quality frozen yogurt with customizable features. [&hellip;]<\/p>\n","protected":false},"featured_media":6940,"comment_status":"open","ping_status":"closed","template":"","meta":[],"product_brand":[],"product_cat":[36],"product_tag":[],"class_list":{"0":"post-6939","1":"product","2":"type-product","3":"status-publish","4":"has-post-thumbnail","6":"product_cat-frozen-yoghurt","8":"first","9":"instock","10":"shipping-taxable","11":"product-type-simple"},"_links":{"self":[{"href":"https:\/\/dersuessestopp.com\/sl\/wp-json\/wp\/v2\/product\/6939","targetHints":{"allow":["GET"]}}],"collection":[{"href":"https:\/\/dersuessestopp.com\/sl\/wp-json\/wp\/v2\/product"}],"about":[{"href":"https:\/\/dersuessestopp.com\/sl\/wp-json\/wp\/v2\/types\/product"}],"replies":[{"embeddable":true,"href":"https:\/\/dersuessestopp.com\/sl\/wp-json\/wp\/v2\/comments?post=6939"}],"version-history":[{"count":1,"href":"https:\/\/dersuessestopp.com\/sl\/wp-json\/wp\/v2\/product\/6939\/revisions"}],"predecessor-version":[{"id":6942,"href":"https:\/\/dersuessestopp.com\/sl\/wp-json\/wp\/v2\/product\/6939\/revisions\/6942"}],"wp:featuredmedia":[{"embeddable":true,"href":"https:\/\/dersuessestopp.com\/sl\/wp-json\/wp\/v2\/media\/6940"}],"wp:attachment":[{"href":"https:\/\/dersuessestopp.com\/sl\/wp-json\/wp\/v2\/media?parent=6939"}],"wp:term":[{"taxonomy":"product_brand","embeddable":true,"href":"https:\/\/dersuessestopp.com\/sl\/wp-json\/wp\/v2\/product_brand?post=6939"},{"taxonomy":"product_cat","embeddable":true,"href":"https:\/\/dersuessestopp.com\/sl\/wp-json\/wp\/v2\/product_cat?post=6939"},{"taxonomy":"product_tag","embeddable":true,"href":"https:\/\/dersuessestopp.com\/sl\/wp-json\/wp\/v2\/product_tag?post=6939"}],"curies":[{"name":"wp","href":"https:\/\/api.w.org\/{rel}","templated":true}]}}