{"id":6930,"date":"2025-08-29T07:03:07","date_gmt":"2025-08-29T07:03:07","guid":{"rendered":"https:\/\/dersuessestopp.com\/?post_type=product&#038;p=6930"},"modified":"2025-08-29T07:12:05","modified_gmt":"2025-08-29T07:12:05","slug":"nissei-kompaktni-zamrznjeni-jogurt-prostorsko-varcna-zasnova","status":"publish","type":"product","link":"https:\/\/dersuessestopp.com\/sl\/product\/nissei-compact-frozen-yogurt-space-saving-design\/","title":{"rendered":"Kompaktni zamrznjeni jogurt Nissei - zasnova, ki var\u010duje s prostorom"},"content":{"rendered":"<div data-breakout=\"normal\">\n<p id=\"viewer-ptqh719079\" class=\"LThh9 tL1tz t3L08 qufKF\" dir=\"auto\"><span class=\"AAYkC\">Kompaktni aparat za zamrznjeni jogurt zdru\u017euje funkcionalnost in prostorsko var\u010dno zasnovo, zato je idealen za obrate z omejenim prostorom. Njegove privla\u010dne nalepke z motivom zamrznjenega jogurta strankam takoj sporo\u010dijo va\u0161o posebnost. Kljub kompaktni velikosti zagotavlja stalno kakovost, zato je primeren za majhne kavarne, kioske in prodajalne, ki \u017eelijo ponuditi okusen zamrznjen jogurt, ne da bi zasedli veliko prostora.<\/span><\/p>\n<\/div>\n<div data-breakout=\"normal\">\n<h3 id=\"viewer-5wnel4422\" class=\"RsvCW _3Z2KS t3L08 qufKF\" dir=\"auto\"><span class=\"qnKJ9\"><strong>NISSEI - Zaupanje strokovnjakov, ki i\u0161\u010dejo popolnost<\/strong><\/span><\/h3>\n<\/div>\n<div data-breakout=\"normal\">\n<p id=\"viewer-big1i4951\" class=\"LThh9 tL1tz t3L08 qufKF\" dir=\"auto\"><span class=\"AAYkC\">Podjetje NISSEI NL je z ve\u010d kot 35 leti nenehnih inovacij v ospredju na podro\u010dju tehnologije mehkih jedi in zamrznjenega jogurta. Na\u0161i stroji so ro\u010dno izdelani z natan\u010dnostjo in izdelani za dolgo \u017eivljenjsko dobo ter zagotavljajo nemoteno in u\u010dinkovito delovanje va\u0161ega podjetja.<\/span><\/p>\n<\/div>\n<div data-breakout=\"normal\">\n<p id=\"viewer-pmx2c352\" class=\"LThh9 tL1tz t3L08 qufKF\" dir=\"auto\"><span class=\"AAYkC\"><strong>z impresivnimi dose\u017eki v zadnjih 30 letih v Evropi.<\/strong><\/span><\/p>\n<\/div>\n<div data-breakout=\"normal\">\n<ul class=\"Ior1H t3L08\">\n<li class=\"w4rN-\" dir=\"auto\">\n<p id=\"viewer-hd7ob265\" class=\"LThh9 tL1tz t3L08 qufKF\" dir=\"\"><span class=\"AAYkC\"><strong>Ve\u010d kot 7.000 strojev<\/strong>\u00a0natan\u010dno izdelani in prodajani po vsej Evropi<\/span><\/p>\n<\/li>\n<li class=\"w4rN-\" dir=\"auto\">\n<p id=\"viewer-0ddhr269\" class=\"LThh9 tL1tz t3L08 qufKF\" dir=\"\"><span class=\"AAYkC\"><strong>Ve\u010d kot 4.500 enot<\/strong>\u00a0\u0161e danes deluje.<\/span><\/p>\n<\/li>\n<li class=\"w4rN-\" dir=\"auto\">\n<p id=\"viewer-8mxss273\" class=\"LThh9 tL1tz t3L08 qufKF\" dir=\"\"><span class=\"AAYkC\"><strong>Zaupanje vodilnih podjetij<\/strong><\/span><\/p>\n<\/li>\n<\/ul>\n<div class=\"UfDyV _1n3i3 FXHR4 FMcOw\" data-hook=\"collapsible-list-item-title\">\n<div>\n<p id=\"viewer-tpphb7102\" class=\"LThh9 tL1tz qufKF\" dir=\"auto\"><span class=\"AAYkC\"><strong>Opis<\/strong><\/span><\/p>\n<\/div>\n<\/div>\n<div>\n<div class=\"UfDyV _1n3i3 FXHR4 FMcOw\" data-hook=\"collapsible-list-item-title\">\n<div>\n<p id=\"viewer-4rtkl19230\" class=\"LThh9 tL1tz qufKF\" dir=\"auto\"><span class=\"AAYkC\">Kompaktni zamrznjeni jogurt ima kul nalepke. To pomeni, da stroj takoj poka\u017ee, da prodajate ta poseben sladoled. Tako boste takoj pritegnili pozornost ljudi in si zagotovili promet.<\/span><\/p>\n<\/div>\n<\/div>\n<\/div>\n<\/div>\n<div data-hook=\"rcv-block13\">\n<div class=\"UfDyV _1n3i3 FXHR4 FMcOw\" data-hook=\"collapsible-list-item-title\">\n<div>\n<p id=\"viewer-zvndr7199\" class=\"LThh9 tL1tz qufKF\" dir=\"auto\"><span class=\"AAYkC\"><strong>Zna\u010dilnosti\u00a0<\/strong><\/span><\/p>\n<\/div>\n<\/div>\n<div>\n<div class=\"UfDyV _1n3i3 FXHR4 FMcOw\" data-hook=\"collapsible-list-item-title\">\n<ul class=\"Ior1H\">\n<li class=\"w4rN-\" dir=\"auto\">\n<p id=\"viewer-8w2av350\" class=\"LThh9 tL1tz qufKF\" dir=\"\"><span class=\"AAYkC\">Gravitacijski sistem<\/span><\/p>\n<\/li>\n<li class=\"w4rN-\" dir=\"auto\">\n<p id=\"viewer-z5n2l582\" class=\"LThh9 tL1tz qufKF\" dir=\"\"><span class=\"AAYkC\">Kompaktni format<\/span><\/p>\n<\/li>\n<li class=\"w4rN-\" dir=\"auto\">\n<p id=\"viewer-1qgjk356\" class=\"LThh9 tL1tz qufKF\" dir=\"\"><span class=\"AAYkC\">Izbirna samopostre\u017ena razli\u010dica<\/span><\/p>\n<\/li>\n<li class=\"w4rN-\" dir=\"auto\">\n<p id=\"viewer-yq14c359\" class=\"LThh9 tL1tz qufKF\" dir=\"\"><span class=\"AAYkC\">Demonta\u017ea in \u010di\u0161\u010denje le enkrat na 6 tednov<\/span><\/p>\n<\/li>\n<li class=\"w4rN-\" dir=\"auto\">\n<p id=\"viewer-4xzez362\" class=\"LThh9 tL1tz qufKF\" dir=\"\"><span class=\"AAYkC\">Pasterizacija<\/span><\/p>\n<\/li>\n<li class=\"w4rN-\" dir=\"auto\">\n<p id=\"viewer-kqtf8365\" class=\"LThh9 tL1tz qufKF\" dir=\"\"><span class=\"AAYkC\">Gravitacijski sistem<\/span><\/p>\n<\/li>\n<li class=\"w4rN-\" dir=\"auto\">\n<p id=\"viewer-is7r2368\" class=\"LThh9 tL1tz qufKF\" dir=\"\"><span class=\"AAYkC\">Edinstvena 5-letna garancija<\/span><\/p>\n<\/li>\n<\/ul>\n<\/div>\n<\/div>\n<\/div>\n<div data-breakout=\"normal\">\n<div id=\"viewer-dkack6992\" class=\"LThh9 tL1tz t3L08 qufKF\" dir=\"auto\"><strong>Specifikacije<\/p>\n<p><\/strong><\/div>\n<div dir=\"auto\">\n<table>\n<thead>\n<tr>\n<th>Specifikacija<\/th>\n<th>Podrobnosti<\/th>\n<\/tr>\n<\/thead>\n<tbody>\n<tr>\n<td><strong>Zmogljivost<\/strong><\/td>\n<td>30 litrov na uro<\/td>\n<\/tr>\n<tr>\n<td><strong>Zvezek<\/strong><\/td>\n<td>2-litrski zamrzovalni valj<\/td>\n<\/tr>\n<tr>\n<td><strong>Sistem<\/strong><\/td>\n<td>Gravitacijski sistem<\/td>\n<\/tr>\n<tr>\n<td><strong>Te\u017ea<\/strong><\/td>\n<td>84 kg<\/td>\n<\/tr>\n<tr>\n<td><strong>Dimenzije<\/strong><\/td>\n<td>V 87 \u00d7 \u0160 29 \u00d7 G 74 cm<\/td>\n<\/tr>\n<tr>\n<td><strong>Povezava<\/strong><\/td>\n<td>400 V + 0 + A, 2,5 kWh<\/td>\n<\/tr>\n<\/tbody>\n<\/table>\n<div class=\"UfDyV _1n3i3 FXHR4 FMcOw\" data-hook=\"collapsible-list-item-title\">\n<div>\n<p id=\"viewer-xeu298955\" class=\"LThh9 tL1tz qufKF\" dir=\"auto\"><span class=\"AAYkC\"><strong>Dodatne mo\u017enosti<\/strong><\/span><\/p>\n<\/div>\n<\/div>\n<div>\n<div class=\"UfDyV _1n3i3 FXHR4 FMcOw\" data-hook=\"collapsible-list-item-title\">\n<div>\n<ul class=\"Ior1H\">\n<li class=\"w4rN-\" dir=\"auto\">\n<p id=\"viewer-mle2w20017\" class=\"LThh9 tL1tz qufKF\" dir=\"\"><span class=\"AAYkC\">Samopostre\u017eni bat<\/span><\/p>\n<\/li>\n<li class=\"w4rN-\" dir=\"auto\">\n<p id=\"viewer-zjnoo20019\" class=\"LThh9 tL1tz qufKF\" dir=\"\"><span class=\"AAYkC\">Nalepke<\/span><\/p>\n<\/li>\n<\/ul>\n<\/div>\n<\/div>\n<\/div>\n<\/div>\n<\/div>","protected":false},"excerpt":{"rendered":"<p>The Compact Frozen Yogurt machine combines functionality with a space-saving design, making it ideal for establishments with limited space. Its eye-catching frozen yogurt-themed stickers immediately communicate your specialty to customers. Despite its compact size, it delivers consistent quality, making it suitable for small cafes, kiosks, and convenience stores aiming to offer delicious frozen yogurt without [&hellip;]<\/p>\n","protected":false},"featured_media":6933,"comment_status":"open","ping_status":"closed","template":"","meta":[],"product_brand":[],"product_cat":[36],"product_tag":[],"class_list":{"0":"post-6930","1":"product","2":"type-product","3":"status-publish","4":"has-post-thumbnail","6":"product_cat-frozen-yoghurt","8":"first","9":"instock","10":"shipping-taxable","11":"product-type-simple"},"_links":{"self":[{"href":"https:\/\/dersuessestopp.com\/sl\/wp-json\/wp\/v2\/product\/6930","targetHints":{"allow":["GET"]}}],"collection":[{"href":"https:\/\/dersuessestopp.com\/sl\/wp-json\/wp\/v2\/product"}],"about":[{"href":"https:\/\/dersuessestopp.com\/sl\/wp-json\/wp\/v2\/types\/product"}],"replies":[{"embeddable":true,"href":"https:\/\/dersuessestopp.com\/sl\/wp-json\/wp\/v2\/comments?post=6930"}],"version-history":[{"count":4,"href":"https:\/\/dersuessestopp.com\/sl\/wp-json\/wp\/v2\/product\/6930\/revisions"}],"predecessor-version":[{"id":6938,"href":"https:\/\/dersuessestopp.com\/sl\/wp-json\/wp\/v2\/product\/6930\/revisions\/6938"}],"wp:featuredmedia":[{"embeddable":true,"href":"https:\/\/dersuessestopp.com\/sl\/wp-json\/wp\/v2\/media\/6933"}],"wp:attachment":[{"href":"https:\/\/dersuessestopp.com\/sl\/wp-json\/wp\/v2\/media?parent=6930"}],"wp:term":[{"taxonomy":"product_brand","embeddable":true,"href":"https:\/\/dersuessestopp.com\/sl\/wp-json\/wp\/v2\/product_brand?post=6930"},{"taxonomy":"product_cat","embeddable":true,"href":"https:\/\/dersuessestopp.com\/sl\/wp-json\/wp\/v2\/product_cat?post=6930"},{"taxonomy":"product_tag","embeddable":true,"href":"https:\/\/dersuessestopp.com\/sl\/wp-json\/wp\/v2\/product_tag?post=6930"}],"curies":[{"name":"wp","href":"https:\/\/api.w.org\/{rel}","templated":true}]}}