{"id":6912,"date":"2025-08-29T06:16:54","date_gmt":"2025-08-29T06:16:54","guid":{"rendered":"https:\/\/dersuessestopp.com\/?post_type=product&#038;p=6912"},"modified":"2025-09-24T20:01:57","modified_gmt":"2025-09-24T20:01:57","slug":"nissei-power-combi-tt-kompaktna-moc","status":"publish","type":"product","link":"https:\/\/dersuessestopp.com\/sl\/product\/nissei-power-combi-tt-compact-power\/","title":{"rendered":"Nissei Power Combi TT - Kompaktna mo\u010d"},"content":{"rendered":"<div data-breakout=\"normal\">\n<p id=\"viewer-eq1yj396\" class=\"LThh9 tL1tz t3L08 qufKF\" dir=\"auto\"><span class=\"AAYkC\">Nissei Power Combi TT je najmanj\u0161i v seriji kombiniranih sesalnikov, vendar ne zaostaja pri zmogljivosti. Z zmogljivostjo 55 litrov na uro in mo\u017enostjo postre\u017ebe enega okusa brezalkoholnih napitkov in \u0161tirih vrst mle\u010dnih napitkov je idealen za lokale z omejenim prostorom, vendar velikim povpra\u0161evanjem, kot so majhne kavarne in prodajalne. Zaradi kompaktnih dimenzij in energetsko u\u010dinkovite zasnove je pametna izbira za podjetja, ki \u017eelijo pove\u010dati proizvodnjo, ne da bi pri tem ogrozili prostor.<\/span><\/p>\n<\/div>\n<div data-breakout=\"normal\">\n<h3 id=\"viewer-5wnel4422\" class=\"RsvCW _3Z2KS t3L08 qufKF\" dir=\"auto\"><span class=\"qnKJ9\"><strong>NISSEI - Zaupanje strokovnjakov, ki i\u0161\u010dejo popolnost<\/strong><\/span><\/h3>\n<\/div>\n<div data-breakout=\"normal\">\n<p id=\"viewer-big1i4951\" class=\"LThh9 tL1tz t3L08 qufKF\" dir=\"auto\"><span class=\"AAYkC\">Podjetje NISSEI NL je z ve\u010d kot 35 leti nenehnih inovacij v ospredju na podro\u010dju tehnologije mehkih jedi in zamrznjenega jogurta. Na\u0161i stroji so ro\u010dno izdelani z natan\u010dnostjo in izdelani za dolgo \u017eivljenjsko dobo ter zagotavljajo nemoteno in u\u010dinkovito delovanje va\u0161ega podjetja.<\/span><\/p>\n<\/div>\n<div data-hook=\"rcv-block8\"><strong>z impresivnimi dose\u017eki v zadnjih 30 letih v Evropi.<\/strong><\/div>\n<div data-breakout=\"normal\">\n<ul class=\"Ior1H t3L08\">\n<li class=\"w4rN-\" dir=\"auto\">\n<p id=\"viewer-hd7ob265\" class=\"LThh9 tL1tz t3L08 qufKF\" dir=\"\"><span class=\"AAYkC\"><strong>Ve\u010d kot 7.000 strojev<\/strong>\u00a0natan\u010dno izdelani in prodajani po vsej Evropi<\/span><\/p>\n<\/li>\n<li class=\"w4rN-\" dir=\"auto\">\n<p id=\"viewer-0ddhr269\" class=\"LThh9 tL1tz t3L08 qufKF\" dir=\"\"><span class=\"AAYkC\"><strong>Ve\u010d kot 4.500 enot<\/strong>\u00a0\u0161e danes deluje.<\/span><\/p>\n<\/li>\n<li class=\"w4rN-\" dir=\"auto\">\n<p id=\"viewer-8mxss273\" class=\"LThh9 tL1tz t3L08 qufKF\" dir=\"\"><span class=\"AAYkC\"><strong>Zaupanje vodilnih podjetij<\/strong><\/span><\/p>\n<\/li>\n<\/ul>\n<\/div>\n<div data-hook=\"rcv-block12\">\n<div>\n<div class=\"V7Yu5 tJLLb\" data-hook=\"collapsible-list-item expanded\">\n<div class=\"Qd-Py\">\n<div class=\"UfDyV _1n3i3 FXHR4 FMcOw\" data-hook=\"collapsible-list-item-title\">\n<div>\n<p id=\"viewer-y10fv2602\" class=\"LThh9 tL1tz qufKF\" dir=\"auto\"><span class=\"AAYkC\"><strong>Opis<\/strong><\/span><\/p>\n<\/div>\n<\/div>\n<div>\n<div class=\"UfDyV _1n3i3 FXHR4 FMcOw\" data-hook=\"collapsible-list-item-title\">\n<div>\n<p id=\"viewer-w4b6w18044\" class=\"LThh9 tL1tz qufKF\" dir=\"auto\"><span class=\"AAYkC\">Power Combi TT je prav tako edinstven kot vsi drugi. Zakaj? Ker je najbolj kompakten in energetsko u\u010dinkovit model, ki je na voljo. Zaradi svoje omejene velikosti se bo ta naprava prilegala v vsako podjetje. Preprosto ga postavite na mizo ali delovno povr\u0161ino in \u017ee ste pripravljeni, da za\u010dnete prodajati mehki sladoled in mle\u010dne koktajle. Zahvaljujo\u010d intuitivnemu zaslonu na dotik je ta stroj enostaven za upravljanje za vas in va\u0161e zaposlene. Zahvaljujo\u010d tehnologiji RAPP lahko ta stroj nenehno ponuja visokokakovostne mehke sladolede in mle\u010dne koktajle.<\/span><\/p>\n<\/div>\n<\/div>\n<\/div>\n<\/div>\n<\/div>\n<\/div>\n<div>\n<div class=\"V7Yu5 tJLLb\" data-hook=\"collapsible-list-item expanded\">\n<div class=\"_0--Hh\">\n<div class=\"lZBgD has-custom-focus\" role=\"button\" data-hook=\"collapsible-list-expand-button\" aria-label=\"Element je raz\u0161irjen\">\n<div>\n<div class=\"V7Yu5 tJLLb\" data-hook=\"collapsible-list-item expanded\">\n<div class=\"Qd-Py\">\n<div class=\"UfDyV _1n3i3 FXHR4 FMcOw\" data-hook=\"collapsible-list-item-title\">\n<div>\n<p id=\"viewer-c41nd2678\" class=\"LThh9 tL1tz qufKF\" dir=\"auto\"><span class=\"AAYkC\"><strong>Zna\u010dilnosti<\/strong><\/span><\/p>\n<\/div>\n<\/div>\n<div>\n<div class=\"UfDyV _1n3i3 FXHR4 FMcOw\" data-hook=\"collapsible-list-item-title\">\n<div>\n<ul class=\"Ior1H\">\n<li class=\"w4rN-\" dir=\"auto\">\n<p id=\"viewer-f40qu18166\" class=\"LThh9 tL1tz qufKF\" dir=\"\"><span class=\"AAYkC\">Tehnologija RAPP<\/span><\/p>\n<\/li>\n<li class=\"w4rN-\" dir=\"auto\">\n<p id=\"viewer-jfjva18220\" class=\"LThh9 tL1tz qufKF\" dir=\"\"><span class=\"AAYkC\">Intuitivni zaslon na dotik<\/span><\/p>\n<\/li>\n<li class=\"w4rN-\" dir=\"auto\">\n<p id=\"viewer-reqoh18258\" class=\"LThh9 tL1tz qufKF\" dir=\"\"><span class=\"AAYkC\">1 okus brezalkoholne pija\u010de<\/span><\/p>\n<\/li>\n<li class=\"w4rN-\" dir=\"auto\">\n<p id=\"viewer-bqj7118335\" class=\"LThh9 tL1tz qufKF\" dir=\"\"><span class=\"AAYkC\">4 okusi mle\u010dnih napitkov<\/span><\/p>\n<\/li>\n<li class=\"w4rN-\" dir=\"auto\">\n<p id=\"viewer-vp87k18480\" class=\"LThh9 tL1tz qufKF\" dir=\"\"><span class=\"AAYkC\">Samodejni porcijski mle\u010dni napitek (APM)<\/span><\/p>\n<\/li>\n<li class=\"w4rN-\" dir=\"auto\">\n<p id=\"viewer-zmwp118565\" class=\"LThh9 tL1tz qufKF\" dir=\"\"><span class=\"AAYkC\">3-komorni zamrzovalni predel<\/span><\/p>\n<\/li>\n<li class=\"w4rN-\" dir=\"auto\">\n<p id=\"viewer-89ea918611\" class=\"LThh9 tL1tz qufKF\" dir=\"\"><span class=\"AAYkC\">Demonta\u017ea in \u010di\u0161\u010denje samo 1x na 6 tednov<\/span><\/p>\n<\/li>\n<li class=\"w4rN-\" dir=\"auto\">\n<p id=\"viewer-nrbvy18777\" class=\"LThh9 tL1tz qufKF\" dir=\"\"><span class=\"AAYkC\">Pasterizacija<\/span><\/p>\n<\/li>\n<li class=\"w4rN-\" dir=\"auto\">\n<p id=\"viewer-s2yec18827\" class=\"LThh9 tL1tz qufKF\" dir=\"\"><span class=\"AAYkC\">Edinstvena 5-letna garancija<br \/>\n<\/span><\/p>\n<\/li>\n<\/ul>\n<p><span class=\"AAYkC\"><strong>Specifikacija<\/strong><\/span><\/p>\n<div class=\"_5G9RM\">\n<table>\n<thead>\n<tr>\n<th>Specifikacija<\/th>\n<th>Podrobnosti<\/th>\n<\/tr>\n<\/thead>\n<tbody>\n<tr>\n<td><strong>Zmogljivost<\/strong><\/td>\n<td>55 litrov na uro<\/td>\n<\/tr>\n<tr>\n<td><strong>Zvezek<\/strong><\/td>\n<td>2,5-litrski zamrzovalni valj<\/td>\n<\/tr>\n<tr>\n<td><strong>\u010crpalka<\/strong><\/td>\n<td>Inovativna \u010drpalka RAPP<\/td>\n<\/tr>\n<tr>\n<td><strong>Vodno hlajeni<\/strong><\/td>\n<td>Ca. Poraba 40m\u00b3 hladilne vode na leto<\/td>\n<\/tr>\n<tr>\n<td><strong>Te\u017ea<\/strong><\/td>\n<td>135 kg<\/td>\n<\/tr>\n<tr>\n<td><strong>Dimenzije<\/strong><\/td>\n<td>V 82 \u00d7 B 46 \u00d7 D 76 cm<\/td>\n<\/tr>\n<tr>\n<td><strong>Povezava<\/strong><\/td>\n<td>400 V + 0 + A, 3 kWh<\/td>\n<\/tr>\n<\/tbody>\n<\/table>\n<\/div>\n<\/div>\n<\/div>\n<\/div>\n<\/div>\n<\/div>\n<\/div>\n<div>\n<div class=\"V7Yu5 tJLLb\" data-hook=\"collapsible-list-item expanded\">\n<div class=\"_0--Hh\">\n<div class=\"lZBgD has-custom-focus\" role=\"button\" data-hook=\"collapsible-list-expand-button\" aria-label=\"Element je raz\u0161irjen\">\n<div class=\"UfDyV _1n3i3 FXHR4 FMcOw\" data-hook=\"collapsible-list-item-title\">\n<div>\n<p id=\"viewer-ftvx24683\" class=\"LThh9 tL1tz qufKF\" dir=\"auto\"><span class=\"AAYkC\"><strong>Dodatne mo\u017enosti<\/strong><\/span><\/p>\n<\/div>\n<\/div>\n<div>\n<div class=\"UfDyV _1n3i3 FXHR4 FMcOw\" data-hook=\"collapsible-list-item-title\">\n<div>\n<ul class=\"Ior1H\">\n<li class=\"w4rN-\" dir=\"auto\">\n<p id=\"viewer-ep1ca20745\" class=\"LThh9 tL1tz qufKF\" dir=\"\"><span class=\"AAYkC\">Sistem za suho polnjenje me\u0161anice v prahu<\/span><\/p>\n<\/li>\n<li class=\"w4rN-\" dir=\"auto\">\n<p id=\"viewer-dald520874\" class=\"LThh9 tL1tz qufKF\" dir=\"\"><span class=\"AAYkC\">Funkcija Thickshake<\/span><\/p>\n<\/li>\n<li class=\"w4rN-\" dir=\"auto\">\n<p id=\"viewer-hqofp20962\" class=\"LThh9 tL1tz qufKF\" dir=\"\"><span class=\"AAYkC\">Ice Twister<\/span><\/p>\n<\/li>\n<li class=\"w4rN-\" dir=\"auto\">\n<p id=\"viewer-k4cel21052\" class=\"LThh9 tL1tz qufKF\" dir=\"\"><span class=\"AAYkC\">Vodni filter<\/span><\/p>\n<\/li>\n<\/ul>\n<\/div>\n<\/div>\n<\/div>\n<\/div>\n<\/div>\n<\/div>\n<\/div>\n<\/div>\n<\/div>\n<\/div>\n<\/div>\n<\/div>","protected":false},"excerpt":{"rendered":"<p>The Nissei Power Combi TT is the smallest in the combi series but doesn&#8217;t fall short on performance. With a capacity of 55 liters per hour and the ability to serve one soft serve flavor and four milkshake varieties, it&#8217;s perfect for establishments with limited space but high demand, such as small cafes and convenience [&hellip;]<\/p>\n","protected":false},"featured_media":6913,"comment_status":"open","ping_status":"closed","template":"","meta":[],"product_brand":[],"product_cat":[62],"product_tag":[],"class_list":{"0":"post-6912","1":"product","2":"type-product","3":"status-publish","4":"has-post-thumbnail","6":"product_cat-combi-ice-cream-milkshake","8":"first","9":"instock","10":"shipping-taxable","11":"product-type-simple"},"_links":{"self":[{"href":"https:\/\/dersuessestopp.com\/sl\/wp-json\/wp\/v2\/product\/6912","targetHints":{"allow":["GET"]}}],"collection":[{"href":"https:\/\/dersuessestopp.com\/sl\/wp-json\/wp\/v2\/product"}],"about":[{"href":"https:\/\/dersuessestopp.com\/sl\/wp-json\/wp\/v2\/types\/product"}],"replies":[{"embeddable":true,"href":"https:\/\/dersuessestopp.com\/sl\/wp-json\/wp\/v2\/comments?post=6912"}],"version-history":[{"count":1,"href":"https:\/\/dersuessestopp.com\/sl\/wp-json\/wp\/v2\/product\/6912\/revisions"}],"predecessor-version":[{"id":6915,"href":"https:\/\/dersuessestopp.com\/sl\/wp-json\/wp\/v2\/product\/6912\/revisions\/6915"}],"wp:featuredmedia":[{"embeddable":true,"href":"https:\/\/dersuessestopp.com\/sl\/wp-json\/wp\/v2\/media\/6913"}],"wp:attachment":[{"href":"https:\/\/dersuessestopp.com\/sl\/wp-json\/wp\/v2\/media?parent=6912"}],"wp:term":[{"taxonomy":"product_brand","embeddable":true,"href":"https:\/\/dersuessestopp.com\/sl\/wp-json\/wp\/v2\/product_brand?post=6912"},{"taxonomy":"product_cat","embeddable":true,"href":"https:\/\/dersuessestopp.com\/sl\/wp-json\/wp\/v2\/product_cat?post=6912"},{"taxonomy":"product_tag","embeddable":true,"href":"https:\/\/dersuessestopp.com\/sl\/wp-json\/wp\/v2\/product_tag?post=6912"}],"curies":[{"name":"wp","href":"https:\/\/api.w.org\/{rel}","templated":true}]}}